{"id":11426,"date":"2025-12-11T06:12:51","date_gmt":"2025-12-11T06:12:51","guid":{"rendered":"https:\/\/jinhuaceramic.com\/?post_type=product&#038;p=11426"},"modified":"2025-12-11T06:12:55","modified_gmt":"2025-12-11T06:12:55","slug":"mini-ramekins-wholesale","status":"publish","type":"product","link":"https:\/\/jinhuaceramic.com\/de\/product\/mini-ramekins-wholesale\/","title":{"rendered":"Zweifarbige Mini-Ramekins Gro\u00dfhandel, keramische Souffle Cup Versorgung"},"content":{"rendered":"<div class=\"wp-block-columns is-layout-flex wp-container-core-columns-is-layout-9d6595d7 wp-block-columns-is-layout-flex\">\n<div class=\"wp-block-column is-layout-flow wp-block-column-is-layout-flow\">\n<h3 class=\"wp-block-heading\">Premium Two-Tone Mini Ramekins Gro\u00dfhandel Merkmale:<\/h3>\n\n\n\n<ul class=\"wp-block-list\">\n<li><strong>Zweifarbiges Design:<\/strong> Diese Mini-Auflauff\u00f6rmchen im Gro\u00dfhandel haben ein zweifarbiges Splei\u00dfdesign. Der Hauptk\u00f6rper ist dunkelblau\/reinwei\u00df, w\u00e4hrend der Bodenbereich hellbraun ist. Der Farbkontrasteffekt ist einfach und elegant, und das helle Braun f\u00fcgt eine nat\u00fcrliche und rustikale Atmosph\u00e4re.<\/li>\n\n\n\n<li><strong>Das stapelbare Design spart Platz:<\/strong> Diese Mini-Auflauff\u00f6rmchen sind stabil stapelbar und verringern den Lagerdruck in der K\u00fcche und in den Zubereitungsbereichen, was ein effizientes K\u00fcchenmanagement erleichtert.<\/li>\n\n\n\n<li><strong>Sicher und leicht zu reinigen: <\/strong>Unsere Mini-Auflaufformen f\u00fcr den Gro\u00dfhandel bestehen aus glasiertem Steingut, das keine Poren hat und keine Ger\u00fcche absorbiert oder sich verf\u00e4rbt. Au\u00dferdem sind sie sp\u00fclmaschinenfest, was die Effizienz im Restaurant f\u00f6rdert.<\/li>\n\n\n\n<li><strong>Mittlere Kapazit\u00e4t: <\/strong>Diese ma\u00dfgeschneiderten Souffl\u00e9-F\u00f6rmchen haben einen Durchmesser von 4\u201d und eine H\u00f6he von 2,1\u201d. Das Fassungsverm\u00f6gen eines einzelnen Bechers betr\u00e4gt 1 Tasse (ca. 240 ml) und eignet sich zum Backen von kleinen Cremes wie Souffles, Cr\u00e8me brulee, Eierkuchen usw. Sie k\u00f6nnen auch f\u00fcr Dip-Saucen, Joghurt und mehr verwendet werden.<\/li>\n\n\n\n<li><strong>Hochwertiges Material:<\/strong> Diese ma\u00dfgefertigten Auflaufformen bestehen aus nat\u00fcrlichem Keramikmaterial, das die Sicherheit und Gesundheit der Lebensmittel beim Kochen bei hohen Temperaturen oder bei der Lagerung bei niedrigen Temperaturen gew\u00e4hrleistet. Sie sind f\u00fcr den h\u00e4ufigen Gebrauch konzipiert.<\/li>\n<\/ul>\n<\/div>\n\n\n\n<div class=\"wp-block-column is-layout-flow wp-block-column-is-layout-flow\">\n<figure class=\"wp-block-image size-full\"><img fetchpriority=\"high\" decoding=\"async\" width=\"1478\" height=\"1500\" src=\"https:\/\/jinhuaceramic.com\/wp-content\/uploads\/2025\/12\/Two-Tone-Bulk-Ramekins-Wholesale-Creme-Brulee-Souffle-Cups-for-Restaurant-3.webp\" alt=\"zweifarbige-mini-ramekins-gro\u00dfhandel-keramik-souffle-cup-supply-3\" class=\"wp-image-11428\" srcset=\"https:\/\/jinhuaceramic.com\/wp-content\/uploads\/2025\/12\/Two-Tone-Bulk-Ramekins-Wholesale-Creme-Brulee-Souffle-Cups-for-Restaurant-3.webp 1478w, https:\/\/jinhuaceramic.com\/wp-content\/uploads\/2025\/12\/Two-Tone-Bulk-Ramekins-Wholesale-Creme-Brulee-Souffle-Cups-for-Restaurant-3-296x300.webp 296w, https:\/\/jinhuaceramic.com\/wp-content\/uploads\/2025\/12\/Two-Tone-Bulk-Ramekins-Wholesale-Creme-Brulee-Souffle-Cups-for-Restaurant-3-768x779.webp 768w, https:\/\/jinhuaceramic.com\/wp-content\/uploads\/2025\/12\/Two-Tone-Bulk-Ramekins-Wholesale-Creme-Brulee-Souffle-Cups-for-Restaurant-3-12x12.webp 12w, https:\/\/jinhuaceramic.com\/wp-content\/uploads\/2025\/12\/Two-Tone-Bulk-Ramekins-Wholesale-Creme-Brulee-Souffle-Cups-for-Restaurant-3-285x289.webp 285w, https:\/\/jinhuaceramic.com\/wp-content\/uploads\/2025\/12\/Two-Tone-Bulk-Ramekins-Wholesale-Creme-Brulee-Souffle-Cups-for-Restaurant-3-650x660.webp 650w, https:\/\/jinhuaceramic.com\/wp-content\/uploads\/2025\/12\/Two-Tone-Bulk-Ramekins-Wholesale-Creme-Brulee-Souffle-Cups-for-Restaurant-3-148x150.webp 148w\" sizes=\"(max-width: 1478px) 100vw, 1478px\" \/><\/figure>\n<\/div>\n<\/div>","protected":false},"excerpt":{"rendered":"<p>Willkommen zum Kauf dieser zweifarbigen Mini-Auflaufformen Gro\u00dfhandel sind f\u00fcr den professionellen Einsatz in der Gastronomie gefertigt, mit langlebigen Hochtemperatur-Porzellan, eine moderne zweifarbige Oberfl\u00e4che, und eine stapelbare, platzsparende Design. Ob f\u00fcr die t\u00e4gliche K\u00fcche zu Hause oder die kommerzielle Nutzung in Restaurants und Caf\u00e9s, k\u00f6nnen sie ihren einzigartigen Wert zu demonstrieren und unterst\u00fctzen volle OEM \/ ODM-Anpassung f\u00fcr Gro\u00dfabnehmer.<\/p>","protected":false},"featured_media":11427,"comment_status":"closed","ping_status":"closed","template":"","meta":{"_acf_changed":false},"product_brand":[],"product_cat":[53],"product_tag":[71],"class_list":{"0":"post-11426","1":"product","2":"type-product","3":"status-publish","4":"has-post-thumbnail","6":"product_cat-bakeware-in-bulk","7":"product_tag-wholesale-baking-pans","9":"first","10":"instock","11":"shipping-taxable","12":"product-type-simple"},"acf":[],"_links":{"self":[{"href":"https:\/\/jinhuaceramic.com\/de\/wp-json\/wp\/v2\/product\/11426","targetHints":{"allow":["GET"]}}],"collection":[{"href":"https:\/\/jinhuaceramic.com\/de\/wp-json\/wp\/v2\/product"}],"about":[{"href":"https:\/\/jinhuaceramic.com\/de\/wp-json\/wp\/v2\/types\/product"}],"replies":[{"embeddable":true,"href":"https:\/\/jinhuaceramic.com\/de\/wp-json\/wp\/v2\/comments?post=11426"}],"version-history":[{"count":0,"href":"https:\/\/jinhuaceramic.com\/de\/wp-json\/wp\/v2\/product\/11426\/revisions"}],"wp:featuredmedia":[{"embeddable":true,"href":"https:\/\/jinhuaceramic.com\/de\/wp-json\/wp\/v2\/media\/11427"}],"wp:attachment":[{"href":"https:\/\/jinhuaceramic.com\/de\/wp-json\/wp\/v2\/media?parent=11426"}],"wp:term":[{"taxonomy":"product_brand","embeddable":true,"href":"https:\/\/jinhuaceramic.com\/de\/wp-json\/wp\/v2\/product_brand?post=11426"},{"taxonomy":"product_cat","embeddable":true,"href":"https:\/\/jinhuaceramic.com\/de\/wp-json\/wp\/v2\/product_cat?post=11426"},{"taxonomy":"product_tag","embeddable":true,"href":"https:\/\/jinhuaceramic.com\/de\/wp-json\/wp\/v2\/product_tag?post=11426"}],"curies":[{"name":"wp","href":"https:\/\/api.w.org\/{rel}","templated":true}]}}