{"id":11471,"date":"2025-12-18T02:18:55","date_gmt":"2025-12-18T02:18:55","guid":{"rendered":"https:\/\/jinhuaceramic.com\/?post_type=product&#038;p=11471"},"modified":"2025-12-18T02:18:57","modified_gmt":"2025-12-18T02:18:57","slug":"modern-bathroom-set-wholesale","status":"publish","type":"product","link":"https:\/\/jinhuaceramic.com\/de\/product\/modern-bathroom-set-wholesale\/","title":{"rendered":"Modernes Badezimmer-Set Gro\u00dfhandel, Keramik-Badaccessoires Gro\u00dfhandel"},"content":{"rendered":"<div class=\"wp-block-columns is-layout-flex wp-container-core-columns-is-layout-9d6595d7 wp-block-columns-is-layout-flex\">\n<div class=\"wp-block-column is-layout-flow wp-block-column-is-layout-flow\">\n<h3 class=\"wp-block-heading\">Premium Modern Bathroom Set Gro\u00dfhandel Eigenschaften:<\/h3>\n\n\n\n<ul class=\"wp-block-list\">\n<li><strong>Modernes Design:<\/strong> Das moderne Badezimmerset im Gro\u00dfhandel ist in reinem, mattem Schwarz gehalten und hat eine quadratische, minimalistische Form. Sie kombinieren modernen industriellen Stil mit einem leichten Luxusgef\u00fchl und k\u00f6nnen an verschiedene Badezimmerdekorationsstile angepasst werden, indem sie dem Raum eine gleichm\u00e4\u00dfige und elegante Note verleihen.<\/li>\n\n\n\n<li><strong>Vollst\u00e4ndiger Satz: <\/strong>Das moderne Badezimmer-Set f\u00fcr den Gro\u00dfhandel umfasst einen Seifenspender, der auch Handdesinfektionsmittel aufnehmen kann, einen Zahnb\u00fcrstenhalter mit mehreren F\u00e4chern, der zwei Zahnb\u00fcrsten und Zahnpasta gleichzeitig aufnehmen kann, einen Mundwasserbecher und eine Seifenschale, so dass eine \u201craffinierte zonierte Aufbewahrung\u201d von Toilettenartikeln m\u00f6glich ist und die Arbeitsfl\u00e4che im Badezimmer \u00fcbersichtlich bleibt.<\/li>\n\n\n\n<li><strong>Robust und langlebig:<\/strong> Das moderne Badezimmerset f\u00fcr den Gro\u00dfhandel ist aus hochwertigen keramischen Materialien hergestellt. Im Vergleich zu Materialien wie Harz und Kunststoff haben keramische Materialien eine h\u00f6here H\u00e4rte, sind weniger anf\u00e4llig f\u00fcr Kratzer oder Besch\u00e4digungen beim t\u00e4glichen Gebrauch und haben eine l\u00e4ngere Lebensdauer.<\/li>\n\n\n\n<li><strong>Leicht zu reinigen: <\/strong>Diese keramischen Badaccessoires haben eine dichte und glatte Glasur, die es Flecken und Wasserflecken schwer macht, sich festzusetzen. Wischen Sie sie einfach mit einem feuchten Tuch ab, um sie sauber zu halten, und die Wartungskosten sind gering.<\/li>\n\n\n\n<li><strong>Geeignet f\u00fcr Gro\u00dfhandel und Export:<\/strong> Diese keramischen Badaccessoires sind standardisiert und von stabiler Qualit\u00e4t und eignen sich f\u00fcr den Gro\u00dfeinkauf und den Verkauf auf dem internationalen Markt.<\/li>\n<\/ul>\n<\/div>\n\n\n\n<div class=\"wp-block-column is-layout-flow wp-block-column-is-layout-flow\">\n<figure class=\"wp-block-image size-full\"><img fetchpriority=\"high\" decoding=\"async\" width=\"1600\" height=\"1600\" src=\"https:\/\/jinhuaceramic.com\/wp-content\/uploads\/2025\/12\/All-Black-Modern-Bathroom-Set-Ceramic-Wholesale-Bathroom-Accessories-Bulk.webp\" alt=\"modernes-bad-set-gro\u00dfhandel-keramik-bad-zubeh\u00f6r- bulk-1\" class=\"wp-image-11474\" srcset=\"https:\/\/jinhuaceramic.com\/wp-content\/uploads\/2025\/12\/All-Black-Modern-Bathroom-Set-Ceramic-Wholesale-Bathroom-Accessories-Bulk.webp 1600w, https:\/\/jinhuaceramic.com\/wp-content\/uploads\/2025\/12\/All-Black-Modern-Bathroom-Set-Ceramic-Wholesale-Bathroom-Accessories-Bulk-300x300.webp 300w, https:\/\/jinhuaceramic.com\/wp-content\/uploads\/2025\/12\/All-Black-Modern-Bathroom-Set-Ceramic-Wholesale-Bathroom-Accessories-Bulk-150x150.webp 150w, https:\/\/jinhuaceramic.com\/wp-content\/uploads\/2025\/12\/All-Black-Modern-Bathroom-Set-Ceramic-Wholesale-Bathroom-Accessories-Bulk-768x768.webp 768w, https:\/\/jinhuaceramic.com\/wp-content\/uploads\/2025\/12\/All-Black-Modern-Bathroom-Set-Ceramic-Wholesale-Bathroom-Accessories-Bulk-12x12.webp 12w, https:\/\/jinhuaceramic.com\/wp-content\/uploads\/2025\/12\/All-Black-Modern-Bathroom-Set-Ceramic-Wholesale-Bathroom-Accessories-Bulk-285x285.webp 285w, https:\/\/jinhuaceramic.com\/wp-content\/uploads\/2025\/12\/All-Black-Modern-Bathroom-Set-Ceramic-Wholesale-Bathroom-Accessories-Bulk-270x270.webp 270w, https:\/\/jinhuaceramic.com\/wp-content\/uploads\/2025\/12\/All-Black-Modern-Bathroom-Set-Ceramic-Wholesale-Bathroom-Accessories-Bulk-540x540.webp 540w, https:\/\/jinhuaceramic.com\/wp-content\/uploads\/2025\/12\/All-Black-Modern-Bathroom-Set-Ceramic-Wholesale-Bathroom-Accessories-Bulk-660x660.webp 660w\" sizes=\"(max-width: 1600px) 100vw, 1600px\" \/><\/figure>\n<\/div>\n<\/div>","protected":false},"excerpt":{"rendered":"<p>Willkommen zum Kauf unserer modernen Bad-Set Gro\u00dfhandel, die ein schlankes, minimalistisches Design und langlebig, hochgebrannte Keramik Konstruktion verf\u00fcgt. Sie verbessern nicht nur die Gesamt\u00e4sthetik des Badezimmers, sondern bringen auch Bequemlichkeit in das t\u00e4gliche Leben der Menschen. Ideal f\u00fcr Hotels, Wohnungen und Einzelhandelsmarken, diese Gro\u00dfhandel Keramik Bad-Accessoires bieten hervorragende Haltbarkeit, einfache Wartung und vollst\u00e4ndige Anpassung f\u00fcr Gro\u00dfauftr\u00e4ge.<\/p>","protected":false},"featured_media":11472,"comment_status":"closed","ping_status":"closed","template":"","meta":{"_acf_changed":false},"product_brand":[],"product_cat":[51],"product_tag":[74],"class_list":{"0":"post-11471","1":"product","2":"type-product","3":"status-publish","4":"has-post-thumbnail","6":"product_cat-bathroom-accessories-wholesale","7":"product_tag-ceramic-bath-accessories-wholesale","9":"first","10":"instock","11":"shipping-taxable","12":"product-type-simple"},"acf":[],"_links":{"self":[{"href":"https:\/\/jinhuaceramic.com\/de\/wp-json\/wp\/v2\/product\/11471","targetHints":{"allow":["GET"]}}],"collection":[{"href":"https:\/\/jinhuaceramic.com\/de\/wp-json\/wp\/v2\/product"}],"about":[{"href":"https:\/\/jinhuaceramic.com\/de\/wp-json\/wp\/v2\/types\/product"}],"replies":[{"embeddable":true,"href":"https:\/\/jinhuaceramic.com\/de\/wp-json\/wp\/v2\/comments?post=11471"}],"version-history":[{"count":0,"href":"https:\/\/jinhuaceramic.com\/de\/wp-json\/wp\/v2\/product\/11471\/revisions"}],"wp:featuredmedia":[{"embeddable":true,"href":"https:\/\/jinhuaceramic.com\/de\/wp-json\/wp\/v2\/media\/11472"}],"wp:attachment":[{"href":"https:\/\/jinhuaceramic.com\/de\/wp-json\/wp\/v2\/media?parent=11471"}],"wp:term":[{"taxonomy":"product_brand","embeddable":true,"href":"https:\/\/jinhuaceramic.com\/de\/wp-json\/wp\/v2\/product_brand?post=11471"},{"taxonomy":"product_cat","embeddable":true,"href":"https:\/\/jinhuaceramic.com\/de\/wp-json\/wp\/v2\/product_cat?post=11471"},{"taxonomy":"product_tag","embeddable":true,"href":"https:\/\/jinhuaceramic.com\/de\/wp-json\/wp\/v2\/product_tag?post=11471"}],"curies":[{"name":"wp","href":"https:\/\/api.w.org\/{rel}","templated":true}]}}