{"id":11494,"date":"2025-12-18T03:23:12","date_gmt":"2025-12-18T03:23:12","guid":{"rendered":"https:\/\/jinhuaceramic.com\/?post_type=product&#038;p=11494"},"modified":"2025-12-18T03:23:18","modified_gmt":"2025-12-18T03:23:18","slug":"wholesale-luxury-bath-accessories","status":"publish","type":"product","link":"https:\/\/jinhuaceramic.com\/de\/product\/wholesale-luxury-bath-accessories\/","title":{"rendered":"Gro\u00dfhandel mit luxuri\u00f6sen Badaccessoires, ma\u00dfgefertigte Keramik-Badezimmersets"},"content":{"rendered":"<div class=\"wp-block-columns is-layout-flex wp-container-core-columns-is-layout-9d6595d7 wp-block-columns-is-layout-flex\">\n<div class=\"wp-block-column is-layout-flow wp-block-column-is-layout-flow\">\n<h3 class=\"wp-block-heading\">Premium Gro\u00dfhandel Luxus Bad-Accessoires Eigenschaften:<\/h3>\n\n\n\n<ul class=\"wp-block-list\">\n<li><strong>Luxuri\u00f6ses Design:<\/strong> Diese luxuri\u00f6sen Badaccessoires sind in gl\u00e4nzendem Schwarz glasiert und werden mit goldenen Pumpen, goldenen Tassenb\u00f6den, goldenen Deckeln und anderen Dekorationen kombiniert. Das klassische luxuri\u00f6se Farbschema \u201cSchwarz+Gold\u201d kann je nach Farbe der Badezimmerdekoration ver\u00e4ndert werden und macht den Raum noch sch\u00f6ner.<\/li>\n\n\n\n<li><strong>Vollst\u00e4ndiger Satz:<\/strong> Diese luxuri\u00f6sen Badaccessoires aus dem Gro\u00dfhandel umfassen einen Seifenspender, Ablagen, einen Zahnb\u00fcrstenhalter, ein Watted\u00f6schen und weitere Badaccessoires mit verschiedenen Funktionen, die es Ihnen erm\u00f6glichen, zahlreiche Dinge des t\u00e4glichen Bedarfs in Ihrem Badezimmer aufzubewahren und Ihre Arbeitsfl\u00e4che sauber zu halten.<\/li>\n\n\n\n<li><strong>Durchdachte Details: <\/strong>Diese benutzerdefinierten Badezimmer-Sets verf\u00fcgen \u00fcber einen Zahnb\u00fcrstenhalter mit F\u00e4chern, in denen zwei Zahnb\u00fcrsten getrennt voneinander aufbewahrt werden k\u00f6nnen, um eine gegenseitige Ber\u00fchrung zu vermeiden. Das Aufbewahrungsgef\u00e4\u00df aus Baumwolle mit Deckel ist staub- und feuchtigkeitsdicht. Der kugelf\u00f6rmige Seifenspender l\u00e4sst sich leichtg\u00e4ngig dr\u00fccken und dosiert die richtige Menge an Fl\u00fcssigkeit.<\/li>\n\n\n\n<li><strong>Hochwertiges Material:<\/strong> Diese ma\u00dfgefertigten Badezimmersets sind aus hochwertigem keramischem Material mit harter Textur und glatter Oberfl\u00e4che hergestellt. Sie sind nicht leicht zerkratzt oder abgenutzt und k\u00f6nnen ihre Sch\u00f6nheit f\u00fcr eine lange Zeit beibehalten.<\/li>\n\n\n\n<li><strong>Flexible Set-Optionen: <\/strong>Diese luxuri\u00f6sen Badaccessoires f\u00fcr den Gro\u00dfhandel sind in 9-teiligen Sets erh\u00e4ltlich oder k\u00f6nnen an die Bed\u00fcrfnisse des Kunden angepasst werden und bieten somit Flexibilit\u00e4t f\u00fcr verschiedene Projekte und M\u00e4rkte. Weit verbreitet in Hotelprojekten, Immobilienentwicklungen, Einzelhandelsmarken und Geschenkkan\u00e4len.<\/li>\n<\/ul>\n<\/div>\n\n\n\n<div class=\"wp-block-column is-layout-flow wp-block-column-is-layout-flow\">\n<figure class=\"wp-block-image size-full\"><img fetchpriority=\"high\" decoding=\"async\" width=\"2560\" height=\"2559\" src=\"https:\/\/jinhuaceramic.com\/wp-content\/uploads\/2025\/12\/Luxury-Designer-Bathroom-Sets-Wholesale-Ceramic-Custom-Bathroom-Accessories-3.webp\" alt=\"gro\u00dfhandel-luxus-bad-accessoires-massiv-keramik-bad-set-3\" class=\"wp-image-11496\" srcset=\"https:\/\/jinhuaceramic.com\/wp-content\/uploads\/2025\/12\/Luxury-Designer-Bathroom-Sets-Wholesale-Ceramic-Custom-Bathroom-Accessories-3.webp 2560w, https:\/\/jinhuaceramic.com\/wp-content\/uploads\/2025\/12\/Luxury-Designer-Bathroom-Sets-Wholesale-Ceramic-Custom-Bathroom-Accessories-3-300x300.webp 300w, https:\/\/jinhuaceramic.com\/wp-content\/uploads\/2025\/12\/Luxury-Designer-Bathroom-Sets-Wholesale-Ceramic-Custom-Bathroom-Accessories-3-150x150.webp 150w, https:\/\/jinhuaceramic.com\/wp-content\/uploads\/2025\/12\/Luxury-Designer-Bathroom-Sets-Wholesale-Ceramic-Custom-Bathroom-Accessories-3-768x768.webp 768w, https:\/\/jinhuaceramic.com\/wp-content\/uploads\/2025\/12\/Luxury-Designer-Bathroom-Sets-Wholesale-Ceramic-Custom-Bathroom-Accessories-3-12x12.webp 12w, https:\/\/jinhuaceramic.com\/wp-content\/uploads\/2025\/12\/Luxury-Designer-Bathroom-Sets-Wholesale-Ceramic-Custom-Bathroom-Accessories-3-285x285.webp 285w, https:\/\/jinhuaceramic.com\/wp-content\/uploads\/2025\/12\/Luxury-Designer-Bathroom-Sets-Wholesale-Ceramic-Custom-Bathroom-Accessories-3-1600x1599.webp 1600w, https:\/\/jinhuaceramic.com\/wp-content\/uploads\/2025\/12\/Luxury-Designer-Bathroom-Sets-Wholesale-Ceramic-Custom-Bathroom-Accessories-3-270x270.webp 270w, https:\/\/jinhuaceramic.com\/wp-content\/uploads\/2025\/12\/Luxury-Designer-Bathroom-Sets-Wholesale-Ceramic-Custom-Bathroom-Accessories-3-540x540.webp 540w, https:\/\/jinhuaceramic.com\/wp-content\/uploads\/2025\/12\/Luxury-Designer-Bathroom-Sets-Wholesale-Ceramic-Custom-Bathroom-Accessories-3-660x660.webp 660w\" sizes=\"(max-width: 2560px) 100vw, 2560px\" \/><\/figure>\n<\/div>\n<\/div>","protected":false},"excerpt":{"rendered":"<p>Willkommen zum Kauf unserer Gro\u00dfhandel Luxus-Bad-Accessoires aus Hochtemperatur-Keramik mit raffinierten Glasur, die langlebig und elegant im Design ist, und kann auch Ihre W\u00e4sche bequemer mit wissenschaftlichen Lagerung zu machen. In der Zwischenzeit bringt die Haltbarkeit des Materials auch eine langfristige Kosteneffizienz und dient als eine vollst\u00e4ndige und anspruchsvolle Badl\u00f6sung, die f\u00fcr Hotels, Wohnanlagen und Luxusmarken zugeschnitten werden kann.<\/p>","protected":false},"featured_media":11495,"comment_status":"closed","ping_status":"closed","template":"","meta":{"_acf_changed":false},"product_brand":[],"product_cat":[51],"product_tag":[74],"class_list":{"0":"post-11494","1":"product","2":"type-product","3":"status-publish","4":"has-post-thumbnail","6":"product_cat-bathroom-accessories-wholesale","7":"product_tag-ceramic-bath-accessories-wholesale","9":"first","10":"instock","11":"shipping-taxable","12":"product-type-simple"},"acf":[],"_links":{"self":[{"href":"https:\/\/jinhuaceramic.com\/de\/wp-json\/wp\/v2\/product\/11494","targetHints":{"allow":["GET"]}}],"collection":[{"href":"https:\/\/jinhuaceramic.com\/de\/wp-json\/wp\/v2\/product"}],"about":[{"href":"https:\/\/jinhuaceramic.com\/de\/wp-json\/wp\/v2\/types\/product"}],"replies":[{"embeddable":true,"href":"https:\/\/jinhuaceramic.com\/de\/wp-json\/wp\/v2\/comments?post=11494"}],"version-history":[{"count":0,"href":"https:\/\/jinhuaceramic.com\/de\/wp-json\/wp\/v2\/product\/11494\/revisions"}],"wp:featuredmedia":[{"embeddable":true,"href":"https:\/\/jinhuaceramic.com\/de\/wp-json\/wp\/v2\/media\/11495"}],"wp:attachment":[{"href":"https:\/\/jinhuaceramic.com\/de\/wp-json\/wp\/v2\/media?parent=11494"}],"wp:term":[{"taxonomy":"product_brand","embeddable":true,"href":"https:\/\/jinhuaceramic.com\/de\/wp-json\/wp\/v2\/product_brand?post=11494"},{"taxonomy":"product_cat","embeddable":true,"href":"https:\/\/jinhuaceramic.com\/de\/wp-json\/wp\/v2\/product_cat?post=11494"},{"taxonomy":"product_tag","embeddable":true,"href":"https:\/\/jinhuaceramic.com\/de\/wp-json\/wp\/v2\/product_tag?post=11494"}],"curies":[{"name":"wp","href":"https:\/\/api.w.org\/{rel}","templated":true}]}}