{"id":11504,"date":"2025-12-18T03:49:14","date_gmt":"2025-12-18T03:49:14","guid":{"rendered":"https:\/\/jinhuaceramic.com\/?post_type=product&#038;p=11504"},"modified":"2025-12-18T03:54:52","modified_gmt":"2025-12-18T03:54:52","slug":"wholesale-casserole-dish-with-lid","status":"publish","type":"product","link":"https:\/\/jinhuaceramic.com\/de\/product\/wholesale-casserole-dish-with-lid\/","title":{"rendered":"Gro\u00dfhandel Auflaufform mit Deckel, keramische Backformen Zubeh\u00f6r"},"content":{"rendered":"<div class=\"wp-block-columns is-layout-flex wp-container-core-columns-is-layout-9d6595d7 wp-block-columns-is-layout-flex\">\n<div class=\"wp-block-column is-layout-flow wp-block-column-is-layout-flow\">\n<h3 class=\"wp-block-heading\">Premium-T\u00fcrkis Gro\u00dfhandel Casserole Dish mit Deckel Features:<\/h3>\n\n\n\n<ul class=\"wp-block-list\">\n<li><strong>Elegantes Design:<\/strong> Diese Auflaufform mit Deckel aus dem Gro\u00dfhandel kommt in einem sanften T\u00fcrkis mit erhabenen wei\u00dfen Blumenmustern auf der Au\u00dfenwand, die einen exotischen Stil mit k\u00fcnstlerischen Elementen bringen und einen besonderen visuellen Eindruck auf dem Esstisch schaffen, der dazu beitr\u00e4gt, die gesamte Essumgebung zu verbessern.<\/li>\n\n\n\n<li><strong>Durchdachte Details:<\/strong> Diese Auflaufform mit Deckel aus dem Gro\u00dfhandel kann das Aroma und die Feuchtigkeit der Lebensmittel einschlie\u00dfen, wodurch die gebackenen Zutaten zarter und frischer werden. Gleichzeitig k\u00f6nnen sie verhindern, dass beim Backen \u00d6lflecken herausspritzen. Die Griffe an beiden Seiten erleichtern das Bewegen der Auflaufform.<\/li>\n\n\n\n<li><strong>Multi-Szenario-Anpassung: <\/strong>Diese ma\u00dfgefertigten Auflaufformen mit Deckel k\u00f6nnen zum Backen im Ofen, als Schmortopf zum Kochen auf dem Induktionsherd oder direkt zum Warmhalten auf dem Tisch verwendet werden, wodurch ein integrierter Prozess \u201cKochen - Servieren\u201d erreicht wird.<\/li>\n\n\n\n<li><strong>Hochwertiges Material:<\/strong> Diese ma\u00dfgefertigten Backformen sind aus Keramik gefertigt, die eine hervorragende W\u00e4rmeleitf\u00e4higkeit und Hitzebest\u00e4ndigkeit aufweist. Sie erm\u00f6glichen ein gleichm\u00e4\u00dfiges Garen der Speisen und verhindern, dass sich die Bleche unter der Hitze verziehen.<\/li>\n<\/ul>\n<\/div>\n\n\n\n<div class=\"wp-block-column is-layout-flow wp-block-column-is-layout-flow\">\n<figure class=\"wp-block-image size-full\"><img fetchpriority=\"high\" decoding=\"async\" width=\"1404\" height=\"1404\" src=\"https:\/\/jinhuaceramic.com\/wp-content\/uploads\/2025\/12\/Turquoise-Custom-Casserole-Dish-with-Lid-Ceramic-Wholesale-Bakeware-Supplies.webp\" alt=\"T\u00fcrkis-Gro\u00dfhandel-Auflaufform-mit-Deckel-Keramik-Backformen-Bedarf-1\" class=\"wp-image-11510\" srcset=\"https:\/\/jinhuaceramic.com\/wp-content\/uploads\/2025\/12\/Turquoise-Custom-Casserole-Dish-with-Lid-Ceramic-Wholesale-Bakeware-Supplies.webp 1404w, https:\/\/jinhuaceramic.com\/wp-content\/uploads\/2025\/12\/Turquoise-Custom-Casserole-Dish-with-Lid-Ceramic-Wholesale-Bakeware-Supplies-300x300.webp 300w, https:\/\/jinhuaceramic.com\/wp-content\/uploads\/2025\/12\/Turquoise-Custom-Casserole-Dish-with-Lid-Ceramic-Wholesale-Bakeware-Supplies-150x150.webp 150w, https:\/\/jinhuaceramic.com\/wp-content\/uploads\/2025\/12\/Turquoise-Custom-Casserole-Dish-with-Lid-Ceramic-Wholesale-Bakeware-Supplies-768x768.webp 768w, https:\/\/jinhuaceramic.com\/wp-content\/uploads\/2025\/12\/Turquoise-Custom-Casserole-Dish-with-Lid-Ceramic-Wholesale-Bakeware-Supplies-12x12.webp 12w, https:\/\/jinhuaceramic.com\/wp-content\/uploads\/2025\/12\/Turquoise-Custom-Casserole-Dish-with-Lid-Ceramic-Wholesale-Bakeware-Supplies-285x285.webp 285w, https:\/\/jinhuaceramic.com\/wp-content\/uploads\/2025\/12\/Turquoise-Custom-Casserole-Dish-with-Lid-Ceramic-Wholesale-Bakeware-Supplies-270x270.webp 270w, https:\/\/jinhuaceramic.com\/wp-content\/uploads\/2025\/12\/Turquoise-Custom-Casserole-Dish-with-Lid-Ceramic-Wholesale-Bakeware-Supplies-540x540.webp 540w, https:\/\/jinhuaceramic.com\/wp-content\/uploads\/2025\/12\/Turquoise-Custom-Casserole-Dish-with-Lid-Ceramic-Wholesale-Bakeware-Supplies-660x660.webp 660w\" sizes=\"(max-width: 1404px) 100vw, 1404px\" \/><\/figure>\n<\/div>\n<\/div>","protected":false},"excerpt":{"rendered":"<p>Willkommen bei unserem t\u00fcrkisfarbenen Gro\u00dfhandel Auflaufform mit Deckel zu kaufen. F\u00fcgen Sie einen hellen Hauch von Farbe zu modernen K\u00fcchen mit seinem eleganten Design, praktische Funktionen, Multi-Szenario Anpassungsf\u00e4higkeit und ausgezeichnete Materialien. Entworfen zum Backen und Servieren, kombiniert es lebendige Glasur \u00c4sthetik mit dauerhaften Funktionalit\u00e4t, so dass es eine ideale Gro\u00dfhandel Keramik Backformen L\u00f6sung.<\/p>","protected":false},"featured_media":11506,"comment_status":"closed","ping_status":"closed","template":"","meta":{"_acf_changed":false},"product_brand":[],"product_cat":[53],"product_tag":[71],"class_list":{"0":"post-11504","1":"product","2":"type-product","3":"status-publish","4":"has-post-thumbnail","6":"product_cat-bakeware-in-bulk","7":"product_tag-wholesale-baking-pans","9":"first","10":"instock","11":"shipping-taxable","12":"product-type-simple"},"acf":[],"_links":{"self":[{"href":"https:\/\/jinhuaceramic.com\/de\/wp-json\/wp\/v2\/product\/11504","targetHints":{"allow":["GET"]}}],"collection":[{"href":"https:\/\/jinhuaceramic.com\/de\/wp-json\/wp\/v2\/product"}],"about":[{"href":"https:\/\/jinhuaceramic.com\/de\/wp-json\/wp\/v2\/types\/product"}],"replies":[{"embeddable":true,"href":"https:\/\/jinhuaceramic.com\/de\/wp-json\/wp\/v2\/comments?post=11504"}],"version-history":[{"count":0,"href":"https:\/\/jinhuaceramic.com\/de\/wp-json\/wp\/v2\/product\/11504\/revisions"}],"wp:featuredmedia":[{"embeddable":true,"href":"https:\/\/jinhuaceramic.com\/de\/wp-json\/wp\/v2\/media\/11506"}],"wp:attachment":[{"href":"https:\/\/jinhuaceramic.com\/de\/wp-json\/wp\/v2\/media?parent=11504"}],"wp:term":[{"taxonomy":"product_brand","embeddable":true,"href":"https:\/\/jinhuaceramic.com\/de\/wp-json\/wp\/v2\/product_brand?post=11504"},{"taxonomy":"product_cat","embeddable":true,"href":"https:\/\/jinhuaceramic.com\/de\/wp-json\/wp\/v2\/product_cat?post=11504"},{"taxonomy":"product_tag","embeddable":true,"href":"https:\/\/jinhuaceramic.com\/de\/wp-json\/wp\/v2\/product_tag?post=11504"}],"curies":[{"name":"wp","href":"https:\/\/api.w.org\/{rel}","templated":true}]}}