{"id":11569,"date":"2025-12-30T09:31:47","date_gmt":"2025-12-30T09:31:47","guid":{"rendered":"https:\/\/jinhuaceramic.com\/?post_type=product&#038;p=11569"},"modified":"2025-12-30T09:31:53","modified_gmt":"2025-12-30T09:31:53","slug":"custom-soap-dispenser-bottle","status":"publish","type":"product","link":"https:\/\/jinhuaceramic.com\/de\/product\/custom-soap-dispenser-bottle\/","title":{"rendered":"Gro\u00dfpackung Seifenspenderflasche mit Blumenform"},"content":{"rendered":"<div class=\"wp-block-columns is-layout-flex wp-container-core-columns-is-layout-9d6595d7 wp-block-columns-is-layout-flex\">\n<div class=\"wp-block-column is-layout-flow wp-block-column-is-layout-flow\">\n<h3 class=\"wp-block-heading\">Premium-Seifenspenderflasche mit individuellen Merkmalen:<\/h3>\n\n\n\n<ul class=\"wp-block-list\">\n<li><strong>Einzigartige Form: <\/strong>Die individuell gestaltete Seifenspenderflasche hat eine dreidimensionale Blumenform mit strahlenf\u00f6rmigen Bl\u00fctenblattmustern auf der Oberfl\u00e4che, gepaart mit sanften Hellrosa-\/Wei\u00dft\u00f6nen, wodurch ein frischer und s\u00fc\u00dfer Stil entsteht, der dem Raum eine romantische Atmosph\u00e4re verleiht.<\/li>\n\n\n\n<li><strong>Hohe Praktikabilit\u00e4t:<\/strong> Die mit dem ma\u00dfgeschneiderten Seifenspender ausgestatteten Pumpen zeichnen sich durch einen sanften Druck, eine schnelle R\u00fcckfederung, eine gleichm\u00e4\u00dfige Fl\u00fcssigkeitsabgabe und keine Verschwendung aus. Die Flasche hat ein moderates Fassungsverm\u00f6gen, das den t\u00e4glichen Bedarf deckt, ohne aufgrund seiner Gr\u00f6\u00dfe viel Platz auf der Arbeitsfl\u00e4che einzunehmen.<\/li>\n\n\n\n<li><strong>Langlebiges Material: <\/strong>Diese ma\u00dfgefertigten Seifenspenderflaschen bestehen aus hochwertigen Keramikmaterialien, die sich durch hohe H\u00e4rte, Verschlei\u00dffestigkeit, Korrosionsbest\u00e4ndigkeit usw. auszeichnen und das Aussehen und die Leistung der Seifenspender \u00fcber lange Zeit erhalten k\u00f6nnen.<\/li>\n\n\n\n<li><strong>Exquisite Handwerkskunst: <\/strong>Diese Seifenspender f\u00fcr Gro\u00dfmengen werden in mehreren Schritten sorgf\u00e4ltig hergestellt. Die Textur der Bl\u00fctenbl\u00e4tter und der dreidimensionale Effekt der Formen werden mit gro\u00dfer Feinheit behandelt und zeugen von exquisiter Handwerkskunst.<\/li>\n\n\n\n<li><strong>Breites Anwendungsspektrum:<\/strong> Diese Seifenspender f\u00fcr Gro\u00dfmengen werden h\u00e4ufig in Hotels, Resorts, Pensionen, im Einrichtungshandel, in Geschenksets, von Marken f\u00fcr Badezimmerprodukte und in E-Commerce-Kan\u00e4len verwendet.<\/li>\n<\/ul>\n<\/div>\n\n\n\n<div class=\"wp-block-column is-layout-flow wp-block-column-is-layout-flow\">\n<figure class=\"wp-block-image size-full\"><img fetchpriority=\"high\" decoding=\"async\" width=\"800\" height=\"800\" src=\"https:\/\/jinhuaceramic.com\/wp-content\/uploads\/2025\/12\/Custom-Soap-Dispenser-with-Flower-Shape-Bulk-Liquid-Soap-Bottle-Wholesale-2.webp\" alt=\"Gro\u00dfpackung-Seifenspender-Flasche-mit-Blumenform-2\" class=\"wp-image-11570\" srcset=\"https:\/\/jinhuaceramic.com\/wp-content\/uploads\/2025\/12\/Custom-Soap-Dispenser-with-Flower-Shape-Bulk-Liquid-Soap-Bottle-Wholesale-2.webp 800w, https:\/\/jinhuaceramic.com\/wp-content\/uploads\/2025\/12\/Custom-Soap-Dispenser-with-Flower-Shape-Bulk-Liquid-Soap-Bottle-Wholesale-2-300x300.webp 300w, https:\/\/jinhuaceramic.com\/wp-content\/uploads\/2025\/12\/Custom-Soap-Dispenser-with-Flower-Shape-Bulk-Liquid-Soap-Bottle-Wholesale-2-150x150.webp 150w, https:\/\/jinhuaceramic.com\/wp-content\/uploads\/2025\/12\/Custom-Soap-Dispenser-with-Flower-Shape-Bulk-Liquid-Soap-Bottle-Wholesale-2-768x768.webp 768w, https:\/\/jinhuaceramic.com\/wp-content\/uploads\/2025\/12\/Custom-Soap-Dispenser-with-Flower-Shape-Bulk-Liquid-Soap-Bottle-Wholesale-2-12x12.webp 12w, https:\/\/jinhuaceramic.com\/wp-content\/uploads\/2025\/12\/Custom-Soap-Dispenser-with-Flower-Shape-Bulk-Liquid-Soap-Bottle-Wholesale-2-285x285.webp 285w, https:\/\/jinhuaceramic.com\/wp-content\/uploads\/2025\/12\/Custom-Soap-Dispenser-with-Flower-Shape-Bulk-Liquid-Soap-Bottle-Wholesale-2-270x270.webp 270w, https:\/\/jinhuaceramic.com\/wp-content\/uploads\/2025\/12\/Custom-Soap-Dispenser-with-Flower-Shape-Bulk-Liquid-Soap-Bottle-Wholesale-2-540x540.webp 540w, https:\/\/jinhuaceramic.com\/wp-content\/uploads\/2025\/12\/Custom-Soap-Dispenser-with-Flower-Shape-Bulk-Liquid-Soap-Bottle-Wholesale-2-660x660.webp 660w\" sizes=\"(max-width: 800px) 100vw, 800px\" \/><\/figure>\n<\/div>\n<\/div>","protected":false},"excerpt":{"rendered":"<p>Willkommen beim Kauf unserer ma\u00dfgeschneiderten Seifenspenderflaschen in Blumenform, die sich durch einen hohen dekorativen Wert, eine gute Benutzerfreundlichkeit und eine hervorragende Materialverarbeitung auszeichnen. Sie sind zu einem praktischen und sch\u00f6nen Haushaltsgegenstand geworden, der das psychologische Wohlbefinden steigern und den Wohnr\u00e4umen einen einzigartigen Mehrwert verleihen kann. F\u00fcr Gro\u00dfbestellungen sind OEM- und ODM-Anpassungen m\u00f6glich.<\/p>","protected":false},"featured_media":11574,"comment_status":"closed","ping_status":"closed","template":"","meta":{"_acf_changed":false},"product_brand":[],"product_cat":[51],"product_tag":[73],"class_list":{"0":"post-11569","1":"product","2":"type-product","3":"status-publish","4":"has-post-thumbnail","6":"product_cat-bathroom-accessories-wholesale","7":"product_tag-custom-soap-dispensers","9":"first","10":"instock","11":"shipping-taxable","12":"product-type-simple"},"acf":[],"_links":{"self":[{"href":"https:\/\/jinhuaceramic.com\/de\/wp-json\/wp\/v2\/product\/11569","targetHints":{"allow":["GET"]}}],"collection":[{"href":"https:\/\/jinhuaceramic.com\/de\/wp-json\/wp\/v2\/product"}],"about":[{"href":"https:\/\/jinhuaceramic.com\/de\/wp-json\/wp\/v2\/types\/product"}],"replies":[{"embeddable":true,"href":"https:\/\/jinhuaceramic.com\/de\/wp-json\/wp\/v2\/comments?post=11569"}],"version-history":[{"count":0,"href":"https:\/\/jinhuaceramic.com\/de\/wp-json\/wp\/v2\/product\/11569\/revisions"}],"wp:featuredmedia":[{"embeddable":true,"href":"https:\/\/jinhuaceramic.com\/de\/wp-json\/wp\/v2\/media\/11574"}],"wp:attachment":[{"href":"https:\/\/jinhuaceramic.com\/de\/wp-json\/wp\/v2\/media?parent=11569"}],"wp:term":[{"taxonomy":"product_brand","embeddable":true,"href":"https:\/\/jinhuaceramic.com\/de\/wp-json\/wp\/v2\/product_brand?post=11569"},{"taxonomy":"product_cat","embeddable":true,"href":"https:\/\/jinhuaceramic.com\/de\/wp-json\/wp\/v2\/product_cat?post=11569"},{"taxonomy":"product_tag","embeddable":true,"href":"https:\/\/jinhuaceramic.com\/de\/wp-json\/wp\/v2\/product_tag?post=11569"}],"curies":[{"name":"wp","href":"https:\/\/api.w.org\/{rel}","templated":true}]}}