{"id":11583,"date":"2025-12-30T09:49:33","date_gmt":"2025-12-30T09:49:33","guid":{"rendered":"https:\/\/jinhuaceramic.com\/?post_type=product&#038;p=11583"},"modified":"2025-12-30T09:49:35","modified_gmt":"2025-12-30T09:49:35","slug":"custom-made-bakeware","status":"publish","type":"product","link":"https:\/\/jinhuaceramic.com\/de\/product\/custom-made-bakeware\/","title":{"rendered":"Zweifarbige, ma\u00dfgefertigte Backformen, Gro\u00dfhandel mit Keramik-Auflaufformen"},"content":{"rendered":"<div class=\"wp-block-columns is-layout-flex wp-container-core-columns-is-layout-9d6595d7 wp-block-columns-is-layout-flex\">\n<div class=\"wp-block-column is-layout-flow wp-block-column-is-layout-flow\">\n<h3 class=\"wp-block-heading\">Hochwertiges 3-teiliges Backgeschirr nach Ma\u00df Eigenschaften:<\/h3>\n\n\n\n<ul class=\"wp-block-list\">\n<li><strong>Zweifarbiges Design:<\/strong> Diese ma\u00dfgefertigten Backformen zeichnen sich durch ein kontrastreiches Design in Dunkelblau und Wei\u00df aus, das klassisch und optisch auff\u00e4llig ist und ein Gef\u00fchl von Stabilit\u00e4t und Eleganz vermittelt. Diese Farbkombination f\u00fcgt sich problemlos in verschiedene Einrichtungsstile f\u00fcr K\u00fcchen ein.<\/li>\n\n\n\n<li><strong>Mehrere Gr\u00f6\u00dfen:<\/strong> Die ma\u00dfgefertigten Backformen werden in verschiedenen Gr\u00f6\u00dfen hergestellt, sodass sie einzeln oder in Kombinationen verwendet werden k\u00f6nnen, um den vielen verschiedenen Kochstilen gerecht zu werden. So kann beispielsweise das gro\u00dfe Backblech zum Braten eines ganzen H\u00e4hnchens oder zum Garen eines gro\u00dfen St\u00fccks Fleisch verwendet werden, w\u00e4hrend das kleine Backblech zur Zubereitung von \u201cEinzelportionen\u201d gebackener Produkte dient.<\/li>\n\n\n\n<li><strong>Einfach zu lagern:<\/strong> Diese Backformen f\u00fcr den Gro\u00dfhandel haben ein einheitliches Farbschema und eine rechteckige Form. Kleine und mittelgro\u00dfe Backformen k\u00f6nnen in gro\u00dfe Backformen eingesetzt werden, was ordentlich und harmonisch aussieht, Platz im Schrank spart und \u00c4sthetik mit praktischer Aufbewahrung verbindet.<\/li>\n\n\n\n<li><strong>Hochwertiges Material: <\/strong>Diese Backformen f\u00fcr den Gro\u00dfhandel bestehen aus Keramikmaterial, das hitzebest\u00e4ndig ist und sich gleichm\u00e4\u00dfig erw\u00e4rmt, sodass alle Teile der Zutaten gleichm\u00e4\u00dfig garen und kein lokales Anbrennen oder Untergaren auftritt. Sie eignen sich f\u00fcr verschiedene Kochger\u00e4te wie Back\u00f6fen und Mikrowellen.<\/li>\n\n\n\n<li><strong>Gro\u00dfhandel &amp; Export bereit:<\/strong> Erf\u00fcllt internationale Sicherheitsstandards f\u00fcr Lebensmittelkontakt, geeignet f\u00fcr Superm\u00e4rkte, Markeninhaber, Catering-Anbieter und grenz\u00fcberschreitende E-Commerce-Gro\u00dfbestellungen.<\/li>\n<\/ul>\n<\/div>\n\n\n\n<div class=\"wp-block-column is-layout-flow wp-block-column-is-layout-flow\">\n<figure class=\"wp-block-image size-full\"><img fetchpriority=\"high\" decoding=\"async\" width=\"1024\" height=\"1024\" src=\"https:\/\/jinhuaceramic.com\/wp-content\/uploads\/2025\/12\/3-Piece-Two-Tone-Bakeware-Set-Wholesale-Custom-Ceramic-Baking-Dishes.webp\" alt=\"Zweifarbige, ma\u00dfgefertigte Backformen, Gro\u00dfhandel, Keramik-Auflaufform, 1\" class=\"wp-image-11590\" srcset=\"https:\/\/jinhuaceramic.com\/wp-content\/uploads\/2025\/12\/3-Piece-Two-Tone-Bakeware-Set-Wholesale-Custom-Ceramic-Baking-Dishes.webp 1024w, https:\/\/jinhuaceramic.com\/wp-content\/uploads\/2025\/12\/3-Piece-Two-Tone-Bakeware-Set-Wholesale-Custom-Ceramic-Baking-Dishes-300x300.webp 300w, https:\/\/jinhuaceramic.com\/wp-content\/uploads\/2025\/12\/3-Piece-Two-Tone-Bakeware-Set-Wholesale-Custom-Ceramic-Baking-Dishes-150x150.webp 150w, https:\/\/jinhuaceramic.com\/wp-content\/uploads\/2025\/12\/3-Piece-Two-Tone-Bakeware-Set-Wholesale-Custom-Ceramic-Baking-Dishes-768x768.webp 768w, https:\/\/jinhuaceramic.com\/wp-content\/uploads\/2025\/12\/3-Piece-Two-Tone-Bakeware-Set-Wholesale-Custom-Ceramic-Baking-Dishes-12x12.webp 12w, https:\/\/jinhuaceramic.com\/wp-content\/uploads\/2025\/12\/3-Piece-Two-Tone-Bakeware-Set-Wholesale-Custom-Ceramic-Baking-Dishes-285x285.webp 285w, https:\/\/jinhuaceramic.com\/wp-content\/uploads\/2025\/12\/3-Piece-Two-Tone-Bakeware-Set-Wholesale-Custom-Ceramic-Baking-Dishes-270x270.webp 270w, https:\/\/jinhuaceramic.com\/wp-content\/uploads\/2025\/12\/3-Piece-Two-Tone-Bakeware-Set-Wholesale-Custom-Ceramic-Baking-Dishes-540x540.webp 540w, https:\/\/jinhuaceramic.com\/wp-content\/uploads\/2025\/12\/3-Piece-Two-Tone-Bakeware-Set-Wholesale-Custom-Ceramic-Baking-Dishes-660x660.webp 660w\" sizes=\"(max-width: 1024px) 100vw, 1024px\" \/><\/figure>\n<\/div>\n<\/div>","protected":false},"excerpt":{"rendered":"<p>Willkommen beim Kauf unserer dunkelblauen, ma\u00dfgefertigten Backformen, die sich durch ihr klassisches Kontrastdesign, ihre flexible Kombination funktionaler Eigenschaften und ihre hochwertige Materialqualit\u00e4t auszeichnen und zu sch\u00f6nen und praktischen Kochutensilien in der K\u00fcche geworden sind. Ideal f\u00fcr Gro\u00dfbestellungen, Sonderanfertigungen und Einzelhandels- oder Gastronomiemarken, die hochwertige Keramik-Backformen im Gro\u00dfhandel suchen.<\/p>","protected":false},"featured_media":11589,"comment_status":"closed","ping_status":"closed","template":"","meta":{"_acf_changed":false},"product_brand":[],"product_cat":[53],"product_tag":[71],"class_list":{"0":"post-11583","1":"product","2":"type-product","3":"status-publish","4":"has-post-thumbnail","6":"product_cat-bakeware-in-bulk","7":"product_tag-wholesale-baking-pans","9":"first","10":"instock","11":"shipping-taxable","12":"product-type-simple"},"acf":[],"_links":{"self":[{"href":"https:\/\/jinhuaceramic.com\/de\/wp-json\/wp\/v2\/product\/11583","targetHints":{"allow":["GET"]}}],"collection":[{"href":"https:\/\/jinhuaceramic.com\/de\/wp-json\/wp\/v2\/product"}],"about":[{"href":"https:\/\/jinhuaceramic.com\/de\/wp-json\/wp\/v2\/types\/product"}],"replies":[{"embeddable":true,"href":"https:\/\/jinhuaceramic.com\/de\/wp-json\/wp\/v2\/comments?post=11583"}],"version-history":[{"count":0,"href":"https:\/\/jinhuaceramic.com\/de\/wp-json\/wp\/v2\/product\/11583\/revisions"}],"wp:featuredmedia":[{"embeddable":true,"href":"https:\/\/jinhuaceramic.com\/de\/wp-json\/wp\/v2\/media\/11589"}],"wp:attachment":[{"href":"https:\/\/jinhuaceramic.com\/de\/wp-json\/wp\/v2\/media?parent=11583"}],"wp:term":[{"taxonomy":"product_brand","embeddable":true,"href":"https:\/\/jinhuaceramic.com\/de\/wp-json\/wp\/v2\/product_brand?post=11583"},{"taxonomy":"product_cat","embeddable":true,"href":"https:\/\/jinhuaceramic.com\/de\/wp-json\/wp\/v2\/product_cat?post=11583"},{"taxonomy":"product_tag","embeddable":true,"href":"https:\/\/jinhuaceramic.com\/de\/wp-json\/wp\/v2\/product_tag?post=11583"}],"curies":[{"name":"wp","href":"https:\/\/api.w.org\/{rel}","templated":true}]}}