{"id":11593,"date":"2025-12-31T01:34:15","date_gmt":"2025-12-31T01:34:15","guid":{"rendered":"https:\/\/jinhuaceramic.com\/?post_type=product&#038;p=11593"},"modified":"2025-12-31T01:34:19","modified_gmt":"2025-12-31T01:34:19","slug":"wholesale-ceramic-full-bathroom-set","status":"publish","type":"product","link":"https:\/\/jinhuaceramic.com\/de\/product\/wholesale-ceramic-full-bathroom-set\/","title":{"rendered":"Gro\u00dfhandel Keramik-Komplettbad-Set mit Bambus-Accessoires"},"content":{"rendered":"<div class=\"wp-block-columns is-layout-flex wp-container-core-columns-is-layout-9d6595d7 wp-block-columns-is-layout-flex\">\n<div class=\"wp-block-column is-layout-flow wp-block-column-is-layout-flow\">\n<h3 class=\"wp-block-heading\">Premium-Gro\u00dfhandel keramischen volles Badezimmer Set Features:<\/h3>\n\n\n\n<ul class=\"wp-block-list\">\n<li><strong>Verschiedene Farben:<\/strong> Der Gro\u00dfhandel Keramik voll Bad-Set kommt in drei Farben zur Auswahl: schwarz, wei\u00df und grau, die alle vielseitig sind neutrale Farben mit Low-Key, introvertiert, und elegante Eigenschaften. Die Verbraucher k\u00f6nnen je nach ihrem Badezimmer Dekoration Stil oder pers\u00f6nlichen Vorlieben w\u00e4hlen.<\/li>\n\n\n\n<li><strong>Bambus-Elemente: <\/strong>Das Gro\u00dfhandelskeramik-Badezimmerset ist mit Bambusabdeckungen gepaart, die nat\u00fcrliche und warme Bambuselemente hinzuf\u00fcgen, die die K\u00e4lte brechen, die matte Keramik mit sich bringen kann, und das Badezimmerset als Ganzes zug\u00e4nglicher machen.<\/li>\n\n\n\n<li><strong>Vollst\u00e4ndiger Satz: <\/strong>Diese Gro\u00dfhandel Keramik voller Bad-Sets umfassen eine Vielzahl von h\u00e4ufig verwendeten Badartikel, wie Seifenspender, Toilettenb\u00fcrsten, M\u00fclleimer, Zahnb\u00fcrstenhalter, Seifenschalen, etc., voll und ganz die t\u00e4gliche Lagerung und Pflege Bed\u00fcrfnisse des Badezimmers, bequem und praktisch.<\/li>\n\n\n\n<li><strong>Langlebiges Material:<\/strong> Die keramische Hauptk\u00f6rper dieser Gro\u00dfhandel Badezimmer-Sets hat eine hohe H\u00e4rte und Verschlei\u00dffestigkeit, so dass sie weniger anf\u00e4llig f\u00fcr Kratzer und Sch\u00e4den w\u00e4hrend des t\u00e4glichen Gebrauchs; Bambus-Komponenten haben wasserdichte Behandlung unterzogen und sind nicht leicht schimmeln, wenn sie auf Badezimmer Feuchtigkeit f\u00fcr eine lange Zeit ausgesetzt.<\/li>\n<\/ul>\n<\/div>\n\n\n\n<div class=\"wp-block-column is-layout-flow wp-block-column-is-layout-flow\">\n<figure class=\"wp-block-image size-full\"><img fetchpriority=\"high\" decoding=\"async\" width=\"1000\" height=\"1000\" src=\"https:\/\/jinhuaceramic.com\/wp-content\/uploads\/2025\/12\/Ceramic-Custom-Bathroom-Set-with-Bamboo-Accessories-Wholesale-Bathrooms-Supplies.webp\" alt=\"Gro\u00dfhandel-Keramik-Vollbad-Set-mit-Bambus-Accessoires-1\" class=\"wp-image-11603\" srcset=\"https:\/\/jinhuaceramic.com\/wp-content\/uploads\/2025\/12\/Ceramic-Custom-Bathroom-Set-with-Bamboo-Accessories-Wholesale-Bathrooms-Supplies.webp 1000w, https:\/\/jinhuaceramic.com\/wp-content\/uploads\/2025\/12\/Ceramic-Custom-Bathroom-Set-with-Bamboo-Accessories-Wholesale-Bathrooms-Supplies-300x300.webp 300w, https:\/\/jinhuaceramic.com\/wp-content\/uploads\/2025\/12\/Ceramic-Custom-Bathroom-Set-with-Bamboo-Accessories-Wholesale-Bathrooms-Supplies-150x150.webp 150w, https:\/\/jinhuaceramic.com\/wp-content\/uploads\/2025\/12\/Ceramic-Custom-Bathroom-Set-with-Bamboo-Accessories-Wholesale-Bathrooms-Supplies-768x768.webp 768w, https:\/\/jinhuaceramic.com\/wp-content\/uploads\/2025\/12\/Ceramic-Custom-Bathroom-Set-with-Bamboo-Accessories-Wholesale-Bathrooms-Supplies-12x12.webp 12w, https:\/\/jinhuaceramic.com\/wp-content\/uploads\/2025\/12\/Ceramic-Custom-Bathroom-Set-with-Bamboo-Accessories-Wholesale-Bathrooms-Supplies-285x285.webp 285w, https:\/\/jinhuaceramic.com\/wp-content\/uploads\/2025\/12\/Ceramic-Custom-Bathroom-Set-with-Bamboo-Accessories-Wholesale-Bathrooms-Supplies-270x270.webp 270w, https:\/\/jinhuaceramic.com\/wp-content\/uploads\/2025\/12\/Ceramic-Custom-Bathroom-Set-with-Bamboo-Accessories-Wholesale-Bathrooms-Supplies-540x540.webp 540w, https:\/\/jinhuaceramic.com\/wp-content\/uploads\/2025\/12\/Ceramic-Custom-Bathroom-Set-with-Bamboo-Accessories-Wholesale-Bathrooms-Supplies-660x660.webp 660w\" sizes=\"(max-width: 1000px) 100vw, 1000px\" \/><\/figure>\n<\/div>\n<\/div>","protected":false},"excerpt":{"rendered":"<p>Willkommen zum Kauf unserer keramischen Vollbad-Set Gro\u00dfhandel sind elegant im Aussehen und kann eine einzigartige \u00e4sthetische Note zum Bad hinzuf\u00fcgen. Funktionell ist die Produktpalette vollst\u00e4ndig und erf\u00fcllt die t\u00e4glichen Bed\u00fcrfnisse des Badezimmers. Das Material ist strapazierf\u00e4hig und langlebig. Ob in Bezug auf \u00c4sthetik, Funktionalit\u00e4t oder Langlebigkeit, diese keramischen Badezimmersets unterst\u00fctzen die Produktion in gro\u00dfem Ma\u00dfstab mit hoher Qualit\u00e4t und erf\u00fcllen die Anforderungen einer langfristigen Zusammenarbeit und projektbezogenen Beschaffung.<\/p>","protected":false},"featured_media":11601,"comment_status":"closed","ping_status":"closed","template":"","meta":{"_acf_changed":false},"product_brand":[],"product_cat":[51],"product_tag":[74],"class_list":{"0":"post-11593","1":"product","2":"type-product","3":"status-publish","4":"has-post-thumbnail","6":"product_cat-bathroom-accessories-wholesale","7":"product_tag-ceramic-bath-accessories-wholesale","9":"first","10":"instock","11":"shipping-taxable","12":"product-type-simple"},"acf":[],"_links":{"self":[{"href":"https:\/\/jinhuaceramic.com\/de\/wp-json\/wp\/v2\/product\/11593","targetHints":{"allow":["GET"]}}],"collection":[{"href":"https:\/\/jinhuaceramic.com\/de\/wp-json\/wp\/v2\/product"}],"about":[{"href":"https:\/\/jinhuaceramic.com\/de\/wp-json\/wp\/v2\/types\/product"}],"replies":[{"embeddable":true,"href":"https:\/\/jinhuaceramic.com\/de\/wp-json\/wp\/v2\/comments?post=11593"}],"version-history":[{"count":0,"href":"https:\/\/jinhuaceramic.com\/de\/wp-json\/wp\/v2\/product\/11593\/revisions"}],"wp:featuredmedia":[{"embeddable":true,"href":"https:\/\/jinhuaceramic.com\/de\/wp-json\/wp\/v2\/media\/11601"}],"wp:attachment":[{"href":"https:\/\/jinhuaceramic.com\/de\/wp-json\/wp\/v2\/media?parent=11593"}],"wp:term":[{"taxonomy":"product_brand","embeddable":true,"href":"https:\/\/jinhuaceramic.com\/de\/wp-json\/wp\/v2\/product_brand?post=11593"},{"taxonomy":"product_cat","embeddable":true,"href":"https:\/\/jinhuaceramic.com\/de\/wp-json\/wp\/v2\/product_cat?post=11593"},{"taxonomy":"product_tag","embeddable":true,"href":"https:\/\/jinhuaceramic.com\/de\/wp-json\/wp\/v2\/product_tag?post=11593"}],"curies":[{"name":"wp","href":"https:\/\/api.w.org\/{rel}","templated":true}]}}