{"id":11608,"date":"2025-12-31T02:27:24","date_gmt":"2025-12-31T02:27:24","guid":{"rendered":"https:\/\/jinhuaceramic.com\/?post_type=product&#038;p=11608"},"modified":"2025-12-31T02:27:27","modified_gmt":"2025-12-31T02:27:27","slug":"custom-ceramic-baking-pans","status":"publish","type":"product","link":"https:\/\/jinhuaceramic.com\/de\/product\/custom-ceramic-baking-pans\/","title":{"rendered":"Zweifarbige Keramik-Backformen, ofenfeste Schalen, Gro\u00dfhandel"},"content":{"rendered":"<div class=\"wp-block-columns is-layout-flex wp-container-core-columns-is-layout-9d6595d7 wp-block-columns-is-layout-flex\">\n<div class=\"wp-block-column is-layout-flow wp-block-column-is-layout-flow\">\n<h3 class=\"wp-block-heading\">Hochwertige, individuell gestaltbare Keramik-Backformen Eigenschaften:<\/h3>\n\n\n\n<ul class=\"wp-block-list\">\n<li><strong>Elegantes Design:<\/strong> Die ma\u00dfgefertigten Keramik-Backformen zeichnen sich durch ein kontrastreiches Design in Wei\u00df und Beige aus, mit einer gl\u00e4nzend wei\u00dfen Innenseite und einer mattbeigen Au\u00dfenseite. Sie sind elegant, verbinden die W\u00e4rme japanischer Schlichtheit mit nordischem Stil und k\u00f6nnen direkt auf dem Esstisch als Serviergeschirr verwendet werden.<\/li>\n\n\n\n<li><strong>Verschiedene Gr\u00f6\u00dfen:<\/strong> Diese ma\u00dfgefertigten Keramik-Backformen umfassen 3 verschiedene Gr\u00f6\u00dfen von Backformen, die je nach Rezept ausgew\u00e4hlt werden k\u00f6nnen. Sie k\u00f6nnen separat oder kombiniert verwendet werden, um verschiedenen Kochanforderungen gerecht zu werden, und eignen sich f\u00fcr t\u00e4gliche Mahlzeiten, Treffen mit Freunden und andere Anl\u00e4sse.<\/li>\n\n\n\n<li><strong>Ofensichere Keramik:<\/strong> Diese ma\u00dfgefertigten Keramik-Backformen bestehen aus hochtemperaturgebranntem Keramikmaterial, wodurch sie sicher im Backofen verwendet werden k\u00f6nnen. Sie sind hitzebest\u00e4ndig, bruchsicher und sowohl f\u00fcr gewerbliches Backen als auch f\u00fcr die Zubereitung von Speisen zu Hause geeignet.<\/li>\n\n\n\n<li><strong>Leicht zu reinigen:<\/strong> Die ofenfeste Schale aus dem Gro\u00dfhandel hat eine glatte Oberfl\u00e4che, die das Anhaften von Speiseresten wirksam verhindert. Verwenden Sie zur Reinigung einfach einen Schwamm mit Sp\u00fclmittel, um die Schale wieder wie neu zu reinigen. Sie kann auch in der Sp\u00fclmaschine gereinigt werden, was viel Zeit spart.<\/li>\n<\/ul>\n<\/div>\n\n\n\n<div class=\"wp-block-column is-layout-flow wp-block-column-is-layout-flow\">\n<figure class=\"wp-block-image size-full\"><img fetchpriority=\"high\" decoding=\"async\" width=\"1500\" height=\"1446\" src=\"https:\/\/jinhuaceramic.com\/wp-content\/uploads\/2025\/12\/Two-Tone-Custom-Baking-Dish-Set-Wholesale-Ceramic-Kitchen-Bakeware-Supplies-5.webp\" alt=\"ofenfeste-Auflaufformen-Gro\u00dfhandel-zweifarbige-ma\u00dfgefertigte-Keramik-Backformen-5\" class=\"wp-image-11612\" srcset=\"https:\/\/jinhuaceramic.com\/wp-content\/uploads\/2025\/12\/Two-Tone-Custom-Baking-Dish-Set-Wholesale-Ceramic-Kitchen-Bakeware-Supplies-5.webp 1500w, https:\/\/jinhuaceramic.com\/wp-content\/uploads\/2025\/12\/Two-Tone-Custom-Baking-Dish-Set-Wholesale-Ceramic-Kitchen-Bakeware-Supplies-5-300x289.webp 300w, https:\/\/jinhuaceramic.com\/wp-content\/uploads\/2025\/12\/Two-Tone-Custom-Baking-Dish-Set-Wholesale-Ceramic-Kitchen-Bakeware-Supplies-5-768x740.webp 768w, https:\/\/jinhuaceramic.com\/wp-content\/uploads\/2025\/12\/Two-Tone-Custom-Baking-Dish-Set-Wholesale-Ceramic-Kitchen-Bakeware-Supplies-5-12x12.webp 12w, https:\/\/jinhuaceramic.com\/wp-content\/uploads\/2025\/12\/Two-Tone-Custom-Baking-Dish-Set-Wholesale-Ceramic-Kitchen-Bakeware-Supplies-5-285x275.webp 285w, https:\/\/jinhuaceramic.com\/wp-content\/uploads\/2025\/12\/Two-Tone-Custom-Baking-Dish-Set-Wholesale-Ceramic-Kitchen-Bakeware-Supplies-5-660x636.webp 660w, https:\/\/jinhuaceramic.com\/wp-content\/uploads\/2025\/12\/Two-Tone-Custom-Baking-Dish-Set-Wholesale-Ceramic-Kitchen-Bakeware-Supplies-5-150x145.webp 150w\" sizes=\"(max-width: 1500px) 100vw, 1500px\" \/><\/figure>\n<\/div>\n<\/div>","protected":false},"excerpt":{"rendered":"<p>Willkommen beim Kauf unserer beige-wei\u00dfen, kontrastreichen, ma\u00dfgefertigten Keramik-Backformen aus hochgebranntem Keramik, die die Sicherheit und Gesundheit der Lebensmittel gew\u00e4hrleisten. Die ofenfesten Backformen im Gro\u00dfhandel verbinden elegantes Design mit hervorragender Funktionalit\u00e4t und steigern nicht nur den \u00e4sthetischen Wert der K\u00fcche durch ihre herausragende Praktikabilit\u00e4t und Langlebigkeit, sondern sind auch die ideale Wahl f\u00fcr gewerbliches Backen, Kochgeschirrkollektionen im Einzelhandel und K\u00fcchenmarken mit Eigenlabel.<\/p>","protected":false},"featured_media":11611,"comment_status":"closed","ping_status":"closed","template":"","meta":{"_acf_changed":false},"product_brand":[],"product_cat":[53],"product_tag":[71],"class_list":{"0":"post-11608","1":"product","2":"type-product","3":"status-publish","4":"has-post-thumbnail","6":"product_cat-bakeware-in-bulk","7":"product_tag-wholesale-baking-pans","9":"first","10":"instock","11":"shipping-taxable","12":"product-type-simple"},"acf":[],"_links":{"self":[{"href":"https:\/\/jinhuaceramic.com\/de\/wp-json\/wp\/v2\/product\/11608","targetHints":{"allow":["GET"]}}],"collection":[{"href":"https:\/\/jinhuaceramic.com\/de\/wp-json\/wp\/v2\/product"}],"about":[{"href":"https:\/\/jinhuaceramic.com\/de\/wp-json\/wp\/v2\/types\/product"}],"replies":[{"embeddable":true,"href":"https:\/\/jinhuaceramic.com\/de\/wp-json\/wp\/v2\/comments?post=11608"}],"version-history":[{"count":0,"href":"https:\/\/jinhuaceramic.com\/de\/wp-json\/wp\/v2\/product\/11608\/revisions"}],"wp:featuredmedia":[{"embeddable":true,"href":"https:\/\/jinhuaceramic.com\/de\/wp-json\/wp\/v2\/media\/11611"}],"wp:attachment":[{"href":"https:\/\/jinhuaceramic.com\/de\/wp-json\/wp\/v2\/media?parent=11608"}],"wp:term":[{"taxonomy":"product_brand","embeddable":true,"href":"https:\/\/jinhuaceramic.com\/de\/wp-json\/wp\/v2\/product_brand?post=11608"},{"taxonomy":"product_cat","embeddable":true,"href":"https:\/\/jinhuaceramic.com\/de\/wp-json\/wp\/v2\/product_cat?post=11608"},{"taxonomy":"product_tag","embeddable":true,"href":"https:\/\/jinhuaceramic.com\/de\/wp-json\/wp\/v2\/product_tag?post=11608"}],"curies":[{"name":"wp","href":"https:\/\/api.w.org\/{rel}","templated":true}]}}