{"id":11626,"date":"2025-12-31T03:29:24","date_gmt":"2025-12-31T03:29:24","guid":{"rendered":"https:\/\/jinhuaceramic.com\/?post_type=product&#038;p=11626"},"modified":"2025-12-31T03:29:27","modified_gmt":"2025-12-31T03:29:27","slug":"custom-rectangular-baking-pan","status":"publish","type":"product","link":"https:\/\/jinhuaceramic.com\/de\/product\/custom-rectangular-baking-pan\/","title":{"rendered":"Benutzerdefinierte rechteckige Backform, Gro\u00dfhandel Keramik-Backformen"},"content":{"rendered":"<div class=\"wp-block-columns is-layout-flex wp-container-core-columns-is-layout-9d6595d7 wp-block-columns-is-layout-flex\">\n<div class=\"wp-block-column is-layout-flow wp-block-column-is-layout-flow\">\n<h3 class=\"wp-block-heading\">Premium Custom Rectangular Baking Pan Eigenschaften:<\/h3>\n\n\n\n<ul class=\"wp-block-list\">\n<li><strong>Elegante Farben: <\/strong>Diese ma\u00dfgeschneiderte rechteckige Backform zeichnet sich durch ein kontrastreiches Design mit einer wei\u00dfen Innenwand und einer tiefblauen Au\u00dfenwand aus, wodurch ein visueller Kontrast zwischen der Ruhe von Tiefblau und der Sauberkeit von Wei\u00df entsteht. Die Farben sind gleichm\u00e4\u00dfig und doch frisch und verleihen der K\u00fcche eine elegante Atmosph\u00e4re.<\/li>\n\n\n\n<li><strong>Gewellte Kante:<\/strong> Diese ma\u00dfgeschneiderte rechteckige Backform ist mit einzigartigen gewellten R\u00e4ndern versehen, die nicht nur die visuelle Hierarchie und Zartheit der Backform erh\u00f6hen, sondern auch das Backen von knusprigen und gewellten Torten erleichtern und den Backeffekt verst\u00e4rken.<\/li>\n\n\n\n<li><strong>Gleichm\u00e4\u00dfige W\u00e4rmeverteilung:<\/strong> Die dicke Keramikstruktur dieser ma\u00dfgeschneiderten rechteckigen Backform sorgt f\u00fcr eine gleichm\u00e4\u00dfige W\u00e4rmeverteilung, wodurch eine \u00f6rtliche \u00dcberhitzung Ihrer Backwaren vermieden wird, was zu einer besseren Konsistenz und Qualit\u00e4t Ihrer Backwaren f\u00fchrt. Dies macht diese Form zu einer hervorragenden Wahl f\u00fcr die Massenproduktion und den Einzelhandel.<\/li>\n\n\n\n<li><strong>Benutzerdefinierte Set-Optionen:<\/strong> Diese Gro\u00dfhandels-Keramik-Backformen eignen sich f\u00fcr individuelle Sets in Einzel- oder Mehrfachgr\u00f6\u00dfen, die f\u00fcr verschiedene Zwecke wie Lasagne, gebackenen Reis, Kuchen und gebackene Desserts verwendet werden k\u00f6nnen.<\/li>\n\n\n\n<li><strong>Ausgezeichnetes Material:<\/strong> Diese Gro\u00dfhandels-Keramik-Backformen haben eine ausgezeichnete Hochtemperaturbest\u00e4ndigkeit und sind nicht anf\u00e4llig f\u00fcr Verformungen oder Besch\u00e4digungen durch hohe Temperaturen, was ihre Haltbarkeit gew\u00e4hrleistet. Gleichzeitig haben Keramiken stabile chemische Eigenschaften und setzen keine sch\u00e4dlichen Stoffe frei, was die Sicherheit und Gesundheit von Lebensmitteln gew\u00e4hrleisten kann.<\/li>\n<\/ul>\n<\/div>\n\n\n\n<div class=\"wp-block-column is-layout-flow wp-block-column-is-layout-flow\">\n<figure class=\"wp-block-image size-full\"><img fetchpriority=\"high\" decoding=\"async\" width=\"1001\" height=\"1001\" src=\"https:\/\/jinhuaceramic.com\/wp-content\/uploads\/2025\/12\/Custom-Baking-Pans-with-Wavy-Edge-Wholesale-Ceramic-Casserole-Dishes-Set-3.webp\" alt=\"Rechteckige Backform-Gro\u00dfhandel-Keramik-Backformen-3\" class=\"wp-image-11628\" srcset=\"https:\/\/jinhuaceramic.com\/wp-content\/uploads\/2025\/12\/Custom-Baking-Pans-with-Wavy-Edge-Wholesale-Ceramic-Casserole-Dishes-Set-3.webp 1001w, https:\/\/jinhuaceramic.com\/wp-content\/uploads\/2025\/12\/Custom-Baking-Pans-with-Wavy-Edge-Wholesale-Ceramic-Casserole-Dishes-Set-3-300x300.webp 300w, https:\/\/jinhuaceramic.com\/wp-content\/uploads\/2025\/12\/Custom-Baking-Pans-with-Wavy-Edge-Wholesale-Ceramic-Casserole-Dishes-Set-3-150x150.webp 150w, https:\/\/jinhuaceramic.com\/wp-content\/uploads\/2025\/12\/Custom-Baking-Pans-with-Wavy-Edge-Wholesale-Ceramic-Casserole-Dishes-Set-3-768x768.webp 768w, https:\/\/jinhuaceramic.com\/wp-content\/uploads\/2025\/12\/Custom-Baking-Pans-with-Wavy-Edge-Wholesale-Ceramic-Casserole-Dishes-Set-3-12x12.webp 12w, https:\/\/jinhuaceramic.com\/wp-content\/uploads\/2025\/12\/Custom-Baking-Pans-with-Wavy-Edge-Wholesale-Ceramic-Casserole-Dishes-Set-3-285x285.webp 285w, https:\/\/jinhuaceramic.com\/wp-content\/uploads\/2025\/12\/Custom-Baking-Pans-with-Wavy-Edge-Wholesale-Ceramic-Casserole-Dishes-Set-3-270x270.webp 270w, https:\/\/jinhuaceramic.com\/wp-content\/uploads\/2025\/12\/Custom-Baking-Pans-with-Wavy-Edge-Wholesale-Ceramic-Casserole-Dishes-Set-3-540x540.webp 540w, https:\/\/jinhuaceramic.com\/wp-content\/uploads\/2025\/12\/Custom-Baking-Pans-with-Wavy-Edge-Wholesale-Ceramic-Casserole-Dishes-Set-3-660x660.webp 660w\" sizes=\"(max-width: 1001px) 100vw, 1001px\" \/><\/figure>\n<\/div>\n<\/div>","protected":false},"excerpt":{"rendered":"<p>Willkommen zum Kauf unserer benutzerdefinierten rechteckigen Backform mit exquisitem Design, praktische Multi-Gr\u00f6\u00dfen-Kombinationen, und hochwertige Keramik-Material Leistung, die die Bed\u00fcrfnisse des Kochens von verschiedenen Portionen und Szenarien erf\u00fcllen k\u00f6nnen. Diese Gro\u00dfhandel Keramik Backformen bieten hervorragende W\u00e4rmespeicherung, dauerhafte Leistung und moderne zweifarbige Glasur \u00c4sthetik. Sie sind ideal f\u00fcr OEM\/ODM-Bestellungen und werden h\u00e4ufig f\u00fcr kommerzielle Backwaren, Einzelhandels-Kochgeschirr-Kollektionen und Eigenmarken-K\u00fcchengeschirr-Marken verwendet.<\/p>","protected":false},"featured_media":11629,"comment_status":"closed","ping_status":"closed","template":"","meta":{"_acf_changed":false},"product_brand":[],"product_cat":[53],"product_tag":[71],"class_list":{"0":"post-11626","1":"product","2":"type-product","3":"status-publish","4":"has-post-thumbnail","6":"product_cat-bakeware-in-bulk","7":"product_tag-wholesale-baking-pans","9":"first","10":"instock","11":"shipping-taxable","12":"product-type-simple"},"acf":[],"_links":{"self":[{"href":"https:\/\/jinhuaceramic.com\/de\/wp-json\/wp\/v2\/product\/11626","targetHints":{"allow":["GET"]}}],"collection":[{"href":"https:\/\/jinhuaceramic.com\/de\/wp-json\/wp\/v2\/product"}],"about":[{"href":"https:\/\/jinhuaceramic.com\/de\/wp-json\/wp\/v2\/types\/product"}],"replies":[{"embeddable":true,"href":"https:\/\/jinhuaceramic.com\/de\/wp-json\/wp\/v2\/comments?post=11626"}],"version-history":[{"count":0,"href":"https:\/\/jinhuaceramic.com\/de\/wp-json\/wp\/v2\/product\/11626\/revisions"}],"wp:featuredmedia":[{"embeddable":true,"href":"https:\/\/jinhuaceramic.com\/de\/wp-json\/wp\/v2\/media\/11629"}],"wp:attachment":[{"href":"https:\/\/jinhuaceramic.com\/de\/wp-json\/wp\/v2\/media?parent=11626"}],"wp:term":[{"taxonomy":"product_brand","embeddable":true,"href":"https:\/\/jinhuaceramic.com\/de\/wp-json\/wp\/v2\/product_brand?post=11626"},{"taxonomy":"product_cat","embeddable":true,"href":"https:\/\/jinhuaceramic.com\/de\/wp-json\/wp\/v2\/product_cat?post=11626"},{"taxonomy":"product_tag","embeddable":true,"href":"https:\/\/jinhuaceramic.com\/de\/wp-json\/wp\/v2\/product_tag?post=11626"}],"curies":[{"name":"wp","href":"https:\/\/api.w.org\/{rel}","templated":true}]}}