{"id":11703,"date":"2026-01-06T01:07:19","date_gmt":"2026-01-06T01:07:19","guid":{"rendered":"https:\/\/jinhuaceramic.com\/?post_type=product&#038;p=11703"},"modified":"2026-01-06T01:07:24","modified_gmt":"2026-01-06T01:07:24","slug":"restaurant-supply-ramekins","status":"publish","type":"product","link":"https:\/\/jinhuaceramic.com\/de\/product\/restaurant-supply-ramekins\/","title":{"rendered":"Restaurant Versorgung Ramekins, Gro\u00dfhandel Keramik Souffle Cups"},"content":{"rendered":"<div class=\"wp-block-columns is-layout-flex wp-container-core-columns-is-layout-9d6595d7 wp-block-columns-is-layout-flex\">\n<div class=\"wp-block-column is-layout-flow wp-block-column-is-layout-flow\">\n<h3 class=\"wp-block-heading\">Premium Restaurant Supply Ramekins Merkmale:<\/h3>\n\n\n\n<ul class=\"wp-block-list\">\n<li><strong>Elegantes Design:<\/strong> Diese reinwei\u00dfen Auflauff\u00f6rmchen f\u00fcr den Gastronomiebedarf haben auf ihren Au\u00dfenw\u00e4nden Retro-Pr\u00e4gungen wie Blumen und Punkte, gepaart mit abgerundeten Tassenformen, die einen zarten und eleganten Stil schaffen, der die Atmosph\u00e4re in der K\u00fcche und am Esstisch verbessern kann.<\/li>\n\n\n\n<li><strong>\u00c4u\u00dferst praktisch: <\/strong>Diese kleinen Auflaufformen f\u00fcr die Gastronomie eignen sich f\u00fcr die Zubereitung einzelner Desserts wie Souffles, Cr\u00e8me brulee, K\u00e4sekuchen usw. Sie k\u00f6nnen sie auch als Eiscreme Schalen, So\u00dfe Gerichte und geeignet f\u00fcr Tee Zeit, Familie Mahlzeiten und so weiter verwenden.<\/li>\n\n\n\n<li><strong>Sicheres Material:<\/strong> Diese Auflaufform f\u00fcr den Gro\u00dfhandel wird aus hochwertigem Keramikmaterial hergestellt. Sie haben sich auch als chemisch stabil erwiesen und geben beim Backen bei hohen Temperaturen oder in Gegenwart von Lebensmitteln keine sch\u00e4dlichen Stoffe ab, was die Lebensmittelsicherheit garantiert.<\/li>\n\n\n\n<li><strong>Leicht zu reinigen: <\/strong>Diese Gro\u00dfhandels-Keramik-Auflaufformen haben eine glatte und dichte Glasuroberfl\u00e4che, die leicht zu reinigen ist. Wischen Sie sie einfach mit einem feuchten Tuch und Sp\u00fclmittel ab, oder waschen Sie sie direkt in der Sp\u00fclmaschine.<\/li>\n<\/ul>\n<\/div>\n\n\n\n<div class=\"wp-block-column is-layout-flow wp-block-column-is-layout-flow\">\n<figure class=\"wp-block-image size-full\"><img fetchpriority=\"high\" decoding=\"async\" width=\"640\" height=\"640\" src=\"https:\/\/jinhuaceramic.com\/wp-content\/uploads\/2025\/12\/Custom-White-Ramekins-with-Embossed-Flower-Wholesale-Ceramic-Souffle-Cups-3.webp\" alt=\"restaurantbedarf-ramekins-gro\u00dfhandel-keramik-tr\u00fcffel-tassen-3\" class=\"wp-image-11708\" srcset=\"https:\/\/jinhuaceramic.com\/wp-content\/uploads\/2025\/12\/Custom-White-Ramekins-with-Embossed-Flower-Wholesale-Ceramic-Souffle-Cups-3.webp 640w, https:\/\/jinhuaceramic.com\/wp-content\/uploads\/2025\/12\/Custom-White-Ramekins-with-Embossed-Flower-Wholesale-Ceramic-Souffle-Cups-3-300x300.webp 300w, https:\/\/jinhuaceramic.com\/wp-content\/uploads\/2025\/12\/Custom-White-Ramekins-with-Embossed-Flower-Wholesale-Ceramic-Souffle-Cups-3-150x150.webp 150w, https:\/\/jinhuaceramic.com\/wp-content\/uploads\/2025\/12\/Custom-White-Ramekins-with-Embossed-Flower-Wholesale-Ceramic-Souffle-Cups-3-12x12.webp 12w, https:\/\/jinhuaceramic.com\/wp-content\/uploads\/2025\/12\/Custom-White-Ramekins-with-Embossed-Flower-Wholesale-Ceramic-Souffle-Cups-3-285x285.webp 285w, https:\/\/jinhuaceramic.com\/wp-content\/uploads\/2025\/12\/Custom-White-Ramekins-with-Embossed-Flower-Wholesale-Ceramic-Souffle-Cups-3-270x270.webp 270w, https:\/\/jinhuaceramic.com\/wp-content\/uploads\/2025\/12\/Custom-White-Ramekins-with-Embossed-Flower-Wholesale-Ceramic-Souffle-Cups-3-540x540.webp 540w\" sizes=\"(max-width: 640px) 100vw, 640px\" \/><\/figure>\n<\/div>\n<\/div>","protected":false},"excerpt":{"rendered":"<p>Wir begr\u00fc\u00dfen Sie zum Kauf dieser wei\u00dfen Auflauff\u00f6rmchen f\u00fcr den Gastronomiebedarf, die sich durch ein elegantes, gepr\u00e4gtes Design, kompakte Funktionen, die sich f\u00fcr verschiedene Szenarien eignen, und eine hervorragende Leistung des Keramikmaterials auszeichnen. Sie sind zu kleinen Kochbeh\u00e4ltern geworden, die sowohl \u00e4sthetisch ansprechend als auch praktisch in der K\u00fcche sind. Ob f\u00fcr den t\u00e4glichen Gebrauch im Haushalt oder f\u00fcr die Bewirtung von G\u00e4sten bei Banketten, sie k\u00f6nnen sich alle als n\u00fctzlich erweisen.<\/p>","protected":false},"featured_media":11710,"comment_status":"closed","ping_status":"closed","template":"","meta":{"_acf_changed":false},"product_brand":[],"product_cat":[53],"product_tag":[69],"class_list":{"0":"post-11703","1":"product","2":"type-product","3":"status-publish","4":"has-post-thumbnail","6":"product_cat-bakeware-in-bulk","7":"product_tag-bulk-ramekins","9":"first","10":"instock","11":"shipping-taxable","12":"product-type-simple"},"acf":[],"_links":{"self":[{"href":"https:\/\/jinhuaceramic.com\/de\/wp-json\/wp\/v2\/product\/11703","targetHints":{"allow":["GET"]}}],"collection":[{"href":"https:\/\/jinhuaceramic.com\/de\/wp-json\/wp\/v2\/product"}],"about":[{"href":"https:\/\/jinhuaceramic.com\/de\/wp-json\/wp\/v2\/types\/product"}],"replies":[{"embeddable":true,"href":"https:\/\/jinhuaceramic.com\/de\/wp-json\/wp\/v2\/comments?post=11703"}],"version-history":[{"count":0,"href":"https:\/\/jinhuaceramic.com\/de\/wp-json\/wp\/v2\/product\/11703\/revisions"}],"wp:featuredmedia":[{"embeddable":true,"href":"https:\/\/jinhuaceramic.com\/de\/wp-json\/wp\/v2\/media\/11710"}],"wp:attachment":[{"href":"https:\/\/jinhuaceramic.com\/de\/wp-json\/wp\/v2\/media?parent=11703"}],"wp:term":[{"taxonomy":"product_brand","embeddable":true,"href":"https:\/\/jinhuaceramic.com\/de\/wp-json\/wp\/v2\/product_brand?post=11703"},{"taxonomy":"product_cat","embeddable":true,"href":"https:\/\/jinhuaceramic.com\/de\/wp-json\/wp\/v2\/product_cat?post=11703"},{"taxonomy":"product_tag","embeddable":true,"href":"https:\/\/jinhuaceramic.com\/de\/wp-json\/wp\/v2\/product_tag?post=11703"}],"curies":[{"name":"wp","href":"https:\/\/api.w.org\/{rel}","templated":true}]}}