{"id":11717,"date":"2026-01-06T01:44:01","date_gmt":"2026-01-06T01:44:01","guid":{"rendered":"https:\/\/jinhuaceramic.com\/?post_type=product&#038;p=11717"},"modified":"2026-01-06T01:44:04","modified_gmt":"2026-01-06T01:44:04","slug":"factory-supply-bathroom-set","status":"publish","type":"product","link":"https:\/\/jinhuaceramic.com\/de\/product\/factory-supply-bathroom-set\/","title":{"rendered":"Fabriklieferung Badezimmer-Set, graue Keramik-Badezimmeraccessoires in Gro\u00dfmengen"},"content":{"rendered":"<div class=\"wp-block-columns is-layout-flex wp-container-core-columns-is-layout-9d6595d7 wp-block-columns-is-layout-flex\">\n<div class=\"wp-block-column is-layout-flow wp-block-column-is-layout-flow\">\n<h3 class=\"wp-block-heading\">Premium Factory Supply Bathroom Set Eigenschaften:<\/h3>\n\n\n\n<ul class=\"wp-block-list\">\n<li><strong>Modernes Design: <\/strong>Das werkseitig gelieferte Badezimmer-Set basiert auf einem matten Grauton mit einem minimalistischen geometrischen Look. Die hellgraue Farbe ist unaufdringlich und anpassungsf\u00e4hig, und das zeitgen\u00f6ssische minimalistische Design kann ein Gef\u00fchl der Ruhe und gepflegtes Gef\u00fchl zu Ihrem Bad Raum bringen.<\/li>\n\n\n\n<li><strong>Vollst\u00e4ndiger Satz: <\/strong>Das Badezimmer-Set f\u00fcr den Werksbedarf ist vielf\u00e4ltig, denn es umfasst einen Seifenspender, einen Zahnb\u00fcrstenhalter, einen Mundsp\u00fclbecher, einen Vorratsbeh\u00e4lter und eine Seifenschale, da es zu verschiedenen Zeiten unterschiedliche Bed\u00fcrfnisse im Badezimmer gibt. Typischerweise machen die gemeinsamen Bed\u00fcrfnisse der t\u00e4glichen Nutzung des Badezimmers die r\u00e4umliche Verwaltung der Badartikel.<\/li>\n\n\n\n<li><strong>Durchdachte Details:<\/strong> Das detaillierte Design dieser Gro\u00dfhandel Bad-Accessoires ist praktisch: die Partition Design der Zahnb\u00fcrstenhalter balanciert Hygiene und Komfort; Das kleine Tablett des Zahnb\u00fcrstenhalters ist bequem f\u00fcr die Lagerung von kleinen Gegenst\u00e4nden wie Schmuck und Uhren; Der Deckel des Aufbewahrungsgef\u00e4\u00dfes ist fest mit der Dose K\u00f6rper, mit ausgezeichneter Abdichtung Leistung befestigt.<\/li>\n\n\n\n<li><strong>Hochwertiges Material:<\/strong> Diese Gro\u00dfhandels-Bad-Accessoires sind aus hochwertigen keramischen Materialien mit hoher H\u00e4rte und Verschlei\u00dffestigkeit, die nicht leicht im t\u00e4glichen Gebrauch besch\u00e4digt werden und den Test der Zeit standhalten k\u00f6nnen.<\/li>\n\n\n\n<li><strong>Fabrikdirektlieferung:<\/strong> Die Herstellung erfolgt direkt in der Keramikfabrik, die \u00fcber ausgereifte Produktionslinien und Qualit\u00e4tskontrollsysteme verf\u00fcgt, die eine langfristige, stabile Versorgung und gro\u00dfe Auftragsvolumina erm\u00f6glichen.<\/li>\n<\/ul>\n<\/div>\n\n\n\n<div class=\"wp-block-column is-layout-flow wp-block-column-is-layout-flow\">\n<figure class=\"wp-block-image size-full\"><img fetchpriority=\"high\" decoding=\"async\" width=\"2560\" height=\"2560\" src=\"https:\/\/jinhuaceramic.com\/wp-content\/uploads\/2026\/01\/Gray-Ceramic-Bathroom-Accessories-Custom-Soap-Dispenser-and-Toothbrush-Holder-Set-4.webp\" alt=\"werksseitig-lieferung-bad-set-keramik-badezimmer-zubeh\u00f6r-4\" class=\"wp-image-11720\" srcset=\"https:\/\/jinhuaceramic.com\/wp-content\/uploads\/2026\/01\/Gray-Ceramic-Bathroom-Accessories-Custom-Soap-Dispenser-and-Toothbrush-Holder-Set-4.webp 2560w, https:\/\/jinhuaceramic.com\/wp-content\/uploads\/2026\/01\/Gray-Ceramic-Bathroom-Accessories-Custom-Soap-Dispenser-and-Toothbrush-Holder-Set-4-300x300.webp 300w, https:\/\/jinhuaceramic.com\/wp-content\/uploads\/2026\/01\/Gray-Ceramic-Bathroom-Accessories-Custom-Soap-Dispenser-and-Toothbrush-Holder-Set-4-150x150.webp 150w, https:\/\/jinhuaceramic.com\/wp-content\/uploads\/2026\/01\/Gray-Ceramic-Bathroom-Accessories-Custom-Soap-Dispenser-and-Toothbrush-Holder-Set-4-768x768.webp 768w, https:\/\/jinhuaceramic.com\/wp-content\/uploads\/2026\/01\/Gray-Ceramic-Bathroom-Accessories-Custom-Soap-Dispenser-and-Toothbrush-Holder-Set-4-12x12.webp 12w, https:\/\/jinhuaceramic.com\/wp-content\/uploads\/2026\/01\/Gray-Ceramic-Bathroom-Accessories-Custom-Soap-Dispenser-and-Toothbrush-Holder-Set-4-285x285.webp 285w, https:\/\/jinhuaceramic.com\/wp-content\/uploads\/2026\/01\/Gray-Ceramic-Bathroom-Accessories-Custom-Soap-Dispenser-and-Toothbrush-Holder-Set-4-1600x1600.webp 1600w, https:\/\/jinhuaceramic.com\/wp-content\/uploads\/2026\/01\/Gray-Ceramic-Bathroom-Accessories-Custom-Soap-Dispenser-and-Toothbrush-Holder-Set-4-270x270.webp 270w, https:\/\/jinhuaceramic.com\/wp-content\/uploads\/2026\/01\/Gray-Ceramic-Bathroom-Accessories-Custom-Soap-Dispenser-and-Toothbrush-Holder-Set-4-540x540.webp 540w, https:\/\/jinhuaceramic.com\/wp-content\/uploads\/2026\/01\/Gray-Ceramic-Bathroom-Accessories-Custom-Soap-Dispenser-and-Toothbrush-Holder-Set-4-660x660.webp 660w\" sizes=\"(max-width: 2560px) 100vw, 2560px\" \/><\/figure>\n<\/div>\n<\/div>","protected":false},"excerpt":{"rendered":"<p>Willkommen zum Kauf des werkseitig gelieferten Badezimmersets, das \u00c4sthetik und Zweckm\u00e4\u00dfigkeit vereint und f\u00fcr Hotels, Einzelh\u00e4ndler und Projektk\u00e4ufer entwickelt wurde. Die Langlebigkeit dieser grauen, ma\u00dfgefertigten Badezimmer-Accessoires gew\u00e4hrleistet eine langfristige Kosteneffizienz und macht sie zu einer hochwertigen Wahl f\u00fcr die Gestaltung von sauberen und hochwertigen Badezimmern.<\/p>","protected":false},"featured_media":11722,"comment_status":"closed","ping_status":"closed","template":"","meta":{"_acf_changed":false},"product_brand":[],"product_cat":[51],"product_tag":[74],"class_list":{"0":"post-11717","1":"product","2":"type-product","3":"status-publish","4":"has-post-thumbnail","6":"product_cat-bathroom-accessories-wholesale","7":"product_tag-ceramic-bath-accessories-wholesale","9":"first","10":"instock","11":"shipping-taxable","12":"product-type-simple"},"acf":[],"_links":{"self":[{"href":"https:\/\/jinhuaceramic.com\/de\/wp-json\/wp\/v2\/product\/11717","targetHints":{"allow":["GET"]}}],"collection":[{"href":"https:\/\/jinhuaceramic.com\/de\/wp-json\/wp\/v2\/product"}],"about":[{"href":"https:\/\/jinhuaceramic.com\/de\/wp-json\/wp\/v2\/types\/product"}],"replies":[{"embeddable":true,"href":"https:\/\/jinhuaceramic.com\/de\/wp-json\/wp\/v2\/comments?post=11717"}],"version-history":[{"count":0,"href":"https:\/\/jinhuaceramic.com\/de\/wp-json\/wp\/v2\/product\/11717\/revisions"}],"wp:featuredmedia":[{"embeddable":true,"href":"https:\/\/jinhuaceramic.com\/de\/wp-json\/wp\/v2\/media\/11722"}],"wp:attachment":[{"href":"https:\/\/jinhuaceramic.com\/de\/wp-json\/wp\/v2\/media?parent=11717"}],"wp:term":[{"taxonomy":"product_brand","embeddable":true,"href":"https:\/\/jinhuaceramic.com\/de\/wp-json\/wp\/v2\/product_brand?post=11717"},{"taxonomy":"product_cat","embeddable":true,"href":"https:\/\/jinhuaceramic.com\/de\/wp-json\/wp\/v2\/product_cat?post=11717"},{"taxonomy":"product_tag","embeddable":true,"href":"https:\/\/jinhuaceramic.com\/de\/wp-json\/wp\/v2\/product_tag?post=11717"}],"curies":[{"name":"wp","href":"https:\/\/api.w.org\/{rel}","templated":true}]}}