{"id":11728,"date":"2026-01-06T02:24:23","date_gmt":"2026-01-06T02:24:23","guid":{"rendered":"https:\/\/jinhuaceramic.com\/?post_type=product&#038;p=11728"},"modified":"2026-01-06T02:24:27","modified_gmt":"2026-01-06T02:24:27","slug":"wholesale-casserole-baking-dishes","status":"publish","type":"product","link":"https:\/\/jinhuaceramic.com\/de\/product\/wholesale-casserole-baking-dishes\/","title":{"rendered":"Gro\u00dfhandel Auflaufformen Backen Gerichte, Keramik-Backformen Versorgung"},"content":{"rendered":"<div class=\"wp-block-columns is-layout-flex wp-container-core-columns-is-layout-9d6595d7 wp-block-columns-is-layout-flex\">\n<div class=\"wp-block-column is-layout-flow wp-block-column-is-layout-flow\">\n<h3 class=\"wp-block-heading\">Premium Gro\u00dfhandel Casserole Backformen Merkmale:<\/h3>\n\n\n\n<ul class=\"wp-block-list\">\n<li><strong>Stilvolles Design:<\/strong> Diese Auflaufformen aus dem Gro\u00dfhandel sind in einer wenig ges\u00e4ttigten Macaron-Farbe gehalten und haben ein kontrastreiches schwarzes Deckelknopfdesign, das einen frischen und weichen Stil erzeugt. Die gepr\u00e4gten Worte \u201cMINI\u201d und \u201cCOCOTTE\u201d auf dem Deckel f\u00fcgen eine Vintage-Atmosph\u00e4re und machen die Auflaufform mehr exquisit.<\/li>\n\n\n\n<li><strong>Assortierte Farben:<\/strong> Diese ma\u00dfgeschneiderten Keramik-Backformen sind in einer Reihe von Pastellfarben, mintgr\u00fcn, grau, rosa, wei\u00df, schwarz usw. erh\u00e4ltlich. Die Kunden k\u00f6nnen eine Auswahl treffen, die ihrem K\u00fcchenstil, ihrer Tischdekoration oder ihren pers\u00f6nlichen Bed\u00fcrfnissen entspricht.<\/li>\n\n\n\n<li><strong>Oval Fit Design:<\/strong> Die traditionelle ovale Form der kundenspezifischen Keramik-Backformen bietet funktionelle Kapazit\u00e4t und eignet sich hervorragend f\u00fcr Geb\u00e4ck wie ganzen Fisch, gebackenen Reis, gebackenes Gem\u00fcse, gebackene Lasagne usw. f\u00fcr die Pr\u00e4sentation von Mahlzeiten.<\/li>\n\n\n\n<li><strong>Funktioneller Deckel:<\/strong> Diese Auflaufformen f\u00fcr den Gro\u00dfhandel sind mit dicht schlie\u00dfenden Deckeln ausgestattet, die das Aroma und die Feuchtigkeit der Lebensmittel w\u00e4hrend des Backens einschlie\u00dfen k\u00f6nnen, wodurch die gekochten Zutaten zarter und saftiger werden. Gleichzeitig k\u00f6nnen die Deckel den W\u00e4rmeverlust verringern und das Essen lange warm halten.<\/li>\n\n\n\n<li><strong>Ausgezeichnetes Material:<\/strong> Diese Auflaufformen f\u00fcr den Gro\u00dfhandel haben stabile chemische Eigenschaften und setzen bei hohen Temperaturen keine sch\u00e4dlichen Stoffe frei, was die Lebensmittelsicherheit und Gesundheit gew\u00e4hrleistet. Gleichzeitig ist die keramische Oberfl\u00e4che glatt und haftet nicht leicht an Speiseresten, so dass sie leicht zu reinigen ist.<\/li>\n<\/ul>\n<\/div>\n\n\n\n<div class=\"wp-block-column is-layout-flow wp-block-column-is-layout-flow\">\n<figure class=\"wp-block-image size-full\"><img fetchpriority=\"high\" decoding=\"async\" width=\"1002\" height=\"1002\" src=\"https:\/\/jinhuaceramic.com\/wp-content\/uploads\/2026\/01\/Custom-Oval-Casserole-Dish-with-Lid-Wholesale-Ceramic-Kitchen-Bakeware.webp\" alt=\"Gro\u00dfhandel-Auflaufformen-Backformen-Keramik-Backformen-Vorrat-1\" class=\"wp-image-11735\" srcset=\"https:\/\/jinhuaceramic.com\/wp-content\/uploads\/2026\/01\/Custom-Oval-Casserole-Dish-with-Lid-Wholesale-Ceramic-Kitchen-Bakeware.webp 1002w, https:\/\/jinhuaceramic.com\/wp-content\/uploads\/2026\/01\/Custom-Oval-Casserole-Dish-with-Lid-Wholesale-Ceramic-Kitchen-Bakeware-300x300.webp 300w, https:\/\/jinhuaceramic.com\/wp-content\/uploads\/2026\/01\/Custom-Oval-Casserole-Dish-with-Lid-Wholesale-Ceramic-Kitchen-Bakeware-150x150.webp 150w, https:\/\/jinhuaceramic.com\/wp-content\/uploads\/2026\/01\/Custom-Oval-Casserole-Dish-with-Lid-Wholesale-Ceramic-Kitchen-Bakeware-768x768.webp 768w, https:\/\/jinhuaceramic.com\/wp-content\/uploads\/2026\/01\/Custom-Oval-Casserole-Dish-with-Lid-Wholesale-Ceramic-Kitchen-Bakeware-12x12.webp 12w, https:\/\/jinhuaceramic.com\/wp-content\/uploads\/2026\/01\/Custom-Oval-Casserole-Dish-with-Lid-Wholesale-Ceramic-Kitchen-Bakeware-285x285.webp 285w, https:\/\/jinhuaceramic.com\/wp-content\/uploads\/2026\/01\/Custom-Oval-Casserole-Dish-with-Lid-Wholesale-Ceramic-Kitchen-Bakeware-270x270.webp 270w, https:\/\/jinhuaceramic.com\/wp-content\/uploads\/2026\/01\/Custom-Oval-Casserole-Dish-with-Lid-Wholesale-Ceramic-Kitchen-Bakeware-540x540.webp 540w, https:\/\/jinhuaceramic.com\/wp-content\/uploads\/2026\/01\/Custom-Oval-Casserole-Dish-with-Lid-Wholesale-Ceramic-Kitchen-Bakeware-660x660.webp 660w\" sizes=\"(max-width: 1002px) 100vw, 1002px\" \/><\/figure>\n<\/div>\n<\/div>","protected":false},"excerpt":{"rendered":"<p>Willkommen in unserem Gro\u00dfhandel Auflaufformen mit Deckel zu kaufen, aus langlebigen, ofensicheren Keramik f\u00fcr gleichm\u00e4\u00dfige W\u00e4rmeverteilung gemacht. Diese ovale Keramik-Backformen Versorgung ist ideal f\u00fcr Gro\u00dfabnehmer, bietet mehrere Gr\u00f6\u00dfen, kundenspezifische Farben, Logo-Druck und OEM \/ ODM-Dienstleistungen. Perfekt f\u00fcr Superm\u00e4rkte, Hotels und Restaurants, die zuverl\u00e4ssige Gro\u00dfhandelsl\u00f6sungen f\u00fcr Keramik-Backformen suchen.<\/p>","protected":false},"featured_media":11734,"comment_status":"closed","ping_status":"closed","template":"","meta":{"_acf_changed":false},"product_brand":[],"product_cat":[53],"product_tag":[71],"class_list":{"0":"post-11728","1":"product","2":"type-product","3":"status-publish","4":"has-post-thumbnail","6":"product_cat-bakeware-in-bulk","7":"product_tag-wholesale-baking-pans","9":"first","10":"instock","11":"shipping-taxable","12":"product-type-simple"},"acf":[],"_links":{"self":[{"href":"https:\/\/jinhuaceramic.com\/de\/wp-json\/wp\/v2\/product\/11728","targetHints":{"allow":["GET"]}}],"collection":[{"href":"https:\/\/jinhuaceramic.com\/de\/wp-json\/wp\/v2\/product"}],"about":[{"href":"https:\/\/jinhuaceramic.com\/de\/wp-json\/wp\/v2\/types\/product"}],"replies":[{"embeddable":true,"href":"https:\/\/jinhuaceramic.com\/de\/wp-json\/wp\/v2\/comments?post=11728"}],"version-history":[{"count":0,"href":"https:\/\/jinhuaceramic.com\/de\/wp-json\/wp\/v2\/product\/11728\/revisions"}],"wp:featuredmedia":[{"embeddable":true,"href":"https:\/\/jinhuaceramic.com\/de\/wp-json\/wp\/v2\/media\/11734"}],"wp:attachment":[{"href":"https:\/\/jinhuaceramic.com\/de\/wp-json\/wp\/v2\/media?parent=11728"}],"wp:term":[{"taxonomy":"product_brand","embeddable":true,"href":"https:\/\/jinhuaceramic.com\/de\/wp-json\/wp\/v2\/product_brand?post=11728"},{"taxonomy":"product_cat","embeddable":true,"href":"https:\/\/jinhuaceramic.com\/de\/wp-json\/wp\/v2\/product_cat?post=11728"},{"taxonomy":"product_tag","embeddable":true,"href":"https:\/\/jinhuaceramic.com\/de\/wp-json\/wp\/v2\/product_tag?post=11728"}],"curies":[{"name":"wp","href":"https:\/\/api.w.org\/{rel}","templated":true}]}}