{"id":11761,"date":"2026-01-09T03:12:43","date_gmt":"2026-01-09T03:12:43","guid":{"rendered":"https:\/\/jinhuaceramic.com\/?post_type=product&#038;p=11761"},"modified":"2026-01-09T03:12:46","modified_gmt":"2026-01-09T03:12:46","slug":"oval-baking-dish-wholesale","status":"publish","type":"product","link":"https:\/\/jinhuaceramic.com\/de\/product\/oval-baking-dish-wholesale\/","title":{"rendered":"Oval Backform Gro\u00dfhandel, Keramik-Backformen Lieferungen"},"content":{"rendered":"<div class=\"wp-block-columns is-layout-flex wp-container-core-columns-is-layout-9d6595d7 wp-block-columns-is-layout-flex\">\n<div class=\"wp-block-column is-layout-flow wp-block-column-is-layout-flow\">\n<h3 class=\"wp-block-heading\">Premium Oval Backform Gro\u00dfhandel Merkmale:<\/h3>\n\n\n\n<ul class=\"wp-block-list\">\n<li><strong>Stilvolles Design:<\/strong> Diese ovale Backform im Gro\u00dfhandel hat ein kontrastreiches Design, mit einer wei\u00dfen Au\u00dfenwand mit grauem Streifenmuster und einer rein grauen Innenwand. Die niedrige S\u00e4ttigung Grauton ist stabil und atmosph\u00e4risch, und die vertikale Streifenmuster f\u00fcgt visuelle Tiefe, pr\u00e4sentiert einen modernen und modischen Stil.<\/li>\n\n\n\n<li><strong>Praktische Form: <\/strong>Diese ovale Auflaufform eignet sich hervorragend f\u00fcr lange Zutaten wie ganze Fische oder gegrillte Lammkoteletts und spart mehr Platz im Ofen als runde Auflaufformen. Die integrierten Griffe an beiden Seiten sind leicht zu erreichen, verhindern Verbrennungen und erh\u00f6hen den Komfort und die Sicherheit bei der Verwendung.<\/li>\n\n\n\n<li><strong>Hochwertiges Material:<\/strong> Die ovale Backform im Gro\u00dfhandel besteht aus hochwertigen keramischen Materialien und verf\u00fcgt \u00fcber eine gewisse thermische Stabilit\u00e4t, so dass die Speisen gleichm\u00e4\u00dfiger erhitzt werden k\u00f6nnen, ein lokales Anbrennen oder Untergaren vermieden und die Kocheffizienz verbessert wird.<\/li>\n\n\n\n<li><strong>Leicht zu reinigen: <\/strong>Diese Gro\u00dfhandels-Keramik-Backformen zeichnen sich durch eine glatte und dichte Glasuroberfl\u00e4che aus, auf der sich Lebensmittelreste und \u00d6lflecken nur schwer festsetzen k\u00f6nnen. Wischen Sie sie nach dem Backen vorsichtig mit warmem Wasser und Sp\u00fclmittel ab; die Flecken lassen sich leicht entfernen und die Backformen bleiben sauber.<\/li>\n\n\n\n<li><strong>Geeignet f\u00fcr Gro\u00dfeink\u00e4ufe:<\/strong> Diese Gro\u00dfhandel Keramik Backformen stabile Struktur, eine niedrige Bruchrate, sind geeignet f\u00fcr die gro\u00df angelegte Produktion und den Export, und unterst\u00fctzen OEM \/ ODM-Gro\u00dfhandel Bestellungen.<\/li>\n<\/ul>\n<\/div>\n\n\n\n<div class=\"wp-block-column is-layout-flow wp-block-column-is-layout-flow\">\n<figure class=\"wp-block-image size-full\"><img fetchpriority=\"high\" decoding=\"async\" width=\"726\" height=\"726\" src=\"https:\/\/jinhuaceramic.com\/wp-content\/uploads\/2026\/01\/Oval-Baking-Dish-with-Striped-Pattern-Wholesale-Ceramic-Baking-Pans-Supplies-7.webp\" alt=\"Ovale-Backform-Gro\u00dfhandel-Keramik-Backformen-Bedarf-7\" class=\"wp-image-11767\" srcset=\"https:\/\/jinhuaceramic.com\/wp-content\/uploads\/2026\/01\/Oval-Baking-Dish-with-Striped-Pattern-Wholesale-Ceramic-Baking-Pans-Supplies-7.webp 726w, https:\/\/jinhuaceramic.com\/wp-content\/uploads\/2026\/01\/Oval-Baking-Dish-with-Striped-Pattern-Wholesale-Ceramic-Baking-Pans-Supplies-7-300x300.webp 300w, https:\/\/jinhuaceramic.com\/wp-content\/uploads\/2026\/01\/Oval-Baking-Dish-with-Striped-Pattern-Wholesale-Ceramic-Baking-Pans-Supplies-7-150x150.webp 150w, https:\/\/jinhuaceramic.com\/wp-content\/uploads\/2026\/01\/Oval-Baking-Dish-with-Striped-Pattern-Wholesale-Ceramic-Baking-Pans-Supplies-7-12x12.webp 12w, https:\/\/jinhuaceramic.com\/wp-content\/uploads\/2026\/01\/Oval-Baking-Dish-with-Striped-Pattern-Wholesale-Ceramic-Baking-Pans-Supplies-7-285x285.webp 285w, https:\/\/jinhuaceramic.com\/wp-content\/uploads\/2026\/01\/Oval-Baking-Dish-with-Striped-Pattern-Wholesale-Ceramic-Baking-Pans-Supplies-7-270x270.webp 270w, https:\/\/jinhuaceramic.com\/wp-content\/uploads\/2026\/01\/Oval-Baking-Dish-with-Striped-Pattern-Wholesale-Ceramic-Baking-Pans-Supplies-7-540x540.webp 540w, https:\/\/jinhuaceramic.com\/wp-content\/uploads\/2026\/01\/Oval-Baking-Dish-with-Striped-Pattern-Wholesale-Ceramic-Baking-Pans-Supplies-7-660x660.webp 660w\" sizes=\"(max-width: 726px) 100vw, 726px\" \/><\/figure>\n<\/div>\n<\/div>","protected":false},"excerpt":{"rendered":"<p>Willkommen zum Kauf unserer ovalen Backform Gro\u00dfhandel mit einem gestreiften Muster, f\u00fcr die professionelle Backen und Foodservice Versorgung konzipiert. Diese keramischen Backformen sind aus Hochtemperatur gebrannten Keramik mit einer dauerhaften lebensmittelechten Glasur hergestellt und bieten eine gleichm\u00e4\u00dfige W\u00e4rmeverteilung und einfache Reinigung. Erh\u00e4ltlich in mehreren Gr\u00f6\u00dfen mit OEM\/ODM-Anpassung, ideal f\u00fcr Gro\u00dfabnehmer, Einzelh\u00e4ndler und Gastst\u00e4ttenprojekte, die zuverl\u00e4ssige Keramik-Backformen suchen.<\/p>","protected":false},"featured_media":11763,"comment_status":"closed","ping_status":"closed","template":"","meta":{"_acf_changed":false},"product_brand":[],"product_cat":[53],"product_tag":[71],"class_list":{"0":"post-11761","1":"product","2":"type-product","3":"status-publish","4":"has-post-thumbnail","6":"product_cat-bakeware-in-bulk","7":"product_tag-wholesale-baking-pans","9":"first","10":"instock","11":"shipping-taxable","12":"product-type-simple"},"acf":[],"_links":{"self":[{"href":"https:\/\/jinhuaceramic.com\/de\/wp-json\/wp\/v2\/product\/11761","targetHints":{"allow":["GET"]}}],"collection":[{"href":"https:\/\/jinhuaceramic.com\/de\/wp-json\/wp\/v2\/product"}],"about":[{"href":"https:\/\/jinhuaceramic.com\/de\/wp-json\/wp\/v2\/types\/product"}],"replies":[{"embeddable":true,"href":"https:\/\/jinhuaceramic.com\/de\/wp-json\/wp\/v2\/comments?post=11761"}],"version-history":[{"count":0,"href":"https:\/\/jinhuaceramic.com\/de\/wp-json\/wp\/v2\/product\/11761\/revisions"}],"wp:featuredmedia":[{"embeddable":true,"href":"https:\/\/jinhuaceramic.com\/de\/wp-json\/wp\/v2\/media\/11763"}],"wp:attachment":[{"href":"https:\/\/jinhuaceramic.com\/de\/wp-json\/wp\/v2\/media?parent=11761"}],"wp:term":[{"taxonomy":"product_brand","embeddable":true,"href":"https:\/\/jinhuaceramic.com\/de\/wp-json\/wp\/v2\/product_brand?post=11761"},{"taxonomy":"product_cat","embeddable":true,"href":"https:\/\/jinhuaceramic.com\/de\/wp-json\/wp\/v2\/product_cat?post=11761"},{"taxonomy":"product_tag","embeddable":true,"href":"https:\/\/jinhuaceramic.com\/de\/wp-json\/wp\/v2\/product_tag?post=11761"}],"curies":[{"name":"wp","href":"https:\/\/api.w.org\/{rel}","templated":true}]}}