{"id":12035,"date":"2026-01-19T10:23:59","date_gmt":"2026-01-19T10:23:59","guid":{"rendered":"https:\/\/jinhuaceramic.com\/?post_type=product&#038;p=12035"},"modified":"2026-01-19T10:24:02","modified_gmt":"2026-01-19T10:24:02","slug":"custom-bathroom-set-accessories","status":"publish","type":"product","link":"https:\/\/jinhuaceramic.com\/de\/product\/custom-bathroom-set-accessories\/","title":{"rendered":"Custom Bathroom Set Zubeh\u00f6r, 5-teiliges schwarzes Komplettset Versorgung"},"content":{"rendered":"<div class=\"wp-block-columns is-layout-flex wp-container-core-columns-is-layout-9d6595d7 wp-block-columns-is-layout-flex\">\n<div class=\"wp-block-column is-layout-flow wp-block-column-is-layout-flow\">\n<h3 class=\"wp-block-heading\">Premium Custom Bathroom Set Zubeh\u00f6r Eigenschaften:<\/h3>\n\n\n\n<ul class=\"wp-block-list\">\n<li><strong>Geeignet f\u00fcr mehrere Szenarien:<\/strong> Diese ma\u00dfgefertigten Badezimmersets eignen sich f\u00fcr den Einsatz in Familienb\u00e4dern, Hotels, Pensionen, gewerblichen Toiletten und anderen Bereichen.<\/li>\n\n\n\n<li><strong>Exquisites Design:<\/strong> Diese schwarzen, individuell gestalteten Badaccessoires haben eine zarte Oberfl\u00e4chenstruktur, \u00e4hnlich einem gewebten Muster, das die Zartheit und Dreidimensionalit\u00e4t des Produkts erh\u00f6ht und die Monotonie des reinen Schwarz vermeidet.<\/li>\n\n\n\n<li><strong>Vollst\u00e4ndiger Satz:<\/strong> Diese ma\u00dfgefertigten Badezimmersets decken eine Vielzahl von h\u00e4ufig verwendeten Accessoires mit unterschiedlichen Funktionen im Badezimmer ab, wie z. B. Seifenspender, Zahnb\u00fcrstenhalter, Aufbewahrungsdosen, Seifenschalen usw., die die Grundbed\u00fcrfnisse der t\u00e4glichen K\u00f6rperpflege und Aufbewahrung erf\u00fcllen.<\/li>\n\n\n\n<li><strong>Durchdachte Details:<\/strong> Der Seifenspender dr\u00fcckt sanft und steuert pr\u00e4zise die Menge des abgegebenen Handdesinfektionsmittels. Das Doppelgitterdesign des Zahnb\u00fcrstenhalters erm\u00f6glicht die separate Platzierung von zwei Zahnb\u00fcrsten. Der Deckel des Aufbewahrungsbeh\u00e4lters ist gut abgedichtet und kann Wattest\u00e4bchen und -kugeln staub- und feuchtigkeitssicher aufbewahren.<\/li>\n\n\n\n<li><strong>Langlebiges Material:<\/strong> Diese ma\u00dfgefertigten Bad-Accessoires sind aus Keramik gefertigt, die eine gute Verschlei\u00dffestigkeit und Korrosionsbest\u00e4ndigkeit aufweisen, nicht leicht durch die feuchte Umgebung im Bad beeintr\u00e4chtigt werden und ihr Aussehen und ihre stabile Leistung f\u00fcr eine lange Zeit beibehalten k\u00f6nnen.<\/li>\n<\/ul>\n<\/div>\n\n\n\n<div class=\"wp-block-column is-layout-flow wp-block-column-is-layout-flow\">\n<figure class=\"wp-block-image size-full\"><img fetchpriority=\"high\" decoding=\"async\" width=\"2560\" height=\"2560\" src=\"https:\/\/jinhuaceramic.com\/wp-content\/uploads\/2026\/01\/Black-Designer-Bathroom-Sets-Custom-Soap-Dispenser-and-Toothbrush-Holder-Set.webp\" alt=\"custom-bathroom-set-accessoires-5-teilig-schwarz-full-set-bulk-1\" class=\"wp-image-11871\" srcset=\"https:\/\/jinhuaceramic.com\/wp-content\/uploads\/2026\/01\/Black-Designer-Bathroom-Sets-Custom-Soap-Dispenser-and-Toothbrush-Holder-Set.webp 2560w, https:\/\/jinhuaceramic.com\/wp-content\/uploads\/2026\/01\/Black-Designer-Bathroom-Sets-Custom-Soap-Dispenser-and-Toothbrush-Holder-Set-300x300.webp 300w, https:\/\/jinhuaceramic.com\/wp-content\/uploads\/2026\/01\/Black-Designer-Bathroom-Sets-Custom-Soap-Dispenser-and-Toothbrush-Holder-Set-150x150.webp 150w, https:\/\/jinhuaceramic.com\/wp-content\/uploads\/2026\/01\/Black-Designer-Bathroom-Sets-Custom-Soap-Dispenser-and-Toothbrush-Holder-Set-768x768.webp 768w, https:\/\/jinhuaceramic.com\/wp-content\/uploads\/2026\/01\/Black-Designer-Bathroom-Sets-Custom-Soap-Dispenser-and-Toothbrush-Holder-Set-12x12.webp 12w, https:\/\/jinhuaceramic.com\/wp-content\/uploads\/2026\/01\/Black-Designer-Bathroom-Sets-Custom-Soap-Dispenser-and-Toothbrush-Holder-Set-285x285.webp 285w, https:\/\/jinhuaceramic.com\/wp-content\/uploads\/2026\/01\/Black-Designer-Bathroom-Sets-Custom-Soap-Dispenser-and-Toothbrush-Holder-Set-1600x1600.webp 1600w, https:\/\/jinhuaceramic.com\/wp-content\/uploads\/2026\/01\/Black-Designer-Bathroom-Sets-Custom-Soap-Dispenser-and-Toothbrush-Holder-Set-270x270.webp 270w, https:\/\/jinhuaceramic.com\/wp-content\/uploads\/2026\/01\/Black-Designer-Bathroom-Sets-Custom-Soap-Dispenser-and-Toothbrush-Holder-Set-540x540.webp 540w, https:\/\/jinhuaceramic.com\/wp-content\/uploads\/2026\/01\/Black-Designer-Bathroom-Sets-Custom-Soap-Dispenser-and-Toothbrush-Holder-Set-660x660.webp 660w\" sizes=\"(max-width: 2560px) 100vw, 2560px\" \/><\/figure>\n<\/div>\n<\/div>","protected":false},"excerpt":{"rendered":"<p>Willkommen zum Kauf unserer ma\u00dfgeschneiderten Badezimmer-Accessoires. Diese schwarzen Keramik-Badezimmer-Sets haben sich mit ihrem exquisiten Aussehen, ihren praktischen Funktionen und ihren hochwertigen Materialien zu herausragenden Badezimmerprodukten entwickelt. Sie erf\u00fcllen nicht nur die t\u00e4glichen Wasch- und Aufbewahrungsbed\u00fcrfnisse der Benutzer, sondern verleihen dem Badezimmer auch Eleganz und Mode, was sie zu einer idealen Wahl f\u00fcr diejenigen macht, die eine hohe Lebensqualit\u00e4t anstreben.<\/p>","protected":false},"featured_media":11869,"comment_status":"closed","ping_status":"closed","template":"","meta":{"_acf_changed":false},"product_brand":[],"product_cat":[51],"product_tag":[74],"class_list":{"0":"post-12035","1":"product","2":"type-product","3":"status-publish","4":"has-post-thumbnail","6":"product_cat-bathroom-accessories-wholesale","7":"product_tag-ceramic-bath-accessories-wholesale","9":"first","10":"instock","11":"shipping-taxable","12":"product-type-simple"},"acf":[],"_links":{"self":[{"href":"https:\/\/jinhuaceramic.com\/de\/wp-json\/wp\/v2\/product\/12035","targetHints":{"allow":["GET"]}}],"collection":[{"href":"https:\/\/jinhuaceramic.com\/de\/wp-json\/wp\/v2\/product"}],"about":[{"href":"https:\/\/jinhuaceramic.com\/de\/wp-json\/wp\/v2\/types\/product"}],"replies":[{"embeddable":true,"href":"https:\/\/jinhuaceramic.com\/de\/wp-json\/wp\/v2\/comments?post=12035"}],"version-history":[{"count":0,"href":"https:\/\/jinhuaceramic.com\/de\/wp-json\/wp\/v2\/product\/12035\/revisions"}],"wp:featuredmedia":[{"embeddable":true,"href":"https:\/\/jinhuaceramic.com\/de\/wp-json\/wp\/v2\/media\/11869"}],"wp:attachment":[{"href":"https:\/\/jinhuaceramic.com\/de\/wp-json\/wp\/v2\/media?parent=12035"}],"wp:term":[{"taxonomy":"product_brand","embeddable":true,"href":"https:\/\/jinhuaceramic.com\/de\/wp-json\/wp\/v2\/product_brand?post=12035"},{"taxonomy":"product_cat","embeddable":true,"href":"https:\/\/jinhuaceramic.com\/de\/wp-json\/wp\/v2\/product_cat?post=12035"},{"taxonomy":"product_tag","embeddable":true,"href":"https:\/\/jinhuaceramic.com\/de\/wp-json\/wp\/v2\/product_tag?post=12035"}],"curies":[{"name":"wp","href":"https:\/\/api.w.org\/{rel}","templated":true}]}}