{"id":3124,"date":"2024-04-08T16:04:48","date_gmt":"2024-04-08T16:04:48","guid":{"rendered":"https:\/\/jinhuaceramic.com\/?post_type=product&#038;p=3124"},"modified":"2026-02-05T01:03:38","modified_gmt":"2026-02-05T01:03:38","slug":"bathroom-accessories-wholesale","status":"publish","type":"product","link":"https:\/\/jinhuaceramic.com\/de\/product\/bathroom-accessories-wholesale\/","title":{"rendered":"Keramische Bad-Accessoires Gro\u00dfhandel mit modernem Design"},"content":{"rendered":"<div class=\"wp-block-columns is-layout-flex wp-container-core-columns-is-layout-9d6595d7 wp-block-columns-is-layout-flex\">\n<div class=\"wp-block-column is-layout-flow wp-block-column-is-layout-flow\" style=\"flex-basis:50%\">\n<h3 class=\"wp-block-heading\">Premium-Badezimmer-Accessoires Gro\u00dfhandel Features:<\/h3>\n\n\n\n<ul class=\"wp-block-list\">\n<li><strong>Nettes modernes Design: <\/strong>Diese Bad-Accessoires Gro\u00dfhandel nimmt eine neue und kreative Design-Konzept, das moderne \u00c4sthetik mit niedlichen Elementen f\u00e4ngt, was Spa\u00df und Vitalit\u00e4t zu Ihrem Bad.<\/li>\n\n\n\n<li><strong>Hochwertiges keramisches Material: <\/strong>Ausgew\u00e4hlt aus den besten keramischen Rohstoffen und hergestellt in unserem Gro\u00dfhandel Bad-Accessoires mit feinen Handwerkskunst, hat dieser Gro\u00dfhandel Bad-Accessoire eine Oberfl\u00e4che der matten Textur mit stabiler Struktur und ist langlebig.<\/li>\n\n\n\n<li><strong>Gro\u00dfabnehmer-Rabatt: <\/strong>Als einer der besten Hersteller von Bad-Accessoires in China bietet Jinhua sehr wettbewerbsf\u00e4hige Preise f\u00fcr Gro\u00dfhandel Bad-Accessoires und lassen Sie unsere Kunden genie\u00dft mehr Rabatte f\u00fcr Gro\u00dfeink\u00e4ufe, um kommerzielle Projekte oder pers\u00f6nliche Dekoration Bed\u00fcrfnisse zu erf\u00fcllen.<\/li>\n\n\n\n<li><strong>Vielf\u00e4ltige Produktlinien: <\/strong>Unser Gro\u00dfhandel f\u00fcr Badezimmerzubeh\u00f6r deckt ein breites Spektrum ab, von Seifenschalen \u00fcber Zahnputzbecher bis hin zu Aufbewahrungsgl\u00e4sern ist alles dabei, was Sie f\u00fcr Ihre Badezimmerdekoration ben\u00f6tigen.<\/li>\n<\/ul>\n<\/div>\n\n\n\n<div class=\"wp-block-column is-layout-flow wp-block-column-is-layout-flow\" style=\"flex-basis:50%\">\n<figure class=\"wp-block-image size-full\"><img fetchpriority=\"high\" decoding=\"async\" width=\"1000\" height=\"1000\" src=\"https:\/\/jinhuaceramic.com\/wp-content\/uploads\/2024\/04\/ceramic-manufacturer-wholesale-bathroom-accessories-set-bathrooms-supplies-5.webp\" alt=\"keramisches-badezimmer-zubeh\u00f6r-gro\u00dfhandel-mit-modernem-design\" class=\"wp-image-3195\" srcset=\"https:\/\/jinhuaceramic.com\/wp-content\/uploads\/2024\/04\/ceramic-manufacturer-wholesale-bathroom-accessories-set-bathrooms-supplies-5.webp 1000w, https:\/\/jinhuaceramic.com\/wp-content\/uploads\/2024\/04\/ceramic-manufacturer-wholesale-bathroom-accessories-set-bathrooms-supplies-5-300x300.webp 300w, https:\/\/jinhuaceramic.com\/wp-content\/uploads\/2024\/04\/ceramic-manufacturer-wholesale-bathroom-accessories-set-bathrooms-supplies-5-150x150.webp 150w, https:\/\/jinhuaceramic.com\/wp-content\/uploads\/2024\/04\/ceramic-manufacturer-wholesale-bathroom-accessories-set-bathrooms-supplies-5-768x768.webp 768w, https:\/\/jinhuaceramic.com\/wp-content\/uploads\/2024\/04\/ceramic-manufacturer-wholesale-bathroom-accessories-set-bathrooms-supplies-5-285x285.webp 285w, https:\/\/jinhuaceramic.com\/wp-content\/uploads\/2024\/04\/ceramic-manufacturer-wholesale-bathroom-accessories-set-bathrooms-supplies-5-270x270.webp 270w, https:\/\/jinhuaceramic.com\/wp-content\/uploads\/2024\/04\/ceramic-manufacturer-wholesale-bathroom-accessories-set-bathrooms-supplies-5-540x540.webp 540w, https:\/\/jinhuaceramic.com\/wp-content\/uploads\/2024\/04\/ceramic-manufacturer-wholesale-bathroom-accessories-set-bathrooms-supplies-5-660x660.webp 660w\" sizes=\"(max-width: 1000px) 100vw, 1000px\" \/><\/figure>\n<\/div>\n<\/div>","protected":false},"excerpt":{"rendered":"<p>Willkommen im Gro\u00dfhandel Bad-Accessoires zu kaufen. Diese Neuheit Bad-Accessoires Gro\u00dfhandel kombiniert moderne \u00c4sthetik und Niedlichkeit in das Design. Die Verwendung von hochwertigem keramischen Material mit exquisiter Handwerkskunst sorgt daf\u00fcr, dass jedes Produkt ist \u00e4sthetisch ansprechend, aber kann Verschlei\u00df f\u00fcr einen l\u00e4ngeren Zeitraum zu ertragen. Wir geben Vorzugspreise f\u00fcr die gro\u00dfen Eink\u00e4ufe f\u00fcr einen wirtschaftlicheren Weg, um hochwertige Baddekoration zu bekommen.<\/p>","protected":false},"featured_media":3192,"comment_status":"closed","ping_status":"closed","template":"","meta":{"_acf_changed":false},"product_brand":[],"product_cat":[51],"product_tag":[74],"class_list":{"0":"post-3124","1":"product","2":"type-product","3":"status-publish","4":"has-post-thumbnail","6":"product_cat-bathroom-accessories-wholesale","7":"product_tag-ceramic-bath-accessories-wholesale","9":"first","10":"instock","11":"shipping-taxable","12":"product-type-simple"},"acf":[],"_links":{"self":[{"href":"https:\/\/jinhuaceramic.com\/de\/wp-json\/wp\/v2\/product\/3124","targetHints":{"allow":["GET"]}}],"collection":[{"href":"https:\/\/jinhuaceramic.com\/de\/wp-json\/wp\/v2\/product"}],"about":[{"href":"https:\/\/jinhuaceramic.com\/de\/wp-json\/wp\/v2\/types\/product"}],"replies":[{"embeddable":true,"href":"https:\/\/jinhuaceramic.com\/de\/wp-json\/wp\/v2\/comments?post=3124"}],"version-history":[{"count":0,"href":"https:\/\/jinhuaceramic.com\/de\/wp-json\/wp\/v2\/product\/3124\/revisions"}],"wp:featuredmedia":[{"embeddable":true,"href":"https:\/\/jinhuaceramic.com\/de\/wp-json\/wp\/v2\/media\/3192"}],"wp:attachment":[{"href":"https:\/\/jinhuaceramic.com\/de\/wp-json\/wp\/v2\/media?parent=3124"}],"wp:term":[{"taxonomy":"product_brand","embeddable":true,"href":"https:\/\/jinhuaceramic.com\/de\/wp-json\/wp\/v2\/product_brand?post=3124"},{"taxonomy":"product_cat","embeddable":true,"href":"https:\/\/jinhuaceramic.com\/de\/wp-json\/wp\/v2\/product_cat?post=3124"},{"taxonomy":"product_tag","embeddable":true,"href":"https:\/\/jinhuaceramic.com\/de\/wp-json\/wp\/v2\/product_tag?post=3124"}],"curies":[{"name":"wp","href":"https:\/\/api.w.org\/{rel}","templated":true}]}}