{"id":3198,"date":"2024-04-10T02:05:59","date_gmt":"2024-04-10T02:05:59","guid":{"rendered":"https:\/\/jinhuaceramic.com\/?post_type=product&#038;p=3198"},"modified":"2026-02-05T01:06:35","modified_gmt":"2026-02-05T01:06:35","slug":"ceramic-bathroom-set-wholesale-2","status":"publish","type":"product","link":"https:\/\/jinhuaceramic.com\/de\/product\/ceramic-bathroom-set-wholesale-2\/","title":{"rendered":"Keramik Bad Set Gro\u00dfhandel, Bad-Accessoires f\u00fcr Dekor"},"content":{"rendered":"<div class=\"wp-block-columns is-layout-flex wp-container-core-columns-is-layout-9d6595d7 wp-block-columns-is-layout-flex\">\n<div class=\"wp-block-column is-layout-flow wp-block-column-is-layout-flow\" style=\"flex-basis:50%\">\n<h3 class=\"wp-block-heading\">Premium-Bad-Set Gro\u00dfhandel Merkmale:<\/h3>\n\n\n\n<ul class=\"wp-block-list\">\n<li><strong>Die Sch\u00f6nheit des Badezimmers wird aufgewertet: <\/strong>Unser keramisches Badezimmerset im Gro\u00dfhandel ist sch\u00f6n gestaltet, und sein Stil variiert in \u00dcbereinstimmung mit allen Arten von Badezimmerdekoration; dies verbessert leicht das allgemeine Aussehen und die Textur des Badezimmers und gibt Ihrem Badezimmer einen v\u00f6llig neuen Look.<\/li>\n\n\n\n<li><strong>Rissfrei und feuchtigkeitsbest\u00e4ndig: <\/strong>Diese Badaccessoires f\u00fcr den Gro\u00dfhandel sind aus hochwertigen keramischen Materialien hergestellt, die solide und langlebig, rissfest und wasserdicht sind. Sie gew\u00e4hrleisten eine lange Lebensdauer unter solchen Badbedingungen und sind leicht zu reinigen, um ihr glattes und gl\u00e4nzendes Aussehen zu erhalten.<\/li>\n\n\n\n<li><strong>Starke Praktikabilit\u00e4t: <\/strong>Unser Gro\u00dfhandel f\u00fcr Keramiksets f\u00fcr das Badezimmer umfasst unter anderem \u00e4u\u00dferst praktische Seifenschalen, Seifenspender und Mundsp\u00fclbecher, die den t\u00e4glichen Badebedarf der Menschen decken und die perfekte Verbindung von Funktion und Sch\u00f6nheit garantieren.<\/li>\n\n\n\n<li><strong>Unterst\u00fctzung von Gro\u00dfeink\u00e4ufen und Anpassungen: <\/strong>Wir bieten einen Gro\u00dfhandelsservice f\u00fcr Badezubeh\u00f6r an. Sie unterst\u00fctzen vielf\u00e4ltige Anpassungen wie Farbe, Muster und Gr\u00f6\u00dfe, die f\u00fcr den Bedarf von Gro\u00dfabnehmern wie Hotels, Immobilienentwicklern und Einzelh\u00e4ndlern usw. geeignet sind.<\/li>\n<\/ul>\n<\/div>\n\n\n\n<div class=\"wp-block-column is-layout-flow wp-block-column-is-layout-flow\" style=\"flex-basis:50%\">\n<figure class=\"wp-block-image size-full\"><img fetchpriority=\"high\" decoding=\"async\" width=\"1500\" height=\"1500\" src=\"https:\/\/jinhuaceramic.com\/wp-content\/uploads\/2024\/04\/ceramic-manufacturer-wholesale-bathroom-accessories-set-bathrooms-supplies-3-1.webp\" alt=\"Keramische Badezimmer Set Gro\u00dfhandel, Gro\u00dfhandel Bad-Accessoires f\u00fcr Badezimmer Eitelkeit Dekor\" class=\"wp-image-3199\" srcset=\"https:\/\/jinhuaceramic.com\/wp-content\/uploads\/2024\/04\/ceramic-manufacturer-wholesale-bathroom-accessories-set-bathrooms-supplies-3-1.webp 1500w, https:\/\/jinhuaceramic.com\/wp-content\/uploads\/2024\/04\/ceramic-manufacturer-wholesale-bathroom-accessories-set-bathrooms-supplies-3-1-300x300.webp 300w, https:\/\/jinhuaceramic.com\/wp-content\/uploads\/2024\/04\/ceramic-manufacturer-wholesale-bathroom-accessories-set-bathrooms-supplies-3-1-150x150.webp 150w, https:\/\/jinhuaceramic.com\/wp-content\/uploads\/2024\/04\/ceramic-manufacturer-wholesale-bathroom-accessories-set-bathrooms-supplies-3-1-768x768.webp 768w, https:\/\/jinhuaceramic.com\/wp-content\/uploads\/2024\/04\/ceramic-manufacturer-wholesale-bathroom-accessories-set-bathrooms-supplies-3-1-285x285.webp 285w, https:\/\/jinhuaceramic.com\/wp-content\/uploads\/2024\/04\/ceramic-manufacturer-wholesale-bathroom-accessories-set-bathrooms-supplies-3-1-270x270.webp 270w, https:\/\/jinhuaceramic.com\/wp-content\/uploads\/2024\/04\/ceramic-manufacturer-wholesale-bathroom-accessories-set-bathrooms-supplies-3-1-540x540.webp 540w, https:\/\/jinhuaceramic.com\/wp-content\/uploads\/2024\/04\/ceramic-manufacturer-wholesale-bathroom-accessories-set-bathrooms-supplies-3-1-660x660.webp 660w\" sizes=\"(max-width: 1500px) 100vw, 1500px\" \/><\/figure>\n<\/div>\n<\/div>","protected":false},"excerpt":{"rendered":"<p>Willkommen im Gro\u00dfhandel Bad-Accessoires zu kaufen. Unsere keramischen Badezimmersets im Gro\u00dfhandel in elegantem Design und mit hochwertigem keramischem Material k\u00f6nnen die Sch\u00f6nheit und Funktionalit\u00e4t von Badezimmern versch\u00f6nern. Die Gro\u00dfhandelssets umfassen mehrere praktische Accessoires, die f\u00fcr den t\u00e4glichen Gebrauch geeignet sind und Gro\u00dfeink\u00e4ufe und ma\u00dfgeschneiderte Dienstleistungen unterst\u00fctzen.<\/p>","protected":false},"featured_media":3203,"comment_status":"closed","ping_status":"closed","template":"","meta":{"_acf_changed":false},"product_brand":[],"product_cat":[51],"product_tag":[74],"class_list":{"0":"post-3198","1":"product","2":"type-product","3":"status-publish","4":"has-post-thumbnail","6":"product_cat-bathroom-accessories-wholesale","7":"product_tag-ceramic-bath-accessories-wholesale","9":"first","10":"instock","11":"shipping-taxable","12":"product-type-simple"},"acf":[],"_links":{"self":[{"href":"https:\/\/jinhuaceramic.com\/de\/wp-json\/wp\/v2\/product\/3198","targetHints":{"allow":["GET"]}}],"collection":[{"href":"https:\/\/jinhuaceramic.com\/de\/wp-json\/wp\/v2\/product"}],"about":[{"href":"https:\/\/jinhuaceramic.com\/de\/wp-json\/wp\/v2\/types\/product"}],"replies":[{"embeddable":true,"href":"https:\/\/jinhuaceramic.com\/de\/wp-json\/wp\/v2\/comments?post=3198"}],"version-history":[{"count":0,"href":"https:\/\/jinhuaceramic.com\/de\/wp-json\/wp\/v2\/product\/3198\/revisions"}],"wp:featuredmedia":[{"embeddable":true,"href":"https:\/\/jinhuaceramic.com\/de\/wp-json\/wp\/v2\/media\/3203"}],"wp:attachment":[{"href":"https:\/\/jinhuaceramic.com\/de\/wp-json\/wp\/v2\/media?parent=3198"}],"wp:term":[{"taxonomy":"product_brand","embeddable":true,"href":"https:\/\/jinhuaceramic.com\/de\/wp-json\/wp\/v2\/product_brand?post=3198"},{"taxonomy":"product_cat","embeddable":true,"href":"https:\/\/jinhuaceramic.com\/de\/wp-json\/wp\/v2\/product_cat?post=3198"},{"taxonomy":"product_tag","embeddable":true,"href":"https:\/\/jinhuaceramic.com\/de\/wp-json\/wp\/v2\/product_tag?post=3198"}],"curies":[{"name":"wp","href":"https:\/\/api.w.org\/{rel}","templated":true}]}}