{"id":3211,"date":"2024-04-10T02:31:40","date_gmt":"2024-04-10T02:31:40","guid":{"rendered":"https:\/\/jinhuaceramic.com\/?post_type=product&#038;p=3211"},"modified":"2026-02-05T01:21:10","modified_gmt":"2026-02-05T01:21:10","slug":"hot-selling-ceramic-bathroom-set-bulk","status":"publish","type":"product","link":"https:\/\/jinhuaceramic.com\/de\/product\/hot-selling-ceramic-bathroom-set-bulk\/","title":{"rendered":"Graues keramisches Badezimmer-Set Bulk, Gro\u00dfhandel Bad-Accessoires"},"content":{"rendered":"<div class=\"wp-block-columns is-layout-flex wp-container-core-columns-is-layout-9d6595d7 wp-block-columns-is-layout-flex\">\n<div class=\"wp-block-column is-layout-flow wp-block-column-is-layout-flow\" style=\"flex-basis:50%\">\n<h3 class=\"wp-block-heading\">Premium-Keramik-Badezimmer-Set Bulk Eigenschaften:<\/h3>\n\n\n\n<ul class=\"wp-block-list\">\n<li><strong>Modernes Design:<\/strong> Dieses 5-teilige Keramik-Badezimmerset bulk verwendet das moderne Design in der Integration von einfachen und modischen Stilen. Es bietet eine stilvolle Dekoration f\u00fcr Hotelb\u00e4der.<\/li>\n\n\n\n<li><strong>Hochwertiges Material: <\/strong>Alle unsere Gro\u00dfhandel Bad-Accessoires sind aus hochwertigem Material auf der Keramik, um Haltbarkeit zu gew\u00e4hrleisten gemacht.<\/li>\n\n\n\n<li><strong>Allround-Sets: <\/strong>Dieses Keramik-Badezimmer-Set enth\u00e4lt eine Seifenschale, einen Seifenspender, 2 Becher und einen Zahnb\u00fcrstenhalter. F\u00fcnf Must-Haves in den verschiedenen Bed\u00fcrfnissen des Hotel-Badezimmer kann die Dekoration mehr vollst\u00e4ndig und einheitlich zu machen.<\/li>\n\n\n\n<li><strong>Personalisierung: <\/strong>Verschiedene Farben und Drucke k\u00f6nnen f\u00fcr dieses Gro\u00dfhandels-Keramik-Badezimmer-Set realisiert werden, um jeden Stil des Hotels und Dekoration Bed\u00fcrfnisse, die Befriedigung der pers\u00f6nlichen Bed\u00fcrfnisse der Kunden zu passen.<\/li>\n<\/ul>\n<\/div>\n\n\n\n<div class=\"wp-block-column is-layout-flow wp-block-column-is-layout-flow\" style=\"flex-basis:50%\">\n<figure class=\"wp-block-image size-full\"><img fetchpriority=\"high\" decoding=\"async\" width=\"1500\" height=\"1500\" src=\"https:\/\/jinhuaceramic.com\/wp-content\/uploads\/2024\/04\/ceramic-manufacturer-wholesale-bathroom-accessories-set-bathroom-supplies-4.webp\" alt=\"Graues keramisches Badezimmer-Set Bulk, Gro\u00dfhandel Bad-Accessoires-1\" class=\"wp-image-3215\" srcset=\"https:\/\/jinhuaceramic.com\/wp-content\/uploads\/2024\/04\/ceramic-manufacturer-wholesale-bathroom-accessories-set-bathroom-supplies-4.webp 1500w, https:\/\/jinhuaceramic.com\/wp-content\/uploads\/2024\/04\/ceramic-manufacturer-wholesale-bathroom-accessories-set-bathroom-supplies-4-300x300.webp 300w, https:\/\/jinhuaceramic.com\/wp-content\/uploads\/2024\/04\/ceramic-manufacturer-wholesale-bathroom-accessories-set-bathroom-supplies-4-150x150.webp 150w, https:\/\/jinhuaceramic.com\/wp-content\/uploads\/2024\/04\/ceramic-manufacturer-wholesale-bathroom-accessories-set-bathroom-supplies-4-768x768.webp 768w, https:\/\/jinhuaceramic.com\/wp-content\/uploads\/2024\/04\/ceramic-manufacturer-wholesale-bathroom-accessories-set-bathroom-supplies-4-285x285.webp 285w, https:\/\/jinhuaceramic.com\/wp-content\/uploads\/2024\/04\/ceramic-manufacturer-wholesale-bathroom-accessories-set-bathroom-supplies-4-270x270.webp 270w, https:\/\/jinhuaceramic.com\/wp-content\/uploads\/2024\/04\/ceramic-manufacturer-wholesale-bathroom-accessories-set-bathroom-supplies-4-540x540.webp 540w, https:\/\/jinhuaceramic.com\/wp-content\/uploads\/2024\/04\/ceramic-manufacturer-wholesale-bathroom-accessories-set-bathroom-supplies-4-660x660.webp 660w\" sizes=\"(max-width: 1500px) 100vw, 1500px\" \/><\/figure>\n<\/div>\n<\/div>","protected":false},"excerpt":{"rendered":"<p>Willkommen im Gro\u00dfhandel Bad-Accessoires zu kaufen. Unsere 5-teilige Keramik Bad-Set bulk wird in der Mode und mit \u00fcberlegenen keramischen Material entworfen werden. Das ist, warum es langlebig und sch\u00f6n ist. Multifunktionale Accessoire-Kombination, die gerade passt alle t\u00e4glichen Gebrauch. Unterst\u00fctzt Massenbeschaffung und Anpassung, geeignet f\u00fcr Hotels und Einzelh\u00e4ndler, eine ideale Wahl f\u00fcr die Verbesserung der Bad Geschmack.<\/p>","protected":false},"featured_media":3212,"comment_status":"closed","ping_status":"closed","template":"","meta":{"_acf_changed":false},"product_brand":[],"product_cat":[51],"product_tag":[74],"class_list":{"0":"post-3211","1":"product","2":"type-product","3":"status-publish","4":"has-post-thumbnail","6":"product_cat-bathroom-accessories-wholesale","7":"product_tag-ceramic-bath-accessories-wholesale","9":"first","10":"instock","11":"shipping-taxable","12":"product-type-simple"},"acf":[],"_links":{"self":[{"href":"https:\/\/jinhuaceramic.com\/de\/wp-json\/wp\/v2\/product\/3211","targetHints":{"allow":["GET"]}}],"collection":[{"href":"https:\/\/jinhuaceramic.com\/de\/wp-json\/wp\/v2\/product"}],"about":[{"href":"https:\/\/jinhuaceramic.com\/de\/wp-json\/wp\/v2\/types\/product"}],"replies":[{"embeddable":true,"href":"https:\/\/jinhuaceramic.com\/de\/wp-json\/wp\/v2\/comments?post=3211"}],"version-history":[{"count":0,"href":"https:\/\/jinhuaceramic.com\/de\/wp-json\/wp\/v2\/product\/3211\/revisions"}],"wp:featuredmedia":[{"embeddable":true,"href":"https:\/\/jinhuaceramic.com\/de\/wp-json\/wp\/v2\/media\/3212"}],"wp:attachment":[{"href":"https:\/\/jinhuaceramic.com\/de\/wp-json\/wp\/v2\/media?parent=3211"}],"wp:term":[{"taxonomy":"product_brand","embeddable":true,"href":"https:\/\/jinhuaceramic.com\/de\/wp-json\/wp\/v2\/product_brand?post=3211"},{"taxonomy":"product_cat","embeddable":true,"href":"https:\/\/jinhuaceramic.com\/de\/wp-json\/wp\/v2\/product_cat?post=3211"},{"taxonomy":"product_tag","embeddable":true,"href":"https:\/\/jinhuaceramic.com\/de\/wp-json\/wp\/v2\/product_tag?post=3211"}],"curies":[{"name":"wp","href":"https:\/\/api.w.org\/{rel}","templated":true}]}}