{"id":3221,"date":"2024-04-10T02:58:44","date_gmt":"2024-04-10T02:58:44","guid":{"rendered":"https:\/\/jinhuaceramic.com\/?post_type=product&#038;p=3221"},"modified":"2025-04-19T09:08:46","modified_gmt":"2025-04-19T09:08:46","slug":"custom-bathroom-accessories-hotel-decor","status":"publish","type":"product","link":"https:\/\/jinhuaceramic.com\/de\/product\/custom-bathroom-accessories-hotel-decor\/","title":{"rendered":"Individuelles Badzubeh\u00f6r Hotelzubeh\u00f6r 4 St\u00fcck Keramik-Badezimmer-Set"},"content":{"rendered":"<div class=\"wp-block-columns is-layout-flex wp-container-core-columns-is-layout-9d6595d7 wp-block-columns-is-layout-flex\">\n<div class=\"wp-block-column is-layout-flow wp-block-column-is-layout-flow\" style=\"flex-basis:50%\">\n<h3 class=\"wp-block-heading\">Premium Custom Bathroom Accessories Eigenschaften:<\/h3>\n\n\n\n<ol class=\"wp-block-list\">\n<li><strong>Elegantes Design:<\/strong> Jedes keramische Accessoire wurde sorgf\u00e4ltig entworfen, wobei Kunst und Funktionalit\u00e4t zusammenkommen. Von schlanken Linien bis hin zu kompliziert geschwungenen Oberfl\u00e4chen zeugen sie alle von Liebe zum Detail und dem Streben nach Sch\u00f6nheit.<\/li>\n\n\n\n<li><strong>Personalisierte Anpassung:<\/strong> Um den unterschiedlichen Bed\u00fcrfnissen der Kunden gerecht zu werden, wird das Angebot an ma\u00dfgefertigten Badaccessoires je nach Kundenwunsch wie Farbe, Design, Logo usw. personalisiert.<\/li>\n\n\n\n<li><strong>Hochwertiges Material:<\/strong> Dieses ma\u00dfgefertigte Bad-Accessoires-Set besteht aus hochwertiger Keramik f\u00fcr dauerhafte Nutzung und Qualit\u00e4t. Es ist reinigungsf\u00e4hig und fleckenfrei.<\/li>\n\n\n\n<li><strong>Umfassende Ausstattung:<\/strong> Das vierteilige Set enth\u00e4lt die in Hotelb\u00e4dern \u00fcblichen Accessoires wie Seifenschalen, Seifenflaschen, Mundsp\u00fclbecher und Aufbewahrungsgef\u00e4\u00dfe, um die Grundbed\u00fcrfnisse der G\u00e4ste zu erf\u00fcllen.<\/li>\n<\/ol>\n<\/div>\n\n\n\n<div class=\"wp-block-column is-layout-flow wp-block-column-is-layout-flow\" style=\"flex-basis:50%\">\n<figure class=\"wp-block-image size-full\"><img fetchpriority=\"high\" decoding=\"async\" width=\"1500\" height=\"1500\" src=\"https:\/\/jinhuaceramic.com\/wp-content\/uploads\/2024\/04\/ceramic-manufacturer-wholesale-bathroom-accessories-set-hotal-bathroom-supplies-4.webp\" alt=\"keramik-hersteller-grosshandel-bad-accessoires-set-hotal-bathroom-supplies-4\" class=\"wp-image-3225\" srcset=\"https:\/\/jinhuaceramic.com\/wp-content\/uploads\/2024\/04\/ceramic-manufacturer-wholesale-bathroom-accessories-set-hotal-bathroom-supplies-4.webp 1500w, https:\/\/jinhuaceramic.com\/wp-content\/uploads\/2024\/04\/ceramic-manufacturer-wholesale-bathroom-accessories-set-hotal-bathroom-supplies-4-300x300.webp 300w, https:\/\/jinhuaceramic.com\/wp-content\/uploads\/2024\/04\/ceramic-manufacturer-wholesale-bathroom-accessories-set-hotal-bathroom-supplies-4-150x150.webp 150w, https:\/\/jinhuaceramic.com\/wp-content\/uploads\/2024\/04\/ceramic-manufacturer-wholesale-bathroom-accessories-set-hotal-bathroom-supplies-4-768x768.webp 768w, https:\/\/jinhuaceramic.com\/wp-content\/uploads\/2024\/04\/ceramic-manufacturer-wholesale-bathroom-accessories-set-hotal-bathroom-supplies-4-285x285.webp 285w, https:\/\/jinhuaceramic.com\/wp-content\/uploads\/2024\/04\/ceramic-manufacturer-wholesale-bathroom-accessories-set-hotal-bathroom-supplies-4-270x270.webp 270w, https:\/\/jinhuaceramic.com\/wp-content\/uploads\/2024\/04\/ceramic-manufacturer-wholesale-bathroom-accessories-set-hotal-bathroom-supplies-4-540x540.webp 540w, https:\/\/jinhuaceramic.com\/wp-content\/uploads\/2024\/04\/ceramic-manufacturer-wholesale-bathroom-accessories-set-hotal-bathroom-supplies-4-660x660.webp 660w\" sizes=\"(max-width: 1500px) 100vw, 1500px\" \/><\/figure>\n<\/div>\n<\/div>","protected":false},"excerpt":{"rendered":"<p>Kundenspezifische Keramik-Accessoires sind sehr willkommen. Dieses ma\u00dfgeschneiderte vierteilige Keramik-Badezimmer-Set ist mit seiner individuellen Personalisierung, den hochwertigen Materialien, der vollst\u00e4ndigen Ausstattung und dem atemberaubenden Design die perfekte L\u00f6sung f\u00fcr Hotels.<\/p>","protected":false},"featured_media":3225,"comment_status":"closed","ping_status":"closed","template":"","meta":{"_acf_changed":false},"product_brand":[],"product_cat":[51],"product_tag":[74],"class_list":{"0":"post-3221","1":"product","2":"type-product","3":"status-publish","4":"has-post-thumbnail","6":"product_cat-bathroom-accessories-wholesale","7":"product_tag-ceramic-bath-accessories-wholesale","9":"first","10":"instock","11":"shipping-taxable","12":"product-type-simple"},"acf":[],"_links":{"self":[{"href":"https:\/\/jinhuaceramic.com\/de\/wp-json\/wp\/v2\/product\/3221","targetHints":{"allow":["GET"]}}],"collection":[{"href":"https:\/\/jinhuaceramic.com\/de\/wp-json\/wp\/v2\/product"}],"about":[{"href":"https:\/\/jinhuaceramic.com\/de\/wp-json\/wp\/v2\/types\/product"}],"replies":[{"embeddable":true,"href":"https:\/\/jinhuaceramic.com\/de\/wp-json\/wp\/v2\/comments?post=3221"}],"version-history":[{"count":0,"href":"https:\/\/jinhuaceramic.com\/de\/wp-json\/wp\/v2\/product\/3221\/revisions"}],"wp:featuredmedia":[{"embeddable":true,"href":"https:\/\/jinhuaceramic.com\/de\/wp-json\/wp\/v2\/media\/3225"}],"wp:attachment":[{"href":"https:\/\/jinhuaceramic.com\/de\/wp-json\/wp\/v2\/media?parent=3221"}],"wp:term":[{"taxonomy":"product_brand","embeddable":true,"href":"https:\/\/jinhuaceramic.com\/de\/wp-json\/wp\/v2\/product_brand?post=3221"},{"taxonomy":"product_cat","embeddable":true,"href":"https:\/\/jinhuaceramic.com\/de\/wp-json\/wp\/v2\/product_cat?post=3221"},{"taxonomy":"product_tag","embeddable":true,"href":"https:\/\/jinhuaceramic.com\/de\/wp-json\/wp\/v2\/product_tag?post=3221"}],"curies":[{"name":"wp","href":"https:\/\/api.w.org\/{rel}","templated":true}]}}