{"id":3233,"date":"2024-04-10T03:18:00","date_gmt":"2024-04-10T03:18:00","guid":{"rendered":"https:\/\/jinhuaceramic.com\/?post_type=product&#038;p=3233"},"modified":"2025-04-19T09:09:25","modified_gmt":"2025-04-19T09:09:25","slug":"factory-supply-bathroom-accessories","status":"publish","type":"product","link":"https:\/\/jinhuaceramic.com\/de\/product\/factory-supply-bathroom-accessories\/","title":{"rendered":"Factory Supply Bad-Accessoires mit Blatt-Muster"},"content":{"rendered":"<div class=\"wp-block-columns is-layout-flex wp-container-core-columns-is-layout-9d6595d7 wp-block-columns-is-layout-flex\">\n<div class=\"wp-block-column is-layout-flow wp-block-column-is-layout-flow\" style=\"flex-basis:50%\">\n<h3 class=\"wp-block-heading\">Premium Factory Supply Bad-Accessoires Eigenschaften:<\/h3>\n\n\n\n<ul class=\"wp-block-list\">\n<li><strong>Direkte Lieferung ab Werk: <\/strong>Jedes Produkt unserer Fabrik f\u00fcr Badezimmerzubeh\u00f6r unterliegt einer strengen Qualit\u00e4tskontrolle, von der Auswahl der Materialien bis hin zu den fertigen Produkten, jedes Glied wird verfeinert.<\/li>\n\n\n\n<li><strong>Nat\u00fcrliches Blatt-Muster-Design: <\/strong>Diese ma\u00dfgefertigten Badaccessoires in gro\u00dfen Mengen sind mit einem realistischen, bunten Blattmuster versehen, das frischen Wind in das Badezimmer bringt und die Schichtung und k\u00fcnstlerische Atmosph\u00e4re der gesamten Dekoration unterstreicht.<\/li>\n\n\n\n<li><strong>Langlebiges Keramikmaterial: <\/strong>Unsere Fabrik liefert Bad-Accessoires haben hochwertige verschlei\u00dffeste und korrosionsbest\u00e4ndige keramische Materialien in der Produktion verwendet, um sicherzustellen, dass die Produkte nicht leicht im t\u00e4glichen Gebrauch besch\u00e4digt werden und sind leicht zu reinigen und zu pflegen.<\/li>\n\n\n\n<li><strong>Umfassende Matching-L\u00f6sung:<\/strong> Diese Serie von ma\u00dfgefertigten Badaccessoires, die eine Seifenschale, einen Zahnb\u00fcrstenhalter, einen Mundwasserbecher usw. umfasst, bildet einen einheitlichen dekorativen Stil und erf\u00fcllt verschiedene Anforderungen an die Badezimmereinrichtung.<\/li>\n<\/ul>\n<\/div>\n\n\n\n<div class=\"wp-block-column is-layout-flow wp-block-column-is-layout-flow\" style=\"flex-basis:50%\">\n<figure class=\"wp-block-image size-full\"><img fetchpriority=\"high\" decoding=\"async\" width=\"1088\" height=\"1088\" src=\"https:\/\/jinhuaceramic.com\/wp-content\/uploads\/2024\/04\/ceramic-manufacturer-wholesale-bathroom-accessories-set-hotal-bathroom-supplies-soap-dispenser-5-1.webp\" alt=\"keramik-hersteller-fabrik-lieferant-bad-accessoires-mit-blattmuster\" class=\"wp-image-3238\" srcset=\"https:\/\/jinhuaceramic.com\/wp-content\/uploads\/2024\/04\/ceramic-manufacturer-wholesale-bathroom-accessories-set-hotal-bathroom-supplies-soap-dispenser-5-1.webp 1088w, https:\/\/jinhuaceramic.com\/wp-content\/uploads\/2024\/04\/ceramic-manufacturer-wholesale-bathroom-accessories-set-hotal-bathroom-supplies-soap-dispenser-5-1-300x300.webp 300w, https:\/\/jinhuaceramic.com\/wp-content\/uploads\/2024\/04\/ceramic-manufacturer-wholesale-bathroom-accessories-set-hotal-bathroom-supplies-soap-dispenser-5-1-150x150.webp 150w, https:\/\/jinhuaceramic.com\/wp-content\/uploads\/2024\/04\/ceramic-manufacturer-wholesale-bathroom-accessories-set-hotal-bathroom-supplies-soap-dispenser-5-1-768x768.webp 768w, https:\/\/jinhuaceramic.com\/wp-content\/uploads\/2024\/04\/ceramic-manufacturer-wholesale-bathroom-accessories-set-hotal-bathroom-supplies-soap-dispenser-5-1-285x285.webp 285w, https:\/\/jinhuaceramic.com\/wp-content\/uploads\/2024\/04\/ceramic-manufacturer-wholesale-bathroom-accessories-set-hotal-bathroom-supplies-soap-dispenser-5-1-270x270.webp 270w, https:\/\/jinhuaceramic.com\/wp-content\/uploads\/2024\/04\/ceramic-manufacturer-wholesale-bathroom-accessories-set-hotal-bathroom-supplies-soap-dispenser-5-1-540x540.webp 540w, https:\/\/jinhuaceramic.com\/wp-content\/uploads\/2024\/04\/ceramic-manufacturer-wholesale-bathroom-accessories-set-hotal-bathroom-supplies-soap-dispenser-5-1-660x660.webp 660w\" sizes=\"(max-width: 1088px) 100vw, 1088px\" \/><\/figure>\n<\/div>\n<\/div>","protected":false},"excerpt":{"rendered":"<p>Willkommen bei ma\u00dfgeschneiderten Bad-Accessoires. Das nat\u00fcrliche Blattmuster der Badaccessoires aus der Fabrik verbindet die Frische des Au\u00dfenbereichs geschickt mit der Dekoration des Innenbereichs. Die hochwertige ausgew\u00e4hlte Keramik ist nicht nur sch\u00f6n, sondern auch praktisch und langlebig.<\/p>","protected":false},"featured_media":3237,"comment_status":"closed","ping_status":"closed","template":"","meta":{"_acf_changed":false},"product_brand":[],"product_cat":[51],"product_tag":[74],"class_list":{"0":"post-3233","1":"product","2":"type-product","3":"status-publish","4":"has-post-thumbnail","6":"product_cat-bathroom-accessories-wholesale","7":"product_tag-ceramic-bath-accessories-wholesale","9":"first","10":"instock","11":"shipping-taxable","12":"product-type-simple"},"acf":[],"_links":{"self":[{"href":"https:\/\/jinhuaceramic.com\/de\/wp-json\/wp\/v2\/product\/3233","targetHints":{"allow":["GET"]}}],"collection":[{"href":"https:\/\/jinhuaceramic.com\/de\/wp-json\/wp\/v2\/product"}],"about":[{"href":"https:\/\/jinhuaceramic.com\/de\/wp-json\/wp\/v2\/types\/product"}],"replies":[{"embeddable":true,"href":"https:\/\/jinhuaceramic.com\/de\/wp-json\/wp\/v2\/comments?post=3233"}],"version-history":[{"count":0,"href":"https:\/\/jinhuaceramic.com\/de\/wp-json\/wp\/v2\/product\/3233\/revisions"}],"wp:featuredmedia":[{"embeddable":true,"href":"https:\/\/jinhuaceramic.com\/de\/wp-json\/wp\/v2\/media\/3237"}],"wp:attachment":[{"href":"https:\/\/jinhuaceramic.com\/de\/wp-json\/wp\/v2\/media?parent=3233"}],"wp:term":[{"taxonomy":"product_brand","embeddable":true,"href":"https:\/\/jinhuaceramic.com\/de\/wp-json\/wp\/v2\/product_brand?post=3233"},{"taxonomy":"product_cat","embeddable":true,"href":"https:\/\/jinhuaceramic.com\/de\/wp-json\/wp\/v2\/product_cat?post=3233"},{"taxonomy":"product_tag","embeddable":true,"href":"https:\/\/jinhuaceramic.com\/de\/wp-json\/wp\/v2\/product_tag?post=3233"}],"curies":[{"name":"wp","href":"https:\/\/api.w.org\/{rel}","templated":true}]}}