{"id":3243,"date":"2024-04-10T03:42:47","date_gmt":"2024-04-10T03:42:47","guid":{"rendered":"https:\/\/jinhuaceramic.com\/?post_type=product&#038;p=3243"},"modified":"2026-02-05T01:30:24","modified_gmt":"2026-02-05T01:30:24","slug":"wholesale-bathroom-accessories","status":"publish","type":"product","link":"https:\/\/jinhuaceramic.com\/de\/product\/wholesale-bathroom-accessories\/","title":{"rendered":"Gro\u00dfhandel Bad-Accessoires, 4-teiliges Keramik-Bad-Set"},"content":{"rendered":"<div class=\"wp-block-columns is-layout-flex wp-container-core-columns-is-layout-9d6595d7 wp-block-columns-is-layout-flex\">\n<div class=\"wp-block-column is-layout-flow wp-block-column-is-layout-flow\" style=\"flex-basis:50%\">\n<h3 class=\"wp-block-heading\">Premium Gro\u00dfhandel Bad-Accessoires Eigenschaften:<\/h3>\n\n\n\n<ul class=\"wp-block-list\">\n<li><strong>4-teiliges Set: <\/strong>Unser Badeset aus Keramik umfasst eine Seifenschale, einen Seifenspender, einen Mundwasserbecher und einen Zahnputzbecher, die den t\u00e4glichen Bedarf im Bad vollst\u00e4ndig abdecken und eine saubere und einheitliche L\u00f6sung f\u00fcr das Badzubeh\u00f6r bieten.<\/li>\n\n\n\n<li><strong>Langlebig und leicht zu reinigen: <\/strong>Unsere Gro\u00dfhandels-Badezimmer-Accessoires sind aus hochwertigen keramischen Materialien gefertigt, die rissfest, feuchtigkeitsbest\u00e4ndig, leicht zu reinigen und zu pflegen sind und auch bei langfristigem Gebrauch so hell wie neu bleiben.<\/li>\n\n\n\n<li><strong>Elegantes Design: <\/strong>Der moderne und modische Designstil in Kombination mit exquisiter Handwerkskunst verleiht jedem Accessoire unseres Keramik-Badesets ein elegantes Aussehen und kann den Gesamteffekt der Dekoration des Badezimmers verbessern.<\/li>\n\n\n\n<li><strong>Unterst\u00fctzung von Anpassungen:<\/strong> Wir bieten Gro\u00dfhandelspreise und Gro\u00dfeinkaufsdienste f\u00fcr Gro\u00dfhandels-Badezimmeraccessoires und k\u00f6nnen je nach Kundenwunsch angepasst werden, einschlie\u00dflich der Auswahl von Farben und Mustern, um die unterschiedlichen Bed\u00fcrfnisse von Unternehmen und Privatpersonen zu erf\u00fcllen.<\/li>\n<\/ul>\n<\/div>\n\n\n\n<div class=\"wp-block-column is-layout-flow wp-block-column-is-layout-flow\" style=\"flex-basis:50%\">\n<figure class=\"wp-block-image size-full\"><img fetchpriority=\"high\" decoding=\"async\" width=\"1500\" height=\"1500\" src=\"https:\/\/jinhuaceramic.com\/wp-content\/uploads\/2024\/04\/ceramic-manufacturer-wholesale-bathroom-accessories-set-bathroom-supplies-3-1.webp\" alt=\"keramik-hersteller-grosshandel-bad-accessoires-set-bad-bedarf-3\" class=\"wp-image-3247\" srcset=\"https:\/\/jinhuaceramic.com\/wp-content\/uploads\/2024\/04\/ceramic-manufacturer-wholesale-bathroom-accessories-set-bathroom-supplies-3-1.webp 1500w, https:\/\/jinhuaceramic.com\/wp-content\/uploads\/2024\/04\/ceramic-manufacturer-wholesale-bathroom-accessories-set-bathroom-supplies-3-1-300x300.webp 300w, https:\/\/jinhuaceramic.com\/wp-content\/uploads\/2024\/04\/ceramic-manufacturer-wholesale-bathroom-accessories-set-bathroom-supplies-3-1-150x150.webp 150w, https:\/\/jinhuaceramic.com\/wp-content\/uploads\/2024\/04\/ceramic-manufacturer-wholesale-bathroom-accessories-set-bathroom-supplies-3-1-768x768.webp 768w, https:\/\/jinhuaceramic.com\/wp-content\/uploads\/2024\/04\/ceramic-manufacturer-wholesale-bathroom-accessories-set-bathroom-supplies-3-1-285x285.webp 285w, https:\/\/jinhuaceramic.com\/wp-content\/uploads\/2024\/04\/ceramic-manufacturer-wholesale-bathroom-accessories-set-bathroom-supplies-3-1-270x270.webp 270w, https:\/\/jinhuaceramic.com\/wp-content\/uploads\/2024\/04\/ceramic-manufacturer-wholesale-bathroom-accessories-set-bathroom-supplies-3-1-540x540.webp 540w, https:\/\/jinhuaceramic.com\/wp-content\/uploads\/2024\/04\/ceramic-manufacturer-wholesale-bathroom-accessories-set-bathroom-supplies-3-1-660x660.webp 660w\" sizes=\"(max-width: 1500px) 100vw, 1500px\" \/><\/figure>\n<\/div>\n<\/div>","protected":false},"excerpt":{"rendered":"<p>Willkommen zum Kauf von Keramik Bad-Set bulk. Unser vierteiliges Gro\u00dfhandels-Badezimmerzubeh\u00f6r umfasst eine Seifenschale, einen Seifenspender, einen Mundsp\u00fclbecher und einen Zahnputzbecher und bietet eine umfassende und praktische L\u00f6sung. Hochwertige Keramik-Materialien sorgen f\u00fcr Langlebigkeit und einfache Reinigung, und modernes Design verbessert die Sch\u00f6nheit des Badezimmers. Durch die M\u00f6glichkeit des Gro\u00dfeinkaufs und der individuellen Gestaltung ist es die ideale Wahl f\u00fcr Hotels, Einzelh\u00e4ndler und Familien.<\/p>","protected":false},"featured_media":3247,"comment_status":"closed","ping_status":"closed","template":"","meta":{"_acf_changed":false},"product_brand":[],"product_cat":[51],"product_tag":[74],"class_list":{"0":"post-3243","1":"product","2":"type-product","3":"status-publish","4":"has-post-thumbnail","6":"product_cat-bathroom-accessories-wholesale","7":"product_tag-ceramic-bath-accessories-wholesale","9":"first","10":"instock","11":"shipping-taxable","12":"product-type-simple"},"acf":[],"_links":{"self":[{"href":"https:\/\/jinhuaceramic.com\/de\/wp-json\/wp\/v2\/product\/3243","targetHints":{"allow":["GET"]}}],"collection":[{"href":"https:\/\/jinhuaceramic.com\/de\/wp-json\/wp\/v2\/product"}],"about":[{"href":"https:\/\/jinhuaceramic.com\/de\/wp-json\/wp\/v2\/types\/product"}],"replies":[{"embeddable":true,"href":"https:\/\/jinhuaceramic.com\/de\/wp-json\/wp\/v2\/comments?post=3243"}],"version-history":[{"count":0,"href":"https:\/\/jinhuaceramic.com\/de\/wp-json\/wp\/v2\/product\/3243\/revisions"}],"wp:featuredmedia":[{"embeddable":true,"href":"https:\/\/jinhuaceramic.com\/de\/wp-json\/wp\/v2\/media\/3247"}],"wp:attachment":[{"href":"https:\/\/jinhuaceramic.com\/de\/wp-json\/wp\/v2\/media?parent=3243"}],"wp:term":[{"taxonomy":"product_brand","embeddable":true,"href":"https:\/\/jinhuaceramic.com\/de\/wp-json\/wp\/v2\/product_brand?post=3243"},{"taxonomy":"product_cat","embeddable":true,"href":"https:\/\/jinhuaceramic.com\/de\/wp-json\/wp\/v2\/product_cat?post=3243"},{"taxonomy":"product_tag","embeddable":true,"href":"https:\/\/jinhuaceramic.com\/de\/wp-json\/wp\/v2\/product_tag?post=3243"}],"curies":[{"name":"wp","href":"https:\/\/api.w.org\/{rel}","templated":true}]}}