{"id":3252,"date":"2024-04-10T06:09:35","date_gmt":"2024-04-10T06:09:35","guid":{"rendered":"https:\/\/jinhuaceramic.com\/?post_type=product&#038;p=3252"},"modified":"2025-04-19T09:11:31","modified_gmt":"2025-04-19T09:11:31","slug":"raindrop-candle-jars-wholesale","status":"publish","type":"product","link":"https:\/\/jinhuaceramic.com\/de\/product\/raindrop-candle-jars-wholesale\/","title":{"rendered":"Regentropfen Form keramische Kerze Gl\u00e4ser Gro\u00dfhandel, Yoga Kerze Container Bulk"},"content":{"rendered":"<div class=\"wp-block-columns is-layout-flex wp-container-core-columns-is-layout-9d6595d7 wp-block-columns-is-layout-flex\">\n<div class=\"wp-block-column is-layout-flow wp-block-column-is-layout-flow\" style=\"flex-basis:50%\">\n<h3 class=\"wp-block-heading\">Premium-Keramik-Kerzengl\u00e4ser Gro\u00dfhandel Merkmale:<\/h3>\n\n\n\n<ul class=\"wp-block-list\">\n<li><strong>Einzigartiges tropfenf\u00f6rmiges Design, einfach und elegant: <\/strong>Diese Keramik-Kerzengl\u00e4ser Gro\u00dfhandel hiermit die tropfenf\u00f6rmige Aussehen Design zu \u00fcbernehmen. Die Linien dieser Keramik Kerze Container sind glatt und zeigen nat\u00fcrliche Weichheit, die die Dekoration Bed\u00fcrfnisse der verschiedenen Wohnumgebungen, ob moderne minimalistischen Stil oder Retro-Stil passt; es kann in sie integriert werden und f\u00fcgen Eleganz.<\/li>\n\n\n\n<li><strong>Der ideale Kerzenbeh\u00e4lter f\u00fcr Yoga und Meditation: <\/strong>Unsere Kerzengef\u00e4\u00dfe in loser Sch\u00fcttung sehen nicht nur ansprechend aus, sondern eignen sich auch hervorragend f\u00fcr Entspannungsszenen wie Yoga und Meditation. Nach dem Anz\u00fcnden wird ein sanftes Licht durch das Gef\u00e4\u00df ausgestrahlt, das dazu beitr\u00e4gt, eine ruhige und entspannende Atmosph\u00e4re zu schaffen, die K\u00f6rper und Geist ins Gleichgewicht bringt und die Erfahrung von Konzentration und Meditation verbessert.<\/li>\n\n\n\n<li><strong>Hochwertige keramische Materialien, langlebig und sch\u00f6n: <\/strong>Die Produkte unserer keramischen Kerzengl\u00e4ser Gro\u00dfhandel w\u00e4hlen Hochtemperatur gebrannt Keramik, um sicherzustellen, dass das Produkt langlebig ist und nicht leicht gebrochen oder verblasst, und seine Glasur ist glatt, nicht nur glatt zu ber\u00fchren, sondern auch resistent gegen Hitze und Feuchtigkeit, geeignet f\u00fcr den langfristigen Einsatz und die Farbe und Textur bleiben genau die gleichen wie neu.<\/li>\n\n\n\n<li><strong>Massenanpassung, flexible Erf\u00fcllung von Bed\u00fcrfnissen: <\/strong>Wir bieten Gro\u00dfhandel Beschaffung von Kerzen-Container bulk und personalisierte Anpassung von Kerzengl\u00e4sern Dienstleistungen. Je nach Kundenwunsch k\u00f6nnen Produkte in verschiedenen Farben, Gr\u00f6\u00dfen oder Oberfl\u00e4chenbehandlungen gew\u00e4hlt werden.<\/li>\n<\/ul>\n<\/div>\n\n\n\n<div class=\"wp-block-column is-layout-flow wp-block-column-is-layout-flow\" style=\"flex-basis:50%\">\n<figure class=\"wp-block-image size-full\"><img fetchpriority=\"high\" decoding=\"async\" width=\"750\" height=\"750\" src=\"https:\/\/jinhuaceramic.com\/wp-content\/uploads\/2024\/04\/ceramic-manufacturer-custom-canisters-bulk-candle-jars-wholesale-2.webp\" alt=\"Regentropfen Form keramische Kerze Gl\u00e4ser Gro\u00dfhandel, Yoga-Kerze-Container Bulk-1\" class=\"wp-image-3253\" srcset=\"https:\/\/jinhuaceramic.com\/wp-content\/uploads\/2024\/04\/ceramic-manufacturer-custom-canisters-bulk-candle-jars-wholesale-2.webp 750w, https:\/\/jinhuaceramic.com\/wp-content\/uploads\/2024\/04\/ceramic-manufacturer-custom-canisters-bulk-candle-jars-wholesale-2-300x300.webp 300w, https:\/\/jinhuaceramic.com\/wp-content\/uploads\/2024\/04\/ceramic-manufacturer-custom-canisters-bulk-candle-jars-wholesale-2-150x150.webp 150w, https:\/\/jinhuaceramic.com\/wp-content\/uploads\/2024\/04\/ceramic-manufacturer-custom-canisters-bulk-candle-jars-wholesale-2-285x285.webp 285w, https:\/\/jinhuaceramic.com\/wp-content\/uploads\/2024\/04\/ceramic-manufacturer-custom-canisters-bulk-candle-jars-wholesale-2-270x270.webp 270w, https:\/\/jinhuaceramic.com\/wp-content\/uploads\/2024\/04\/ceramic-manufacturer-custom-canisters-bulk-candle-jars-wholesale-2-540x540.webp 540w, https:\/\/jinhuaceramic.com\/wp-content\/uploads\/2024\/04\/ceramic-manufacturer-custom-canisters-bulk-candle-jars-wholesale-2-660x660.webp 660w\" sizes=\"(max-width: 750px) 100vw, 750px\" \/><\/figure>\n<\/div>\n<\/div>","protected":false},"excerpt":{"rendered":"<p>Willkommen zu kaufen Kerze Container bulk. Unsere tropfenf\u00f6rmige Keramik Kerzengl\u00e4ser Gro\u00dfhandel verf\u00fcgen \u00fcber einfache und elegante Designs, geeignet f\u00fcr Anl\u00e4sse wie Yoga und Meditation, helfen, eine komfortable und friedliche Atmosph\u00e4re zu schaffen. Hergestellt aus hochwertigen keramischen Materialien, um Sch\u00f6nheit und Haltbarkeit zu gew\u00e4hrleisten, und unterst\u00fctzen Massenanpassung von Kerzengl\u00e4sern.<\/p>","protected":false},"featured_media":3254,"comment_status":"closed","ping_status":"closed","template":"","meta":{"_acf_changed":false},"product_brand":[],"product_cat":[52],"product_tag":[66],"class_list":{"0":"post-3252","1":"product","2":"type-product","3":"status-publish","4":"has-post-thumbnail","6":"product_cat-wholesale-candle-containers","7":"product_tag-candle-jars-wholesale","9":"first","10":"instock","11":"shipping-taxable","12":"product-type-simple"},"acf":[],"_links":{"self":[{"href":"https:\/\/jinhuaceramic.com\/de\/wp-json\/wp\/v2\/product\/3252","targetHints":{"allow":["GET"]}}],"collection":[{"href":"https:\/\/jinhuaceramic.com\/de\/wp-json\/wp\/v2\/product"}],"about":[{"href":"https:\/\/jinhuaceramic.com\/de\/wp-json\/wp\/v2\/types\/product"}],"replies":[{"embeddable":true,"href":"https:\/\/jinhuaceramic.com\/de\/wp-json\/wp\/v2\/comments?post=3252"}],"version-history":[{"count":0,"href":"https:\/\/jinhuaceramic.com\/de\/wp-json\/wp\/v2\/product\/3252\/revisions"}],"wp:featuredmedia":[{"embeddable":true,"href":"https:\/\/jinhuaceramic.com\/de\/wp-json\/wp\/v2\/media\/3254"}],"wp:attachment":[{"href":"https:\/\/jinhuaceramic.com\/de\/wp-json\/wp\/v2\/media?parent=3252"}],"wp:term":[{"taxonomy":"product_brand","embeddable":true,"href":"https:\/\/jinhuaceramic.com\/de\/wp-json\/wp\/v2\/product_brand?post=3252"},{"taxonomy":"product_cat","embeddable":true,"href":"https:\/\/jinhuaceramic.com\/de\/wp-json\/wp\/v2\/product_cat?post=3252"},{"taxonomy":"product_tag","embeddable":true,"href":"https:\/\/jinhuaceramic.com\/de\/wp-json\/wp\/v2\/product_tag?post=3252"}],"curies":[{"name":"wp","href":"https:\/\/api.w.org\/{rel}","templated":true}]}}