{"id":3261,"date":"2024-04-10T06:29:40","date_gmt":"2024-04-10T06:29:40","guid":{"rendered":"https:\/\/jinhuaceramic.com\/?post_type=product&#038;p=3261"},"modified":"2025-04-19T09:12:49","modified_gmt":"2025-04-19T09:12:49","slug":"wholesale-candle-jar-with-stand","status":"publish","type":"product","link":"https:\/\/jinhuaceramic.com\/de\/product\/wholesale-candle-jar-with-stand\/","title":{"rendered":"Gro\u00dfhandel Kerze Jar mit Stand, Meditation Kerze Gl\u00e4ser Bulk"},"content":{"rendered":"<div class=\"wp-block-columns is-layout-flex wp-container-core-columns-is-layout-9d6595d7 wp-block-columns-is-layout-flex\">\n<div class=\"wp-block-column is-layout-flow wp-block-column-is-layout-flow\" style=\"flex-basis:50%\">\n<h3 class=\"wp-block-heading\">Premium-Gro\u00dfhandel Kerze Jar mit Stand Features:<\/h3>\n\n\n\n<ul class=\"wp-block-list\">\n<li><strong>Exquisite Form: <\/strong>Dieses wundersch\u00f6n gestaltete Gro\u00dfhandelskerzenglas mit St\u00e4nder hat ein raffiniertes und elegantes Aussehen, das den visuellen Reiz der Kerze noch verst\u00e4rkt.<\/li>\n\n\n\n<li><strong>Mit St\u00e4nder:<\/strong> Das Design des St\u00e4nders unserer Keramikkerzengef\u00e4\u00dfe kann die Kerze erh\u00f6hen, so dass sie im Raum besser zur Geltung kommt, die dekorative und visuelle Wirkung der Kerze verst\u00e4rkt wird und eine warme und romantische Atmosph\u00e4re f\u00fcr die Umgebung geschaffen wird.<\/li>\n\n\n\n<li><strong>Sicher und stabil: <\/strong>Der Standentwurf dieses Gro\u00dfhandelskerzengef\u00e4\u00dfes ist stabil und zuverl\u00e4ssig und kann das Kerzenglas fest st\u00fctzen, was Stabilit\u00e4t und Sicherheit gew\u00e4hrleistet.<\/li>\n\n\n\n<li><strong>\u00c4u\u00dferst dekorativ: <\/strong>Diese Keramik-Kerzengl\u00e4ser sind wundersch\u00f6n geformt und k\u00f6nnen nicht nur als Kerzenglas, sondern auch als Dekoration verwendet werden, was die Sch\u00f6nheit und den dekorativen Effekt des Raumes erh\u00f6ht.<\/li>\n<\/ul>\n<\/div>\n\n\n\n<div class=\"wp-block-column is-layout-flow wp-block-column-is-layout-flow\" style=\"flex-basis:50%\">\n<figure class=\"wp-block-image size-full\"><img fetchpriority=\"high\" decoding=\"async\" width=\"2306\" height=\"2306\" src=\"https:\/\/jinhuaceramic.com\/wp-content\/uploads\/2024\/04\/ceramic-manufacturer-custom-canisters-bulk-candle-jars-wholesale-candle-container-1-1.webp\" alt=\"keramik-hersteller-massgeschneiderte-kanister-kerzen-gl\u00e4ser-mit-stand-grosshandel-kerzen-beh\u00e4lter-1\" class=\"wp-image-3265\" srcset=\"https:\/\/jinhuaceramic.com\/wp-content\/uploads\/2024\/04\/ceramic-manufacturer-custom-canisters-bulk-candle-jars-wholesale-candle-container-1-1.webp 2306w, https:\/\/jinhuaceramic.com\/wp-content\/uploads\/2024\/04\/ceramic-manufacturer-custom-canisters-bulk-candle-jars-wholesale-candle-container-1-1-300x300.webp 300w, https:\/\/jinhuaceramic.com\/wp-content\/uploads\/2024\/04\/ceramic-manufacturer-custom-canisters-bulk-candle-jars-wholesale-candle-container-1-1-150x150.webp 150w, https:\/\/jinhuaceramic.com\/wp-content\/uploads\/2024\/04\/ceramic-manufacturer-custom-canisters-bulk-candle-jars-wholesale-candle-container-1-1-768x768.webp 768w, https:\/\/jinhuaceramic.com\/wp-content\/uploads\/2024\/04\/ceramic-manufacturer-custom-canisters-bulk-candle-jars-wholesale-candle-container-1-1-285x285.webp 285w, https:\/\/jinhuaceramic.com\/wp-content\/uploads\/2024\/04\/ceramic-manufacturer-custom-canisters-bulk-candle-jars-wholesale-candle-container-1-1-1600x1600.webp 1600w, https:\/\/jinhuaceramic.com\/wp-content\/uploads\/2024\/04\/ceramic-manufacturer-custom-canisters-bulk-candle-jars-wholesale-candle-container-1-1-270x270.webp 270w, https:\/\/jinhuaceramic.com\/wp-content\/uploads\/2024\/04\/ceramic-manufacturer-custom-canisters-bulk-candle-jars-wholesale-candle-container-1-1-540x540.webp 540w, https:\/\/jinhuaceramic.com\/wp-content\/uploads\/2024\/04\/ceramic-manufacturer-custom-canisters-bulk-candle-jars-wholesale-candle-container-1-1-660x660.webp 660w\" sizes=\"(max-width: 2306px) 100vw, 2306px\" \/><\/figure>\n<\/div>\n<\/div>","protected":false},"excerpt":{"rendered":"<p>Willkommen zu kaufen Keramik Kerze Gl\u00e4ser bulk. Diese Gro\u00dfhandel Kerze Glas mit Stand verf\u00fcgt \u00fcber eine exquisite Form, Sicherheit und Stabilit\u00e4t, und starke dekorative Funktionen, bringen einen eleganten Blick auf die Kerze und schaffen eine warme und romantische Atmosph\u00e4re f\u00fcr die Umwelt.<\/p>","protected":false},"featured_media":3262,"comment_status":"closed","ping_status":"closed","template":"","meta":{"_acf_changed":false},"product_brand":[],"product_cat":[52],"product_tag":[66],"class_list":{"0":"post-3261","1":"product","2":"type-product","3":"status-publish","4":"has-post-thumbnail","6":"product_cat-wholesale-candle-containers","7":"product_tag-candle-jars-wholesale","9":"first","10":"instock","11":"shipping-taxable","12":"product-type-simple"},"acf":[],"_links":{"self":[{"href":"https:\/\/jinhuaceramic.com\/de\/wp-json\/wp\/v2\/product\/3261","targetHints":{"allow":["GET"]}}],"collection":[{"href":"https:\/\/jinhuaceramic.com\/de\/wp-json\/wp\/v2\/product"}],"about":[{"href":"https:\/\/jinhuaceramic.com\/de\/wp-json\/wp\/v2\/types\/product"}],"replies":[{"embeddable":true,"href":"https:\/\/jinhuaceramic.com\/de\/wp-json\/wp\/v2\/comments?post=3261"}],"version-history":[{"count":0,"href":"https:\/\/jinhuaceramic.com\/de\/wp-json\/wp\/v2\/product\/3261\/revisions"}],"wp:featuredmedia":[{"embeddable":true,"href":"https:\/\/jinhuaceramic.com\/de\/wp-json\/wp\/v2\/media\/3262"}],"wp:attachment":[{"href":"https:\/\/jinhuaceramic.com\/de\/wp-json\/wp\/v2\/media?parent=3261"}],"wp:term":[{"taxonomy":"product_brand","embeddable":true,"href":"https:\/\/jinhuaceramic.com\/de\/wp-json\/wp\/v2\/product_brand?post=3261"},{"taxonomy":"product_cat","embeddable":true,"href":"https:\/\/jinhuaceramic.com\/de\/wp-json\/wp\/v2\/product_cat?post=3261"},{"taxonomy":"product_tag","embeddable":true,"href":"https:\/\/jinhuaceramic.com\/de\/wp-json\/wp\/v2\/product_tag?post=3261"}],"curies":[{"name":"wp","href":"https:\/\/api.w.org\/{rel}","templated":true}]}}