{"id":3269,"date":"2024-04-10T06:58:22","date_gmt":"2024-04-10T06:58:22","guid":{"rendered":"https:\/\/jinhuaceramic.com\/?post_type=product&#038;p=3269"},"modified":"2025-04-19T09:13:34","modified_gmt":"2025-04-19T09:13:34","slug":"ceramic-bulk-candle-containers","status":"publish","type":"product","link":"https:\/\/jinhuaceramic.com\/de\/product\/ceramic-bulk-candle-containers\/","title":{"rendered":"Bulk-Kerze-Container, benutzerdefinierte Luxus-Kerze Jars Gro\u00dfhandel"},"content":{"rendered":"<div class=\"wp-block-columns is-layout-flex wp-container-core-columns-is-layout-9d6595d7 wp-block-columns-is-layout-flex\">\n<div class=\"wp-block-column is-layout-flow wp-block-column-is-layout-flow\" style=\"flex-basis:50%\">\n<h3 class=\"wp-block-heading\">Premium Bulk Candle Containers Merkmale:<\/h3>\n\n\n\n<ul class=\"wp-block-list\">\n<li><strong>Luxuri\u00f6ses Design, verbessern das Gef\u00fchl von High-End:<\/strong> Diese Kerzenbeh\u00e4lter haben ein exquisites Design, das speziell f\u00fcr Kunden entwickelt wurde, die Wert auf Qualit\u00e4t und Mode legen. Die glatte und zarte Glasur strahlt eine luxuri\u00f6se Atmosph\u00e4re aus und eignet sich f\u00fcr den gehobenen Heim- und Geschenkmarkt.<\/li>\n\n\n\n<li><strong>Mehrere Farboptionen, geeignet f\u00fcr verschiedene Stile: <\/strong>Diese Luxus-Kerzengl\u00e4ser Gro\u00dfhandel bietet eine Vielzahl von Farboptionen, und Kunden k\u00f6nnen die richtige Farbe nach ihrer eigenen Marke oder Projekt Bed\u00fcrfnisse zu w\u00e4hlen. Dies macht den Kerzenbeh\u00e4lter flexibler und kann perfekt in verschiedene Raumdesigns oder Dekorationsstile integriert werden.<\/li>\n\n\n\n<li><strong>Unterst\u00fctzung der personalisierten Anpassung zur Hervorhebung von Markenmerkmalen: <\/strong>Wir bieten unseren Kunden ma\u00dfgeschneiderte Dienstleistungen f\u00fcr Kerzengl\u00e4ser an und unterst\u00fctzen die individuelle Farbgestaltung und den Logodruck auf diesen gro\u00dfen Kerzenbeh\u00e4ltern. Ob es um ein einzigartiges Design oder exklusive Stile f\u00fcr besondere Anl\u00e4sse zu schaffen, k\u00f6nnen wir personalisierte Anpassung Bed\u00fcrfnisse zu erf\u00fcllen.<\/li>\n\n\n\n<li><strong>Hochwertige keramische Materialien, sicher und langlebig:<\/strong> Diese luxuri\u00f6sen Kerzengl\u00e4ser f\u00fcr den Gro\u00dfhandel, die aus hochwertiger Keramik hergestellt werden, garantieren die Langlebigkeit des Produkts. Sie sind hitzebest\u00e4ndig genug, um langfristige Nutzung zu tragen. Die Oberfl\u00e4che ist glatt und leicht zu reinigen, kann f\u00fcr einen langen Zeitraum dauern, und behalten ihre Sch\u00f6nheit. Dies ist eine ideale Wahl f\u00fcr gehobene Wohnungen und als Geschenk.<\/li>\n<\/ul>\n<\/div>\n\n\n\n<div class=\"wp-block-column is-layout-flow wp-block-column-is-layout-flow\" style=\"flex-basis:50%\">\n<figure class=\"wp-block-image size-full\"><img fetchpriority=\"high\" decoding=\"async\" width=\"1500\" height=\"1500\" src=\"https:\/\/jinhuaceramic.com\/wp-content\/uploads\/2024\/04\/ceramic-manufacturer-custom-canisters-bulk-candle-jars-wholesale-2-2.webp\" alt=\"Bulk-Kerze-Container, benutzerdefinierte Luxus-Kerze Gl\u00e4ser Gro\u00dfhandel-1\" class=\"wp-image-3270\" srcset=\"https:\/\/jinhuaceramic.com\/wp-content\/uploads\/2024\/04\/ceramic-manufacturer-custom-canisters-bulk-candle-jars-wholesale-2-2.webp 1500w, https:\/\/jinhuaceramic.com\/wp-content\/uploads\/2024\/04\/ceramic-manufacturer-custom-canisters-bulk-candle-jars-wholesale-2-2-300x300.webp 300w, https:\/\/jinhuaceramic.com\/wp-content\/uploads\/2024\/04\/ceramic-manufacturer-custom-canisters-bulk-candle-jars-wholesale-2-2-150x150.webp 150w, https:\/\/jinhuaceramic.com\/wp-content\/uploads\/2024\/04\/ceramic-manufacturer-custom-canisters-bulk-candle-jars-wholesale-2-2-768x768.webp 768w, https:\/\/jinhuaceramic.com\/wp-content\/uploads\/2024\/04\/ceramic-manufacturer-custom-canisters-bulk-candle-jars-wholesale-2-2-285x285.webp 285w, https:\/\/jinhuaceramic.com\/wp-content\/uploads\/2024\/04\/ceramic-manufacturer-custom-canisters-bulk-candle-jars-wholesale-2-2-270x270.webp 270w, https:\/\/jinhuaceramic.com\/wp-content\/uploads\/2024\/04\/ceramic-manufacturer-custom-canisters-bulk-candle-jars-wholesale-2-2-540x540.webp 540w, https:\/\/jinhuaceramic.com\/wp-content\/uploads\/2024\/04\/ceramic-manufacturer-custom-canisters-bulk-candle-jars-wholesale-2-2-660x660.webp 660w\" sizes=\"(max-width: 1500px) 100vw, 1500px\" \/><\/figure>\n<\/div>\n<\/div>","protected":false},"excerpt":{"rendered":"<p>Willkommen bei Bulk-Kerzen-Container zu kaufen. Unsere Luxus-Kerzengl\u00e4ser Gro\u00dfhandel sind exquisit gestaltet und in einer Vielzahl von Farben erh\u00e4ltlich, unterst\u00fctzen personalisierte Anpassung von Farben und Logos, perfekt zeigt den einzigartigen Stil der Marke. Wir verwenden hochwertige Keramik, die langlebig, sch\u00f6n, und geeignet f\u00fcr verschiedene Anwendungsbed\u00fcrfnisse in der High-End-Markt sind.<\/p>","protected":false},"featured_media":3273,"comment_status":"closed","ping_status":"closed","template":"","meta":{"_acf_changed":false},"product_brand":[],"product_cat":[52],"product_tag":[66],"class_list":{"0":"post-3269","1":"product","2":"type-product","3":"status-publish","4":"has-post-thumbnail","6":"product_cat-wholesale-candle-containers","7":"product_tag-candle-jars-wholesale","9":"first","10":"instock","11":"shipping-taxable","12":"product-type-simple"},"acf":[],"_links":{"self":[{"href":"https:\/\/jinhuaceramic.com\/de\/wp-json\/wp\/v2\/product\/3269","targetHints":{"allow":["GET"]}}],"collection":[{"href":"https:\/\/jinhuaceramic.com\/de\/wp-json\/wp\/v2\/product"}],"about":[{"href":"https:\/\/jinhuaceramic.com\/de\/wp-json\/wp\/v2\/types\/product"}],"replies":[{"embeddable":true,"href":"https:\/\/jinhuaceramic.com\/de\/wp-json\/wp\/v2\/comments?post=3269"}],"version-history":[{"count":0,"href":"https:\/\/jinhuaceramic.com\/de\/wp-json\/wp\/v2\/product\/3269\/revisions"}],"wp:featuredmedia":[{"embeddable":true,"href":"https:\/\/jinhuaceramic.com\/de\/wp-json\/wp\/v2\/media\/3273"}],"wp:attachment":[{"href":"https:\/\/jinhuaceramic.com\/de\/wp-json\/wp\/v2\/media?parent=3269"}],"wp:term":[{"taxonomy":"product_brand","embeddable":true,"href":"https:\/\/jinhuaceramic.com\/de\/wp-json\/wp\/v2\/product_brand?post=3269"},{"taxonomy":"product_cat","embeddable":true,"href":"https:\/\/jinhuaceramic.com\/de\/wp-json\/wp\/v2\/product_cat?post=3269"},{"taxonomy":"product_tag","embeddable":true,"href":"https:\/\/jinhuaceramic.com\/de\/wp-json\/wp\/v2\/product_tag?post=3269"}],"curies":[{"name":"wp","href":"https:\/\/api.w.org\/{rel}","templated":true}]}}