{"id":3277,"date":"2024-04-10T07:14:02","date_gmt":"2024-04-10T07:14:02","guid":{"rendered":"https:\/\/jinhuaceramic.com\/?post_type=product&#038;p=3277"},"modified":"2025-04-19T09:14:11","modified_gmt":"2025-04-19T09:14:11","slug":"groshandel-keramik-kerze-container","status":"publish","type":"product","link":"https:\/\/jinhuaceramic.com\/de\/product\/wholesale-ceramic-candle-containers\/","title":{"rendered":"Gro\u00dfhandel Keramik Kerze Container mit h\u00f6lzernen Griffen, einfache Kerze Jars Bulk"},"content":{"rendered":"<div class=\"wp-block-columns is-layout-flex wp-container-core-columns-is-layout-9d6595d7 wp-block-columns-is-layout-flex\">\n<div class=\"wp-block-column is-layout-flow wp-block-column-is-layout-flow\" style=\"flex-basis:50%\">\n<h3 class=\"wp-block-heading\">Premium Gro\u00dfhandel keramische Kerze Container Merkmale:<\/h3>\n\n\n\n<ul class=\"wp-block-list\">\n<li><strong>Einzigartiges Design des Holzgriffs: <\/strong>Unsere Gro\u00dfhandelskerzenbeh\u00e4lter sind mit exquisiten Holzgriffen ausgestattet, die nicht nur die visuelle Wirkung des Produkts verst\u00e4rken, sondern auch die t\u00e4gliche Handhabung erleichtern. Sie eignen sich besonders gut f\u00fcr die handgefertigte Kerzenherstellung und die Heimdekoration.<\/li>\n\n\n\n<li><strong>Mehrere Farboptionen:<\/strong> Diese Kerzengl\u00e4ser bieten eine Vielzahl von Farboptionen, die Kunden k\u00f6nnen frei nach verschiedenen Dekorationsstilen oder Kerzenmarkenanforderungen w\u00e4hlen. Ob es eine einfache neutrale Farbe oder eine helle und modische Farbe ist, kann dieser Kerzenbeh\u00e4lter perfekt integriert werden.<\/li>\n\n\n\n<li><strong>Langlebig und umweltfreundlich: <\/strong>Diese Gro\u00dfhandel Keramik Kerzenbeh\u00e4lter sind aus hochwertigen keramischen Materialien, bei hohen Temperaturen gebrannt, langlebig und haben eine gute Hitzebest\u00e4ndigkeit und Feuchtigkeitsbest\u00e4ndigkeit. Keramische Materialien sind nat\u00fcrlich und ungiftig, umweltfreundlich.<\/li>\n\n\n\n<li><strong>Geeignet f\u00fcr die Herstellung von handgefertigten Kerzen: <\/strong>Unsere Kerzengl\u00e4ser in gro\u00dfen Mengen sind f\u00fcr Liebhaber der Kerzenherstellung und kleine Studios gedacht. Das ger\u00e4umige Fassungsverm\u00f6gen des Beh\u00e4lters und der bequeme Griff machen das Ausgie\u00dfen und die Herstellung von Kerzen einfacher und schneller, was f\u00fcr die Massenproduktion oder den Heimgebrauch sehr geeignet ist.<\/li>\n<\/ul>\n<\/div>\n\n\n\n<div class=\"wp-block-column is-layout-flow wp-block-column-is-layout-flow\" style=\"flex-basis:50%\">\n<figure class=\"wp-block-image size-full\"><img fetchpriority=\"high\" decoding=\"async\" width=\"800\" height=\"800\" src=\"https:\/\/jinhuaceramic.com\/wp-content\/uploads\/2024\/04\/ceramic-manufacturer-custom-canisters-bulk-candle-jars-wholesale-1.webp\" alt=\"Gro\u00dfhandel keramische Kerze Container, einfache Kerze Jars Bulk-1\" class=\"wp-image-3278\" srcset=\"https:\/\/jinhuaceramic.com\/wp-content\/uploads\/2024\/04\/ceramic-manufacturer-custom-canisters-bulk-candle-jars-wholesale-1.webp 800w, https:\/\/jinhuaceramic.com\/wp-content\/uploads\/2024\/04\/ceramic-manufacturer-custom-canisters-bulk-candle-jars-wholesale-1-300x300.webp 300w, https:\/\/jinhuaceramic.com\/wp-content\/uploads\/2024\/04\/ceramic-manufacturer-custom-canisters-bulk-candle-jars-wholesale-1-150x150.webp 150w, https:\/\/jinhuaceramic.com\/wp-content\/uploads\/2024\/04\/ceramic-manufacturer-custom-canisters-bulk-candle-jars-wholesale-1-768x768.webp 768w, https:\/\/jinhuaceramic.com\/wp-content\/uploads\/2024\/04\/ceramic-manufacturer-custom-canisters-bulk-candle-jars-wholesale-1-285x285.webp 285w, https:\/\/jinhuaceramic.com\/wp-content\/uploads\/2024\/04\/ceramic-manufacturer-custom-canisters-bulk-candle-jars-wholesale-1-270x270.webp 270w, https:\/\/jinhuaceramic.com\/wp-content\/uploads\/2024\/04\/ceramic-manufacturer-custom-canisters-bulk-candle-jars-wholesale-1-540x540.webp 540w, https:\/\/jinhuaceramic.com\/wp-content\/uploads\/2024\/04\/ceramic-manufacturer-custom-canisters-bulk-candle-jars-wholesale-1-660x660.webp 660w\" sizes=\"(max-width: 800px) 100vw, 800px\" \/><\/figure>\n<\/div>\n<\/div>","protected":false},"excerpt":{"rendered":"<p>Willkommen zu kaufen Kerze Gl\u00e4ser bulk. Diese Gro\u00dfhandel Keramik Kerzenbeh\u00e4lter mit Holzgriffen sind einzigartig gestaltet, kombiniert Funktionalit\u00e4t und Sch\u00f6nheit. Eine Vielzahl von Farben sind verf\u00fcgbar, um verschiedene Stil Bed\u00fcrfnisse zu erf\u00fcllen. Hergestellt aus hochwertigen keramischen Materialien, umweltfreundlich und langlebig.<\/p>","protected":false},"featured_media":3279,"comment_status":"closed","ping_status":"closed","template":"","meta":{"_acf_changed":false},"product_brand":[],"product_cat":[52],"product_tag":[66],"class_list":{"0":"post-3277","1":"product","2":"type-product","3":"status-publish","4":"has-post-thumbnail","6":"product_cat-wholesale-candle-containers","7":"product_tag-candle-jars-wholesale","9":"first","10":"instock","11":"shipping-taxable","12":"product-type-simple"},"acf":[],"_links":{"self":[{"href":"https:\/\/jinhuaceramic.com\/de\/wp-json\/wp\/v2\/product\/3277","targetHints":{"allow":["GET"]}}],"collection":[{"href":"https:\/\/jinhuaceramic.com\/de\/wp-json\/wp\/v2\/product"}],"about":[{"href":"https:\/\/jinhuaceramic.com\/de\/wp-json\/wp\/v2\/types\/product"}],"replies":[{"embeddable":true,"href":"https:\/\/jinhuaceramic.com\/de\/wp-json\/wp\/v2\/comments?post=3277"}],"version-history":[{"count":0,"href":"https:\/\/jinhuaceramic.com\/de\/wp-json\/wp\/v2\/product\/3277\/revisions"}],"wp:featuredmedia":[{"embeddable":true,"href":"https:\/\/jinhuaceramic.com\/de\/wp-json\/wp\/v2\/media\/3279"}],"wp:attachment":[{"href":"https:\/\/jinhuaceramic.com\/de\/wp-json\/wp\/v2\/media?parent=3277"}],"wp:term":[{"taxonomy":"product_brand","embeddable":true,"href":"https:\/\/jinhuaceramic.com\/de\/wp-json\/wp\/v2\/product_brand?post=3277"},{"taxonomy":"product_cat","embeddable":true,"href":"https:\/\/jinhuaceramic.com\/de\/wp-json\/wp\/v2\/product_cat?post=3277"},{"taxonomy":"product_tag","embeddable":true,"href":"https:\/\/jinhuaceramic.com\/de\/wp-json\/wp\/v2\/product_tag?post=3277"}],"curies":[{"name":"wp","href":"https:\/\/api.w.org\/{rel}","templated":true}]}}