{"id":3284,"date":"2024-04-10T07:29:04","date_gmt":"2024-04-10T07:29:04","guid":{"rendered":"https:\/\/jinhuaceramic.com\/?post_type=product&#038;p=3284"},"modified":"2025-04-19T09:15:33","modified_gmt":"2025-04-19T09:15:33","slug":"elegant-wholesale-ceramic-candle-holders","status":"publish","type":"product","link":"https:\/\/jinhuaceramic.com\/de\/product\/elegant-wholesale-ceramic-candle-holders\/","title":{"rendered":"Gro\u00dfhandel Keramik Kerze Inhaber mit eleganten unregelm\u00e4\u00dfige Form, Tee-Licht-Halter Bulk"},"content":{"rendered":"<div class=\"wp-block-columns is-layout-flex wp-container-core-columns-is-layout-9d6595d7 wp-block-columns-is-layout-flex\">\n<div class=\"wp-block-column is-layout-flow wp-block-column-is-layout-flow\" style=\"flex-basis:50%\">\n<h3 class=\"wp-block-heading\">Premium-Gro\u00dfhandel Keramik-Kerze-Halter Eigenschaften:<\/h3>\n\n\n\n<ul class=\"wp-block-list\">\n<li><strong>Elegantes Design in unregelm\u00e4\u00dfiger Form: <\/strong>Diese Gro\u00dfhandelskeramik-Kerzenhalter sind in einer unregelm\u00e4\u00dfigen, einzigartigen Form gestaltet und halten sich nicht an den traditionellen symmetrischen Stil. Sie verleihen jedem Raum kunstvolle dekorative Effekte und passen mit Eleganz und Mode in moderne Wohnungen.<\/li>\n\n\n\n<li><strong>Entworfen f\u00fcr Teelichtkerzen:<\/strong> Die Gr\u00f6\u00dfe unserer Teelichthalter Masse ist bis zu Teelicht-Kerzen. So kann dieser Kerzenhalter mehrere Anl\u00e4sse passen: Familientreffen, Hochzeitsdekoration, oder elegante Einrichtung im Hotel-es kann eine warme Atmosph\u00e4re in R\u00e4umen hinzuf\u00fcgen.<\/li>\n\n\n\n<li><strong>Langlebiges und sicheres Material: <\/strong>Unsere Gro\u00dfhandel Keramik Kerzenhalter sind aus hochwertiger Keramik, bei hoher Temperatur gebrannt, mit guter Hitzebest\u00e4ndigkeit und sind langlebig f\u00fcr den langfristigen Einsatz.<\/li>\n\n\n\n<li><strong>Lieferung von Gro\u00dfmengen zur Deckung des kommerziellen Beschaffungsbedarfs:<\/strong> Wir bieten die Beschaffung von Teelichthaltern in gro\u00dfen Mengen an, insbesondere f\u00fcr Gro\u00dfkunden wie Hotels, Hochzeitsplanungsfirmen, Geschenkel\u00e4den usw., um eine stabile Versorgung zu gew\u00e4hrleisten und den langfristigen Bedarf der Kunden zu decken.<\/li>\n<\/ul>\n<\/div>\n\n\n\n<div class=\"wp-block-column is-layout-flow wp-block-column-is-layout-flow\" style=\"flex-basis:50%\">\n<figure class=\"wp-block-image size-full\"><img fetchpriority=\"high\" decoding=\"async\" width=\"1500\" height=\"1500\" src=\"https:\/\/jinhuaceramic.com\/wp-content\/uploads\/2024\/04\/ceramic-manufacturer-custom-candle-container-wholesale-candle-holders-bulk-6.webp\" alt=\"Gro\u00dfhandel keramische Kerze Inhaber mit eleganten unregelm\u00e4\u00dfige Form, Teelichthalter Bulk-1\" class=\"wp-image-3290\" srcset=\"https:\/\/jinhuaceramic.com\/wp-content\/uploads\/2024\/04\/ceramic-manufacturer-custom-candle-container-wholesale-candle-holders-bulk-6.webp 1500w, https:\/\/jinhuaceramic.com\/wp-content\/uploads\/2024\/04\/ceramic-manufacturer-custom-candle-container-wholesale-candle-holders-bulk-6-300x300.webp 300w, https:\/\/jinhuaceramic.com\/wp-content\/uploads\/2024\/04\/ceramic-manufacturer-custom-candle-container-wholesale-candle-holders-bulk-6-150x150.webp 150w, https:\/\/jinhuaceramic.com\/wp-content\/uploads\/2024\/04\/ceramic-manufacturer-custom-candle-container-wholesale-candle-holders-bulk-6-768x768.webp 768w, https:\/\/jinhuaceramic.com\/wp-content\/uploads\/2024\/04\/ceramic-manufacturer-custom-candle-container-wholesale-candle-holders-bulk-6-285x285.webp 285w, https:\/\/jinhuaceramic.com\/wp-content\/uploads\/2024\/04\/ceramic-manufacturer-custom-candle-container-wholesale-candle-holders-bulk-6-270x270.webp 270w, https:\/\/jinhuaceramic.com\/wp-content\/uploads\/2024\/04\/ceramic-manufacturer-custom-candle-container-wholesale-candle-holders-bulk-6-540x540.webp 540w, https:\/\/jinhuaceramic.com\/wp-content\/uploads\/2024\/04\/ceramic-manufacturer-custom-candle-container-wholesale-candle-holders-bulk-6-660x660.webp 660w\" sizes=\"(max-width: 1500px) 100vw, 1500px\" \/><\/figure>\n<\/div>\n<\/div>","protected":false},"excerpt":{"rendered":"<p>Willkommen zu kaufen Teelichthalter bulk. Unsere Gro\u00dfhandel Keramik Kerzenhalter haben eine elegante unregelm\u00e4\u00dfige Form und einzigartiges Design, aus hochwertigem Keramikmaterial. Es eignet sich f\u00fcr eine Vielzahl von Gelegenheiten, die Schaffung einer warmen Atmosph\u00e4re mit Leichtigkeit. Unterst\u00fctzung Gro\u00dfeinkauf, ideal f\u00fcr Heimdekoration und kommerzielle Nutzung.<\/p>","protected":false},"featured_media":3290,"comment_status":"closed","ping_status":"closed","template":"","meta":{"_acf_changed":false},"product_brand":[],"product_cat":[52],"product_tag":[68,79],"class_list":{"0":"post-3284","1":"product","2":"type-product","3":"status-publish","4":"has-post-thumbnail","6":"product_cat-wholesale-candle-containers","7":"product_tag-ceramic-candlesticks-bulk","8":"product_tag-tea-light-candle-holders-bulk","10":"first","11":"instock","12":"shipping-taxable","13":"product-type-simple"},"acf":[],"_links":{"self":[{"href":"https:\/\/jinhuaceramic.com\/de\/wp-json\/wp\/v2\/product\/3284","targetHints":{"allow":["GET"]}}],"collection":[{"href":"https:\/\/jinhuaceramic.com\/de\/wp-json\/wp\/v2\/product"}],"about":[{"href":"https:\/\/jinhuaceramic.com\/de\/wp-json\/wp\/v2\/types\/product"}],"replies":[{"embeddable":true,"href":"https:\/\/jinhuaceramic.com\/de\/wp-json\/wp\/v2\/comments?post=3284"}],"version-history":[{"count":0,"href":"https:\/\/jinhuaceramic.com\/de\/wp-json\/wp\/v2\/product\/3284\/revisions"}],"wp:featuredmedia":[{"embeddable":true,"href":"https:\/\/jinhuaceramic.com\/de\/wp-json\/wp\/v2\/media\/3290"}],"wp:attachment":[{"href":"https:\/\/jinhuaceramic.com\/de\/wp-json\/wp\/v2\/media?parent=3284"}],"wp:term":[{"taxonomy":"product_brand","embeddable":true,"href":"https:\/\/jinhuaceramic.com\/de\/wp-json\/wp\/v2\/product_brand?post=3284"},{"taxonomy":"product_cat","embeddable":true,"href":"https:\/\/jinhuaceramic.com\/de\/wp-json\/wp\/v2\/product_cat?post=3284"},{"taxonomy":"product_tag","embeddable":true,"href":"https:\/\/jinhuaceramic.com\/de\/wp-json\/wp\/v2\/product_tag?post=3284"}],"curies":[{"name":"wp","href":"https:\/\/api.w.org\/{rel}","templated":true}]}}