{"id":3294,"date":"2024-04-10T08:00:17","date_gmt":"2024-04-10T08:00:17","guid":{"rendered":"https:\/\/jinhuaceramic.com\/?post_type=product&#038;p=3294"},"modified":"2025-04-19T09:16:10","modified_gmt":"2025-04-19T09:16:10","slug":"wholesale-cute-candle-jars","status":"publish","type":"product","link":"https:\/\/jinhuaceramic.com\/de\/product\/wholesale-cute-candle-jars\/","title":{"rendered":"Gro\u00dfhandel niedlich Kerze Gl\u00e4ser, Multicolor Bulk Kerze Gef\u00e4\u00dfe"},"content":{"rendered":"<div class=\"wp-block-columns is-layout-flex wp-container-core-columns-is-layout-9d6595d7 wp-block-columns-is-layout-flex\">\n<div class=\"wp-block-column is-layout-flow wp-block-column-is-layout-flow\" style=\"flex-basis:50%\">\n<h3 class=\"wp-block-heading\">Premium Gro\u00dfhandel niedliche Kerze Jars Features:<\/h3>\n\n\n\n<ul class=\"wp-block-list\">\n<li><strong>Niedliches und verspieltes Design, das den Spa\u00df am Raum erh\u00f6ht: <\/strong>Diese niedlichen Gro\u00dfhandelskerzengl\u00e4ser verf\u00fcgen \u00fcber ein interessantes Design, das sich f\u00fcr Heimdekoration, Geschenkverpackungen oder Feiertagsdekorationen f\u00fcr junge Gruppen eignet und dem Raum Lebendigkeit und Pers\u00f6nlichkeit verleiht.<\/li>\n\n\n\n<li><strong>Mehrere Farboptionen, geeignet f\u00fcr verschiedene Stile: <\/strong>Diese gro\u00dfvolumigen Kerzengef\u00e4\u00dfe sind in einer Vielzahl von Farben erh\u00e4ltlich, und die Kunden k\u00f6nnen sie frei nach pers\u00f6nlichen Vorlieben oder Markenanforderungen zusammenstellen. Diese farbenfrohen Kerzenbeh\u00e4lter lassen sich perfekt in verschiedene Dekorationsstile integrieren und eignen sich f\u00fcr alle Gelegenheiten.<\/li>\n\n\n\n<li><strong>Hochwertige Materialien, sicher und umweltfreundlich:<\/strong> Unsere niedlichen Gro\u00dfhandelskerzengl\u00e4ser werden aus hochwertigen keramischen Materialien hergestellt und bei hohen Temperaturen gebrannt, um sicherzustellen, dass die Produkte robust und langlebig sind und eine gute Hitze- und Feuchtigkeitsbest\u00e4ndigkeit aufweisen. Keramische Materialien sind nat\u00fcrlich ungiftig, umweltfreundlich und sehr geeignet f\u00fcr den langfristigen Einsatz und handgemachte Kerzenherstellung.<\/li>\n\n\n\n<li><strong>Lieferung von Gro\u00dfmengen und ma\u00dfgeschneiderte Dienstleistungen: <\/strong>Wir bieten die Beschaffung von Kerzenschiffen in gro\u00dfen Mengen an, um den langfristigen Bedarf kommerzieller Kunden zu decken. Gleichzeitig k\u00f6nnen wir die Farbe, die Gr\u00f6\u00dfe und das Logo entsprechend den Kundenanforderungen anpassen, um personalisierte L\u00f6sungen f\u00fcr Marken anzubieten.<\/li>\n<\/ul>\n<\/div>\n\n\n\n<div class=\"wp-block-column is-layout-flow wp-block-column-is-layout-flow\" style=\"flex-basis:50%\">\n<figure class=\"wp-block-image size-full\"><img fetchpriority=\"high\" decoding=\"async\" width=\"997\" height=\"997\" src=\"https:\/\/jinhuaceramic.com\/wp-content\/uploads\/2024\/04\/ceramic-manufacturer-custom-canisters-bulk-candle-jars-wholesale-2-4.webp\" alt=\"Gro\u00dfhandel niedlich Kerze Gl\u00e4ser, Multicolor Bulk Kerze Vessels-1\" class=\"wp-image-3296\" srcset=\"https:\/\/jinhuaceramic.com\/wp-content\/uploads\/2024\/04\/ceramic-manufacturer-custom-canisters-bulk-candle-jars-wholesale-2-4.webp 997w, https:\/\/jinhuaceramic.com\/wp-content\/uploads\/2024\/04\/ceramic-manufacturer-custom-canisters-bulk-candle-jars-wholesale-2-4-300x300.webp 300w, https:\/\/jinhuaceramic.com\/wp-content\/uploads\/2024\/04\/ceramic-manufacturer-custom-canisters-bulk-candle-jars-wholesale-2-4-150x150.webp 150w, https:\/\/jinhuaceramic.com\/wp-content\/uploads\/2024\/04\/ceramic-manufacturer-custom-canisters-bulk-candle-jars-wholesale-2-4-768x768.webp 768w, https:\/\/jinhuaceramic.com\/wp-content\/uploads\/2024\/04\/ceramic-manufacturer-custom-canisters-bulk-candle-jars-wholesale-2-4-285x285.webp 285w, https:\/\/jinhuaceramic.com\/wp-content\/uploads\/2024\/04\/ceramic-manufacturer-custom-canisters-bulk-candle-jars-wholesale-2-4-270x270.webp 270w, https:\/\/jinhuaceramic.com\/wp-content\/uploads\/2024\/04\/ceramic-manufacturer-custom-canisters-bulk-candle-jars-wholesale-2-4-540x540.webp 540w, https:\/\/jinhuaceramic.com\/wp-content\/uploads\/2024\/04\/ceramic-manufacturer-custom-canisters-bulk-candle-jars-wholesale-2-4-660x660.webp 660w\" sizes=\"(max-width: 997px) 100vw, 997px\" \/><\/figure>\n<\/div>\n<\/div>","protected":false},"excerpt":{"rendered":"<p>Willkommen zu kaufen Bulk-Kerze Gef\u00e4\u00dfe. Diese bunten Gro\u00dfhandel niedlichen Kerze Gl\u00e4ser sind nicht nur einzigartig gestaltet, bunt, sondern auch umweltfreundlich und langlebig. Geeignet f\u00fcr die Dekoration und handgemachte Kerze machen in verschiedenen Gelegenheiten, unterst\u00fctzt es Gro\u00dfeinkauf und kundenspezifische Dienstleistungen, und ist eine ideale Wahl f\u00fcr die Heimdekoration und kommerzielle Nutzung.<\/p>","protected":false},"featured_media":3297,"comment_status":"closed","ping_status":"closed","template":"","meta":{"_acf_changed":false},"product_brand":[],"product_cat":[52],"product_tag":[66],"class_list":{"0":"post-3294","1":"product","2":"type-product","3":"status-publish","4":"has-post-thumbnail","6":"product_cat-wholesale-candle-containers","7":"product_tag-candle-jars-wholesale","9":"first","10":"instock","11":"shipping-taxable","12":"product-type-simple"},"acf":[],"_links":{"self":[{"href":"https:\/\/jinhuaceramic.com\/de\/wp-json\/wp\/v2\/product\/3294","targetHints":{"allow":["GET"]}}],"collection":[{"href":"https:\/\/jinhuaceramic.com\/de\/wp-json\/wp\/v2\/product"}],"about":[{"href":"https:\/\/jinhuaceramic.com\/de\/wp-json\/wp\/v2\/types\/product"}],"replies":[{"embeddable":true,"href":"https:\/\/jinhuaceramic.com\/de\/wp-json\/wp\/v2\/comments?post=3294"}],"version-history":[{"count":0,"href":"https:\/\/jinhuaceramic.com\/de\/wp-json\/wp\/v2\/product\/3294\/revisions"}],"wp:featuredmedia":[{"embeddable":true,"href":"https:\/\/jinhuaceramic.com\/de\/wp-json\/wp\/v2\/media\/3297"}],"wp:attachment":[{"href":"https:\/\/jinhuaceramic.com\/de\/wp-json\/wp\/v2\/media?parent=3294"}],"wp:term":[{"taxonomy":"product_brand","embeddable":true,"href":"https:\/\/jinhuaceramic.com\/de\/wp-json\/wp\/v2\/product_brand?post=3294"},{"taxonomy":"product_cat","embeddable":true,"href":"https:\/\/jinhuaceramic.com\/de\/wp-json\/wp\/v2\/product_cat?post=3294"},{"taxonomy":"product_tag","embeddable":true,"href":"https:\/\/jinhuaceramic.com\/de\/wp-json\/wp\/v2\/product_tag?post=3294"}],"curies":[{"name":"wp","href":"https:\/\/api.w.org\/{rel}","templated":true}]}}