{"id":3302,"date":"2024-04-10T08:15:01","date_gmt":"2024-04-10T08:15:01","guid":{"rendered":"https:\/\/jinhuaceramic.com\/?post_type=product&#038;p=3302"},"modified":"2025-04-19T09:17:35","modified_gmt":"2025-04-19T09:17:35","slug":"custom-ceramic-bakeware","status":"publish","type":"product","link":"https:\/\/jinhuaceramic.com\/de\/product\/custom-ceramic-bakeware\/","title":{"rendered":"Benutzerdefinierte keramische Backformen Bulk, langlebig Gro\u00dfhandel Backen Pfannen"},"content":{"rendered":"<div class=\"wp-block-columns is-layout-flex wp-container-core-columns-is-layout-9d6595d7 wp-block-columns-is-layout-flex\">\n<div class=\"wp-block-column is-layout-flow wp-block-column-is-layout-flow\" style=\"flex-basis:50%\">\n<h3 class=\"wp-block-heading\">Premium Custom Ceramic Bakeware Bulk Eigenschaften:<\/h3>\n\n\n\n<ul class=\"wp-block-list\">\n<li><strong>Klassische dunkelblaue Farbe, edel und langlebig: <\/strong>Dieses individuelle Keramik-Backgeschirr hat eine klassische dunkelblaue Glasur. Die zur\u00fcckhaltende und luxuri\u00f6se Textur passt zu verschiedenen K\u00fccheneinrichtungen. Sie wertet nicht nur die Sch\u00f6nheit Ihrer Backutensilien auf, sondern pr\u00e4sentiert auch Ihre Backwerke auf dem Tisch auf attraktive Weise.<\/li>\n\n\n\n<li><strong>Mehrere Gr\u00f6\u00dfen f\u00fcr unterschiedliche Bed\u00fcrfnisse: <\/strong>Unsere Gro\u00dfhandels-Backformen sind in verschiedenen Gr\u00f6\u00dfen erh\u00e4ltlich und eignen sich zum Backen aller Arten von Lebensmitteln, von kleinen Desserts f\u00fcr eine Person bis hin zu gro\u00dfen Gerichten f\u00fcr die ganze Familie. Sie k\u00f6nnen immer die richtige Gr\u00f6\u00dfe finden, um mehr Komfort beim Kochen zu bieten.<\/li>\n\n\n\n<li><strong>Hohe Haltbarkeit, langfristige Nutzung: <\/strong>Unser individuelles Keramik-Backgeschirr ist aus hochwertiger Keramik mit hervorragender Haltbarkeit und Kratzfestigkeit gefertigt. Selbst nach mehrmaligem Gebrauch beh\u00e4lt es seinen urspr\u00fcnglichen Glanz und seine Funktion, so dass auch bei langfristigem Gebrauch keine Probleme auftreten.<\/li>\n\n\n\n<li><strong>Geeignet f\u00fcr eine Vielzahl von K\u00fcchenger\u00e4ten: <\/strong>Diese hitzebest\u00e4ndigen Gro\u00dfhandels-Backformen sind leicht zu reinigen. Diese Produkte sind Ihre beste Wahl f\u00fcr das Backen aller Arten von Torten, Kuchen, gebratenem Gem\u00fcse usw. und verbessern die Arbeitseffizienz in der K\u00fcche.<\/li>\n<\/ul>\n<\/div>\n\n\n\n<div class=\"wp-block-column is-layout-flow wp-block-column-is-layout-flow\" style=\"flex-basis:50%\">\n<figure class=\"wp-block-image size-full\"><img fetchpriority=\"high\" decoding=\"async\" width=\"750\" height=\"750\" src=\"https:\/\/jinhuaceramic.com\/wp-content\/uploads\/2024\/04\/Custom-Ceramic-Bakeware-Bulk-Durable-Wholesale-Baking-Pans-5.webp\" alt=\"Benutzerdefinierte keramische Backformen Bulk, langlebig Gro\u00dfhandel Backen Pfannen-5\" class=\"wp-image-6052\" srcset=\"https:\/\/jinhuaceramic.com\/wp-content\/uploads\/2024\/04\/Custom-Ceramic-Bakeware-Bulk-Durable-Wholesale-Baking-Pans-5.webp 750w, https:\/\/jinhuaceramic.com\/wp-content\/uploads\/2024\/04\/Custom-Ceramic-Bakeware-Bulk-Durable-Wholesale-Baking-Pans-5-300x300.webp 300w, https:\/\/jinhuaceramic.com\/wp-content\/uploads\/2024\/04\/Custom-Ceramic-Bakeware-Bulk-Durable-Wholesale-Baking-Pans-5-150x150.webp 150w, https:\/\/jinhuaceramic.com\/wp-content\/uploads\/2024\/04\/Custom-Ceramic-Bakeware-Bulk-Durable-Wholesale-Baking-Pans-5-12x12.webp 12w, https:\/\/jinhuaceramic.com\/wp-content\/uploads\/2024\/04\/Custom-Ceramic-Bakeware-Bulk-Durable-Wholesale-Baking-Pans-5-285x285.webp 285w, https:\/\/jinhuaceramic.com\/wp-content\/uploads\/2024\/04\/Custom-Ceramic-Bakeware-Bulk-Durable-Wholesale-Baking-Pans-5-270x270.webp 270w, https:\/\/jinhuaceramic.com\/wp-content\/uploads\/2024\/04\/Custom-Ceramic-Bakeware-Bulk-Durable-Wholesale-Baking-Pans-5-540x540.webp 540w, https:\/\/jinhuaceramic.com\/wp-content\/uploads\/2024\/04\/Custom-Ceramic-Bakeware-Bulk-Durable-Wholesale-Baking-Pans-5-660x660.webp 660w\" sizes=\"(max-width: 750px) 100vw, 750px\" \/><\/figure>\n<\/div>\n<\/div>\n\n\n\n<p><\/p>","protected":false},"excerpt":{"rendered":"<p>Willkommen zum Kauf Gro\u00dfhandel Backformen. Dieses dunkelblaue, kundenspezifische Keramik-Backgeschirr in elegantem, klassischem Design mit verschiedenen Gr\u00f6\u00dfen f\u00fcr verschiedene Backzwecke. Es ist sehr langlebig, weil es Keramik ist, so kann in Mikrowellen und \u00d6fen verwendet werden. Ungiftig, resistent gegen hohe Temperaturen und leicht zu reinigen, kann ein guter Assistent beim Backen in der K\u00fcche sein.<\/p>","protected":false},"featured_media":6053,"comment_status":"closed","ping_status":"closed","template":"","meta":{"_acf_changed":false},"product_brand":[],"product_cat":[53],"product_tag":[71],"class_list":{"0":"post-3302","1":"product","2":"type-product","3":"status-publish","4":"has-post-thumbnail","6":"product_cat-bakeware-in-bulk","7":"product_tag-wholesale-baking-pans","9":"first","10":"instock","11":"shipping-taxable","12":"product-type-simple"},"acf":[],"_links":{"self":[{"href":"https:\/\/jinhuaceramic.com\/de\/wp-json\/wp\/v2\/product\/3302","targetHints":{"allow":["GET"]}}],"collection":[{"href":"https:\/\/jinhuaceramic.com\/de\/wp-json\/wp\/v2\/product"}],"about":[{"href":"https:\/\/jinhuaceramic.com\/de\/wp-json\/wp\/v2\/types\/product"}],"replies":[{"embeddable":true,"href":"https:\/\/jinhuaceramic.com\/de\/wp-json\/wp\/v2\/comments?post=3302"}],"version-history":[{"count":0,"href":"https:\/\/jinhuaceramic.com\/de\/wp-json\/wp\/v2\/product\/3302\/revisions"}],"wp:featuredmedia":[{"embeddable":true,"href":"https:\/\/jinhuaceramic.com\/de\/wp-json\/wp\/v2\/media\/6053"}],"wp:attachment":[{"href":"https:\/\/jinhuaceramic.com\/de\/wp-json\/wp\/v2\/media?parent=3302"}],"wp:term":[{"taxonomy":"product_brand","embeddable":true,"href":"https:\/\/jinhuaceramic.com\/de\/wp-json\/wp\/v2\/product_brand?post=3302"},{"taxonomy":"product_cat","embeddable":true,"href":"https:\/\/jinhuaceramic.com\/de\/wp-json\/wp\/v2\/product_cat?post=3302"},{"taxonomy":"product_tag","embeddable":true,"href":"https:\/\/jinhuaceramic.com\/de\/wp-json\/wp\/v2\/product_tag?post=3302"}],"curies":[{"name":"wp","href":"https:\/\/api.w.org\/{rel}","templated":true}]}}