{"id":3312,"date":"2024-04-10T08:34:40","date_gmt":"2024-04-10T08:34:40","guid":{"rendered":"https:\/\/jinhuaceramic.com\/?post_type=product&#038;p=3312"},"modified":"2025-04-19T09:18:17","modified_gmt":"2025-04-19T09:18:17","slug":"custom-baking-pans","status":"publish","type":"product","link":"https:\/\/jinhuaceramic.com\/de\/product\/custom-baking-pans\/","title":{"rendered":"Benutzerdefinierte Backformen, Pie Pfannen Bulk, Runde Backformen Gro\u00dfhandel"},"content":{"rendered":"<div class=\"wp-block-columns is-layout-flex wp-container-core-columns-is-layout-9d6595d7 wp-block-columns-is-layout-flex\">\n<div class=\"wp-block-column is-layout-flow wp-block-column-is-layout-flow\" style=\"flex-basis:50%\">\n<h3 class=\"wp-block-heading\">Premium Custom-Backformen Merkmale:<\/h3>\n\n\n\n<ul class=\"wp-block-list\">\n<li><strong>Elegantes Beige:<\/strong> Diese ma\u00dfgeschneiderten Backformen sind in einem sanften Beigeton gehalten, der schlicht und doch elegant ist. Sie passen perfekt zu verschiedenen K\u00fcchenstilen und eignen sich f\u00fcr den t\u00e4glichen Gebrauch oder die Pr\u00e4sentation zu besonderen Anl\u00e4ssen.<\/li>\n\n\n\n<li><strong>Exquisites Design mit gewelltem Rand: <\/strong>Das wellenf\u00f6rmige Design der Kuchenformen erh\u00f6ht nicht nur die Sch\u00f6nheit, sondern kann auch eine k\u00fcnstlerische Atmosph\u00e4re schaffen, wenn die Speisen nach dem Backen pr\u00e4sentiert werden, was sich hervorragend f\u00fcr die Verbesserung des Essens eignet.<\/li>\n\n\n\n<li><strong>Multifunktions-Backform rund:<\/strong> Unsere ma\u00dfgeschneiderte Backform ist f\u00fcr alle Arten von gebackenen Lebensmitteln, Kuchen, Torten und so weiter konzipiert. Ob Familientreffen oder Feiertagsfeier kann getan werden. Es ist praktisch und sch\u00f6n, den t\u00e4glichen Gebrauch und Festival besondere Verwendung zu erf\u00fcllen.<\/li>\n\n\n\n<li><strong>Temperaturbest\u00e4ndigkeit, bleifrei:<\/strong> F\u00fcr die Herstellung dieser Kuchenformen wird hochwertige, bleifreie Keramik verwendet, um Gesundheit und Sicherheit zu gew\u00e4hrleisten. Sie sind f\u00fcr Mikrowellenherde und Back\u00f6fen geeignet. Es kann sehr hohen Temperaturen widerstehen, mit gleichm\u00e4\u00dfiger Erw\u00e4rmung, damit Sie leicht zu k\u00f6stlichen Torten, Kuchen und andere Lebensmittel zu kochen.<\/li>\n<\/ul>\n<\/div>\n\n\n\n<div class=\"wp-block-column is-layout-flow wp-block-column-is-layout-flow\" style=\"flex-basis:50%\">\n<figure class=\"wp-block-image size-full\"><img fetchpriority=\"high\" decoding=\"async\" width=\"1500\" height=\"1500\" src=\"https:\/\/jinhuaceramic.com\/wp-content\/uploads\/2024\/04\/wholesale-bakeware-custom-baking-pans-2.webp\" alt=\"Benutzerdefinierte Backformen, Pie Pfannen Bulk, Runde Backformen Gro\u00dfhandel-1\" class=\"wp-image-3318\" srcset=\"https:\/\/jinhuaceramic.com\/wp-content\/uploads\/2024\/04\/wholesale-bakeware-custom-baking-pans-2.webp 1500w, https:\/\/jinhuaceramic.com\/wp-content\/uploads\/2024\/04\/wholesale-bakeware-custom-baking-pans-2-300x300.webp 300w, https:\/\/jinhuaceramic.com\/wp-content\/uploads\/2024\/04\/wholesale-bakeware-custom-baking-pans-2-150x150.webp 150w, https:\/\/jinhuaceramic.com\/wp-content\/uploads\/2024\/04\/wholesale-bakeware-custom-baking-pans-2-768x768.webp 768w, https:\/\/jinhuaceramic.com\/wp-content\/uploads\/2024\/04\/wholesale-bakeware-custom-baking-pans-2-285x285.webp 285w, https:\/\/jinhuaceramic.com\/wp-content\/uploads\/2024\/04\/wholesale-bakeware-custom-baking-pans-2-270x270.webp 270w, https:\/\/jinhuaceramic.com\/wp-content\/uploads\/2024\/04\/wholesale-bakeware-custom-baking-pans-2-540x540.webp 540w, https:\/\/jinhuaceramic.com\/wp-content\/uploads\/2024\/04\/wholesale-bakeware-custom-baking-pans-2-660x660.webp 660w\" sizes=\"(max-width: 1500px) 100vw, 1500px\" \/><\/figure>\n<\/div>\n<\/div>","protected":false},"excerpt":{"rendered":"<p>Willkommen zum Kauf keramischer Kuchenformen in gro\u00dfen Mengen. Diese beige Farbe benutzerdefinierte Backformen haben eine attraktive gewellten Rand Design und sind elegant und dennoch praktisch. Das runde Design eignet sich f\u00fcr viele andere Backbed\u00fcrfnisse und besteht aus hochwertiger bleifreier Keramik, die f\u00fcr Lebensmittelsicherheit sorgt. Ob man nun gelegentlich backt oder ein festliches Festmahl plant, diese Backformen sind eine sichere Erg\u00e4nzung f\u00fcr jede K\u00fcche.<\/p>","protected":false},"featured_media":3316,"comment_status":"closed","ping_status":"closed","template":"","meta":{"_acf_changed":false},"product_brand":[],"product_cat":[53],"product_tag":[70],"class_list":{"0":"post-3312","1":"product","2":"type-product","3":"status-publish","4":"has-post-thumbnail","6":"product_cat-bakeware-in-bulk","7":"product_tag-custom-pie-pans","9":"first","10":"instock","11":"shipping-taxable","12":"product-type-simple"},"acf":[],"_links":{"self":[{"href":"https:\/\/jinhuaceramic.com\/de\/wp-json\/wp\/v2\/product\/3312","targetHints":{"allow":["GET"]}}],"collection":[{"href":"https:\/\/jinhuaceramic.com\/de\/wp-json\/wp\/v2\/product"}],"about":[{"href":"https:\/\/jinhuaceramic.com\/de\/wp-json\/wp\/v2\/types\/product"}],"replies":[{"embeddable":true,"href":"https:\/\/jinhuaceramic.com\/de\/wp-json\/wp\/v2\/comments?post=3312"}],"version-history":[{"count":0,"href":"https:\/\/jinhuaceramic.com\/de\/wp-json\/wp\/v2\/product\/3312\/revisions"}],"wp:featuredmedia":[{"embeddable":true,"href":"https:\/\/jinhuaceramic.com\/de\/wp-json\/wp\/v2\/media\/3316"}],"wp:attachment":[{"href":"https:\/\/jinhuaceramic.com\/de\/wp-json\/wp\/v2\/media?parent=3312"}],"wp:term":[{"taxonomy":"product_brand","embeddable":true,"href":"https:\/\/jinhuaceramic.com\/de\/wp-json\/wp\/v2\/product_brand?post=3312"},{"taxonomy":"product_cat","embeddable":true,"href":"https:\/\/jinhuaceramic.com\/de\/wp-json\/wp\/v2\/product_cat?post=3312"},{"taxonomy":"product_tag","embeddable":true,"href":"https:\/\/jinhuaceramic.com\/de\/wp-json\/wp\/v2\/product_tag?post=3312"}],"curies":[{"name":"wp","href":"https:\/\/api.w.org\/{rel}","templated":true}]}}