{"id":3321,"date":"2024-04-10T08:48:52","date_gmt":"2024-04-10T08:48:52","guid":{"rendered":"https:\/\/jinhuaceramic.com\/?post_type=product&#038;p=3321"},"modified":"2025-04-19T09:19:49","modified_gmt":"2025-04-19T09:19:49","slug":"ceramic-bakeware-set-wholesale","status":"publish","type":"product","link":"https:\/\/jinhuaceramic.com\/de\/product\/ceramic-bakeware-set-wholesale\/","title":{"rendered":"Keramische Backformen Set Gro\u00dfhandel von Backen Pan Lieferant, bleifrei und Antihaft"},"content":{"rendered":"<div class=\"wp-block-columns is-layout-flex wp-container-core-columns-is-layout-9d6595d7 wp-block-columns-is-layout-flex\">\n<div class=\"wp-block-column is-layout-flow wp-block-column-is-layout-flow\" style=\"flex-basis:50%\">\n<h3 class=\"wp-block-heading\">Premium-Keramik-Backformen Set Gro\u00dfhandel Eigenschaften:<\/h3>\n\n\n\n<ul class=\"wp-block-list\">\n<li><strong>Starke visuelle Anziehungskraft:<\/strong> Dieses Gro\u00dfhandels-Keramikgeschirr ist mit einer klassischen roten Glasur versehen, die eine leuchtende Farbe hat und die K\u00fcche optisch aufwertet, indem sie sie lebendig und modern macht. Es eignet sich f\u00fcr den t\u00e4glichen Gebrauch und f\u00fcr die Pr\u00e4sentation von Speisen zu besonderen Anl\u00e4ssen.<\/li>\n\n\n\n<li><strong>Verschiedene Gr\u00f6\u00dfenoptionen:<\/strong> Unser Backformen-Gro\u00dfhandelsset gibt es in vielen Gr\u00f6\u00dfenoptionen, die den unterschiedlichen Anforderungen beim Backen von Speisen entsprechen. Egal, ob Sie kleine Desserts oder gro\u00dfe Hauptgerichte backen, Sie k\u00f6nnen immer das richtige Modell einer Backform finden, um die Flexibilit\u00e4t und den Komfort beim Kochen zu erh\u00f6hen.<\/li>\n\n\n\n<li><strong>Material bleifrei: <\/strong>Unsere keramische Backformen Set Gro\u00dfhandel ist aus einer Art von bleifreien keramischen Material, das garantieren kann, dass w\u00e4hrend der Hochtemperatur-Backen, keine giftige Substanz aus dem Lebensmittel f\u00fcr eine gesunde Ern\u00e4hrung Bed\u00fcrfnisse freigesetzt wird, wodurch die Nutzer Sicherheit und Sicherheit.<\/li>\n\n\n\n<li><strong>Antihaftbeschichtete Oberfl\u00e4che, leichte Reinigung:<\/strong> Bei unserem Gro\u00dfhandelsset f\u00fcr Backformen verhindert die Antihaftbeschichtung, dass das Essen nach dem Backen anhaftet; so ist das Kochen einfach und bequem. Dieses Design der Antihaft-Oberfl\u00e4che spart Reinigungszeit und h\u00e4lt die Qualit\u00e4t der Backform f\u00fcr eine lange Zeit haltbar.<\/li>\n<\/ul>\n<\/div>\n\n\n\n<div class=\"wp-block-column is-layout-flow wp-block-column-is-layout-flow\" style=\"flex-basis:50%\">\n<figure class=\"wp-block-image size-full\"><img fetchpriority=\"high\" decoding=\"async\" width=\"750\" height=\"750\" src=\"https:\/\/jinhuaceramic.com\/wp-content\/uploads\/2024\/04\/custom-baking-pans-wholesale-ceramic-bakeware-set-5.webp\" alt=\"custom-backformen-gro\u00dfhandel-keramik-backformen-set-5\" class=\"wp-image-3326\" srcset=\"https:\/\/jinhuaceramic.com\/wp-content\/uploads\/2024\/04\/custom-baking-pans-wholesale-ceramic-bakeware-set-5.webp 750w, https:\/\/jinhuaceramic.com\/wp-content\/uploads\/2024\/04\/custom-baking-pans-wholesale-ceramic-bakeware-set-5-300x300.webp 300w, https:\/\/jinhuaceramic.com\/wp-content\/uploads\/2024\/04\/custom-baking-pans-wholesale-ceramic-bakeware-set-5-150x150.webp 150w, https:\/\/jinhuaceramic.com\/wp-content\/uploads\/2024\/04\/custom-baking-pans-wholesale-ceramic-bakeware-set-5-285x285.webp 285w, https:\/\/jinhuaceramic.com\/wp-content\/uploads\/2024\/04\/custom-baking-pans-wholesale-ceramic-bakeware-set-5-270x270.webp 270w, https:\/\/jinhuaceramic.com\/wp-content\/uploads\/2024\/04\/custom-baking-pans-wholesale-ceramic-bakeware-set-5-540x540.webp 540w, https:\/\/jinhuaceramic.com\/wp-content\/uploads\/2024\/04\/custom-baking-pans-wholesale-ceramic-bakeware-set-5-660x660.webp 660w\" sizes=\"(max-width: 750px) 100vw, 750px\" \/><\/figure>\n<\/div>\n<\/div>","protected":false},"excerpt":{"rendered":"<p>Willkommen in der K\u00fcche Backformen Gro\u00dfhandel von Backen Pfanne Lieferant zu kaufen. Diese klassische rote glasierte Keramik Backformen Set Gro\u00dfhandel ist bunt f\u00fcr das Hinzuf\u00fcgen von Farbe zu jedem Stil der K\u00fcche, und inzwischen hat es auch verschiedene Gr\u00f6\u00dfenoptionen, die diversifizierte Bed\u00fcrfnisse f\u00fcr verschiedene K\u00f6che erf\u00fcllen k\u00f6nnen. Sicher und gesund mit bleifreien keramischen Material, und es ist ein Antihaft-Design f\u00fcr einfache Reinigung.<\/p>","protected":false},"featured_media":3322,"comment_status":"closed","ping_status":"closed","template":"","meta":{"_acf_changed":false},"product_brand":[],"product_cat":[53],"product_tag":[71],"class_list":{"0":"post-3321","1":"product","2":"type-product","3":"status-publish","4":"has-post-thumbnail","6":"product_cat-bakeware-in-bulk","7":"product_tag-wholesale-baking-pans","9":"first","10":"instock","11":"shipping-taxable","12":"product-type-simple"},"acf":[],"_links":{"self":[{"href":"https:\/\/jinhuaceramic.com\/de\/wp-json\/wp\/v2\/product\/3321","targetHints":{"allow":["GET"]}}],"collection":[{"href":"https:\/\/jinhuaceramic.com\/de\/wp-json\/wp\/v2\/product"}],"about":[{"href":"https:\/\/jinhuaceramic.com\/de\/wp-json\/wp\/v2\/types\/product"}],"replies":[{"embeddable":true,"href":"https:\/\/jinhuaceramic.com\/de\/wp-json\/wp\/v2\/comments?post=3321"}],"version-history":[{"count":0,"href":"https:\/\/jinhuaceramic.com\/de\/wp-json\/wp\/v2\/product\/3321\/revisions"}],"wp:featuredmedia":[{"embeddable":true,"href":"https:\/\/jinhuaceramic.com\/de\/wp-json\/wp\/v2\/media\/3322"}],"wp:attachment":[{"href":"https:\/\/jinhuaceramic.com\/de\/wp-json\/wp\/v2\/media?parent=3321"}],"wp:term":[{"taxonomy":"product_brand","embeddable":true,"href":"https:\/\/jinhuaceramic.com\/de\/wp-json\/wp\/v2\/product_brand?post=3321"},{"taxonomy":"product_cat","embeddable":true,"href":"https:\/\/jinhuaceramic.com\/de\/wp-json\/wp\/v2\/product_cat?post=3321"},{"taxonomy":"product_tag","embeddable":true,"href":"https:\/\/jinhuaceramic.com\/de\/wp-json\/wp\/v2\/product_tag?post=3321"}],"curies":[{"name":"wp","href":"https:\/\/api.w.org\/{rel}","templated":true}]}}