{"id":3329,"date":"2024-04-10T09:05:17","date_gmt":"2024-04-10T09:05:17","guid":{"rendered":"https:\/\/jinhuaceramic.com\/?post_type=product&#038;p=3329"},"modified":"2025-04-19T09:20:47","modified_gmt":"2025-04-19T09:20:47","slug":"custom-baking-dish-with-lid","status":"publish","type":"product","link":"https:\/\/jinhuaceramic.com\/de\/product\/custom-baking-dish-with-lid\/","title":{"rendered":"Benutzerdefinierte Backform mit Deckel, Fancy Keramik-Backformen Bulk"},"content":{"rendered":"<div class=\"wp-block-columns is-layout-flex wp-container-core-columns-is-layout-9d6595d7 wp-block-columns-is-layout-flex\">\n<div class=\"wp-block-column is-layout-flow wp-block-column-is-layout-flow\" style=\"flex-basis:50%\">\n<h3 class=\"wp-block-heading\">Premium Custom Auflaufform mit Deckel Merkmale:<\/h3>\n\n\n\n<ul class=\"wp-block-list\">\n<li><strong>Mehrere Farboptionen: <\/strong>Diese ma\u00dfgefertigte Auflaufform mit Deckel ist in drei Farben erh\u00e4ltlich: orange, gr\u00fcn und wei\u00df, um den Anforderungen verschiedener K\u00fcchenstile gerecht zu werden.<\/li>\n\n\n\n<li><strong>Warm halten und frisch halten: <\/strong>Unsere Gro\u00dfhandel Keramik Backformen Bulk-Backformen sind mit Keramikdeckel, die nicht nur effektiv sperren die Hitze der Lebensmittel, sondern auch halten die Lebensmittel frisch und duftend, und reduzieren Feuchtigkeitsverlust ausgestattet. Der Deckel Design ist auch bequem f\u00fcr die Lagerung oder tragen, geeignet f\u00fcr Bankette, Familienfeiern und andere Anl\u00e4sse.<\/li>\n\n\n\n<li><strong>Langlebig und sicher: <\/strong>Diese ma\u00dfgefertigte Backform mit Deckel besteht aus hochwertigem Keramikmaterial mit hervorragender Hitzebest\u00e4ndigkeit und Verschlei\u00dffestigkeit und ist f\u00fcr den langfristigen Gebrauch geeignet. Ungiftig und harmlos, die Lebensmittelsicherheit zu gew\u00e4hrleisten, und die Oberfl\u00e4che ist glatt und leicht zu reinigen, nicht leicht, \u00d6lflecken und Schmutz zu verlassen.<\/li>\n\n\n\n<li><strong>Service f\u00fcr ma\u00dfgeschneiderte Backformen: <\/strong>Unsere Gro\u00dfhandels-Keramik-Backformen unterst\u00fctzen ma\u00dfgeschneiderte Dienstleistungen in Gr\u00f6\u00dfe, Form und Muster, um die pers\u00f6nlichen Bed\u00fcrfnisse der verschiedenen Kunden zu erf\u00fcllen. Ob es sich um Hausbacken, die Gastronomie oder Geschenkanpassung handelt, diese Backform kann sich flexibel anpassen, um das Backerlebnis zu verbessern.<\/li>\n<\/ul>\n<\/div>\n\n\n\n<div class=\"wp-block-column is-layout-flow wp-block-column-is-layout-flow\" style=\"flex-basis:50%\">\n<figure class=\"wp-block-image size-full\"><img fetchpriority=\"high\" decoding=\"async\" width=\"800\" height=\"800\" src=\"https:\/\/jinhuaceramic.com\/wp-content\/uploads\/2024\/04\/custom-baking-dish-with-lid-wholesale-ceramic-bakeware-6.webp\" alt=\"custom-baking-dish-with-lid-wholesale-ceramic-bakeware-6\" class=\"wp-image-3334\" srcset=\"https:\/\/jinhuaceramic.com\/wp-content\/uploads\/2024\/04\/custom-baking-dish-with-lid-wholesale-ceramic-bakeware-6.webp 800w, https:\/\/jinhuaceramic.com\/wp-content\/uploads\/2024\/04\/custom-baking-dish-with-lid-wholesale-ceramic-bakeware-6-300x300.webp 300w, https:\/\/jinhuaceramic.com\/wp-content\/uploads\/2024\/04\/custom-baking-dish-with-lid-wholesale-ceramic-bakeware-6-150x150.webp 150w, https:\/\/jinhuaceramic.com\/wp-content\/uploads\/2024\/04\/custom-baking-dish-with-lid-wholesale-ceramic-bakeware-6-768x768.webp 768w, https:\/\/jinhuaceramic.com\/wp-content\/uploads\/2024\/04\/custom-baking-dish-with-lid-wholesale-ceramic-bakeware-6-285x285.webp 285w, https:\/\/jinhuaceramic.com\/wp-content\/uploads\/2024\/04\/custom-baking-dish-with-lid-wholesale-ceramic-bakeware-6-270x270.webp 270w, https:\/\/jinhuaceramic.com\/wp-content\/uploads\/2024\/04\/custom-baking-dish-with-lid-wholesale-ceramic-bakeware-6-540x540.webp 540w, https:\/\/jinhuaceramic.com\/wp-content\/uploads\/2024\/04\/custom-baking-dish-with-lid-wholesale-ceramic-bakeware-6-660x660.webp 660w\" sizes=\"(max-width: 800px) 100vw, 800px\" \/><\/figure>\n<\/div>\n<\/div>","protected":false},"excerpt":{"rendered":"<p>Willkommen im Gro\u00dfhandel Backformen zu kaufen. Diese benutzerdefinierte Backform mit Deckel ist in drei Farben erh\u00e4ltlich: orange, gr\u00fcn und wei\u00df, mit sowohl stilvollem Aussehen und praktischen Funktionen. Es ist aus hochwertigen keramischen Materialien hergestellt, ist resistent gegen hohe Temperaturen, sicher und gesund, und unterst\u00fctzt vielf\u00e4ltige Anpassung, so dass es eine ideale Wahl f\u00fcr die K\u00fcche Backen.<\/p>","protected":false},"featured_media":3331,"comment_status":"closed","ping_status":"closed","template":"","meta":{"_acf_changed":false},"product_brand":[],"product_cat":[53],"product_tag":[71],"class_list":{"0":"post-3329","1":"product","2":"type-product","3":"status-publish","4":"has-post-thumbnail","6":"product_cat-bakeware-in-bulk","7":"product_tag-wholesale-baking-pans","9":"first","10":"instock","11":"shipping-taxable","12":"product-type-simple"},"acf":[],"_links":{"self":[{"href":"https:\/\/jinhuaceramic.com\/de\/wp-json\/wp\/v2\/product\/3329","targetHints":{"allow":["GET"]}}],"collection":[{"href":"https:\/\/jinhuaceramic.com\/de\/wp-json\/wp\/v2\/product"}],"about":[{"href":"https:\/\/jinhuaceramic.com\/de\/wp-json\/wp\/v2\/types\/product"}],"replies":[{"embeddable":true,"href":"https:\/\/jinhuaceramic.com\/de\/wp-json\/wp\/v2\/comments?post=3329"}],"version-history":[{"count":0,"href":"https:\/\/jinhuaceramic.com\/de\/wp-json\/wp\/v2\/product\/3329\/revisions"}],"wp:featuredmedia":[{"embeddable":true,"href":"https:\/\/jinhuaceramic.com\/de\/wp-json\/wp\/v2\/media\/3331"}],"wp:attachment":[{"href":"https:\/\/jinhuaceramic.com\/de\/wp-json\/wp\/v2\/media?parent=3329"}],"wp:term":[{"taxonomy":"product_brand","embeddable":true,"href":"https:\/\/jinhuaceramic.com\/de\/wp-json\/wp\/v2\/product_brand?post=3329"},{"taxonomy":"product_cat","embeddable":true,"href":"https:\/\/jinhuaceramic.com\/de\/wp-json\/wp\/v2\/product_cat?post=3329"},{"taxonomy":"product_tag","embeddable":true,"href":"https:\/\/jinhuaceramic.com\/de\/wp-json\/wp\/v2\/product_tag?post=3329"}],"curies":[{"name":"wp","href":"https:\/\/api.w.org\/{rel}","templated":true}]}}