{"id":3338,"date":"2024-04-10T09:16:33","date_gmt":"2024-04-10T09:16:33","guid":{"rendered":"https:\/\/jinhuaceramic.com\/?post_type=product&#038;p=3338"},"modified":"2025-04-19T09:21:34","modified_gmt":"2025-04-19T09:21:34","slug":"wholesale-round-baking-pan","status":"publish","type":"product","link":"https:\/\/jinhuaceramic.com\/de\/product\/wholesale-round-baking-pan\/","title":{"rendered":"Gro\u00dfhandel Runde Backformen, rote benutzerdefinierte Auflaufformen mit Deckel"},"content":{"rendered":"<div class=\"wp-block-columns is-layout-flex wp-container-core-columns-is-layout-9d6595d7 wp-block-columns-is-layout-flex\">\n<div class=\"wp-block-column is-layout-flow wp-block-column-is-layout-flow\" style=\"flex-basis:50%\">\n<h3 class=\"wp-block-heading\">Premium Gro\u00dfhandel Runde Backformen Merkmale:<\/h3>\n\n\n\n<ul class=\"wp-block-list\">\n<li><strong>Klassisches Muster:<\/strong> Unsere runden Backformen f\u00fcr den Gro\u00dfhandel haben exquisite klassische Muster, die traditionelle Handwerkskunst mit moderner \u00c4sthetik verbinden. Das Aussehen ist elegant und gro\u00dfz\u00fcgig, einen Hauch von Retro-Kunst zu Ihrer K\u00fcche, geeignet f\u00fcr die Tabelle Anzeige in verschiedenen Gelegenheiten.<\/li>\n\n\n\n<li><strong>Ausgestattet mit einem Deckel: <\/strong>Unsere ma\u00dfgeschneiderten Auflaufformen in gro\u00dfen Mengen sind mit Deckeln versehen, und der Topfk\u00f6rper passt zu einem Deckel, um die W\u00e4rme und das Aroma von Lebensmitteln f\u00fcr eine l\u00e4ngere Temperaturerhaltung effektiv zu halten, den urspr\u00fcnglichen Geschmack von Lebensmitteln einzuschlie\u00dfen, den Feuchtigkeitsverlust zu reduzieren und den Geschmack und die Qualit\u00e4t zu sichern.<\/li>\n\n\n\n<li><strong>Hitzebest\u00e4ndig und langlebig: <\/strong>Hergestellt aus hochwertigen keramischen Materialien, haben diese Gro\u00dfhandel runden Backformen gro\u00dfe Hochtemperaturbest\u00e4ndigkeit, die Hochtemperatur-Backen in \u00d6fen oder Mikrowellenherden durchf\u00fchren k\u00f6nnen. Und inzwischen hat es eine gleichm\u00e4\u00dfige W\u00e4rmeleitung, um das gleichm\u00e4\u00dfige Backen von Lebensmitteln zu gew\u00e4hrleisten.<\/li>\n\n\n\n<li><strong>Ma\u00dfgeschneiderter Backformen-Service: <\/strong>Unsere ma\u00dfgefertigten Auflaufformen sind in verschiedenen Gr\u00f6\u00dfen und Formen erh\u00e4ltlich und eignen sich nicht nur zum Backen zu Hause und f\u00fcr die Gastronomie, sondern k\u00f6nnen auch nach Kundenw\u00fcnschen ma\u00dfgeschneidert werden und sich flexibel an die Marktnachfrage anpassen.<\/li>\n<\/ul>\n<\/div>\n\n\n\n<div class=\"wp-block-column is-layout-flow wp-block-column-is-layout-flow\" style=\"flex-basis:50%\">\n<figure class=\"wp-block-image size-full\"><img fetchpriority=\"high\" decoding=\"async\" width=\"749\" height=\"749\" src=\"https:\/\/jinhuaceramic.com\/wp-content\/uploads\/2024\/04\/ceramic-manufacturer-wholesale-bakeware-set-custom-casserole-dish-with-lid-4.webp\" alt=\"Gro\u00dfhandel Runde Backformen, benutzerdefinierte Auflaufformen in Bulk mit Lid-1\" class=\"wp-image-3342\" srcset=\"https:\/\/jinhuaceramic.com\/wp-content\/uploads\/2024\/04\/ceramic-manufacturer-wholesale-bakeware-set-custom-casserole-dish-with-lid-4.webp 749w, https:\/\/jinhuaceramic.com\/wp-content\/uploads\/2024\/04\/ceramic-manufacturer-wholesale-bakeware-set-custom-casserole-dish-with-lid-4-300x300.webp 300w, https:\/\/jinhuaceramic.com\/wp-content\/uploads\/2024\/04\/ceramic-manufacturer-wholesale-bakeware-set-custom-casserole-dish-with-lid-4-150x150.webp 150w, https:\/\/jinhuaceramic.com\/wp-content\/uploads\/2024\/04\/ceramic-manufacturer-wholesale-bakeware-set-custom-casserole-dish-with-lid-4-285x285.webp 285w, https:\/\/jinhuaceramic.com\/wp-content\/uploads\/2024\/04\/ceramic-manufacturer-wholesale-bakeware-set-custom-casserole-dish-with-lid-4-270x270.webp 270w, https:\/\/jinhuaceramic.com\/wp-content\/uploads\/2024\/04\/ceramic-manufacturer-wholesale-bakeware-set-custom-casserole-dish-with-lid-4-540x540.webp 540w, https:\/\/jinhuaceramic.com\/wp-content\/uploads\/2024\/04\/ceramic-manufacturer-wholesale-bakeware-set-custom-casserole-dish-with-lid-4-660x660.webp 660w\" sizes=\"(max-width: 749px) 100vw, 749px\" \/><\/figure>\n<\/div>\n<\/div>\n\n\n\n<p><\/p>","protected":false},"excerpt":{"rendered":"<p>Willkommen zum Kauf von kundenspezifischen Auflaufformen in gro\u00dfen Mengen. Diese runden Auflaufformen f\u00fcr den Gro\u00dfhandel sind mit Deckeln ausgestattet, um Feuchtigkeit und Geschmack im Inneren zu halten, auch f\u00fcr Suppen und Eint\u00f6pfe und vieles mehr. Die hochwertige, hochtemperaturbest\u00e4ndige Keramik, die in ihnen verwendet wird, gew\u00e4hrleistet eine gleichm\u00e4\u00dfige Erw\u00e4rmung; daher sind sie die ideale Wahl f\u00fcr die K\u00fcche, da sie in einer Vielzahl von Gr\u00f6\u00dfen erh\u00e4ltlich und anpassbar sind.<\/p>","protected":false},"featured_media":3343,"comment_status":"closed","ping_status":"closed","template":"","meta":{"_acf_changed":false},"product_brand":[],"product_cat":[53],"product_tag":[71],"class_list":{"0":"post-3338","1":"product","2":"type-product","3":"status-publish","4":"has-post-thumbnail","6":"product_cat-bakeware-in-bulk","7":"product_tag-wholesale-baking-pans","9":"first","10":"instock","11":"shipping-taxable","12":"product-type-simple"},"acf":[],"_links":{"self":[{"href":"https:\/\/jinhuaceramic.com\/de\/wp-json\/wp\/v2\/product\/3338","targetHints":{"allow":["GET"]}}],"collection":[{"href":"https:\/\/jinhuaceramic.com\/de\/wp-json\/wp\/v2\/product"}],"about":[{"href":"https:\/\/jinhuaceramic.com\/de\/wp-json\/wp\/v2\/types\/product"}],"replies":[{"embeddable":true,"href":"https:\/\/jinhuaceramic.com\/de\/wp-json\/wp\/v2\/comments?post=3338"}],"version-history":[{"count":0,"href":"https:\/\/jinhuaceramic.com\/de\/wp-json\/wp\/v2\/product\/3338\/revisions"}],"wp:featuredmedia":[{"embeddable":true,"href":"https:\/\/jinhuaceramic.com\/de\/wp-json\/wp\/v2\/media\/3343"}],"wp:attachment":[{"href":"https:\/\/jinhuaceramic.com\/de\/wp-json\/wp\/v2\/media?parent=3338"}],"wp:term":[{"taxonomy":"product_brand","embeddable":true,"href":"https:\/\/jinhuaceramic.com\/de\/wp-json\/wp\/v2\/product_brand?post=3338"},{"taxonomy":"product_cat","embeddable":true,"href":"https:\/\/jinhuaceramic.com\/de\/wp-json\/wp\/v2\/product_cat?post=3338"},{"taxonomy":"product_tag","embeddable":true,"href":"https:\/\/jinhuaceramic.com\/de\/wp-json\/wp\/v2\/product_tag?post=3338"}],"curies":[{"name":"wp","href":"https:\/\/api.w.org\/{rel}","templated":true}]}}