{"id":3348,"date":"2024-04-10T09:35:56","date_gmt":"2024-04-10T09:35:56","guid":{"rendered":"https:\/\/jinhuaceramic.com\/?post_type=product&#038;p=3348"},"modified":"2025-04-19T09:22:17","modified_gmt":"2025-04-19T09:22:17","slug":"hot-selling-custom-bakeware-bulk","status":"publish","type":"product","link":"https:\/\/jinhuaceramic.com\/de\/product\/hot-selling-custom-bakeware-bulk\/","title":{"rendered":"Hei\u00dfer Verkauf benutzerdefinierte Backformen Bulk, nicht-toxische kleine Backformen Gro\u00dfhandel"},"content":{"rendered":"<div class=\"wp-block-columns is-layout-flex wp-container-core-columns-is-layout-9d6595d7 wp-block-columns-is-layout-flex\">\n<div class=\"wp-block-column is-layout-flow wp-block-column-is-layout-flow\" style=\"flex-basis:50%\">\n<h3 class=\"wp-block-heading\">Premium Custom Bakeware Bulk Merkmale:<\/h3>\n\n\n\n<ul class=\"wp-block-list\">\n<li><strong>Einzigartiges Musterdesign: <\/strong>Diese ma\u00dfgeschneiderte Backformen Masse hat verschiedene einzigartige Muster von super einfach zu komplizierten Stil, die k\u00fcnstlerische und pers\u00f6nliche Dekoration zu K\u00fcchen hinzuf\u00fcgen k\u00f6nnen. Es kann die Sch\u00f6nheit der visuellen Wirkung hinzuzuf\u00fcgen und die Aufmerksamkeit der anderen zu fangen, ob es in den Dienst f\u00fcr den Familiengebrauch oder Business-Display in Gesch\u00e4ften gestellt wird.<\/li>\n\n\n\n<li><strong>Klein und praktisch:<\/strong> Unsere Backformen im Gro\u00dfhandel sind mittelgro\u00df, besonders geeignet f\u00fcr die Herstellung von kleinen Desserts und pers\u00f6nlichen Backwaren, die schnell und bequem sind und den Bed\u00fcrfnissen des t\u00e4glichen Kochens entsprechen, besonders geeignet f\u00fcr das Backen kleiner K\u00f6stlichkeiten wie Kekse, Kuchen und Torten.<\/li>\n\n\n\n<li><strong>Ungiftiges und sicheres Material:<\/strong> Unsere ma\u00dfgefertigten Backformen werden aus ungiftigem Keramikmaterial hergestellt, das frei von Schadstoffen ist und die Lebensmittel bei hohen Temperaturen gesund und sicher h\u00e4lt. Es ist sehr geeignet f\u00fcr den Einsatz in Familienk\u00fcchen und die Lebensmittelproduktion f\u00fcr Kinder.<\/li>\n\n\n\n<li><strong>Langlebig und anpassungsf\u00e4hig: <\/strong>Diese Backformen im Gro\u00dfhandel halten den extremen Temperaturen verschiedener Kochger\u00e4te stand, vom Ofen bis zur Mikrowelle. Der Boden aus festem, hartem und haltbarem Material zerkratzt nicht so leicht und garantiert so eine lange Lebensdauer und ist ein zuverl\u00e4ssiges Werkzeug in der K\u00fcche.<\/li>\n<\/ul>\n<\/div>\n\n\n\n<div class=\"wp-block-column is-layout-flow wp-block-column-is-layout-flow\" style=\"flex-basis:50%\">\n<figure class=\"wp-block-image size-full\"><img fetchpriority=\"high\" decoding=\"async\" width=\"1000\" height=\"1000\" src=\"https:\/\/jinhuaceramic.com\/wp-content\/uploads\/2024\/04\/custom-ceramic-baking-pans-wholesale-bakeware-set.webp\" alt=\"Hei\u00dfer Verkauf benutzerdefinierte Backformen Bulk, nicht-toxische kleine Backformen Gro\u00dfhandel-1\" class=\"wp-image-3354\" srcset=\"https:\/\/jinhuaceramic.com\/wp-content\/uploads\/2024\/04\/custom-ceramic-baking-pans-wholesale-bakeware-set.webp 1000w, https:\/\/jinhuaceramic.com\/wp-content\/uploads\/2024\/04\/custom-ceramic-baking-pans-wholesale-bakeware-set-300x300.webp 300w, https:\/\/jinhuaceramic.com\/wp-content\/uploads\/2024\/04\/custom-ceramic-baking-pans-wholesale-bakeware-set-150x150.webp 150w, https:\/\/jinhuaceramic.com\/wp-content\/uploads\/2024\/04\/custom-ceramic-baking-pans-wholesale-bakeware-set-768x768.webp 768w, https:\/\/jinhuaceramic.com\/wp-content\/uploads\/2024\/04\/custom-ceramic-baking-pans-wholesale-bakeware-set-285x285.webp 285w, https:\/\/jinhuaceramic.com\/wp-content\/uploads\/2024\/04\/custom-ceramic-baking-pans-wholesale-bakeware-set-270x270.webp 270w, https:\/\/jinhuaceramic.com\/wp-content\/uploads\/2024\/04\/custom-ceramic-baking-pans-wholesale-bakeware-set-540x540.webp 540w, https:\/\/jinhuaceramic.com\/wp-content\/uploads\/2024\/04\/custom-ceramic-baking-pans-wholesale-bakeware-set-660x660.webp 660w\" sizes=\"(max-width: 1000px) 100vw, 1000px\" \/><\/figure>\n<\/div>\n<\/div>","protected":false},"excerpt":{"rendered":"<p>Willkommen zum Kauf von Backformen Gro\u00dfhandel. Diese kleinen und praktischen kundenspezifischen Backformen sind aus ungiftigem Keramikmaterial hergestellt, um die Gesundheit und Sicherheit von Lebensmitteln zu gew\u00e4hrleisten, und sie haben eine Menge einzigartiger Musteroptionen, die sowohl sch\u00f6n als auch praktisch sind. Die Produkte k\u00f6nnen zum Backen aller Arten von kleinen Portionen von Lebensmitteln verwendet werden, die f\u00fcr die K\u00fcche zu Hause oder kommerziellen Einsatz geeignet ist.<\/p>","protected":false},"featured_media":3354,"comment_status":"closed","ping_status":"closed","template":"","meta":{"_acf_changed":false},"product_brand":[],"product_cat":[53],"product_tag":[71],"class_list":{"0":"post-3348","1":"product","2":"type-product","3":"status-publish","4":"has-post-thumbnail","6":"product_cat-bakeware-in-bulk","7":"product_tag-wholesale-baking-pans","9":"first","10":"instock","11":"shipping-taxable","12":"product-type-simple"},"acf":[],"_links":{"self":[{"href":"https:\/\/jinhuaceramic.com\/de\/wp-json\/wp\/v2\/product\/3348","targetHints":{"allow":["GET"]}}],"collection":[{"href":"https:\/\/jinhuaceramic.com\/de\/wp-json\/wp\/v2\/product"}],"about":[{"href":"https:\/\/jinhuaceramic.com\/de\/wp-json\/wp\/v2\/types\/product"}],"replies":[{"embeddable":true,"href":"https:\/\/jinhuaceramic.com\/de\/wp-json\/wp\/v2\/comments?post=3348"}],"version-history":[{"count":0,"href":"https:\/\/jinhuaceramic.com\/de\/wp-json\/wp\/v2\/product\/3348\/revisions"}],"wp:featuredmedia":[{"embeddable":true,"href":"https:\/\/jinhuaceramic.com\/de\/wp-json\/wp\/v2\/media\/3354"}],"wp:attachment":[{"href":"https:\/\/jinhuaceramic.com\/de\/wp-json\/wp\/v2\/media?parent=3348"}],"wp:term":[{"taxonomy":"product_brand","embeddable":true,"href":"https:\/\/jinhuaceramic.com\/de\/wp-json\/wp\/v2\/product_brand?post=3348"},{"taxonomy":"product_cat","embeddable":true,"href":"https:\/\/jinhuaceramic.com\/de\/wp-json\/wp\/v2\/product_cat?post=3348"},{"taxonomy":"product_tag","embeddable":true,"href":"https:\/\/jinhuaceramic.com\/de\/wp-json\/wp\/v2\/product_tag?post=3348"}],"curies":[{"name":"wp","href":"https:\/\/api.w.org\/{rel}","templated":true}]}}