{"id":3357,"date":"2024-04-10T09:47:59","date_gmt":"2024-04-10T09:47:59","guid":{"rendered":"https:\/\/jinhuaceramic.com\/?post_type=product&#038;p=3357"},"modified":"2025-04-19T09:26:32","modified_gmt":"2025-04-19T09:26:32","slug":"wholesale-ceramic-diner-set","status":"publish","type":"product","link":"https:\/\/jinhuaceramic.com\/de\/product\/wholesale-ceramic-diner-set\/","title":{"rendered":"Individuelles keramisches Diner-Set, herzf\u00f6rmige Sch\u00fcsseln im Gro\u00dfhandel"},"content":{"rendered":"<div class=\"wp-block-columns is-layout-flex wp-container-core-columns-is-layout-9d6595d7 wp-block-columns-is-layout-flex\">\n<div class=\"wp-block-column is-layout-flow wp-block-column-is-layout-flow\" style=\"flex-basis:50%\">\n<h3 class=\"wp-block-heading\">Premium-Keramik-Geschirrset Eigenschaften:<\/h3>\n\n\n\n<ul class=\"wp-block-list\">\n<li><strong>Romantisches Design: <\/strong>Dieses herzf\u00f6rmige Keramik-Geschirrset verleiht dem Esstisch eine romantische Atmosph\u00e4re, zieht die Aufmerksamkeit der Kunden auf sich und sorgt f\u00fcr ein emotionales Esserlebnis.<\/li>\n\n\n\n<li><strong>Hochwertige Materialien: <\/strong>Diese herzf\u00f6rmigen Schalen aus hochwertigen Keramikmaterialien sind sicher, ungiftig und langlebig, wodurch die Qualit\u00e4t und Lebensdauer dieser Schalen gew\u00e4hrleistet ist.<\/li>\n\n\n\n<li><strong>Multifunktional einsetzbar:<\/strong> Diese Keramikschalen aus dem Gro\u00dfhandel k\u00f6nnen nicht nur als Geschirr verwendet werden, sondern auch f\u00fcr besondere Anl\u00e4sse oder Veranstaltungen wie Paarmahlzeiten, Festessen usw., um der Szene einen besonderen Akzent zu verleihen.<\/li>\n\n\n\n<li><strong>Vorteile f\u00fcr den Gro\u00dfhandel: <\/strong>Als Gro\u00dfhandelsprodukt bieten diese herzf\u00f6rmigen Schalen Preisvorteile. Dieses Keramik-Geschirrset f\u00fcr Restaurants bietet Gastronomiebetrieben oder H\u00e4ndlern kosteng\u00fcnstige Einkaufsm\u00f6glichkeiten, wodurch Kosten gesenkt und Gewinne gesteigert werden k\u00f6nnen.<\/li>\n<\/ul>\n<\/div>\n\n\n\n<div class=\"wp-block-column is-layout-flow wp-block-column-is-layout-flow\" style=\"flex-basis:50%\">\n<figure class=\"wp-block-image size-full\"><img fetchpriority=\"high\" decoding=\"async\" width=\"1212\" height=\"1214\" src=\"https:\/\/jinhuaceramic.com\/wp-content\/uploads\/2024\/04\/heart-shaped-plate-ceramic-tableware-wholesale-diner-set-6.webp\" alt=\"Individuelles keramisches Diner-Set, herzf\u00f6rmige Sch\u00fcsseln im Gro\u00dfhandel\" class=\"wp-image-3363\" srcset=\"https:\/\/jinhuaceramic.com\/wp-content\/uploads\/2024\/04\/heart-shaped-plate-ceramic-tableware-wholesale-diner-set-6.webp 1212w, https:\/\/jinhuaceramic.com\/wp-content\/uploads\/2024\/04\/heart-shaped-plate-ceramic-tableware-wholesale-diner-set-6-300x300.webp 300w, https:\/\/jinhuaceramic.com\/wp-content\/uploads\/2024\/04\/heart-shaped-plate-ceramic-tableware-wholesale-diner-set-6-150x150.webp 150w, https:\/\/jinhuaceramic.com\/wp-content\/uploads\/2024\/04\/heart-shaped-plate-ceramic-tableware-wholesale-diner-set-6-768x769.webp 768w, https:\/\/jinhuaceramic.com\/wp-content\/uploads\/2024\/04\/heart-shaped-plate-ceramic-tableware-wholesale-diner-set-6-285x285.webp 285w, https:\/\/jinhuaceramic.com\/wp-content\/uploads\/2024\/04\/heart-shaped-plate-ceramic-tableware-wholesale-diner-set-6-270x270.webp 270w, https:\/\/jinhuaceramic.com\/wp-content\/uploads\/2024\/04\/heart-shaped-plate-ceramic-tableware-wholesale-diner-set-6-540x540.webp 540w, https:\/\/jinhuaceramic.com\/wp-content\/uploads\/2024\/04\/heart-shaped-plate-ceramic-tableware-wholesale-diner-set-6-660x660.webp 660w\" sizes=\"(max-width: 1212px) 100vw, 1212px\" \/><\/figure>\n<\/div>\n<\/div>","protected":false},"excerpt":{"rendered":"<p>Willkommen beim Gro\u00dfhandel f\u00fcr verschiedene Arten von Keramikschalen. Dieses ma\u00dfgeschneiderte Keramik-Geschirrset bietet mit seinem romantischen Design, den hochwertigen Materialien, den vielf\u00e4ltigen Verwendungsm\u00f6glichkeiten und den Gro\u00dfhandelsvorteilen eine einzigartige Auswahl an Geschirr f\u00fcr Restaurants oder H\u00e4ndler. Es sorgt f\u00fcr ein einzigartiges Esserlebnis f\u00fcr Kunden und bringt H\u00e4ndlern mehr Vorteile. Viele Verkaufschancen.<\/p>","protected":false},"featured_media":3360,"comment_status":"closed","ping_status":"closed","template":"","meta":{"_acf_changed":false},"product_brand":[],"product_cat":[54,85],"product_tag":[78],"class_list":{"0":"post-3357","1":"product","2":"type-product","3":"status-publish","4":"has-post-thumbnail","6":"product_cat-tableware-wholesale","7":"product_cat-wholesale-ceramic-bowls","8":"product_tag-bulk-ceramic-bowls","10":"first","11":"instock","12":"shipping-taxable","13":"product-type-simple"},"acf":[],"_links":{"self":[{"href":"https:\/\/jinhuaceramic.com\/de\/wp-json\/wp\/v2\/product\/3357","targetHints":{"allow":["GET"]}}],"collection":[{"href":"https:\/\/jinhuaceramic.com\/de\/wp-json\/wp\/v2\/product"}],"about":[{"href":"https:\/\/jinhuaceramic.com\/de\/wp-json\/wp\/v2\/types\/product"}],"replies":[{"embeddable":true,"href":"https:\/\/jinhuaceramic.com\/de\/wp-json\/wp\/v2\/comments?post=3357"}],"version-history":[{"count":0,"href":"https:\/\/jinhuaceramic.com\/de\/wp-json\/wp\/v2\/product\/3357\/revisions"}],"wp:featuredmedia":[{"embeddable":true,"href":"https:\/\/jinhuaceramic.com\/de\/wp-json\/wp\/v2\/media\/3360"}],"wp:attachment":[{"href":"https:\/\/jinhuaceramic.com\/de\/wp-json\/wp\/v2\/media?parent=3357"}],"wp:term":[{"taxonomy":"product_brand","embeddable":true,"href":"https:\/\/jinhuaceramic.com\/de\/wp-json\/wp\/v2\/product_brand?post=3357"},{"taxonomy":"product_cat","embeddable":true,"href":"https:\/\/jinhuaceramic.com\/de\/wp-json\/wp\/v2\/product_cat?post=3357"},{"taxonomy":"product_tag","embeddable":true,"href":"https:\/\/jinhuaceramic.com\/de\/wp-json\/wp\/v2\/product_tag?post=3357"}],"curies":[{"name":"wp","href":"https:\/\/api.w.org\/{rel}","templated":true}]}}