{"id":3368,"date":"2024-04-10T10:07:00","date_gmt":"2024-04-10T10:07:00","guid":{"rendered":"https:\/\/jinhuaceramic.com\/?post_type=product&#038;p=3368"},"modified":"2025-04-19T09:27:23","modified_gmt":"2025-04-19T09:27:23","slug":"wholesale-ceramic-tableware","status":"publish","type":"product","link":"https:\/\/jinhuaceramic.com\/de\/product\/wholesale-ceramic-tableware\/","title":{"rendered":"Gro\u00dfhandel Keramik Geschirr Pentagon Form Platte mit Griff"},"content":{"rendered":"<div class=\"wp-block-columns is-layout-flex wp-container-core-columns-is-layout-9d6595d7 wp-block-columns-is-layout-flex\">\n<div class=\"wp-block-column is-layout-flow wp-block-column-is-layout-flow\" style=\"flex-basis:50%\">\n<h3 class=\"wp-block-heading\">Premium-Gro\u00dfhandel Keramik-Geschirr Merkmale:<\/h3>\n\n\n\n<ul class=\"wp-block-list\">\n<li><strong>Innovatives Design in Sternform: <\/strong>Jinhua Gro\u00dfhandel Keramik Geschirr Hersteller bietet Ihnen Keramik Schalen lose mit einem einzigartigen Stern Form, die sowohl modisch und kreativ ist, geeignet f\u00fcr das Essen Erfahrung in verschiedenen Gelegenheiten.<\/li>\n\n\n\n<li><strong>Gro\u00dfes Fassungsverm\u00f6gen und praktischer Nutzen: <\/strong>Diese Suppensch\u00fcsseln mit Griffen im Gro\u00dfraumdesign haben ein ausreichendes Fassungsverm\u00f6gen und eignen sich f\u00fcr eine Vielzahl von Speisen wie Suppen, Salate, Eint\u00f6pfe usw., um den Bed\u00fcrfnissen von Familienfeiern oder Restaurants gerecht zu werden, und sind ideal f\u00fcr den t\u00e4glichen Gebrauch.<\/li>\n\n\n\n<li><strong>Bequemes Griffdesign: <\/strong>Jede Keramiksch\u00fcssel ist mit einem praktischen Griff ausgestattet, der das Einnehmen und Ausgie\u00dfen von Speisen erleichtert, egal ob es sich um hei\u00dfe Suppe oder kalte Speisen handelt, es ist bequemer und sicherer zu benutzen, und unser Gro\u00dfhandelskeramikgeschirr kann das Esserlebnis f\u00fcr Restaurants verbessern.<\/li>\n\n\n\n<li><strong>Elegante wei\u00dfe Glasur: <\/strong>Durch die elegante wei\u00dfe Glasur sind diese Suppenschalen mit Henkel nicht nur leicht zu reinigen, sondern passen auch perfekt zu jeder Tischdekoration. Ihr klassisches Aussehen kann sich an verschiedene Stile von Restaurants oder Wohnumgebungen anpassen und die gesamte Essatmosph\u00e4re verbessern.<\/li>\n<\/ul>\n<\/div>\n\n\n\n<div class=\"wp-block-column is-layout-flow wp-block-column-is-layout-flow\" style=\"flex-basis:50%\">\n<figure class=\"wp-block-image size-full\"><img fetchpriority=\"high\" decoding=\"async\" width=\"1202\" height=\"1206\" src=\"https:\/\/jinhuaceramic.com\/wp-content\/uploads\/2024\/04\/pentagon-shape-plate-ceramic-tableware-wholesale-dinnerware-7.webp\" alt=\"Gro\u00dfhandel Keramik Geschirr, Suppenschalen mit Griffen Bulk-1\" class=\"wp-image-3374\" srcset=\"https:\/\/jinhuaceramic.com\/wp-content\/uploads\/2024\/04\/pentagon-shape-plate-ceramic-tableware-wholesale-dinnerware-7.webp 1202w, https:\/\/jinhuaceramic.com\/wp-content\/uploads\/2024\/04\/pentagon-shape-plate-ceramic-tableware-wholesale-dinnerware-7-300x300.webp 300w, https:\/\/jinhuaceramic.com\/wp-content\/uploads\/2024\/04\/pentagon-shape-plate-ceramic-tableware-wholesale-dinnerware-7-150x150.webp 150w, https:\/\/jinhuaceramic.com\/wp-content\/uploads\/2024\/04\/pentagon-shape-plate-ceramic-tableware-wholesale-dinnerware-7-768x771.webp 768w, https:\/\/jinhuaceramic.com\/wp-content\/uploads\/2024\/04\/pentagon-shape-plate-ceramic-tableware-wholesale-dinnerware-7-285x286.webp 285w, https:\/\/jinhuaceramic.com\/wp-content\/uploads\/2024\/04\/pentagon-shape-plate-ceramic-tableware-wholesale-dinnerware-7-270x270.webp 270w, https:\/\/jinhuaceramic.com\/wp-content\/uploads\/2024\/04\/pentagon-shape-plate-ceramic-tableware-wholesale-dinnerware-7-658x660.webp 658w\" sizes=\"(max-width: 1202px) 100vw, 1202px\" \/><\/figure>\n<\/div>\n<\/div>","protected":false},"excerpt":{"rendered":"<p>Willkommen im Gro\u00dfhandel Keramik-Geschirr zu kaufen. Unsere Suppensch\u00fcsseln mit Griffen kombinieren ein innovatives sternf\u00f6rmiges Design und ein gro\u00dfes Fassungsverm\u00f6gen, geeignet f\u00fcr Suppen und Salate. Die praktischen Griffe machen es bequem zu bedienen, w\u00e4hrend die elegante wei\u00dfe Glasur leicht zu jedem Tisch Stil passt.<\/p>","protected":false},"featured_media":3370,"comment_status":"closed","ping_status":"closed","template":"","meta":{"_acf_changed":false},"product_brand":[],"product_cat":[54,85],"product_tag":[78,77],"class_list":{"0":"post-3368","1":"product","2":"type-product","3":"status-publish","4":"has-post-thumbnail","6":"product_cat-tableware-wholesale","7":"product_cat-wholesale-ceramic-bowls","8":"product_tag-bulk-ceramic-bowls","9":"product_tag-bulk-serving-platters","11":"first","12":"instock","13":"shipping-taxable","14":"product-type-simple"},"acf":[],"_links":{"self":[{"href":"https:\/\/jinhuaceramic.com\/de\/wp-json\/wp\/v2\/product\/3368","targetHints":{"allow":["GET"]}}],"collection":[{"href":"https:\/\/jinhuaceramic.com\/de\/wp-json\/wp\/v2\/product"}],"about":[{"href":"https:\/\/jinhuaceramic.com\/de\/wp-json\/wp\/v2\/types\/product"}],"replies":[{"embeddable":true,"href":"https:\/\/jinhuaceramic.com\/de\/wp-json\/wp\/v2\/comments?post=3368"}],"version-history":[{"count":0,"href":"https:\/\/jinhuaceramic.com\/de\/wp-json\/wp\/v2\/product\/3368\/revisions"}],"wp:featuredmedia":[{"embeddable":true,"href":"https:\/\/jinhuaceramic.com\/de\/wp-json\/wp\/v2\/media\/3370"}],"wp:attachment":[{"href":"https:\/\/jinhuaceramic.com\/de\/wp-json\/wp\/v2\/media?parent=3368"}],"wp:term":[{"taxonomy":"product_brand","embeddable":true,"href":"https:\/\/jinhuaceramic.com\/de\/wp-json\/wp\/v2\/product_brand?post=3368"},{"taxonomy":"product_cat","embeddable":true,"href":"https:\/\/jinhuaceramic.com\/de\/wp-json\/wp\/v2\/product_cat?post=3368"},{"taxonomy":"product_tag","embeddable":true,"href":"https:\/\/jinhuaceramic.com\/de\/wp-json\/wp\/v2\/product_tag?post=3368"}],"curies":[{"name":"wp","href":"https:\/\/api.w.org\/{rel}","templated":true}]}}