{"id":3401,"date":"2024-04-11T01:10:56","date_gmt":"2024-04-11T01:10:56","guid":{"rendered":"https:\/\/jinhuaceramic.com\/?post_type=product&#038;p=3401"},"modified":"2025-04-21T02:14:49","modified_gmt":"2025-04-21T02:14:49","slug":"ceramic-tableware-wholesale","status":"publish","type":"product","link":"https:\/\/jinhuaceramic.com\/de\/product\/ceramic-tableware-wholesale\/","title":{"rendered":"Fabrik direkt keramische Geschirr Gro\u00dfhandel, einfache Designs gro\u00dfe Schalen Bulk"},"content":{"rendered":"<div class=\"wp-block-columns is-layout-flex wp-container-core-columns-is-layout-9d6595d7 wp-block-columns-is-layout-flex\">\n<div class=\"wp-block-column is-layout-flow wp-block-column-is-layout-flow\" style=\"flex-basis:50%\">\n<h3 class=\"wp-block-heading\">Premium-Keramik-Geschirr Gro\u00dfhandel Merkmale:<\/h3>\n\n\n\n<ul class=\"wp-block-list\">\n<li><strong>Direktverkauf ab Werk: <\/strong>Unser Keramikgeschirr-Gro\u00dfhandel kommt direkt von der Geschirrfabrik, so dass der Zwischenhandel entf\u00e4llt und Sie hochwertige Produkte zum g\u00fcnstigsten Preis erhalten, was den Kunden flexible Einkaufsm\u00f6glichkeiten bietet.<\/li>\n\n\n\n<li><strong>Einfaches Design:<\/strong> Diese gro\u00dfen Sch\u00fcsseln haben ein einfaches und elegantes Design, das sich f\u00fcr verschiedene Anl\u00e4sse eignet. Ob es sich um ein Familientreffen, ein t\u00e4gliches Essen oder gesch\u00e4ftliche Aktivit\u00e4ten handelt, dieser einfache Stil l\u00e4sst sich leicht in verschiedene Tischlayouts integrieren.<\/li>\n\n\n\n<li><strong>Mehrere Farboptionen: <\/strong>Um den individuellen Bed\u00fcrfnissen verschiedener Kunden gerecht zu werden, bieten wir eine Vielzahl von Farboptionen f\u00fcr Keramikgeschirr im Gro\u00dfhandel an, darunter klassisches Wei\u00df, warmes Beige und lebhafte dunkle T\u00f6ne. Diese Gro\u00dfhandel Keramik Schalen k\u00f6nnen perfekt mit dem allgemeinen Ton Ihres Restaurants oder zu Hause.<\/li>\n\n\n\n<li><strong>Gro\u00dfes Fassungsverm\u00f6gen und praktischer Nutzen: <\/strong>Diese gro\u00dfen Sch\u00fcsseln in Gro\u00dfformat haben ein ausreichendes Fassungsverm\u00f6gen, das sich f\u00fcr Suppen, Eint\u00f6pfe, Salate und andere K\u00f6stlichkeiten eignet und sich flexibel an die verschiedenen Bed\u00fcrfnisse beim Essen anpassen l\u00e4sst. Ob f\u00fcr ein herzhaftes Familienessen oder f\u00fcr den Restaurantservice, diese gro\u00dfen Sch\u00fcsseln k\u00f6nnen Ihre Erwartungen erf\u00fcllen.<\/li>\n<\/ul>\n<\/div>\n\n\n\n<div class=\"wp-block-column is-layout-flow wp-block-column-is-layout-flow\" style=\"flex-basis:50%\">\n<figure class=\"wp-block-image size-full\"><img fetchpriority=\"high\" decoding=\"async\" width=\"1500\" height=\"1050\" src=\"https:\/\/jinhuaceramic.com\/wp-content\/uploads\/2024\/04\/simple-plate-designs-wholesale-tableware-1.webp\" alt=\"Fabrik direkte keramische Geschirr Gro\u00dfhandel, einfache Designs gro\u00dfe Schalen Bulk-1\" class=\"wp-image-3402\" srcset=\"https:\/\/jinhuaceramic.com\/wp-content\/uploads\/2024\/04\/simple-plate-designs-wholesale-tableware-1.webp 1500w, https:\/\/jinhuaceramic.com\/wp-content\/uploads\/2024\/04\/simple-plate-designs-wholesale-tableware-1-300x210.webp 300w, https:\/\/jinhuaceramic.com\/wp-content\/uploads\/2024\/04\/simple-plate-designs-wholesale-tableware-1-768x538.webp 768w, https:\/\/jinhuaceramic.com\/wp-content\/uploads\/2024\/04\/simple-plate-designs-wholesale-tableware-1-285x200.webp 285w, https:\/\/jinhuaceramic.com\/wp-content\/uploads\/2024\/04\/simple-plate-designs-wholesale-tableware-1-660x462.webp 660w, https:\/\/jinhuaceramic.com\/wp-content\/uploads\/2024\/04\/simple-plate-designs-wholesale-tableware-1-150x105.webp 150w\" sizes=\"(max-width: 1500px) 100vw, 1500px\" \/><\/figure>\n<\/div>\n<\/div>","protected":false},"excerpt":{"rendered":"<p>Willkommen bei gro\u00dfen Schalen bulk kaufen. Diese Fabrik direkt Keramik Geschirr Gro\u00dfhandel bietet gro\u00dfe Schalen mit einfachem Design, die sowohl praktisch und sch\u00f6n ist. Eine Vielzahl von Farboptionen machen es geeignet f\u00fcr verschiedene Gelegenheiten zum Essen. Die hochwertigen Materialien und das Design mit gro\u00dfem Fassungsverm\u00f6gen bieten den Kunden flexible L\u00f6sungen f\u00fcr das Essen. Es ist eine ideale Wahl, um den Charme des Esstisches zu verbessern.<\/p>","protected":false},"featured_media":3406,"comment_status":"closed","ping_status":"closed","template":"","meta":{"_acf_changed":false},"product_brand":[],"product_cat":[54,85],"product_tag":[78],"class_list":{"0":"post-3401","1":"product","2":"type-product","3":"status-publish","4":"has-post-thumbnail","6":"product_cat-tableware-wholesale","7":"product_cat-wholesale-ceramic-bowls","8":"product_tag-bulk-ceramic-bowls","10":"first","11":"instock","12":"shipping-taxable","13":"product-type-simple"},"acf":[],"_links":{"self":[{"href":"https:\/\/jinhuaceramic.com\/de\/wp-json\/wp\/v2\/product\/3401","targetHints":{"allow":["GET"]}}],"collection":[{"href":"https:\/\/jinhuaceramic.com\/de\/wp-json\/wp\/v2\/product"}],"about":[{"href":"https:\/\/jinhuaceramic.com\/de\/wp-json\/wp\/v2\/types\/product"}],"replies":[{"embeddable":true,"href":"https:\/\/jinhuaceramic.com\/de\/wp-json\/wp\/v2\/comments?post=3401"}],"version-history":[{"count":0,"href":"https:\/\/jinhuaceramic.com\/de\/wp-json\/wp\/v2\/product\/3401\/revisions"}],"wp:featuredmedia":[{"embeddable":true,"href":"https:\/\/jinhuaceramic.com\/de\/wp-json\/wp\/v2\/media\/3406"}],"wp:attachment":[{"href":"https:\/\/jinhuaceramic.com\/de\/wp-json\/wp\/v2\/media?parent=3401"}],"wp:term":[{"taxonomy":"product_brand","embeddable":true,"href":"https:\/\/jinhuaceramic.com\/de\/wp-json\/wp\/v2\/product_brand?post=3401"},{"taxonomy":"product_cat","embeddable":true,"href":"https:\/\/jinhuaceramic.com\/de\/wp-json\/wp\/v2\/product_cat?post=3401"},{"taxonomy":"product_tag","embeddable":true,"href":"https:\/\/jinhuaceramic.com\/de\/wp-json\/wp\/v2\/product_tag?post=3401"}],"curies":[{"name":"wp","href":"https:\/\/api.w.org\/{rel}","templated":true}]}}