{"id":3412,"date":"2024-04-11T01:24:53","date_gmt":"2024-04-11T01:24:53","guid":{"rendered":"https:\/\/jinhuaceramic.com\/?post_type=product&#038;p=3412"},"modified":"2025-04-21T02:17:57","modified_gmt":"2025-04-21T02:17:57","slug":"white-ceramic-bowls-bulk","status":"publish","type":"product","link":"https:\/\/jinhuaceramic.com\/de\/product\/white-ceramic-bowls-bulk\/","title":{"rendered":"Stilvolle wei\u00dfe Keramiksch\u00fcsseln Bulk, Restaurant Suppensch\u00fcsseln Gro\u00dfhandel"},"content":{"rendered":"<div class=\"wp-block-columns is-layout-flex wp-container-core-columns-is-layout-9d6595d7 wp-block-columns-is-layout-flex\">\n<div class=\"wp-block-column is-layout-flow wp-block-column-is-layout-flow\" style=\"flex-basis:50%\">\n<h3 class=\"wp-block-heading\">Premium-Keramikschalen Bulk Merkmale:<\/h3>\n\n\n\n<ul class=\"wp-block-list\">\n<li><strong>Elegantes und stilvolles Design: <\/strong>Diese wei\u00dfen Keramiksch\u00fcsseln in loser Sch\u00fcttung zeichnen sich durch ein schlichtes und elegantes Designkonzept aus, das sich f\u00fcr jede Essumgebung eignet. Ihr klassischer wei\u00dfer Ton bietet eine perfekte Kulisse f\u00fcr eine Vielzahl von Gerichten, die das gesamte Esserlebnis verbessern und eine hochwertige und stilvolle Atmosph\u00e4re schaffen k\u00f6nnen.<\/li>\n\n\n\n<li><strong>Verschiedene gepr\u00e4gte Musteroptionen: <\/strong>Unsere Suppenschalen f\u00fcr Restaurants bieten eine Vielzahl von gepr\u00e4gten Mustern, von zarten floralen Strukturen bis hin zu modernen geometrischen Mustern, und der reichhaltige Designstil l\u00e4sst sich leicht in jede Restaurantdekoration integrieren.<\/li>\n\n\n\n<li><strong>Hochwertiges keramisches Material: <\/strong>Unsere wei\u00dfen Keramiksch\u00fcsseln werden aus hochwertigem Keramikmaterial hergestellt, um sicherzustellen, dass jede Sch\u00fcssel eine ausgezeichnete Haltbarkeit und Stabilit\u00e4t aufweist. Sie halten den Anforderungen des t\u00e4glichen Essens stand und sind nicht leicht zu zerbrechen, was eine lange Lebensdauer gew\u00e4hrleistet.<\/li>\n\n\n\n<li><strong>Gro\u00dfes Fassungsverm\u00f6gen und praktischer Nutzen: <\/strong>Diese Suppensch\u00fcsseln f\u00fcr Restaurants im Gro\u00dfhandel haben ein gro\u00dfes Fassungsverm\u00f6gen f\u00fcr eine Vielzahl von Suppen, Eint\u00f6pfen und anderen K\u00f6stlichkeiten und eignen sich daher sehr gut f\u00fcr den Bedarf von Restaurants mit gro\u00dfem Volumen. Ob herzhafte Suppen oder elegante Hauptgerichte serviert werden, kann diese Suppensch\u00fcssel perfekt pr\u00e4sentiert werden, um Kunden visuellen und geschmacklichen Genuss zu befriedigen.<\/li>\n<\/ul>\n<\/div>\n\n\n\n<div class=\"wp-block-column is-layout-flow wp-block-column-is-layout-flow\" style=\"flex-basis:50%\">\n<figure class=\"wp-block-image size-full\"><img fetchpriority=\"high\" decoding=\"async\" width=\"1395\" height=\"1500\" src=\"https:\/\/jinhuaceramic.com\/wp-content\/uploads\/2024\/04\/white-ceramic-bowl-wholesale-tableware-1.webp\" alt=\"Stilvolle wei\u00dfe Keramikschalen Bulk, Restaurant Suppenschalen Gro\u00dfhandel-1\" class=\"wp-image-3413\" srcset=\"https:\/\/jinhuaceramic.com\/wp-content\/uploads\/2024\/04\/white-ceramic-bowl-wholesale-tableware-1.webp 1395w, https:\/\/jinhuaceramic.com\/wp-content\/uploads\/2024\/04\/white-ceramic-bowl-wholesale-tableware-1-279x300.webp 279w, https:\/\/jinhuaceramic.com\/wp-content\/uploads\/2024\/04\/white-ceramic-bowl-wholesale-tableware-1-768x826.webp 768w, https:\/\/jinhuaceramic.com\/wp-content\/uploads\/2024\/04\/white-ceramic-bowl-wholesale-tableware-1-285x306.webp 285w, https:\/\/jinhuaceramic.com\/wp-content\/uploads\/2024\/04\/white-ceramic-bowl-wholesale-tableware-1-614x660.webp 614w, https:\/\/jinhuaceramic.com\/wp-content\/uploads\/2024\/04\/white-ceramic-bowl-wholesale-tableware-1-140x150.webp 140w\" sizes=\"(max-width: 1395px) 100vw, 1395px\" \/><\/figure>\n<\/div>\n<\/div>","protected":false},"excerpt":{"rendered":"<p>Willkommen zum Kauf Restaurant Suppenschalen Gro\u00dfhandel. Diese stilvollen wei\u00dfen Keramikschalen Gro\u00dfhandel bieten eine Vielzahl von gepr\u00e4gten Muster Optionen, die sowohl sch\u00f6n und praktisch sind. Das hochwertige Keramikmaterial sorgt f\u00fcr Langlebigkeit und einfache Reinigung, und die ausgezeichnete Kapazit\u00e4t erf\u00fcllt die Bed\u00fcrfnisse einer Vielzahl von Gerichten, so dass es eine ideale Wahl f\u00fcr Gro\u00dfeink\u00e4ufe.<\/p>","protected":false},"featured_media":3416,"comment_status":"closed","ping_status":"closed","template":"","meta":{"_acf_changed":false},"product_brand":[],"product_cat":[54,85],"product_tag":[78],"class_list":{"0":"post-3412","1":"product","2":"type-product","3":"status-publish","4":"has-post-thumbnail","6":"product_cat-tableware-wholesale","7":"product_cat-wholesale-ceramic-bowls","8":"product_tag-bulk-ceramic-bowls","10":"first","11":"instock","12":"shipping-taxable","13":"product-type-simple"},"acf":[],"_links":{"self":[{"href":"https:\/\/jinhuaceramic.com\/de\/wp-json\/wp\/v2\/product\/3412","targetHints":{"allow":["GET"]}}],"collection":[{"href":"https:\/\/jinhuaceramic.com\/de\/wp-json\/wp\/v2\/product"}],"about":[{"href":"https:\/\/jinhuaceramic.com\/de\/wp-json\/wp\/v2\/types\/product"}],"replies":[{"embeddable":true,"href":"https:\/\/jinhuaceramic.com\/de\/wp-json\/wp\/v2\/comments?post=3412"}],"version-history":[{"count":0,"href":"https:\/\/jinhuaceramic.com\/de\/wp-json\/wp\/v2\/product\/3412\/revisions"}],"wp:featuredmedia":[{"embeddable":true,"href":"https:\/\/jinhuaceramic.com\/de\/wp-json\/wp\/v2\/media\/3416"}],"wp:attachment":[{"href":"https:\/\/jinhuaceramic.com\/de\/wp-json\/wp\/v2\/media?parent=3412"}],"wp:term":[{"taxonomy":"product_brand","embeddable":true,"href":"https:\/\/jinhuaceramic.com\/de\/wp-json\/wp\/v2\/product_brand?post=3412"},{"taxonomy":"product_cat","embeddable":true,"href":"https:\/\/jinhuaceramic.com\/de\/wp-json\/wp\/v2\/product_cat?post=3412"},{"taxonomy":"product_tag","embeddable":true,"href":"https:\/\/jinhuaceramic.com\/de\/wp-json\/wp\/v2\/product_tag?post=3412"}],"curies":[{"name":"wp","href":"https:\/\/api.w.org\/{rel}","templated":true}]}}