{"id":3420,"date":"2024-04-11T01:34:39","date_gmt":"2024-04-11T01:34:39","guid":{"rendered":"https:\/\/jinhuaceramic.com\/?post_type=product&#038;p=3420"},"modified":"2025-04-21T02:32:17","modified_gmt":"2025-04-21T02:32:17","slug":"bulk-ceramic-bowls","status":"publish","type":"product","link":"https:\/\/jinhuaceramic.com\/de\/product\/bulk-ceramic-bowls\/","title":{"rendered":"Bulk Keramikschalen, Premium Geschirr, Bulk Suppenschalen"},"content":{"rendered":"<div class=\"wp-block-columns is-layout-flex wp-container-core-columns-is-layout-9d6595d7 wp-block-columns-is-layout-flex\">\n<div class=\"wp-block-column is-layout-flow wp-block-column-is-layout-flow\" style=\"flex-basis:50%\">\n<h3 class=\"wp-block-heading\">Premium Bulk-Keramikschalen Merkmale:<\/h3>\n\n\n\n<ul class=\"wp-block-list\">\n<li><strong>Hochwertiges keramisches Material: <\/strong>Diese gro\u00dfen Keramiksch\u00fcsseln sind aus hochwertigem Keramikmaterial hergestellt, das eine ausgezeichnete Haltbarkeit und Stabilit\u00e4t gew\u00e4hrleistet. Dank der hochwertigen Verarbeitung kann jede Schale w\u00e4hrend des Gebrauchs nicht leicht zerbrechen und erf\u00fcllt die Anforderungen des t\u00e4glichen Gebrauchs in Restaurants und Haushalten.<\/li>\n\n\n\n<li><strong>Wei\u00dfe, leicht zu reinigende Glasur: <\/strong>Die Oberfl\u00e4che unserer gro\u00dfen Suppenschalen ist mit einer glatten wei\u00dfen Glasur versehen, die sich hervorragend reinigen l\u00e4sst. Ob Suppe, Salat oder Hauptgericht - nach dem Gebrauch einfach abwischen oder absp\u00fclen und schon ist sie wieder wie neu.<\/li>\n\n\n\n<li><strong>Mehrere Gr\u00f6\u00dfenoptionen: <\/strong>Wir bieten Keramiksch\u00fcsseln in einer Vielzahl von Gr\u00f6\u00dfen f\u00fcr unterschiedliche Bed\u00fcrfnisse in der Gastronomie an. Ob es sich um eine Schale f\u00fcr kleine Beilagen oder eine Suppensch\u00fcssel mit gro\u00dfem Fassungsverm\u00f6gen handelt, diese Schalen eignen sich f\u00fcr verschiedene Essensanl\u00e4sse und k\u00f6nnen flexibel f\u00fcr unterschiedliche Gerichte verwendet werden.<\/li>\n\n\n\n<li><strong>Klassisch einfacher Stil: <\/strong>Das wei\u00dfe Design verleiht diesen gro\u00dfen Suppenschalen ein klassisches und elegantes Aussehen, das zu jedem Tisch passt. Ob es sich um ein Familientreffen, ein t\u00e4gliches Essen oder ein gehobenes Bankett handelt, diese Schalen verleihen Ihrem Tisch einen Hauch von Raffinesse und Charme.<\/li>\n<\/ul>\n<\/div>\n\n\n\n<div class=\"wp-block-column is-layout-flow wp-block-column-is-layout-flow\" style=\"flex-basis:50%\">\n<figure class=\"wp-block-image size-full\"><img fetchpriority=\"high\" decoding=\"async\" width=\"1500\" height=\"1500\" src=\"https:\/\/jinhuaceramic.com\/wp-content\/uploads\/2024\/04\/bulk-ceramic-bowls-tableware-wholesale-5.webp\" alt=\"Bulk Keramikschalen, Premium-Geschirr, Bulk Suppenschalen-1\" class=\"wp-image-3424\" srcset=\"https:\/\/jinhuaceramic.com\/wp-content\/uploads\/2024\/04\/bulk-ceramic-bowls-tableware-wholesale-5.webp 1500w, https:\/\/jinhuaceramic.com\/wp-content\/uploads\/2024\/04\/bulk-ceramic-bowls-tableware-wholesale-5-300x300.webp 300w, https:\/\/jinhuaceramic.com\/wp-content\/uploads\/2024\/04\/bulk-ceramic-bowls-tableware-wholesale-5-150x150.webp 150w, https:\/\/jinhuaceramic.com\/wp-content\/uploads\/2024\/04\/bulk-ceramic-bowls-tableware-wholesale-5-768x768.webp 768w, https:\/\/jinhuaceramic.com\/wp-content\/uploads\/2024\/04\/bulk-ceramic-bowls-tableware-wholesale-5-285x285.webp 285w, https:\/\/jinhuaceramic.com\/wp-content\/uploads\/2024\/04\/bulk-ceramic-bowls-tableware-wholesale-5-270x270.webp 270w, https:\/\/jinhuaceramic.com\/wp-content\/uploads\/2024\/04\/bulk-ceramic-bowls-tableware-wholesale-5-540x540.webp 540w, https:\/\/jinhuaceramic.com\/wp-content\/uploads\/2024\/04\/bulk-ceramic-bowls-tableware-wholesale-5-660x660.webp 660w\" sizes=\"(max-width: 1500px) 100vw, 1500px\" \/><\/figure>\n<\/div>\n<\/div>","protected":false},"excerpt":{"rendered":"<p>Willkommen zum Kauf von Suppensch\u00fcsseln in gro\u00dfen Mengen. Unsere gro\u00dfen Keramiksch\u00fcsseln sind aus hochwertigem Keramikmaterial mit einer wei\u00dfen, leicht zu reinigenden Glasur f\u00fcr einfache Pflege. Sie sind in verschiedenen Gr\u00f6\u00dfen erh\u00e4ltlich, um den unterschiedlichen Bed\u00fcrfnissen beim Essen gerecht zu werden. Ihr klassisches und einfaches Design macht sie f\u00fcr verschiedene Anl\u00e4sse geeignet und ist ein ideales hochwertiges Geschirr.<\/p>","protected":false},"featured_media":3424,"comment_status":"closed","ping_status":"closed","template":"","meta":{"_acf_changed":false},"product_brand":[],"product_cat":[54,85],"product_tag":[78],"class_list":{"0":"post-3420","1":"product","2":"type-product","3":"status-publish","4":"has-post-thumbnail","6":"product_cat-tableware-wholesale","7":"product_cat-wholesale-ceramic-bowls","8":"product_tag-bulk-ceramic-bowls","10":"first","11":"instock","12":"shipping-taxable","13":"product-type-simple"},"acf":[],"_links":{"self":[{"href":"https:\/\/jinhuaceramic.com\/de\/wp-json\/wp\/v2\/product\/3420","targetHints":{"allow":["GET"]}}],"collection":[{"href":"https:\/\/jinhuaceramic.com\/de\/wp-json\/wp\/v2\/product"}],"about":[{"href":"https:\/\/jinhuaceramic.com\/de\/wp-json\/wp\/v2\/types\/product"}],"replies":[{"embeddable":true,"href":"https:\/\/jinhuaceramic.com\/de\/wp-json\/wp\/v2\/comments?post=3420"}],"version-history":[{"count":0,"href":"https:\/\/jinhuaceramic.com\/de\/wp-json\/wp\/v2\/product\/3420\/revisions"}],"wp:featuredmedia":[{"embeddable":true,"href":"https:\/\/jinhuaceramic.com\/de\/wp-json\/wp\/v2\/media\/3424"}],"wp:attachment":[{"href":"https:\/\/jinhuaceramic.com\/de\/wp-json\/wp\/v2\/media?parent=3420"}],"wp:term":[{"taxonomy":"product_brand","embeddable":true,"href":"https:\/\/jinhuaceramic.com\/de\/wp-json\/wp\/v2\/product_brand?post=3420"},{"taxonomy":"product_cat","embeddable":true,"href":"https:\/\/jinhuaceramic.com\/de\/wp-json\/wp\/v2\/product_cat?post=3420"},{"taxonomy":"product_tag","embeddable":true,"href":"https:\/\/jinhuaceramic.com\/de\/wp-json\/wp\/v2\/product_tag?post=3420"}],"curies":[{"name":"wp","href":"https:\/\/api.w.org\/{rel}","templated":true}]}}