{"id":3445,"date":"2024-04-11T07:05:38","date_gmt":"2024-04-11T07:05:38","guid":{"rendered":"https:\/\/jinhuaceramic.com\/?post_type=product&#038;p=3445"},"modified":"2026-02-05T01:59:59","modified_gmt":"2026-02-05T01:59:59","slug":"wholesale-ceramic-bath-accessories","status":"publish","type":"product","link":"https:\/\/jinhuaceramic.com\/de\/product\/wholesale-ceramic-bath-accessories\/","title":{"rendered":"Gro\u00dfhandel keramische Bad-Accessoires, Hotel Badezimmer Set Bulk"},"content":{"rendered":"<div class=\"wp-block-columns is-layout-flex wp-container-core-columns-is-layout-9d6595d7 wp-block-columns-is-layout-flex\">\n<div class=\"wp-block-column is-layout-flow wp-block-column-is-layout-flow\" style=\"flex-basis:50%\">\n<h3 class=\"wp-block-heading\">Premium-Gro\u00dfhandel keramische Bad-Accessoires Eigenschaften:<\/h3>\n\n\n\n<ul class=\"wp-block-list\">\n<li><strong>Verbessern Sie die Hotelnote: <\/strong>Dieser Satz von Gro\u00dfhandel Keramik Bad-Accessoires hat ein hochwertiges Luxus-Design, perfekt auf das Hotel Bad Dekoration Stil und Verbesserung der allgemeinen Sinn f\u00fcr Qualit\u00e4t und Komfort des Raumes.<\/li>\n\n\n\n<li><strong>Starke Haltbarkeit: <\/strong>Das Gro\u00dfhandels-Badezimmer-Set ist hochqualitativ in keramischem Material, resistent gegen Risse und hohe Temperaturen, ausgezeichnet in der Haltbarkeit, und Leichtigkeit zu reinigen h\u00e4lt es in gutem Zustand f\u00fcr lange Zeit in Umgebungen, in denen seine Nutzung Frequenz ist hoch.<\/li>\n\n\n\n<li><strong>Kompletter Satz Zubeh\u00f6r: <\/strong>Unser Gro\u00dfhandel Keramik Bad Zubeh\u00f6r einschlie\u00dflich Seifenschalen, Seifenspender, Mundwasser Tassen, und Zahnb\u00fcrste Tassen, etc., wird voll und ganz auf den t\u00e4glichen Gebrauch Bed\u00fcrfnisse der Hotelzimmer und erleichtern einheitliche Verwaltung und Wartung.<\/li>\n\n\n\n<li><strong>Unterst\u00fctzung bei der Massenbeschaffung, ma\u00dfgeschneiderte Dienstleistungen: <\/strong>Flexible Beschaffungsl\u00f6sungen f\u00fcr den Gro\u00dfhandel und ein ma\u00dfgeschneiderter Service f\u00fcr Badezimmer-Sets, einschlie\u00dflich Farbe, Muster, Gr\u00f6\u00dfenoptionen usw., werden angeboten, um die individuellen Bed\u00fcrfnisse von Hotels und gewerblichen Kunden zu erf\u00fcllen.<\/li>\n<\/ul>\n<\/div>\n\n\n\n<div class=\"wp-block-column is-layout-flow wp-block-column-is-layout-flow\" style=\"flex-basis:50%\">\n<figure class=\"wp-block-image size-full\"><img fetchpriority=\"high\" decoding=\"async\" width=\"800\" height=\"800\" src=\"https:\/\/jinhuaceramic.com\/wp-content\/uploads\/2024\/04\/ceramic-manufacturer-wholesale-bathroom-accessories-set-hotal-bathroom-supplies-1-2.webp\" alt=\"Wholesale-Ceramic-Bath-Accessories-Hotel-Bathroom-Set-Bulk-1\" class=\"wp-image-3446\" srcset=\"https:\/\/jinhuaceramic.com\/wp-content\/uploads\/2024\/04\/ceramic-manufacturer-wholesale-bathroom-accessories-set-hotal-bathroom-supplies-1-2.webp 800w, https:\/\/jinhuaceramic.com\/wp-content\/uploads\/2024\/04\/ceramic-manufacturer-wholesale-bathroom-accessories-set-hotal-bathroom-supplies-1-2-300x300.webp 300w, https:\/\/jinhuaceramic.com\/wp-content\/uploads\/2024\/04\/ceramic-manufacturer-wholesale-bathroom-accessories-set-hotal-bathroom-supplies-1-2-150x150.webp 150w, https:\/\/jinhuaceramic.com\/wp-content\/uploads\/2024\/04\/ceramic-manufacturer-wholesale-bathroom-accessories-set-hotal-bathroom-supplies-1-2-768x768.webp 768w, https:\/\/jinhuaceramic.com\/wp-content\/uploads\/2024\/04\/ceramic-manufacturer-wholesale-bathroom-accessories-set-hotal-bathroom-supplies-1-2-285x285.webp 285w, https:\/\/jinhuaceramic.com\/wp-content\/uploads\/2024\/04\/ceramic-manufacturer-wholesale-bathroom-accessories-set-hotal-bathroom-supplies-1-2-270x270.webp 270w, https:\/\/jinhuaceramic.com\/wp-content\/uploads\/2024\/04\/ceramic-manufacturer-wholesale-bathroom-accessories-set-hotal-bathroom-supplies-1-2-540x540.webp 540w, https:\/\/jinhuaceramic.com\/wp-content\/uploads\/2024\/04\/ceramic-manufacturer-wholesale-bathroom-accessories-set-hotal-bathroom-supplies-1-2-660x660.webp 660w\" sizes=\"(max-width: 800px) 100vw, 800px\" \/><\/figure>\n<\/div>\n<\/div>","protected":false},"excerpt":{"rendered":"<p>Willkommen im Gro\u00dfhandel Bad-Sets zu kaufen. Unsere Gro\u00dfhandel Keramik Bad-Accessoires Set ist speziell f\u00fcr Hotel Bad Dekoration konzipiert. Sein luxuri\u00f6ses Aussehen wird das Niveau des Hotels erh\u00f6hen. Das Material verwendet hochwertige Keramik, langlebig und leicht zu reinigen. Es bietet Gro\u00dfeinkauf und kundenspezifische Dienstleistungen, besonders geeignet f\u00fcr Hotels und Gesch\u00e4ftsr\u00e4ume.<\/p>","protected":false},"featured_media":3448,"comment_status":"closed","ping_status":"closed","template":"","meta":{"_acf_changed":false},"product_brand":[],"product_cat":[51],"product_tag":[74],"class_list":{"0":"post-3445","1":"product","2":"type-product","3":"status-publish","4":"has-post-thumbnail","6":"product_cat-bathroom-accessories-wholesale","7":"product_tag-ceramic-bath-accessories-wholesale","9":"first","10":"instock","11":"shipping-taxable","12":"product-type-simple"},"acf":[],"_links":{"self":[{"href":"https:\/\/jinhuaceramic.com\/de\/wp-json\/wp\/v2\/product\/3445","targetHints":{"allow":["GET"]}}],"collection":[{"href":"https:\/\/jinhuaceramic.com\/de\/wp-json\/wp\/v2\/product"}],"about":[{"href":"https:\/\/jinhuaceramic.com\/de\/wp-json\/wp\/v2\/types\/product"}],"replies":[{"embeddable":true,"href":"https:\/\/jinhuaceramic.com\/de\/wp-json\/wp\/v2\/comments?post=3445"}],"version-history":[{"count":0,"href":"https:\/\/jinhuaceramic.com\/de\/wp-json\/wp\/v2\/product\/3445\/revisions"}],"wp:featuredmedia":[{"embeddable":true,"href":"https:\/\/jinhuaceramic.com\/de\/wp-json\/wp\/v2\/media\/3448"}],"wp:attachment":[{"href":"https:\/\/jinhuaceramic.com\/de\/wp-json\/wp\/v2\/media?parent=3445"}],"wp:term":[{"taxonomy":"product_brand","embeddable":true,"href":"https:\/\/jinhuaceramic.com\/de\/wp-json\/wp\/v2\/product_brand?post=3445"},{"taxonomy":"product_cat","embeddable":true,"href":"https:\/\/jinhuaceramic.com\/de\/wp-json\/wp\/v2\/product_cat?post=3445"},{"taxonomy":"product_tag","embeddable":true,"href":"https:\/\/jinhuaceramic.com\/de\/wp-json\/wp\/v2\/product_tag?post=3445"}],"curies":[{"name":"wp","href":"https:\/\/api.w.org\/{rel}","templated":true}]}}