{"id":3454,"date":"2024-04-11T07:24:38","date_gmt":"2024-04-11T07:24:38","guid":{"rendered":"https:\/\/jinhuaceramic.com\/?post_type=product&#038;p=3454"},"modified":"2026-02-05T02:13:46","modified_gmt":"2026-02-05T02:13:46","slug":"luxury-ceramic-bathroom-accessories-bulk","status":"publish","type":"product","link":"https:\/\/jinhuaceramic.com\/de\/product\/luxury-ceramic-bathroom-accessories-bulk\/","title":{"rendered":"Premium-Luxus-Keramik-Badezimmer-Accessoires-Set Gro\u00dfhandel"},"content":{"rendered":"<div class=\"wp-block-columns is-layout-flex wp-container-core-columns-is-layout-9d6595d7 wp-block-columns-is-layout-flex\">\n<div class=\"wp-block-column is-layout-flow wp-block-column-is-layout-flow\" style=\"flex-basis:50%\">\n<h3 class=\"wp-block-heading\">Premium Luxury Ceramic Bathroom Accessories Set Eigenschaften:<\/h3>\n\n\n\n<ul class=\"wp-block-list\">\n<li><strong>Au\u00dfergew\u00f6hnliche Handwerkskunst:<\/strong> Unser luxuri\u00f6ses Keramik-Badezimmer-Accessoires-Set f\u00fcr den Gro\u00dfhandel wird mit au\u00dfergew\u00f6hnlicher Handwerkskunst hergestellt, wobei jeder Schritt des Design- und Herstellungsprozesses mit Sorgfalt erfolgt, um Qualit\u00e4t und ein luxuri\u00f6ses Aussehen zu gew\u00e4hrleisten.<\/li>\n\n\n\n<li><strong>Au\u00dfergew\u00f6hnliches Design: <\/strong>Dieses Gro\u00dfhandels-Badezimmer-Accessoire-Set besteht aus klassischer wei\u00dfer Keramik mit einem klassischen Muster, das f\u00fcr ein zeitloses Gef\u00fchl im r\u00f6mischen Stil sorgt und den Badezimmerbereich mit Eleganz und einem sch\u00f6nen historischen Ambiente erf\u00fcllt.<\/li>\n\n\n\n<li><strong>Hochwertige Materialien: <\/strong>Wir verwenden nur die hochwertigsten keramischen Materialien, um die Langlebigkeit und Eleganz unserer hochwertigen Produkte und hochwertigen Baddekorationsl\u00f6sungen zu gew\u00e4hrleisten.<\/li>\n\n\n\n<li><strong>Wettbewerbsf\u00e4hige Preise: <\/strong>Als Hersteller von Bad-Accessoires k\u00f6nnen wir keramische Bad-Accessoires im Gro\u00dfhandel zu wettbewerbsf\u00e4higen Preisen anbieten, die es den Kunden erm\u00f6glichen, hochwertige Luxus-Keramik-Bad-Accessoires g\u00fcnstig zu kaufen.<\/li>\n<\/ul>\n<\/div>\n\n\n\n<div class=\"wp-block-column is-layout-flow wp-block-column-is-layout-flow\" style=\"flex-basis:50%\">\n<figure class=\"wp-block-image size-full\"><img fetchpriority=\"high\" decoding=\"async\" width=\"1024\" height=\"1024\" src=\"https:\/\/jinhuaceramic.com\/wp-content\/uploads\/2024\/04\/ceramic-manufacturer-wholesale-bathroom-accessories-set-hotal-bathroom-supplies-1-3.webp\" alt=\"Keramik-Hersteller-Gro\u00dfhandel-Luxus-Keramik-Badezimmer-Accessoires\" class=\"wp-image-3455\" srcset=\"https:\/\/jinhuaceramic.com\/wp-content\/uploads\/2024\/04\/ceramic-manufacturer-wholesale-bathroom-accessories-set-hotal-bathroom-supplies-1-3.webp 1024w, https:\/\/jinhuaceramic.com\/wp-content\/uploads\/2024\/04\/ceramic-manufacturer-wholesale-bathroom-accessories-set-hotal-bathroom-supplies-1-3-300x300.webp 300w, https:\/\/jinhuaceramic.com\/wp-content\/uploads\/2024\/04\/ceramic-manufacturer-wholesale-bathroom-accessories-set-hotal-bathroom-supplies-1-3-150x150.webp 150w, https:\/\/jinhuaceramic.com\/wp-content\/uploads\/2024\/04\/ceramic-manufacturer-wholesale-bathroom-accessories-set-hotal-bathroom-supplies-1-3-768x768.webp 768w, https:\/\/jinhuaceramic.com\/wp-content\/uploads\/2024\/04\/ceramic-manufacturer-wholesale-bathroom-accessories-set-hotal-bathroom-supplies-1-3-285x285.webp 285w, https:\/\/jinhuaceramic.com\/wp-content\/uploads\/2024\/04\/ceramic-manufacturer-wholesale-bathroom-accessories-set-hotal-bathroom-supplies-1-3-270x270.webp 270w, https:\/\/jinhuaceramic.com\/wp-content\/uploads\/2024\/04\/ceramic-manufacturer-wholesale-bathroom-accessories-set-hotal-bathroom-supplies-1-3-540x540.webp 540w, https:\/\/jinhuaceramic.com\/wp-content\/uploads\/2024\/04\/ceramic-manufacturer-wholesale-bathroom-accessories-set-hotal-bathroom-supplies-1-3-660x660.webp 660w\" sizes=\"(max-width: 1024px) 100vw, 1024px\" \/><\/figure>\n<\/div>\n<\/div>","protected":false},"excerpt":{"rendered":"<p>Wir kaufen keramische Bad-Accessoires Set Gro\u00dfhandel in einer Vielzahl von Designs. Unsere Sammlung von Luxus-Keramik-Bad-Accessoires Gro\u00dfhandel setzt verf\u00fcgt \u00fcber hochwertige Materialien mit einer breiten Palette von Auswahlen und gesund Preise, mit kompletten Paket-Konfigurationen und kundenspezifische Dienstleistungen zu liefern Wert und Freude an unsere Kunden.<\/p>","protected":false},"featured_media":3457,"comment_status":"closed","ping_status":"closed","template":"","meta":{"_acf_changed":false},"product_brand":[],"product_cat":[51],"product_tag":[74],"class_list":{"0":"post-3454","1":"product","2":"type-product","3":"status-publish","4":"has-post-thumbnail","6":"product_cat-bathroom-accessories-wholesale","7":"product_tag-ceramic-bath-accessories-wholesale","9":"first","10":"instock","11":"shipping-taxable","12":"product-type-simple"},"acf":[],"_links":{"self":[{"href":"https:\/\/jinhuaceramic.com\/de\/wp-json\/wp\/v2\/product\/3454","targetHints":{"allow":["GET"]}}],"collection":[{"href":"https:\/\/jinhuaceramic.com\/de\/wp-json\/wp\/v2\/product"}],"about":[{"href":"https:\/\/jinhuaceramic.com\/de\/wp-json\/wp\/v2\/types\/product"}],"replies":[{"embeddable":true,"href":"https:\/\/jinhuaceramic.com\/de\/wp-json\/wp\/v2\/comments?post=3454"}],"version-history":[{"count":0,"href":"https:\/\/jinhuaceramic.com\/de\/wp-json\/wp\/v2\/product\/3454\/revisions"}],"wp:featuredmedia":[{"embeddable":true,"href":"https:\/\/jinhuaceramic.com\/de\/wp-json\/wp\/v2\/media\/3457"}],"wp:attachment":[{"href":"https:\/\/jinhuaceramic.com\/de\/wp-json\/wp\/v2\/media?parent=3454"}],"wp:term":[{"taxonomy":"product_brand","embeddable":true,"href":"https:\/\/jinhuaceramic.com\/de\/wp-json\/wp\/v2\/product_brand?post=3454"},{"taxonomy":"product_cat","embeddable":true,"href":"https:\/\/jinhuaceramic.com\/de\/wp-json\/wp\/v2\/product_cat?post=3454"},{"taxonomy":"product_tag","embeddable":true,"href":"https:\/\/jinhuaceramic.com\/de\/wp-json\/wp\/v2\/product_tag?post=3454"}],"curies":[{"name":"wp","href":"https:\/\/api.w.org\/{rel}","templated":true}]}}