{"id":3460,"date":"2024-04-11T07:33:34","date_gmt":"2024-04-11T07:33:34","guid":{"rendered":"https:\/\/jinhuaceramic.com\/?post_type=product&#038;p=3460"},"modified":"2026-02-05T02:56:24","modified_gmt":"2026-02-05T02:56:24","slug":"custom-commercial-ceramic-bathroom-set","status":"publish","type":"product","link":"https:\/\/jinhuaceramic.com\/de\/product\/custom-commercial-ceramic-bathroom-set\/","title":{"rendered":"Bulk Custom Commercial Ceramic Bathroom Set, 4-teiliges Angebot"},"content":{"rendered":"<div class=\"wp-block-columns is-layout-flex wp-container-core-columns-is-layout-9d6595d7 wp-block-columns-is-layout-flex\">\n<div class=\"wp-block-column is-layout-flow wp-block-column-is-layout-flow\" style=\"flex-basis:50%\">\n<h3 class=\"wp-block-heading\">Premium Commercial Ceramic Bathroom Set Eigenschaften:<\/h3>\n\n\n\n<ul class=\"wp-block-list\">\n<li><strong>Personalisierung:<\/strong> Wir bieten einen Anpassungsservice an, bei dem wir Farben, Designs und Gr\u00f6\u00dfen auf der Grundlage der spezifischen Bed\u00fcrfnisse und Vorlieben unserer Kunden ausw\u00e4hlen k\u00f6nnen, um sicherzustellen, dass das ma\u00dfgefertigte Keramik-Badezimmerset perfekt zum Stil ihrer Gesch\u00e4ftsr\u00e4ume passt.<\/li>\n\n\n\n<li><strong>Kommerziell und langlebig: <\/strong>Unsere keramischen Badezimmersets f\u00fcr den Gro\u00dfhandel werden sorgf\u00e4ltig entworfen und aus langlebigen Materialien hergestellt, die verschlei\u00df- und korrosionsbest\u00e4ndig sind, so dass sie auch bei l\u00e4ngerem Gebrauch ihre hervorragende Qualit\u00e4t behalten.<\/li>\n\n\n\n<li><strong>\u00dcbliche Ausstattung: <\/strong>Dieses ma\u00dfgeschneiderte Badezimmer-Set aus Keramik enth\u00e4lt vier wichtige Badezimmer-Accessoires wie einen Mundsp\u00fclbecher, einen Seifenhalter, eine Seifenspenderpumpe und einen Toilettenb\u00fcrstenhalter und bietet Komfort und Funktionalit\u00e4t f\u00fcr gewerbliche Einrichtungen.<\/li>\n\n\n\n<li><strong>Leicht zu reinigende und hygienische Oberfl\u00e4che:<\/strong> Die glasierte keramische Oberfl\u00e4che dieses kommerziellen Keramik-Badezimmersets widersteht Flecken, Feuchtigkeit und Ger\u00fcchen. Die glatte Oberfl\u00e4che erm\u00f6glicht eine einfache t\u00e4gliche Reinigung und gew\u00e4hrleistet die langfristige Einhaltung der Hygienevorschriften im Gastgewerbe.<\/li>\n\n\n\n<li><strong>Stabile Bulk-Lieferkapazit\u00e4t:<\/strong> Direkte Belieferung des Gro\u00dfhandels ab Werk mit stabilen Produktionsvorlaufzeiten, die die Beschaffung gro\u00dfer Mengen f\u00fcr technische Projekte und Kettengesch\u00e4fte unterst\u00fctzen<\/li>\n<\/ul>\n<\/div>\n\n\n\n<div class=\"wp-block-column is-layout-flow wp-block-column-is-layout-flow\" style=\"flex-basis:50%\">\n<figure class=\"wp-block-image size-full\"><img fetchpriority=\"high\" decoding=\"async\" width=\"1079\" height=\"1079\" src=\"https:\/\/jinhuaceramic.com\/wp-content\/uploads\/2024\/04\/ceramic-manufacturer-wholesale-bathroom-accessories-set-hotal-bathroom-supplies-soap-dish-5.webp\" alt=\"keramik-hersteller-grosshandel-badezimmer-zubeh\u00f6r-set-hotel-badezimmer-bedarf-5\" class=\"wp-image-3465\" srcset=\"https:\/\/jinhuaceramic.com\/wp-content\/uploads\/2024\/04\/ceramic-manufacturer-wholesale-bathroom-accessories-set-hotal-bathroom-supplies-soap-dish-5.webp 1079w, https:\/\/jinhuaceramic.com\/wp-content\/uploads\/2024\/04\/ceramic-manufacturer-wholesale-bathroom-accessories-set-hotal-bathroom-supplies-soap-dish-5-300x300.webp 300w, https:\/\/jinhuaceramic.com\/wp-content\/uploads\/2024\/04\/ceramic-manufacturer-wholesale-bathroom-accessories-set-hotal-bathroom-supplies-soap-dish-5-150x150.webp 150w, https:\/\/jinhuaceramic.com\/wp-content\/uploads\/2024\/04\/ceramic-manufacturer-wholesale-bathroom-accessories-set-hotal-bathroom-supplies-soap-dish-5-768x768.webp 768w, https:\/\/jinhuaceramic.com\/wp-content\/uploads\/2024\/04\/ceramic-manufacturer-wholesale-bathroom-accessories-set-hotal-bathroom-supplies-soap-dish-5-285x285.webp 285w, https:\/\/jinhuaceramic.com\/wp-content\/uploads\/2024\/04\/ceramic-manufacturer-wholesale-bathroom-accessories-set-hotal-bathroom-supplies-soap-dish-5-270x270.webp 270w, https:\/\/jinhuaceramic.com\/wp-content\/uploads\/2024\/04\/ceramic-manufacturer-wholesale-bathroom-accessories-set-hotal-bathroom-supplies-soap-dish-5-540x540.webp 540w, https:\/\/jinhuaceramic.com\/wp-content\/uploads\/2024\/04\/ceramic-manufacturer-wholesale-bathroom-accessories-set-hotal-bathroom-supplies-soap-dish-5-660x660.webp 660w\" sizes=\"(max-width: 1079px) 100vw, 1079px\" \/><\/figure>\n<\/div>\n<\/div>","protected":false},"excerpt":{"rendered":"<p>Willkommen bei Gro\u00dfeinkauf und kundenspezifischem Keramik-Badezimmerzubeh\u00f6r-Set. Unsere kommerziellen keramischen Badezimmersets zeichnen sich durch individuelle Anpassung, kommerzielle Langlebigkeit, multifunktionales Design und professionelle Dienstleistungen aus und bieten kommerziellen Kunden qualitativ hochwertige ma\u00dfgeschneiderte L\u00f6sungen, die ihnen helfen, einzigartige kommerzielle Badezimmer zu schaffen.<\/p>","protected":false},"featured_media":3464,"comment_status":"closed","ping_status":"closed","template":"","meta":{"_acf_changed":false},"product_brand":[],"product_cat":[51],"product_tag":[74],"class_list":{"0":"post-3460","1":"product","2":"type-product","3":"status-publish","4":"has-post-thumbnail","6":"product_cat-bathroom-accessories-wholesale","7":"product_tag-ceramic-bath-accessories-wholesale","9":"first","10":"instock","11":"shipping-taxable","12":"product-type-simple"},"acf":[],"_links":{"self":[{"href":"https:\/\/jinhuaceramic.com\/de\/wp-json\/wp\/v2\/product\/3460","targetHints":{"allow":["GET"]}}],"collection":[{"href":"https:\/\/jinhuaceramic.com\/de\/wp-json\/wp\/v2\/product"}],"about":[{"href":"https:\/\/jinhuaceramic.com\/de\/wp-json\/wp\/v2\/types\/product"}],"replies":[{"embeddable":true,"href":"https:\/\/jinhuaceramic.com\/de\/wp-json\/wp\/v2\/comments?post=3460"}],"version-history":[{"count":0,"href":"https:\/\/jinhuaceramic.com\/de\/wp-json\/wp\/v2\/product\/3460\/revisions"}],"wp:featuredmedia":[{"embeddable":true,"href":"https:\/\/jinhuaceramic.com\/de\/wp-json\/wp\/v2\/media\/3464"}],"wp:attachment":[{"href":"https:\/\/jinhuaceramic.com\/de\/wp-json\/wp\/v2\/media?parent=3460"}],"wp:term":[{"taxonomy":"product_brand","embeddable":true,"href":"https:\/\/jinhuaceramic.com\/de\/wp-json\/wp\/v2\/product_brand?post=3460"},{"taxonomy":"product_cat","embeddable":true,"href":"https:\/\/jinhuaceramic.com\/de\/wp-json\/wp\/v2\/product_cat?post=3460"},{"taxonomy":"product_tag","embeddable":true,"href":"https:\/\/jinhuaceramic.com\/de\/wp-json\/wp\/v2\/product_tag?post=3460"}],"curies":[{"name":"wp","href":"https:\/\/api.w.org\/{rel}","templated":true}]}}