{"id":3468,"date":"2024-04-11T07:45:53","date_gmt":"2024-04-11T07:45:53","guid":{"rendered":"https:\/\/jinhuaceramic.com\/?post_type=product&#038;p=3468"},"modified":"2026-02-05T03:11:40","modified_gmt":"2026-02-05T03:11:40","slug":"hotel-wholesale-bathroom-accessories-set","status":"publish","type":"product","link":"https:\/\/jinhuaceramic.com\/de\/product\/hotel-wholesale-bathroom-accessories-set\/","title":{"rendered":"Gro\u00dfhandel Bad-Accessoires Set, Hotel Keramik Bad Sets"},"content":{"rendered":"<div class=\"wp-block-columns is-layout-flex wp-container-core-columns-is-layout-9d6595d7 wp-block-columns-is-layout-flex\">\n<div class=\"wp-block-column is-vertically-aligned-top is-layout-flow wp-block-column-is-layout-flow\" style=\"flex-basis:50%\">\n<h3 class=\"wp-block-heading\">Premium Gro\u00dfhandel Bad-Accessoires Set Eigenschaften:<\/h3>\n\n\n\n<ul class=\"wp-block-list\">\n<li><strong>Einzigartiges Texturdesign, nat\u00fcrlich und elegant: <\/strong>Diese Gro\u00dfhandel Bad-Accessoires Set hat eine spezielle Bambus Textur, die eine nat\u00fcrliche und elegante visuelle Erfahrung in den Raum eines Badezimmers bringen kann. Die feine Textur ist offenbar in der Lage, die Natur in den Raum eines Badezimmer-schick und dekorativ, fit f\u00fcr High-End-Hotels und Familien zu \u00fcbernehmen. <\/li>\n\n\n\n<li><strong>Mehrere Farbauswahlen f\u00fcr verschiedene Stile: <\/strong>Wir haben eine gro\u00dfe Auswahl an farbenfrohen Badaccessoires in gro\u00dfen Mengen, die es dem Benutzer erm\u00f6glichen, sie entsprechend den verschiedenen Badstilen zu w\u00e4hlen. Ob eine schlichte, neutrale Farbe oder ein dynamisches, leuchtendes Farbsystem; es ist leicht anpassbar an die Dekorationsbed\u00fcrfnisse. <\/li>\n\n\n\n<li><strong>Hochwertige Keramiken: <\/strong>Unser Gro\u00dfhandel Bad-Accessoires Set macht eine solche ideale Wahl. Es kann gegen alle Verschlei\u00dfma\u00dfnahmen im t\u00e4glichen Gebrauch stehen und garantiert die Langlebigkeit des Produkts. Au\u00dferdem hat es eine glatte Keramikoberfl\u00e4che, die leicht zu reinigen ist, so dass die Bad-Accessoires immer sch\u00f6n und sauber aussehen werden. <\/li>\n\n\n\n<li><strong>Multifunktionale Kombination, praktisch: <\/strong>Zu unseren Badaccessoires geh\u00f6ren Seifenspender, Zahnputzbecher, Seifenschalen und andere Badaccessoires f\u00fcr den t\u00e4glichen Gebrauch. Durch ihre Funktionalit\u00e4t und ihr elegantes Design sind sie nicht nur praktisch f\u00fcr das Badezimmer, sondern k\u00f6nnen auch den dekorativen Gesamteffekt verbessern.<\/li>\n<\/ul>\n<\/div>\n\n\n\n<div class=\"wp-block-column is-layout-flow wp-block-column-is-layout-flow\" style=\"flex-basis:50%\">\n<figure class=\"wp-block-image size-full\"><img fetchpriority=\"high\" decoding=\"async\" width=\"960\" height=\"960\" src=\"https:\/\/jinhuaceramic.com\/wp-content\/uploads\/2024\/04\/ceramic-manufacturer-wholesale-bathroom-accessories-set-hotal-bathroom-supplies-1-5.webp\" alt=\"Gro\u00dfhandel Bad-Accessoires Set, Bad-Accessoires in Bulk, Hotel-Keramik-Bad-Sets-1\" class=\"wp-image-3469\" srcset=\"https:\/\/jinhuaceramic.com\/wp-content\/uploads\/2024\/04\/ceramic-manufacturer-wholesale-bathroom-accessories-set-hotal-bathroom-supplies-1-5.webp 960w, https:\/\/jinhuaceramic.com\/wp-content\/uploads\/2024\/04\/ceramic-manufacturer-wholesale-bathroom-accessories-set-hotal-bathroom-supplies-1-5-300x300.webp 300w, https:\/\/jinhuaceramic.com\/wp-content\/uploads\/2024\/04\/ceramic-manufacturer-wholesale-bathroom-accessories-set-hotal-bathroom-supplies-1-5-150x150.webp 150w, https:\/\/jinhuaceramic.com\/wp-content\/uploads\/2024\/04\/ceramic-manufacturer-wholesale-bathroom-accessories-set-hotal-bathroom-supplies-1-5-768x768.webp 768w, https:\/\/jinhuaceramic.com\/wp-content\/uploads\/2024\/04\/ceramic-manufacturer-wholesale-bathroom-accessories-set-hotal-bathroom-supplies-1-5-285x285.webp 285w, https:\/\/jinhuaceramic.com\/wp-content\/uploads\/2024\/04\/ceramic-manufacturer-wholesale-bathroom-accessories-set-hotal-bathroom-supplies-1-5-270x270.webp 270w, https:\/\/jinhuaceramic.com\/wp-content\/uploads\/2024\/04\/ceramic-manufacturer-wholesale-bathroom-accessories-set-hotal-bathroom-supplies-1-5-540x540.webp 540w, https:\/\/jinhuaceramic.com\/wp-content\/uploads\/2024\/04\/ceramic-manufacturer-wholesale-bathroom-accessories-set-hotal-bathroom-supplies-1-5-660x660.webp 660w\" sizes=\"(max-width: 960px) 100vw, 960px\" \/><\/figure>\n<\/div>\n<\/div>\n\n\n\n<p><\/p>","protected":false},"excerpt":{"rendered":"<p>Willkommen im Gro\u00dfhandel Bad-Accessoires Set zu kaufen. Diese Bambus Textur benutzerdefinierte Bad-Set kombiniert nat\u00fcrliche Elemente mit modernem Design und ist in vielen Farben erh\u00e4ltlich, um die verschiedenen Dekoration Bed\u00fcrfnisse jedes Hotel und zu Hause zu erf\u00fcllen. Hergestellt aus hochwertiger Keramik, ist dieses Bad-Accessoire-Set langlebig, leicht zu reinigen und voll funktionsf\u00e4hig - eine perfekte Kombination aus praktisch und sch\u00f6n.<\/p>","protected":false},"featured_media":3471,"comment_status":"closed","ping_status":"closed","template":"","meta":{"_acf_changed":false},"product_brand":[],"product_cat":[51],"product_tag":[74],"class_list":{"0":"post-3468","1":"product","2":"type-product","3":"status-publish","4":"has-post-thumbnail","6":"product_cat-bathroom-accessories-wholesale","7":"product_tag-ceramic-bath-accessories-wholesale","9":"first","10":"instock","11":"shipping-taxable","12":"product-type-simple"},"acf":[],"_links":{"self":[{"href":"https:\/\/jinhuaceramic.com\/de\/wp-json\/wp\/v2\/product\/3468","targetHints":{"allow":["GET"]}}],"collection":[{"href":"https:\/\/jinhuaceramic.com\/de\/wp-json\/wp\/v2\/product"}],"about":[{"href":"https:\/\/jinhuaceramic.com\/de\/wp-json\/wp\/v2\/types\/product"}],"replies":[{"embeddable":true,"href":"https:\/\/jinhuaceramic.com\/de\/wp-json\/wp\/v2\/comments?post=3468"}],"version-history":[{"count":0,"href":"https:\/\/jinhuaceramic.com\/de\/wp-json\/wp\/v2\/product\/3468\/revisions"}],"wp:featuredmedia":[{"embeddable":true,"href":"https:\/\/jinhuaceramic.com\/de\/wp-json\/wp\/v2\/media\/3471"}],"wp:attachment":[{"href":"https:\/\/jinhuaceramic.com\/de\/wp-json\/wp\/v2\/media?parent=3468"}],"wp:term":[{"taxonomy":"product_brand","embeddable":true,"href":"https:\/\/jinhuaceramic.com\/de\/wp-json\/wp\/v2\/product_brand?post=3468"},{"taxonomy":"product_cat","embeddable":true,"href":"https:\/\/jinhuaceramic.com\/de\/wp-json\/wp\/v2\/product_cat?post=3468"},{"taxonomy":"product_tag","embeddable":true,"href":"https:\/\/jinhuaceramic.com\/de\/wp-json\/wp\/v2\/product_tag?post=3468"}],"curies":[{"name":"wp","href":"https:\/\/api.w.org\/{rel}","templated":true}]}}