{"id":3476,"date":"2024-04-11T07:57:26","date_gmt":"2024-04-11T07:57:26","guid":{"rendered":"https:\/\/jinhuaceramic.com\/?post_type=product&#038;p=3476"},"modified":"2025-04-21T02:42:36","modified_gmt":"2025-04-21T02:42:36","slug":"wholesale-ceramic-candle-vessels","status":"publish","type":"product","link":"https:\/\/jinhuaceramic.com\/de\/product\/wholesale-ceramic-candle-vessels\/","title":{"rendered":"Fancy Gro\u00dfhandel keramische Kerze Gef\u00e4\u00dfe, Bulk Kerze Gl\u00e4ser"},"content":{"rendered":"<div class=\"wp-block-columns is-layout-flex wp-container-core-columns-is-layout-9d6595d7 wp-block-columns-is-layout-flex\">\n<div class=\"wp-block-column is-layout-flow wp-block-column-is-layout-flow\" style=\"flex-basis:50%\">\n<h3 class=\"wp-block-heading\">Premium Gro\u00dfhandel Keramik Kerze Gef\u00e4\u00dfe Merkmale:<\/h3>\n\n\n\n<ul class=\"wp-block-list\">\n<li><strong>Exquisites und elegantes Design, das den Sinn f\u00fcr Qualit\u00e4t unterstreicht: <\/strong>Diese ausgefallenen Gro\u00dfhandels-Keramik-Kerzengef\u00e4\u00dfe zeichnen sich durch exquisites Design, glatte Linien und elegantes Aussehen aus. Sie eignen sich perfekt f\u00fcr luxuri\u00f6se Haushalte, Geschenkverpackungen und die Dekoration von hochwertigen Anl\u00e4ssen und zeigen einzigartigen Geschmack und Qualit\u00e4t.<\/li>\n\n\n\n<li><strong>Mehrere Gr\u00f6\u00dfen und Formen, flexible Anpassung: <\/strong>Unsere Kerzengl\u00e4ser sind in verschiedenen Gr\u00f6\u00dfen und Formen erh\u00e4ltlich, so dass die Kunden je nach Bedarf den passenden Beh\u00e4ltertyp w\u00e4hlen k\u00f6nnen, der sich leicht an verschiedene Stile und Verwendungszwecke anpassen l\u00e4sst und die unterschiedlichen Anforderungen an Dekoration und Kerzenherstellung erf\u00fcllt.<\/li>\n\n\n\n<li><strong>Hochwertiges Keramikmaterial, langlebig und umweltfreundlich: <\/strong>Unsere Gro\u00dfhandelskerzengef\u00e4\u00dfe sind aus hochwertiger, bei hoher Temperatur gebrannter Keramik hergestellt. Der Beh\u00e4lter ist robust und langlebig, mit einer glatten Oberfl\u00e4che und guter Hitze- und Feuchtigkeitsbest\u00e4ndigkeit. Keramik ist nat\u00fcrlich, ungiftig und umweltfreundlich, so dass sie sicher und zuverl\u00e4ssig f\u00fcr den langfristigen Einsatz sind.<\/li>\n\n\n\n<li><strong>Unterst\u00fctzung von Gro\u00dfeink\u00e4ufen und personalisierten Anpassungen: <\/strong>Wir bieten Kerzengl\u00e4ser in gro\u00dfen Mengen f\u00fcr gewerbliche Kunden an, um eine stabile Produktqualit\u00e4t und -versorgung zu gew\u00e4hrleisten. Dar\u00fcber hinaus k\u00f6nnen die Kunden auch w\u00e4hlen, um Farben, Gr\u00f6\u00dfen und Logos anpassen, um Markenf\u00f6rderung und personalisierte Design Bed\u00fcrfnisse zu erf\u00fcllen.<\/li>\n<\/ul>\n<\/div>\n\n\n\n<div class=\"wp-block-column is-layout-flow wp-block-column-is-layout-flow\" style=\"flex-basis:50%\">\n<figure class=\"wp-block-image size-full\"><img fetchpriority=\"high\" decoding=\"async\" width=\"692\" height=\"692\" src=\"https:\/\/jinhuaceramic.com\/wp-content\/uploads\/2024\/04\/ceramic-manufacturer-custom-canisters-bulk-candle-jars-wholesale-3-2.webp\" alt=\"Fancy Gro\u00dfhandel keramische Kerze Gef\u00e4\u00dfe, Bulk Kerze Jars-1\" class=\"wp-image-3478\" srcset=\"https:\/\/jinhuaceramic.com\/wp-content\/uploads\/2024\/04\/ceramic-manufacturer-custom-canisters-bulk-candle-jars-wholesale-3-2.webp 692w, https:\/\/jinhuaceramic.com\/wp-content\/uploads\/2024\/04\/ceramic-manufacturer-custom-canisters-bulk-candle-jars-wholesale-3-2-300x300.webp 300w, https:\/\/jinhuaceramic.com\/wp-content\/uploads\/2024\/04\/ceramic-manufacturer-custom-canisters-bulk-candle-jars-wholesale-3-2-150x150.webp 150w, https:\/\/jinhuaceramic.com\/wp-content\/uploads\/2024\/04\/ceramic-manufacturer-custom-canisters-bulk-candle-jars-wholesale-3-2-285x285.webp 285w, https:\/\/jinhuaceramic.com\/wp-content\/uploads\/2024\/04\/ceramic-manufacturer-custom-canisters-bulk-candle-jars-wholesale-3-2-270x270.webp 270w, https:\/\/jinhuaceramic.com\/wp-content\/uploads\/2024\/04\/ceramic-manufacturer-custom-canisters-bulk-candle-jars-wholesale-3-2-540x540.webp 540w, https:\/\/jinhuaceramic.com\/wp-content\/uploads\/2024\/04\/ceramic-manufacturer-custom-canisters-bulk-candle-jars-wholesale-3-2-660x660.webp 660w\" sizes=\"(max-width: 692px) 100vw, 692px\" \/><\/figure>\n<\/div>\n<\/div>","protected":false},"excerpt":{"rendered":"<p>Willkommen zu kaufen Bulk-Kerze Gl\u00e4ser. Unsere exquisiten und eleganten Gro\u00dfhandel Keramik Kerzengef\u00e4\u00dfe sind einzigartig f\u00fcr Luxus-H\u00e4user und High-End-Anl\u00e4sse konzipiert, und sind in einer Vielzahl von Gr\u00f6\u00dfen und Formen zur Verf\u00fcgung. Sie sind aus hochwertigen keramischen Materialien hergestellt, langlebig und umweltfreundlich, und unterst\u00fctzen Gro\u00dfeink\u00e4ufe und individuelle Anpassung, so dass sie ideal f\u00fcr den kommerziellen Einsatz und die Heimdekoration.<\/p>","protected":false},"featured_media":3480,"comment_status":"closed","ping_status":"closed","template":"","meta":{"_acf_changed":false},"product_brand":[],"product_cat":[52],"product_tag":[66],"class_list":{"0":"post-3476","1":"product","2":"type-product","3":"status-publish","4":"has-post-thumbnail","6":"product_cat-wholesale-candle-containers","7":"product_tag-candle-jars-wholesale","9":"first","10":"instock","11":"shipping-taxable","12":"product-type-simple"},"acf":[],"_links":{"self":[{"href":"https:\/\/jinhuaceramic.com\/de\/wp-json\/wp\/v2\/product\/3476","targetHints":{"allow":["GET"]}}],"collection":[{"href":"https:\/\/jinhuaceramic.com\/de\/wp-json\/wp\/v2\/product"}],"about":[{"href":"https:\/\/jinhuaceramic.com\/de\/wp-json\/wp\/v2\/types\/product"}],"replies":[{"embeddable":true,"href":"https:\/\/jinhuaceramic.com\/de\/wp-json\/wp\/v2\/comments?post=3476"}],"version-history":[{"count":0,"href":"https:\/\/jinhuaceramic.com\/de\/wp-json\/wp\/v2\/product\/3476\/revisions"}],"wp:featuredmedia":[{"embeddable":true,"href":"https:\/\/jinhuaceramic.com\/de\/wp-json\/wp\/v2\/media\/3480"}],"wp:attachment":[{"href":"https:\/\/jinhuaceramic.com\/de\/wp-json\/wp\/v2\/media?parent=3476"}],"wp:term":[{"taxonomy":"product_brand","embeddable":true,"href":"https:\/\/jinhuaceramic.com\/de\/wp-json\/wp\/v2\/product_brand?post=3476"},{"taxonomy":"product_cat","embeddable":true,"href":"https:\/\/jinhuaceramic.com\/de\/wp-json\/wp\/v2\/product_cat?post=3476"},{"taxonomy":"product_tag","embeddable":true,"href":"https:\/\/jinhuaceramic.com\/de\/wp-json\/wp\/v2\/product_tag?post=3476"}],"curies":[{"name":"wp","href":"https:\/\/api.w.org\/{rel}","templated":true}]}}