{"id":3485,"date":"2024-04-11T08:07:38","date_gmt":"2024-04-11T08:07:38","guid":{"rendered":"https:\/\/jinhuaceramic.com\/?post_type=product&#038;p=3485"},"modified":"2025-04-21T02:43:26","modified_gmt":"2025-04-21T02:43:26","slug":"unique-wholesale-jars-for-candles","status":"publish","type":"product","link":"https:\/\/jinhuaceramic.com\/de\/product\/unique-wholesale-jars-for-candles\/","title":{"rendered":"Einzigartige Gro\u00dfhandel Gl\u00e4ser f\u00fcr Kerzen unregelm\u00e4\u00dfige s\u00e4ulenf\u00f6rmige keramische Kerze-Container"},"content":{"rendered":"<div class=\"wp-block-columns is-layout-flex wp-container-core-columns-is-layout-9d6595d7 wp-block-columns-is-layout-flex\">\n<div class=\"wp-block-column is-layout-flow wp-block-column-is-layout-flow\" style=\"flex-basis:50%\">\n<h3 class=\"wp-block-heading\">Premium Wholesale Jars For Candles Features:<\/h3>\n\n\n\n<ul class=\"wp-block-list\">\n<li><strong>Unique Irregular Design: <\/strong>Our wholesale jars for candles adopt a unique irregular cylindrical shape, which contrasts sharply with traditional round or square containers, adding a unique artistic style and visual appeal to candle-making.<\/li>\n\n\n\n<li><strong>Hochwertige Materialien: <\/strong>We choose high-quality materials to manufacture wholesale ceramic candle jars to ensure the product&#8217;s durability and stability, allowing your candles to burn in a safe container.<\/li>\n\n\n\n<li><strong>Multifunktional einsetzbar: <\/strong>These uniquely shaped wholesale jars for candles are not only suitable for candle making but can also be used as vases, decorations, or storage containers for many purposes, providing more possibilities for your home decoration.<\/li>\n\n\n\n<li><strong>Custom service: <\/strong>We provide custom candle container services for size, color, and design according to their own needs, and meet the special needs of different customers.<\/li>\n<\/ul>\n<\/div>\n\n\n\n<div class=\"wp-block-column is-layout-flow wp-block-column-is-layout-flow\" style=\"flex-basis:50%\"><div class=\"wp-block-image\">\n<figure class=\"aligncenter size-full\"><img fetchpriority=\"high\" decoding=\"async\" width=\"735\" height=\"735\" src=\"https:\/\/jinhuaceramic.com\/wp-content\/uploads\/2024\/04\/ceramic-manufacturer-custom-canisters-bulk-candle-jars-wholesale-candle-vessel-4-1.webp\" alt=\"keramik-hersteller-massgeschneiderte-kanister-massen-kerzen-gl\u00e4ser-grosshandel-einzigartige-gl\u00e4ser-f\u00fcr-kerzen\" class=\"wp-image-3489\" srcset=\"https:\/\/jinhuaceramic.com\/wp-content\/uploads\/2024\/04\/ceramic-manufacturer-custom-canisters-bulk-candle-jars-wholesale-candle-vessel-4-1.webp 735w, https:\/\/jinhuaceramic.com\/wp-content\/uploads\/2024\/04\/ceramic-manufacturer-custom-canisters-bulk-candle-jars-wholesale-candle-vessel-4-1-300x300.webp 300w, https:\/\/jinhuaceramic.com\/wp-content\/uploads\/2024\/04\/ceramic-manufacturer-custom-canisters-bulk-candle-jars-wholesale-candle-vessel-4-1-150x150.webp 150w, https:\/\/jinhuaceramic.com\/wp-content\/uploads\/2024\/04\/ceramic-manufacturer-custom-canisters-bulk-candle-jars-wholesale-candle-vessel-4-1-285x285.webp 285w, https:\/\/jinhuaceramic.com\/wp-content\/uploads\/2024\/04\/ceramic-manufacturer-custom-canisters-bulk-candle-jars-wholesale-candle-vessel-4-1-270x270.webp 270w, https:\/\/jinhuaceramic.com\/wp-content\/uploads\/2024\/04\/ceramic-manufacturer-custom-canisters-bulk-candle-jars-wholesale-candle-vessel-4-1-540x540.webp 540w, https:\/\/jinhuaceramic.com\/wp-content\/uploads\/2024\/04\/ceramic-manufacturer-custom-canisters-bulk-candle-jars-wholesale-candle-vessel-4-1-660x660.webp 660w\" sizes=\"(max-width: 735px) 100vw, 735px\" \/><\/figure>\n<\/div><\/div>\n<\/div>","protected":false},"excerpt":{"rendered":"<p>Welcome to purchase wholesale jars for candles. Our wholesale ceramic candle jars feature unique irregular cylindrical shapes, high-quality materials, multi-functional use, and personalized customization services, providing customers with the perfect candle container choice to help them create unique candle products.<\/p>","protected":false},"featured_media":3489,"comment_status":"closed","ping_status":"closed","template":"","meta":{"_acf_changed":false},"product_brand":[],"product_cat":[52],"product_tag":[66],"class_list":{"0":"post-3485","1":"product","2":"type-product","3":"status-publish","4":"has-post-thumbnail","6":"product_cat-wholesale-candle-containers","7":"product_tag-candle-jars-wholesale","9":"first","10":"instock","11":"shipping-taxable","12":"product-type-simple"},"acf":[],"_links":{"self":[{"href":"https:\/\/jinhuaceramic.com\/de\/wp-json\/wp\/v2\/product\/3485","targetHints":{"allow":["GET"]}}],"collection":[{"href":"https:\/\/jinhuaceramic.com\/de\/wp-json\/wp\/v2\/product"}],"about":[{"href":"https:\/\/jinhuaceramic.com\/de\/wp-json\/wp\/v2\/types\/product"}],"replies":[{"embeddable":true,"href":"https:\/\/jinhuaceramic.com\/de\/wp-json\/wp\/v2\/comments?post=3485"}],"version-history":[{"count":0,"href":"https:\/\/jinhuaceramic.com\/de\/wp-json\/wp\/v2\/product\/3485\/revisions"}],"wp:featuredmedia":[{"embeddable":true,"href":"https:\/\/jinhuaceramic.com\/de\/wp-json\/wp\/v2\/media\/3489"}],"wp:attachment":[{"href":"https:\/\/jinhuaceramic.com\/de\/wp-json\/wp\/v2\/media?parent=3485"}],"wp:term":[{"taxonomy":"product_brand","embeddable":true,"href":"https:\/\/jinhuaceramic.com\/de\/wp-json\/wp\/v2\/product_brand?post=3485"},{"taxonomy":"product_cat","embeddable":true,"href":"https:\/\/jinhuaceramic.com\/de\/wp-json\/wp\/v2\/product_cat?post=3485"},{"taxonomy":"product_tag","embeddable":true,"href":"https:\/\/jinhuaceramic.com\/de\/wp-json\/wp\/v2\/product_tag?post=3485"}],"curies":[{"name":"wp","href":"https:\/\/api.w.org\/{rel}","templated":true}]}}