{"id":3494,"date":"2024-04-11T08:21:44","date_gmt":"2024-04-11T08:21:44","guid":{"rendered":"https:\/\/jinhuaceramic.com\/?post_type=product&#038;p=3494"},"modified":"2025-04-21T02:46:44","modified_gmt":"2025-04-21T02:46:44","slug":"wholesale-ceramic-candles-jars-with-lids","status":"publish","type":"product","link":"https:\/\/jinhuaceramic.com\/de\/product\/wholesale-ceramic-candles-jars-with-lids\/","title":{"rendered":"Gro\u00dfhandel keramische Kerzen Gl\u00e4ser mit Deckel K\u00fcrbis Form Kerze Containern"},"content":{"rendered":"<div class=\"wp-block-columns is-layout-flex wp-container-core-columns-is-layout-9d6595d7 wp-block-columns-is-layout-flex\">\n<div class=\"wp-block-column is-layout-flow wp-block-column-is-layout-flow\" style=\"flex-basis:50%\">\n<h3 class=\"wp-block-heading\">Premium-Kerzen Gl\u00e4ser mit Deckel Merkmale:<\/h3>\n\n\n\n<ol class=\"wp-block-list\">\n<li>Einzigartiges Design: Unsere Keramik-Kerzengl\u00e4ser mit Deckel verf\u00fcgen \u00fcber ein einzigartiges Design, das einzigartig und charmant ist und der Kerzenherstellung eine lustige und festliche Atmosph\u00e4re verleiht.<\/li>\n\n\n\n<li>Hochwertige keramische Materialien: Wir verwenden f\u00fcr die Herstellung von Kerzengl\u00e4sern hochwertige Keramikmaterialien, um die Haltbarkeit und Stabilit\u00e4t des Produkts zu gew\u00e4hrleisten, damit Ihre Kerzen in einem sicheren Beh\u00e4lter brennen k\u00f6nnen.<\/li>\n\n\n\n<li>Praktisches Design mit Deckel: Jedes Kerzenglas ist mit einem Deckel ausgestattet, der die Kerze effektiv vor Staub und Schmutz sch\u00fctzen kann und gleichzeitig die Lagerzeit der Kerze verl\u00e4ngert, so dass Ihre Kerze l\u00e4nger brennt.<\/li>\n\n\n\n<li>Multifunktional einsetzbar: Diese k\u00fcrbisf\u00f6rmigen Keramikkerzengl\u00e4ser mit Deckel sind nicht nur f\u00fcr die Kerzenherstellung geeignet, sondern k\u00f6nnen auch als Dekoration, Aufbewahrungsgef\u00e4\u00dfe oder Geschenkboxen f\u00fcr viele Zwecke verwendet werden und verleihen Ihrer Heimdekoration einen einzigartigen Charme.<\/li>\n<\/ol>\n<\/div>\n\n\n\n<div class=\"wp-block-column is-layout-flow wp-block-column-is-layout-flow\" style=\"flex-basis:50%\"><div class=\"wp-block-image\">\n<figure class=\"aligncenter size-full\"><img fetchpriority=\"high\" decoding=\"async\" width=\"790\" height=\"790\" src=\"https:\/\/jinhuaceramic.com\/wp-content\/uploads\/2024\/04\/ceramic-manufacturer-custom-canisters-bulk-candle-jars-wholesale-pumpkin-candle-jar-6.webp\" alt=\"keramik-hersteller-massgeschneiderte-kanister-kerzen-gl\u00e4ser-grosshandel-k\u00fcrbis-kerzen-gl\u00e4ser-mit-deckel\" class=\"wp-image-3500\" srcset=\"https:\/\/jinhuaceramic.com\/wp-content\/uploads\/2024\/04\/ceramic-manufacturer-custom-canisters-bulk-candle-jars-wholesale-pumpkin-candle-jar-6.webp 790w, https:\/\/jinhuaceramic.com\/wp-content\/uploads\/2024\/04\/ceramic-manufacturer-custom-canisters-bulk-candle-jars-wholesale-pumpkin-candle-jar-6-300x300.webp 300w, https:\/\/jinhuaceramic.com\/wp-content\/uploads\/2024\/04\/ceramic-manufacturer-custom-canisters-bulk-candle-jars-wholesale-pumpkin-candle-jar-6-150x150.webp 150w, https:\/\/jinhuaceramic.com\/wp-content\/uploads\/2024\/04\/ceramic-manufacturer-custom-canisters-bulk-candle-jars-wholesale-pumpkin-candle-jar-6-768x768.webp 768w, https:\/\/jinhuaceramic.com\/wp-content\/uploads\/2024\/04\/ceramic-manufacturer-custom-canisters-bulk-candle-jars-wholesale-pumpkin-candle-jar-6-285x285.webp 285w, https:\/\/jinhuaceramic.com\/wp-content\/uploads\/2024\/04\/ceramic-manufacturer-custom-canisters-bulk-candle-jars-wholesale-pumpkin-candle-jar-6-270x270.webp 270w, https:\/\/jinhuaceramic.com\/wp-content\/uploads\/2024\/04\/ceramic-manufacturer-custom-canisters-bulk-candle-jars-wholesale-pumpkin-candle-jar-6-540x540.webp 540w, https:\/\/jinhuaceramic.com\/wp-content\/uploads\/2024\/04\/ceramic-manufacturer-custom-canisters-bulk-candle-jars-wholesale-pumpkin-candle-jar-6-660x660.webp 660w\" sizes=\"(max-width: 790px) 100vw, 790px\" \/><\/figure>\n<\/div><\/div>\n<\/div>","protected":false},"excerpt":{"rendered":"<p>Willkommen zum Gro\u00dfeinkauf oder zur Anpassung von Keramik-Kerzengl\u00e4sern mit Deckeln. Unsere k\u00fcrbisf\u00f6rmigen Keramik-Kerzengl\u00e4ser mit Deckel sind wegen ihres einzigartigen Designs, der hochwertigen Materialien, des praktischen Deckeldesigns und der Mehrzweckverwendung beliebt und bieten den Kunden die perfekte Wahl f\u00fcr Kerzenbeh\u00e4lter.<\/p>","protected":false},"featured_media":3496,"comment_status":"closed","ping_status":"closed","template":"","meta":{"_acf_changed":false},"product_brand":[],"product_cat":[52],"product_tag":[67,66],"class_list":{"0":"post-3494","1":"product","2":"type-product","3":"status-publish","4":"has-post-thumbnail","6":"product_cat-wholesale-candle-containers","7":"product_tag-bulk-candle-jars-with-lids","8":"product_tag-candle-jars-wholesale","10":"first","11":"instock","12":"shipping-taxable","13":"product-type-simple"},"acf":[],"_links":{"self":[{"href":"https:\/\/jinhuaceramic.com\/de\/wp-json\/wp\/v2\/product\/3494","targetHints":{"allow":["GET"]}}],"collection":[{"href":"https:\/\/jinhuaceramic.com\/de\/wp-json\/wp\/v2\/product"}],"about":[{"href":"https:\/\/jinhuaceramic.com\/de\/wp-json\/wp\/v2\/types\/product"}],"replies":[{"embeddable":true,"href":"https:\/\/jinhuaceramic.com\/de\/wp-json\/wp\/v2\/comments?post=3494"}],"version-history":[{"count":0,"href":"https:\/\/jinhuaceramic.com\/de\/wp-json\/wp\/v2\/product\/3494\/revisions"}],"wp:featuredmedia":[{"embeddable":true,"href":"https:\/\/jinhuaceramic.com\/de\/wp-json\/wp\/v2\/media\/3496"}],"wp:attachment":[{"href":"https:\/\/jinhuaceramic.com\/de\/wp-json\/wp\/v2\/media?parent=3494"}],"wp:term":[{"taxonomy":"product_brand","embeddable":true,"href":"https:\/\/jinhuaceramic.com\/de\/wp-json\/wp\/v2\/product_brand?post=3494"},{"taxonomy":"product_cat","embeddable":true,"href":"https:\/\/jinhuaceramic.com\/de\/wp-json\/wp\/v2\/product_cat?post=3494"},{"taxonomy":"product_tag","embeddable":true,"href":"https:\/\/jinhuaceramic.com\/de\/wp-json\/wp\/v2\/product_tag?post=3494"}],"curies":[{"name":"wp","href":"https:\/\/api.w.org\/{rel}","templated":true}]}}