{"id":3503,"date":"2024-04-11T08:32:36","date_gmt":"2024-04-11T08:32:36","guid":{"rendered":"https:\/\/jinhuaceramic.com\/?post_type=product&#038;p=3503"},"modified":"2025-04-21T02:47:23","modified_gmt":"2025-04-21T02:47:23","slug":"exquisite-candle-containers-wholesale","status":"publish","type":"product","link":"https:\/\/jinhuaceramic.com\/de\/product\/exquisite-candle-containers-wholesale\/","title":{"rendered":"Luxus-Kerze-Container Gro\u00dfhandel, exquisite leere Kerze Jars Bulk"},"content":{"rendered":"<div class=\"wp-block-columns is-layout-flex wp-container-core-columns-is-layout-9d6595d7 wp-block-columns-is-layout-flex\">\n<div class=\"wp-block-column is-layout-flow wp-block-column-is-layout-flow\" style=\"flex-basis:50%\">\n<h3 class=\"wp-block-heading\">Premium-Kerzenbeh\u00e4lter Gro\u00dfhandel Merkmale:<\/h3>\n\n\n\n<ul class=\"wp-block-list\">\n<li><strong>Exquisite keramische Handwerkskunst:<\/strong> Hochwertige keramische Materialien, die in unseren Kerzenbeh\u00e4ltern im Gro\u00dfhandel verwendet werden, werden mit exquisiter Handwerkskunst kombiniert, um eine glatte und zarte Oberfl\u00e4che zu gew\u00e4hrleisten, die robust und langlebig in der Textur und geeignet f\u00fcr die Aufnahme von Duftkerzen ist.<\/li>\n\n\n\n<li><strong>Eleganter Designstil: <\/strong>Die Natur und moderne \u00e4sthetische Design mit einzigartiger Form und Muster wird Eleganz und Kunst zu Ihnen nach Hause oder im B\u00fcro mit unseren leeren Kerze Gl\u00e4ser bulk hinzuf\u00fcgen.<\/li>\n\n\n\n<li><strong>Breite Anwendbarkeit:<\/strong> Unsere Kerzenbeh\u00e4lter f\u00fcr den Gro\u00dfhandel eignen sich f\u00fcr alle Arten der Kerzenherstellung, egal ob es sich um nat\u00fcrliches Pflanzenwachs oder synthetisches Wachs handelt, sie lassen sich perfekt damit kombinieren, um einen dauerhaften und reinen Duft zu erzeugen.<\/li>\n\n\n\n<li><strong>Rabatt bei Gro\u00dfeinkauf: <\/strong>Als professioneller Hersteller von Kerzengl\u00e4sern bietet Jinhua \u00e4u\u00dferst wettbewerbsf\u00e4hige leere Kerzengl\u00e4ser in loser Sch\u00fcttung an, um die Bed\u00fcrfnisse des Einzelhandels, des Geschenkmarktes und der Kerzenhersteller zu erf\u00fcllen.<\/li>\n<\/ul>\n<\/div>\n\n\n\n<div class=\"wp-block-column is-layout-flow wp-block-column-is-layout-flow\" style=\"flex-basis:50%\"><div class=\"wp-block-image\">\n<figure class=\"aligncenter size-full\"><img fetchpriority=\"high\" decoding=\"async\" width=\"661\" height=\"661\" src=\"https:\/\/jinhuaceramic.com\/wp-content\/uploads\/2024\/04\/ceramic-manufacturer-custom-canisters-bulk-candle-jars-wholesale-4-5.webp\" alt=\"Luxus-Kerze-Beh\u00e4lter Gro\u00dfhandel, exquisite leere Kerze Gl\u00e4ser Bulk-1\" class=\"wp-image-3507\" srcset=\"https:\/\/jinhuaceramic.com\/wp-content\/uploads\/2024\/04\/ceramic-manufacturer-custom-canisters-bulk-candle-jars-wholesale-4-5.webp 661w, https:\/\/jinhuaceramic.com\/wp-content\/uploads\/2024\/04\/ceramic-manufacturer-custom-canisters-bulk-candle-jars-wholesale-4-5-300x300.webp 300w, https:\/\/jinhuaceramic.com\/wp-content\/uploads\/2024\/04\/ceramic-manufacturer-custom-canisters-bulk-candle-jars-wholesale-4-5-150x150.webp 150w, https:\/\/jinhuaceramic.com\/wp-content\/uploads\/2024\/04\/ceramic-manufacturer-custom-canisters-bulk-candle-jars-wholesale-4-5-285x285.webp 285w, https:\/\/jinhuaceramic.com\/wp-content\/uploads\/2024\/04\/ceramic-manufacturer-custom-canisters-bulk-candle-jars-wholesale-4-5-270x270.webp 270w, https:\/\/jinhuaceramic.com\/wp-content\/uploads\/2024\/04\/ceramic-manufacturer-custom-canisters-bulk-candle-jars-wholesale-4-5-540x540.webp 540w\" sizes=\"(max-width: 661px) 100vw, 661px\" \/><\/figure>\n<\/div><\/div>\n<\/div>","protected":false},"excerpt":{"rendered":"<p>Willkommen zum Kauf leere Kerze Gl\u00e4ser bulk. Unsere exquisite Kerze Container Gro\u00dfhandel kombinieren exquisite Handwerkskunst und elegantes Design, die mit verschiedenen Inneneinrichtungen koordiniert werden k\u00f6nnen. Hergestellt aus hochwertigen keramischen Materialien, ist es langlebig und kann sicher tragen Kerzen. Wir sind bestrebt, unseren Gesch\u00e4ftspartnern die kosteng\u00fcnstigsten Optionen anzubieten.<\/p>","protected":false},"featured_media":3504,"comment_status":"closed","ping_status":"closed","template":"","meta":{"_acf_changed":false},"product_brand":[],"product_cat":[52],"product_tag":[66],"class_list":{"0":"post-3503","1":"product","2":"type-product","3":"status-publish","4":"has-post-thumbnail","6":"product_cat-wholesale-candle-containers","7":"product_tag-candle-jars-wholesale","9":"first","10":"instock","11":"shipping-taxable","12":"product-type-simple"},"acf":[],"_links":{"self":[{"href":"https:\/\/jinhuaceramic.com\/de\/wp-json\/wp\/v2\/product\/3503","targetHints":{"allow":["GET"]}}],"collection":[{"href":"https:\/\/jinhuaceramic.com\/de\/wp-json\/wp\/v2\/product"}],"about":[{"href":"https:\/\/jinhuaceramic.com\/de\/wp-json\/wp\/v2\/types\/product"}],"replies":[{"embeddable":true,"href":"https:\/\/jinhuaceramic.com\/de\/wp-json\/wp\/v2\/comments?post=3503"}],"version-history":[{"count":0,"href":"https:\/\/jinhuaceramic.com\/de\/wp-json\/wp\/v2\/product\/3503\/revisions"}],"wp:featuredmedia":[{"embeddable":true,"href":"https:\/\/jinhuaceramic.com\/de\/wp-json\/wp\/v2\/media\/3504"}],"wp:attachment":[{"href":"https:\/\/jinhuaceramic.com\/de\/wp-json\/wp\/v2\/media?parent=3503"}],"wp:term":[{"taxonomy":"product_brand","embeddable":true,"href":"https:\/\/jinhuaceramic.com\/de\/wp-json\/wp\/v2\/product_brand?post=3503"},{"taxonomy":"product_cat","embeddable":true,"href":"https:\/\/jinhuaceramic.com\/de\/wp-json\/wp\/v2\/product_cat?post=3503"},{"taxonomy":"product_tag","embeddable":true,"href":"https:\/\/jinhuaceramic.com\/de\/wp-json\/wp\/v2\/product_tag?post=3503"}],"curies":[{"name":"wp","href":"https:\/\/api.w.org\/{rel}","templated":true}]}}