{"id":3530,"date":"2024-04-11T09:40:09","date_gmt":"2024-04-11T09:40:09","guid":{"rendered":"https:\/\/jinhuaceramic.com\/?post_type=product&#038;p=3530"},"modified":"2025-04-21T02:53:25","modified_gmt":"2025-04-21T02:53:25","slug":"factory-direct-ceramic-baking-pan","status":"publish","type":"product","link":"https:\/\/jinhuaceramic.com\/de\/product\/factory-direct-ceramic-baking-pan\/","title":{"rendered":"Fabrik direkt keramische Backformen Gro\u00dfhandel, benutzerdefinierte Backformen"},"content":{"rendered":"<div class=\"wp-block-columns is-layout-flex wp-container-core-columns-is-layout-9d6595d7 wp-block-columns-is-layout-flex\">\n<div class=\"wp-block-column is-layout-flow wp-block-column-is-layout-flow\" style=\"flex-basis:50%\">\n<h3 class=\"wp-block-heading\">Premium-Keramik-Backformen Gro\u00dfhandel Eigenschaften:<\/h3>\n\n\n\n<ul class=\"wp-block-list\">\n<li><strong>Lebendiges Design: <\/strong>Diese Keramik-Backformen Gro\u00dfhandel verwendet leuchtend gelb mit wei\u00dfen Muster Design. Die hellen T\u00f6ne f\u00fcgen Vitalit\u00e4t und Spa\u00df in der K\u00fcche und Esstisch. Es ist die perfekte Wahl f\u00fcr zu Hause Kochen und Party-Display. Es ist sowohl sch\u00f6n und praktisch.<\/li>\n\n\n\n<li><strong>Vielseitig einsetzbar: <\/strong>Von Kuchen und Desserts bis hin zu Gem\u00fcse und gebratenem Fleisch - mit dieser ma\u00dfgeschneiderten Backform ist alles m\u00f6glich. Sie erm\u00f6glicht die Zubereitung einer Vielzahl von k\u00f6stlichen und abwechslungsreichen Speisen, die sowohl f\u00fcr private als auch f\u00fcr gewerbliche K\u00fcchen geeignet sind.<\/li>\n\n\n\n<li><strong>Hochtemperaturbest\u00e4ndiges Material: <\/strong>Unsere hochwertigen keramischen Backformen f\u00fcr den Gro\u00dfhandel sind aus ausgezeichnetem, hochtemperaturbest\u00e4ndigem Material hergestellt, das eine gleichm\u00e4\u00dfige Erw\u00e4rmung in der Mikrowelle und im Ofen gew\u00e4hrleistet und dazu beitr\u00e4gt, dass die Speisen beim Backen den perfekten Geschmack und die perfekte Konsistenz behalten.<\/li>\n\n\n\n<li><strong>Unterst\u00fctzung der Anpassung an pers\u00f6nliche Bed\u00fcrfnisse: <\/strong>Abgesehen von dem gl\u00e4nzenden Design unterst\u00fctzt dieses ma\u00dfgeschneiderte Backgeschirr die individuelle Anpassung durch den Kunden - durch die Auswahl verschiedener Gr\u00f6\u00dfen je nach Bedarf oder durch die Auswahl von Mustern, um einzigartige Backutensilien zu schaffen, die den pers\u00f6nlichen Stil sowohl f\u00fcr Marken als auch f\u00fcr Heimk\u00fcchen erh\u00f6hen.<\/li>\n<\/ul>\n<\/div>\n\n\n\n<div class=\"wp-block-column is-layout-flow wp-block-column-is-layout-flow\" style=\"flex-basis:50%\">\n<figure class=\"wp-block-image size-full\"><img fetchpriority=\"high\" decoding=\"async\" width=\"750\" height=\"750\" src=\"https:\/\/jinhuaceramic.com\/wp-content\/uploads\/2024\/04\/ceramic-manufacturer-wholesale-bakeware-custom-baking-dish-5.webp\" alt=\"Fabrik direkte keramische Backformen Gro\u00dfhandel, benutzerdefinierte Backformen-1\" class=\"wp-image-3535\" srcset=\"https:\/\/jinhuaceramic.com\/wp-content\/uploads\/2024\/04\/ceramic-manufacturer-wholesale-bakeware-custom-baking-dish-5.webp 750w, https:\/\/jinhuaceramic.com\/wp-content\/uploads\/2024\/04\/ceramic-manufacturer-wholesale-bakeware-custom-baking-dish-5-300x300.webp 300w, https:\/\/jinhuaceramic.com\/wp-content\/uploads\/2024\/04\/ceramic-manufacturer-wholesale-bakeware-custom-baking-dish-5-150x150.webp 150w, https:\/\/jinhuaceramic.com\/wp-content\/uploads\/2024\/04\/ceramic-manufacturer-wholesale-bakeware-custom-baking-dish-5-285x285.webp 285w, https:\/\/jinhuaceramic.com\/wp-content\/uploads\/2024\/04\/ceramic-manufacturer-wholesale-bakeware-custom-baking-dish-5-270x270.webp 270w, https:\/\/jinhuaceramic.com\/wp-content\/uploads\/2024\/04\/ceramic-manufacturer-wholesale-bakeware-custom-baking-dish-5-540x540.webp 540w, https:\/\/jinhuaceramic.com\/wp-content\/uploads\/2024\/04\/ceramic-manufacturer-wholesale-bakeware-custom-baking-dish-5-660x660.webp 660w\" sizes=\"(max-width: 750px) 100vw, 750px\" \/><\/figure>\n<\/div>\n<\/div>\n\n\n\n<p><\/p>","protected":false},"excerpt":{"rendered":"<p>Willkommen beim Kauf von ma\u00dfgeschneiderten Backformen. Diese leuchtend gelben Keramik-Backformen passen sich den verschiedenen Anforderungen des Kochens an. Hervorragende Keramik sorgt f\u00fcr eine gleichm\u00e4\u00dfige Erw\u00e4rmung der Backform im Ofen und in der Mikrowelle und erm\u00f6glicht ein individuelles Design nach den W\u00fcnschen des Kunden. Eine perfekte Option, um in Ihrer K\u00fcche zu kochen und auf Ihrem Tisch zu pr\u00e4sentieren.<\/p>","protected":false},"featured_media":3536,"comment_status":"closed","ping_status":"closed","template":"","meta":{"_acf_changed":false},"product_brand":[],"product_cat":[53],"product_tag":[71],"class_list":{"0":"post-3530","1":"product","2":"type-product","3":"status-publish","4":"has-post-thumbnail","6":"product_cat-bakeware-in-bulk","7":"product_tag-wholesale-baking-pans","9":"first","10":"instock","11":"shipping-taxable","12":"product-type-simple"},"acf":[],"_links":{"self":[{"href":"https:\/\/jinhuaceramic.com\/de\/wp-json\/wp\/v2\/product\/3530","targetHints":{"allow":["GET"]}}],"collection":[{"href":"https:\/\/jinhuaceramic.com\/de\/wp-json\/wp\/v2\/product"}],"about":[{"href":"https:\/\/jinhuaceramic.com\/de\/wp-json\/wp\/v2\/types\/product"}],"replies":[{"embeddable":true,"href":"https:\/\/jinhuaceramic.com\/de\/wp-json\/wp\/v2\/comments?post=3530"}],"version-history":[{"count":0,"href":"https:\/\/jinhuaceramic.com\/de\/wp-json\/wp\/v2\/product\/3530\/revisions"}],"wp:featuredmedia":[{"embeddable":true,"href":"https:\/\/jinhuaceramic.com\/de\/wp-json\/wp\/v2\/media\/3536"}],"wp:attachment":[{"href":"https:\/\/jinhuaceramic.com\/de\/wp-json\/wp\/v2\/media?parent=3530"}],"wp:term":[{"taxonomy":"product_brand","embeddable":true,"href":"https:\/\/jinhuaceramic.com\/de\/wp-json\/wp\/v2\/product_brand?post=3530"},{"taxonomy":"product_cat","embeddable":true,"href":"https:\/\/jinhuaceramic.com\/de\/wp-json\/wp\/v2\/product_cat?post=3530"},{"taxonomy":"product_tag","embeddable":true,"href":"https:\/\/jinhuaceramic.com\/de\/wp-json\/wp\/v2\/product_tag?post=3530"}],"curies":[{"name":"wp","href":"https:\/\/api.w.org\/{rel}","templated":true}]}}