{"id":3539,"date":"2024-04-11T09:54:15","date_gmt":"2024-04-11T09:54:15","guid":{"rendered":"https:\/\/jinhuaceramic.com\/?post_type=product&#038;p=3539"},"modified":"2025-04-21T02:54:22","modified_gmt":"2025-04-21T02:54:22","slug":"wholesale-baking-dish-set","status":"publish","type":"product","link":"https:\/\/jinhuaceramic.com\/de\/product\/wholesale-baking-dish-set\/","title":{"rendered":"Gro\u00dfhandel Backform Set, ma\u00dfgeschneiderte Backformen Bulk"},"content":{"rendered":"<div class=\"wp-block-columns is-layout-flex wp-container-core-columns-is-layout-9d6595d7 wp-block-columns-is-layout-flex\">\n<div class=\"wp-block-column is-layout-flow wp-block-column-is-layout-flow\" style=\"flex-basis:50%\">\n<h3 class=\"wp-block-heading\">Premium Gro\u00dfhandel Backform Set Eigenschaften:<\/h3>\n\n\n\n<ul class=\"wp-block-list\">\n<li><strong>Elegantes Design: <\/strong>Dieses Gro\u00dfhandels-Backformen-Set hat einen eleganten dunkelblauen Hintergrund mit exquisiten wei\u00dfen Mustern. Es ist nicht nur klassisch und sch\u00f6n, sondern verleiht auch einen edlen visuellen Effekt. Es ist ein Highlight auf dem Esstisch und in der K\u00fcche, das das gesamte Esserlebnis verbessern kann.<\/li>\n\n\n\n<li><strong>Mehrere Gr\u00f6\u00dfenoptionen f\u00fcr unterschiedliche Kochbed\u00fcrfnisse: <\/strong>Unsere ma\u00dfgefertigten Backformen sind in verschiedenen Gr\u00f6\u00dfen erh\u00e4ltlich und eignen sich zum Backen von Speisen unterschiedlicher Gr\u00f6\u00dfe, von Desserts bis zu Hauptgerichten. Egal, ob es sich um eine Familienfeier oder ein gro\u00dfes Bankett handelt, Sie k\u00f6nnen die richtige Gr\u00f6\u00dfe finden, um mehr Freiheit beim Kochen zu haben.<\/li>\n\n\n\n<li><strong>Hochwertiges Keramikmaterial, hohe Temperaturbest\u00e4ndigkeit und gleichm\u00e4\u00dfige Erw\u00e4rmung: <\/strong>Dieses Gro\u00dfhandels-Backformen-Set ist aus hochwertigem Keramikmaterial mit hervorragender Hitzebest\u00e4ndigkeit hergestellt. Es eignet sich f\u00fcr eine Vielzahl von Kochger\u00e4ten wie Mikrowellenherde und Back\u00f6fen, um sicherzustellen, dass die Lebensmittel w\u00e4hrend des Backvorgangs gleichm\u00e4\u00dfig erhitzt werden und der Backeffekt verbessert wird.<\/li>\n\n\n\n<li><strong>Ma\u00dfgeschneiderter Service zur Erstellung eines einzigartigen Designs:<\/strong> Unsere ma\u00dfgefertigten Backformen erm\u00f6glichen es den Kunden, verschiedene Gr\u00f6\u00dfen, Muster und Details entsprechend ihren Bed\u00fcrfnissen zu w\u00e4hlen, um ein einzigartiges Backformenset zu schaffen, das den pers\u00f6nlichen Bed\u00fcrfnissen von Familien, Restaurants oder Marken entspricht.<\/li>\n<\/ul>\n<\/div>\n\n\n\n<div class=\"wp-block-column is-layout-flow wp-block-column-is-layout-flow\" style=\"flex-basis:50%\">\n<figure class=\"wp-block-image size-full\"><img fetchpriority=\"high\" decoding=\"async\" width=\"750\" height=\"750\" src=\"https:\/\/jinhuaceramic.com\/wp-content\/uploads\/2024\/04\/custom-baking-dish-set-wholesale-ceramic-bakeware-1.webp\" alt=\"Gro\u00dfhandel Backform Set, ma\u00dfgeschneiderte Backformen Bulk-1\" class=\"wp-image-3540\" srcset=\"https:\/\/jinhuaceramic.com\/wp-content\/uploads\/2024\/04\/custom-baking-dish-set-wholesale-ceramic-bakeware-1.webp 750w, https:\/\/jinhuaceramic.com\/wp-content\/uploads\/2024\/04\/custom-baking-dish-set-wholesale-ceramic-bakeware-1-300x300.webp 300w, https:\/\/jinhuaceramic.com\/wp-content\/uploads\/2024\/04\/custom-baking-dish-set-wholesale-ceramic-bakeware-1-150x150.webp 150w, https:\/\/jinhuaceramic.com\/wp-content\/uploads\/2024\/04\/custom-baking-dish-set-wholesale-ceramic-bakeware-1-285x285.webp 285w, https:\/\/jinhuaceramic.com\/wp-content\/uploads\/2024\/04\/custom-baking-dish-set-wholesale-ceramic-bakeware-1-270x270.webp 270w, https:\/\/jinhuaceramic.com\/wp-content\/uploads\/2024\/04\/custom-baking-dish-set-wholesale-ceramic-bakeware-1-540x540.webp 540w, https:\/\/jinhuaceramic.com\/wp-content\/uploads\/2024\/04\/custom-baking-dish-set-wholesale-ceramic-bakeware-1-660x660.webp 660w\" sizes=\"(max-width: 750px) 100vw, 750px\" \/><\/figure>\n<\/div>\n<\/div>","protected":false},"excerpt":{"rendered":"<p>Willkommen zum Kauf Gro\u00dfhandel Backform Set. Diese elegante ma\u00dfgeschneiderte Backform ist mit exquisiten Mustern verziert und ist in einer Vielzahl von Gr\u00f6\u00dfen erh\u00e4ltlich, um verschiedenen Kochbed\u00fcrfnissen gerecht zu werden. Hochwertige Keramik sorgt f\u00fcr eine gleichm\u00e4\u00dfige Erw\u00e4rmung, ist geeignet f\u00fcr Mikrowelle und Backofen, unterst\u00fctzt die Anpassung Service, perfekt kombiniert Funktionalit\u00e4t und Sch\u00f6nheit, und ist eine ideale Wahl f\u00fcr die K\u00fcche und Esstisch.<\/p>","protected":false},"featured_media":3544,"comment_status":"closed","ping_status":"closed","template":"","meta":{"_acf_changed":false},"product_brand":[],"product_cat":[53],"product_tag":[71],"class_list":{"0":"post-3539","1":"product","2":"type-product","3":"status-publish","4":"has-post-thumbnail","6":"product_cat-bakeware-in-bulk","7":"product_tag-wholesale-baking-pans","9":"first","10":"instock","11":"shipping-taxable","12":"product-type-simple"},"acf":[],"_links":{"self":[{"href":"https:\/\/jinhuaceramic.com\/de\/wp-json\/wp\/v2\/product\/3539","targetHints":{"allow":["GET"]}}],"collection":[{"href":"https:\/\/jinhuaceramic.com\/de\/wp-json\/wp\/v2\/product"}],"about":[{"href":"https:\/\/jinhuaceramic.com\/de\/wp-json\/wp\/v2\/types\/product"}],"replies":[{"embeddable":true,"href":"https:\/\/jinhuaceramic.com\/de\/wp-json\/wp\/v2\/comments?post=3539"}],"version-history":[{"count":0,"href":"https:\/\/jinhuaceramic.com\/de\/wp-json\/wp\/v2\/product\/3539\/revisions"}],"wp:featuredmedia":[{"embeddable":true,"href":"https:\/\/jinhuaceramic.com\/de\/wp-json\/wp\/v2\/media\/3544"}],"wp:attachment":[{"href":"https:\/\/jinhuaceramic.com\/de\/wp-json\/wp\/v2\/media?parent=3539"}],"wp:term":[{"taxonomy":"product_brand","embeddable":true,"href":"https:\/\/jinhuaceramic.com\/de\/wp-json\/wp\/v2\/product_brand?post=3539"},{"taxonomy":"product_cat","embeddable":true,"href":"https:\/\/jinhuaceramic.com\/de\/wp-json\/wp\/v2\/product_cat?post=3539"},{"taxonomy":"product_tag","embeddable":true,"href":"https:\/\/jinhuaceramic.com\/de\/wp-json\/wp\/v2\/product_tag?post=3539"}],"curies":[{"name":"wp","href":"https:\/\/api.w.org\/{rel}","templated":true}]}}