{"id":3550,"date":"2024-04-12T00:41:41","date_gmt":"2024-04-12T00:41:41","guid":{"rendered":"https:\/\/jinhuaceramic.com\/?post_type=product&#038;p=3550"},"modified":"2025-04-21T03:01:47","modified_gmt":"2025-04-21T03:01:47","slug":"wholesale-ceramic-bowls-set","status":"publish","type":"product","link":"https:\/\/jinhuaceramic.com\/de\/product\/wholesale-ceramic-bowls-set\/","title":{"rendered":"Exquisite Gro\u00dfhandel Keramikschalen Set, Bulk Suppenschalen"},"content":{"rendered":"<div class=\"wp-block-columns is-layout-flex wp-container-core-columns-is-layout-9d6595d7 wp-block-columns-is-layout-flex\">\n<div class=\"wp-block-column is-layout-flow wp-block-column-is-layout-flow\" style=\"flex-basis:50%\">\n<h3 class=\"wp-block-heading\">Premium Gro\u00dfhandel Keramik Schalen Set Eigenschaften:<\/h3>\n\n\n\n<ul class=\"wp-block-list\">\n<li><strong>Klassisches Design und elegante T\u00f6ne:<\/strong> Unser Gro\u00dfhandels-Keramiksch\u00fcsselset hat eine klassische Kombination aus cremefarbenen und blauen Streifen, die den Sch\u00fcsseln einen einfachen, aber eleganten Stil verleihen. Die blauen Streifen sind zart und weich und passen perfekt zu dem cremefarbenen Ton, der sich f\u00fcr eine Vielzahl von Tischstilen eignet.<\/li>\n\n\n\n<li><strong>Drei Gr\u00f6\u00dfen f\u00fcr unterschiedliche Bed\u00fcrfnisse: <\/strong>Diese Suppensch\u00fcsseln sind in drei Gr\u00f6\u00dfen erh\u00e4ltlich, um Ihren unterschiedlichen Bed\u00fcrfnissen beim Essen gerecht zu werden. Ob als Suppensch\u00fcssel, Reissch\u00fcssel oder Salatsch\u00fcssel, die Schalen lassen sich flexibel an die verschiedenen Essensbed\u00fcrfnisse von Familien und Restaurants anpassen. Dieses Multigr\u00f6\u00dfen-Design ist praktisch und bietet mehr M\u00f6glichkeiten f\u00fcr die Tischgestaltung.<\/li>\n\n\n\n<li><strong>Sicheres und langlebiges Material: <\/strong>Unser Gro\u00dfhandel Keramik Schalen Set ist aus hochwertigem Keramik-Material, das fest und langlebig ist. Aufgrund der Hochtemperatur-Brennen, ist es rissfest und verschlei\u00dffest. Inzwischen ist das Material harmlos und sicher f\u00fcr die Umwelt. Selbst wenn Sie sie h\u00e4ufig verwenden, k\u00f6nnen sie so hell und sauber wie neu sein, um die ges\u00fcndeste Essenserfahrung zu gew\u00e4hrleisten.<\/li>\n\n\n\n<li><strong>Lieferung von Gro\u00dfmengen und ma\u00dfgeschneiderte Dienstleistungen: <\/strong>Dieses Suppensch\u00fcsselset eignet sich f\u00fcr die Lieferung in gro\u00dfen Mengen und ist f\u00fcr das Gastst\u00e4ttengewerbe und Hotels geeignet. In der Zwischenzeit bieten wir flexible Anpassungsdienste von Markenlogos und Verpackungsstilen, die personalisiert werden k\u00f6nnen, um einzigartige und exklusive Produkte f\u00fcr Kunden zu schaffen und somit den Markenwert zu erh\u00f6hen.<\/li>\n<\/ul>\n<\/div>\n\n\n\n<div class=\"wp-block-column is-layout-flow wp-block-column-is-layout-flow\" style=\"flex-basis:50%\">\n<figure class=\"wp-block-image size-full\"><img fetchpriority=\"high\" decoding=\"async\" width=\"640\" height=\"640\" src=\"https:\/\/jinhuaceramic.com\/wp-content\/uploads\/2024\/04\/custom-ceramic-bowls-wholesale-tableware-2.webp\" alt=\"Exquisit-Gro\u00dfhandel-Keramik-Schalen-Set-3-teiliges Schalen-Set\" class=\"wp-image-3552\" srcset=\"https:\/\/jinhuaceramic.com\/wp-content\/uploads\/2024\/04\/custom-ceramic-bowls-wholesale-tableware-2.webp 640w, https:\/\/jinhuaceramic.com\/wp-content\/uploads\/2024\/04\/custom-ceramic-bowls-wholesale-tableware-2-300x300.webp 300w, https:\/\/jinhuaceramic.com\/wp-content\/uploads\/2024\/04\/custom-ceramic-bowls-wholesale-tableware-2-150x150.webp 150w, https:\/\/jinhuaceramic.com\/wp-content\/uploads\/2024\/04\/custom-ceramic-bowls-wholesale-tableware-2-285x285.webp 285w, https:\/\/jinhuaceramic.com\/wp-content\/uploads\/2024\/04\/custom-ceramic-bowls-wholesale-tableware-2-270x270.webp 270w, https:\/\/jinhuaceramic.com\/wp-content\/uploads\/2024\/04\/custom-ceramic-bowls-wholesale-tableware-2-540x540.webp 540w\" sizes=\"(max-width: 640px) 100vw, 640px\" \/><\/figure>\n<\/div>\n<\/div>","protected":false},"excerpt":{"rendered":"<p>Willkommen bei Gro\u00dfhandel Suppenschalen kaufen. Unsere wei\u00dfen Gro\u00dfhandel Keramikschalen Set mit blauen Streifen haben ein elegantes und klassisches Design mit hochwertigen Textur. Es ist in drei Gr\u00f6\u00dfen erh\u00e4ltlich, um verschiedene Bed\u00fcrfnisse beim Essen zu erf\u00fcllen.<\/p>","protected":false},"featured_media":3553,"comment_status":"closed","ping_status":"closed","template":"","meta":{"_acf_changed":false},"product_brand":[],"product_cat":[54,85],"product_tag":[78],"class_list":{"0":"post-3550","1":"product","2":"type-product","3":"status-publish","4":"has-post-thumbnail","6":"product_cat-tableware-wholesale","7":"product_cat-wholesale-ceramic-bowls","8":"product_tag-bulk-ceramic-bowls","10":"first","11":"instock","12":"shipping-taxable","13":"product-type-simple"},"acf":[],"_links":{"self":[{"href":"https:\/\/jinhuaceramic.com\/de\/wp-json\/wp\/v2\/product\/3550","targetHints":{"allow":["GET"]}}],"collection":[{"href":"https:\/\/jinhuaceramic.com\/de\/wp-json\/wp\/v2\/product"}],"about":[{"href":"https:\/\/jinhuaceramic.com\/de\/wp-json\/wp\/v2\/types\/product"}],"replies":[{"embeddable":true,"href":"https:\/\/jinhuaceramic.com\/de\/wp-json\/wp\/v2\/comments?post=3550"}],"version-history":[{"count":0,"href":"https:\/\/jinhuaceramic.com\/de\/wp-json\/wp\/v2\/product\/3550\/revisions"}],"wp:featuredmedia":[{"embeddable":true,"href":"https:\/\/jinhuaceramic.com\/de\/wp-json\/wp\/v2\/media\/3553"}],"wp:attachment":[{"href":"https:\/\/jinhuaceramic.com\/de\/wp-json\/wp\/v2\/media?parent=3550"}],"wp:term":[{"taxonomy":"product_brand","embeddable":true,"href":"https:\/\/jinhuaceramic.com\/de\/wp-json\/wp\/v2\/product_brand?post=3550"},{"taxonomy":"product_cat","embeddable":true,"href":"https:\/\/jinhuaceramic.com\/de\/wp-json\/wp\/v2\/product_cat?post=3550"},{"taxonomy":"product_tag","embeddable":true,"href":"https:\/\/jinhuaceramic.com\/de\/wp-json\/wp\/v2\/product_tag?post=3550"}],"curies":[{"name":"wp","href":"https:\/\/api.w.org\/{rel}","templated":true}]}}