{"id":3558,"date":"2024-04-12T00:57:58","date_gmt":"2024-04-12T00:57:58","guid":{"rendered":"https:\/\/jinhuaceramic.com\/?post_type=product&#038;p=3558"},"modified":"2025-04-21T03:02:39","modified_gmt":"2025-04-21T03:02:39","slug":"wholesale-large-ceramic-bowls","status":"publish","type":"product","link":"https:\/\/jinhuaceramic.com\/de\/product\/wholesale-large-ceramic-bowls\/","title":{"rendered":"Gro\u00dfhandel gro\u00dfe keramische Schalen Keramik Geschirr mit modernem Design"},"content":{"rendered":"<div class=\"wp-block-columns is-layout-flex wp-container-core-columns-is-layout-9d6595d7 wp-block-columns-is-layout-flex\">\n<div class=\"wp-block-column is-layout-flow wp-block-column-is-layout-flow\" style=\"flex-basis:50%\">\n<h3 class=\"wp-block-heading\">Premium Large Ceramic Bowls Eigenschaften:<\/h3>\n\n\n\n<ol class=\"wp-block-list\">\n<li>Gro\u00dfz\u00fcgiges Fassungsverm\u00f6gen: Unsere gro\u00dfen Keramiksch\u00fcsseln sind so konzipiert, dass sie reichlich Platz f\u00fcr Portionen bieten. Sie eignen sich daher perfekt f\u00fcr Restaurants, Catering-Veranstaltungen und f\u00fcr die Bewirtung zu Hause. Ihr ger\u00e4umiger Innenraum erm\u00f6glicht eine vielseitige Verwendung, vom Servieren von Salaten und Nudelgerichten bis zur Pr\u00e4sentation von frischem Obst oder Snacks.<\/li>\n\n\n\n<li>Zeitgen\u00f6ssische \u00c4sthetik: Mit ihrem modernen Design verleihen diese gro\u00dfen Keramikschalen jedem gedeckten Tisch einen Hauch von Raffinesse. Mit ihren schlanken Linien und ihrer minimalistischen \u00c4sthetik passen sie m\u00fchelos zu einer Vielzahl von kulinarischen Stilen und Einrichtungsstilen und bereichern das Esserlebnis f\u00fcr G\u00e4ste und Gastgeber.<\/li>\n\n\n\n<li>Hochwertige Qualit\u00e4t: Unser Geschirr wird aus hochwertigem Keramikmaterial hergestellt und ist f\u00fcr eine lange Lebensdauer ausgelegt. Die robuste Konstruktion gew\u00e4hrleistet eine lange Lebensdauer und ist selbst bei h\u00e4ufigem Gebrauch in gewerblichen Umgebungen resistent gegen Absplitterungen, Kratzer und Verblassen.<\/li>\n\n\n\n<li>Vielseitige Funktionalit\u00e4t: Unsere gro\u00dfen Keramiksch\u00fcsseln sind vielseitig verwendbar - von der Freizeitk\u00fcche bis hin zu formellen Anl\u00e4ssen. Sie sind mikrowellen- und sp\u00fclmaschinengeeignet und bieten somit Komfort f\u00fcr vielbesch\u00e4ftigte K\u00fcchen und m\u00fchelose Reinigung.<\/li>\n<\/ol>\n<\/div>\n\n\n\n<div class=\"wp-block-column is-layout-flow wp-block-column-is-layout-flow\" style=\"flex-basis:50%\">\n<figure class=\"wp-block-image size-full\"><img fetchpriority=\"high\" decoding=\"async\" width=\"1200\" height=\"1500\" src=\"https:\/\/jinhuaceramic.com\/wp-content\/uploads\/2024\/04\/wholesale-ceramic-bowls-custom-tableware-2.webp\" alt=\"gro\u00dfhandel-keramik-schalen-individuelles-geschirr-2\" class=\"wp-image-3560\" srcset=\"https:\/\/jinhuaceramic.com\/wp-content\/uploads\/2024\/04\/wholesale-ceramic-bowls-custom-tableware-2.webp 1200w, https:\/\/jinhuaceramic.com\/wp-content\/uploads\/2024\/04\/wholesale-ceramic-bowls-custom-tableware-2-240x300.webp 240w, https:\/\/jinhuaceramic.com\/wp-content\/uploads\/2024\/04\/wholesale-ceramic-bowls-custom-tableware-2-768x960.webp 768w, https:\/\/jinhuaceramic.com\/wp-content\/uploads\/2024\/04\/wholesale-ceramic-bowls-custom-tableware-2-285x356.webp 285w, https:\/\/jinhuaceramic.com\/wp-content\/uploads\/2024\/04\/wholesale-ceramic-bowls-custom-tableware-2-528x660.webp 528w, https:\/\/jinhuaceramic.com\/wp-content\/uploads\/2024\/04\/wholesale-ceramic-bowls-custom-tableware-2-120x150.webp 120w\" sizes=\"(max-width: 1200px) 100vw, 1200px\" \/><\/figure>\n<\/div>\n<\/div>","protected":false},"excerpt":{"rendered":"<p>Willkommen zum Gro\u00dfeinkauf und zur individuellen Gestaltung von Keramikschalen in jeder Gr\u00f6\u00dfe. Unsere gro\u00dfen Keramiksch\u00fcsseln mit modernem Design vereinen gro\u00dfz\u00fcgiges Fassungsverm\u00f6gen, zeitgem\u00e4\u00dfe \u00c4sthetik, hochwertige Konstruktion und vielseitige Funktionalit\u00e4t und sind damit die ideale Wahl f\u00fcr Unternehmen, die stilvolle und zuverl\u00e4ssige Geschirrl\u00f6sungen suchen.<\/p>","protected":false},"featured_media":3563,"comment_status":"closed","ping_status":"closed","template":"","meta":{"_acf_changed":false},"product_brand":[],"product_cat":[54,85],"product_tag":[78],"class_list":{"0":"post-3558","1":"product","2":"type-product","3":"status-publish","4":"has-post-thumbnail","6":"product_cat-tableware-wholesale","7":"product_cat-wholesale-ceramic-bowls","8":"product_tag-bulk-ceramic-bowls","10":"first","11":"instock","12":"shipping-taxable","13":"product-type-simple"},"acf":[],"_links":{"self":[{"href":"https:\/\/jinhuaceramic.com\/de\/wp-json\/wp\/v2\/product\/3558","targetHints":{"allow":["GET"]}}],"collection":[{"href":"https:\/\/jinhuaceramic.com\/de\/wp-json\/wp\/v2\/product"}],"about":[{"href":"https:\/\/jinhuaceramic.com\/de\/wp-json\/wp\/v2\/types\/product"}],"replies":[{"embeddable":true,"href":"https:\/\/jinhuaceramic.com\/de\/wp-json\/wp\/v2\/comments?post=3558"}],"version-history":[{"count":0,"href":"https:\/\/jinhuaceramic.com\/de\/wp-json\/wp\/v2\/product\/3558\/revisions"}],"wp:featuredmedia":[{"embeddable":true,"href":"https:\/\/jinhuaceramic.com\/de\/wp-json\/wp\/v2\/media\/3563"}],"wp:attachment":[{"href":"https:\/\/jinhuaceramic.com\/de\/wp-json\/wp\/v2\/media?parent=3558"}],"wp:term":[{"taxonomy":"product_brand","embeddable":true,"href":"https:\/\/jinhuaceramic.com\/de\/wp-json\/wp\/v2\/product_brand?post=3558"},{"taxonomy":"product_cat","embeddable":true,"href":"https:\/\/jinhuaceramic.com\/de\/wp-json\/wp\/v2\/product_cat?post=3558"},{"taxonomy":"product_tag","embeddable":true,"href":"https:\/\/jinhuaceramic.com\/de\/wp-json\/wp\/v2\/product_tag?post=3558"}],"curies":[{"name":"wp","href":"https:\/\/api.w.org\/{rel}","templated":true}]}}