{"id":3567,"date":"2024-04-12T01:07:39","date_gmt":"2024-04-12T01:07:39","guid":{"rendered":"https:\/\/jinhuaceramic.com\/?post_type=product&#038;p=3567"},"modified":"2025-04-21T03:04:57","modified_gmt":"2025-04-21T03:04:57","slug":"custom-ceramic-plates-in-bulk","status":"publish","type":"product","link":"https:\/\/jinhuaceramic.com\/de\/product\/custom-ceramic-plates-in-bulk\/","title":{"rendered":"Benutzerdefinierte keramische Platten in Bulk, ovale Servierplatten Gro\u00dfhandel"},"content":{"rendered":"<div class=\"wp-block-columns is-layout-flex wp-container-core-columns-is-layout-9d6595d7 wp-block-columns-is-layout-flex\">\n<div class=\"wp-block-column is-layout-flow wp-block-column-is-layout-flow\" style=\"flex-basis:50%\">\n<h3 class=\"wp-block-heading\">Hochwertige Keramikplatten in Gro\u00dfpackungen Eigenschaften:<\/h3>\n\n\n\n<ul class=\"wp-block-list\">\n<li><strong>Ovales Design mit Eleganz: <\/strong>Unsere ovalen Keramikteller in Gro\u00dfpackungen verleihen Ihrem Esstisch eine k\u00fcnstlerische Note. Diese Art von Essteller eignet sich eher f\u00fcr Hauptgerichte, Salatteller oder gemeinsame Teller.<\/li>\n\n\n\n<li><strong>Verwendung hochwertiger Materialien: <\/strong>Diese Servierplatten f\u00fcr den Gro\u00dfhandel sind aus hochwertiger Keramik gefertigt, die gegen hohe Temperaturen und Abrieb best\u00e4ndig ist und daher f\u00fcr den langfristigen Gebrauch sehr langlebig ist. Dar\u00fcber hinaus sind sie mikrowellen-, ofen- und sp\u00fclmaschinenfest und leicht zu reinigen.<\/li>\n\n\n\n<li><strong>Anwendung in mehreren Szenarien:<\/strong> Ganz gleich, ob sie auf dem t\u00e4glichen Familientisch, bei Gesch\u00e4ftsbanketten oder in gehobenen Restaurants verwendet werden \u2013 diese Keramikteller in Gro\u00dfpackungen erf\u00fcllen die Anforderungen verschiedener Situationen, sind praktisch und sch\u00f6n.<\/li>\n\n\n\n<li><strong>Einzigartiges individuelles Design: <\/strong>Wir bieten personalisierte Anpassungsdienste f\u00fcr Servierplatten im Gro\u00dfhandel. Wir k\u00f6nnen Gr\u00f6\u00dfe, Farbe, Muster und Markenlogo nach Kundenwunsch anpassen, um exklusive Keramikplatten zu erstellen, die f\u00fcr Restaurants, Hotels und die Markenanpassung geeignet sind.<\/li>\n<\/ul>\n<\/div>\n\n\n\n<div class=\"wp-block-column is-layout-flow wp-block-column-is-layout-flow\" style=\"flex-basis:50%\">\n<figure class=\"wp-block-image size-full\"><img fetchpriority=\"high\" decoding=\"async\" width=\"1250\" height=\"1500\" src=\"https:\/\/jinhuaceramic.com\/wp-content\/uploads\/2024\/04\/custom-ceramic-plates-wholesale-tableware-6.webp\" alt=\"Benutzerdefinierte Keramik-Platten in Bulk, ovale Servierplatten Gro\u00dfhandel-1\" class=\"wp-image-3574\" srcset=\"https:\/\/jinhuaceramic.com\/wp-content\/uploads\/2024\/04\/custom-ceramic-plates-wholesale-tableware-6.webp 1250w, https:\/\/jinhuaceramic.com\/wp-content\/uploads\/2024\/04\/custom-ceramic-plates-wholesale-tableware-6-250x300.webp 250w, https:\/\/jinhuaceramic.com\/wp-content\/uploads\/2024\/04\/custom-ceramic-plates-wholesale-tableware-6-768x922.webp 768w, https:\/\/jinhuaceramic.com\/wp-content\/uploads\/2024\/04\/custom-ceramic-plates-wholesale-tableware-6-285x342.webp 285w, https:\/\/jinhuaceramic.com\/wp-content\/uploads\/2024\/04\/custom-ceramic-plates-wholesale-tableware-6-550x660.webp 550w, https:\/\/jinhuaceramic.com\/wp-content\/uploads\/2024\/04\/custom-ceramic-plates-wholesale-tableware-6-125x150.webp 125w\" sizes=\"(max-width: 1250px) 100vw, 1250px\" \/><\/figure>\n<\/div>\n<\/div>","protected":false},"excerpt":{"rendered":"<p>Willkommen beim Kauf von Servierplatten im Gro\u00dfhandel. Diese ovalen Keramikplatten in Gro\u00dfmengen sind nicht nur elegant im Design, sondern k\u00f6nnen auch nach Ihren W\u00fcnschen personalisiert werden. Sie eignen sich f\u00fcr Privathaushalte, Restaurants oder gehobene Veranstaltungsorte. Das hochwertige Keramikmaterial sorgt f\u00fcr eine hohe Strapazierf\u00e4higkeit, sodass Sie Speisen perfekt pr\u00e4sentieren k\u00f6nnen und das Essen zu einem noch angenehmeren Erlebnis wird.<\/p>","protected":false},"featured_media":3574,"comment_status":"closed","ping_status":"closed","template":"","meta":{"_acf_changed":false},"product_brand":[],"product_cat":[54,84],"product_tag":[77],"class_list":{"0":"post-3567","1":"product","2":"type-product","3":"status-publish","4":"has-post-thumbnail","6":"product_cat-tableware-wholesale","7":"product_cat-wholesale-ceramic-plates","8":"product_tag-bulk-serving-platters","10":"first","11":"instock","12":"shipping-taxable","13":"product-type-simple"},"acf":[],"_links":{"self":[{"href":"https:\/\/jinhuaceramic.com\/de\/wp-json\/wp\/v2\/product\/3567","targetHints":{"allow":["GET"]}}],"collection":[{"href":"https:\/\/jinhuaceramic.com\/de\/wp-json\/wp\/v2\/product"}],"about":[{"href":"https:\/\/jinhuaceramic.com\/de\/wp-json\/wp\/v2\/types\/product"}],"replies":[{"embeddable":true,"href":"https:\/\/jinhuaceramic.com\/de\/wp-json\/wp\/v2\/comments?post=3567"}],"version-history":[{"count":0,"href":"https:\/\/jinhuaceramic.com\/de\/wp-json\/wp\/v2\/product\/3567\/revisions"}],"wp:featuredmedia":[{"embeddable":true,"href":"https:\/\/jinhuaceramic.com\/de\/wp-json\/wp\/v2\/media\/3574"}],"wp:attachment":[{"href":"https:\/\/jinhuaceramic.com\/de\/wp-json\/wp\/v2\/media?parent=3567"}],"wp:term":[{"taxonomy":"product_brand","embeddable":true,"href":"https:\/\/jinhuaceramic.com\/de\/wp-json\/wp\/v2\/product_brand?post=3567"},{"taxonomy":"product_cat","embeddable":true,"href":"https:\/\/jinhuaceramic.com\/de\/wp-json\/wp\/v2\/product_cat?post=3567"},{"taxonomy":"product_tag","embeddable":true,"href":"https:\/\/jinhuaceramic.com\/de\/wp-json\/wp\/v2\/product_tag?post=3567"}],"curies":[{"name":"wp","href":"https:\/\/api.w.org\/{rel}","templated":true}]}}